{"id":6716,"date":"2022-10-07T14:39:17","date_gmt":"2022-10-07T13:39:17","guid":{"rendered":"https:\/\/sexshop.cm\/produit\/anneau-penien-en-lin-pour-hommes\/"},"modified":"2023-11-04T14:31:53","modified_gmt":"2023-11-04T13:31:53","slug":"anneau-penien-en-lin-pour-hommes","status":"publish","type":"product","link":"https:\/\/sexshop.cm\/en\/produit\/anneau-penien-en-lin-pour-hommes\/","title":{"rendered":"Anneau p\u00e9nien en lin pour hommes"},"content":{"rendered":"<p>Bonjour! Bienvenue dans notre magasin!<br \/>\nLa qualit\u00e9 est la premi\u00e8re avec le meilleur service. Les clients sont tous nos amis.<br \/>\nDesign de mode, 100% tout neuf, de haute qualit\u00e9!<br \/>\nRemarque: la page de d\u00e9tails a la taille d\u00e9taill\u00e9e du produit, veuillez regarder le tableau des tailles avant de passer une commande, veuillez ne pas donner un mauvais commentaire \u00e0 cause de la taille! ! !<br \/>\nSi vous estimez que le produit vous est utile, veuillez faire un \u00e9loge cinq \u00e9toiles! Merci!<\/p>\n<p>Description du produit:<br \/>\nNom du produit: pr\u00e9servatif d&#8217;extension de p\u00e9nis<br \/>\nSexe: M\u00e2le<br \/>\nCouleur: Cristal<br \/>\nMat\u00e9riaux: TPE<br \/>\nListe de paquet: 1 x anneau de coq<\/p>\n<p>Fonction sp\u00e9ciale :<br \/>\n1. Contribuer \u00e0 la vie sexuelle<br \/>\n2. Retarder l&#8217;\u00e9jaculation<br \/>\n3. Utiliser plusieurs fois<br \/>\n4. Bonne \u00e9lasticit\u00e9<br \/>\n5. Agrandir le p\u00e9nis<br \/>\n6. Pic<br \/>\nNotes:<br \/>\nNous pouvons prot\u00e9ger votre vie priv\u00e9e, vous seul savez ce qui est dans le paquet<\/p>\n<p><img decoding=\"async\" src=\"https:\/\/ae01.alicdn.com\/kf\/Sedadb0562c2449feaccecdfaa5cd8aceO.jpg?width=800&amp;height=800&amp;hash=1600\" \/><br \/>\n<img decoding=\"async\" src=\"https:\/\/ae01.alicdn.com\/kf\/S8729ca4699db448aab75f2ee551acb8aD.jpg?width=800&amp;height=800&amp;hash=1600\" \/><img decoding=\"async\" src=\"https:\/\/ae01.alicdn.com\/kf\/S511d88f293ab4fe593c23b2388ad76adx.jpg?width=1001&amp;height=1001&amp;hash=2002\" \/><img decoding=\"async\" src=\"https:\/\/ae01.alicdn.com\/kf\/Sdf928ce963ee4c82a6dfe2030b23c583j.jpg?width=800&amp;height=800&amp;hash=1600\" \/><img decoding=\"async\" src=\"https:\/\/ae01.alicdn.com\/kf\/Scca7951bfadd49e18f308510d5fca6f3V.jpg?width=800&amp;height=800&amp;hash=1600\" \/><\/p>\n","protected":false},"excerpt":{"rendered":"<p>Bonjour! Bienvenue dans notre magasin! La qualit\u00e9 est la premi\u00e8re avec le meilleur service. Les clients sont tous nos amis. Design de mode, 100% tout neuf, de haute qualit\u00e9! Remarque: la page de d\u00e9tails a la taille d\u00e9taill\u00e9e du produit, veuillez regarder le tableau des tailles avant de passer une commande, veuillez ne pas donner un mauvais commentaire \u00e0 cause de la taille! ! ! Si vous estimez que le produit vous est utile, veuillez faire un \u00e9loge cinq \u00e9toiles! Merci! Description du produit: Nom du produit: pr\u00e9servatif d&#8217;extension de p\u00e9nis Sexe: M\u00e2le Couleur: Cristal Mat\u00e9riaux: TPE Liste de paquet:<\/p>\n","protected":false},"featured_media":6718,"comment_status":"open","ping_status":"closed","template":"","meta":{"_joinchat":[]},"etheme_brands":[],"product_cat":[55,46],"product_tag":[],"yoast_head":"<!-- This site is optimized with the Yoast SEO Premium plugin v19.3 (Yoast SEO v21.5) - https:\/\/yoast.com\/wordpress\/plugins\/seo\/ -->\n<title>- Achetez et Commandez Discr\u00e8tement vos Anneau p\u00e9nien en lin pour hommes au Cameroun -<\/title>\n<meta name=\"description\" content=\"Commandez vos meilleurs Anneau p\u00e9nien en lin pour hommes \u00e0 bons prix partout au Cameroun et faites vous livrer discr\u00e8tement, sur H\u00e9donia, le meilleur site de vente en ligne de sextoys au Cameroun. - Whatsapp: +237 672588687\" \/>\n<meta name=\"robots\" content=\"index, follow, max-snippet:-1, max-image-preview:large, max-video-preview:-1\" \/>\n<link rel=\"canonical\" href=\"https:\/\/sexshop.cm\/produit\/anneau-penien-en-lin-pour-hommes\/\" \/>\n<meta property=\"og:locale\" content=\"en_US\" \/>\n<meta property=\"og:type\" content=\"article\" \/>\n<meta property=\"og:title\" content=\"Anneau p\u00e9nien en lin pour hommes\" \/>\n<meta property=\"og:description\" content=\"Anneau p\u00e9nien en lin pour hommes - H\u00e9donia\" \/>\n<meta property=\"og:url\" content=\"https:\/\/sexshop.cm\/produit\/anneau-penien-en-lin-pour-hommes\/\" \/>\n<meta property=\"og:site_name\" content=\"H\u00e9donia\" \/>\n<meta property=\"article:modified_time\" content=\"2023-11-04T13:31:53+00:00\" \/>\n<meta property=\"og:image\" content=\"http:\/\/sexshop.cm\/wp-content\/uploads\/2022\/10\/Anneau-p-nien-en-lin-pour-hommes-anneau-pour-p-nis-avec-boucle-retard-e-fournitures.jpg\" \/>\n\t<meta property=\"og:image:width\" content=\"800\" \/>\n\t<meta property=\"og:image:height\" content=\"800\" \/>\n\t<meta property=\"og:image:type\" content=\"image\/jpeg\" \/>\n<meta name=\"twitter:card\" content=\"summary_large_image\" \/>\n<meta name=\"twitter:label1\" content=\"Price\" \/>\n\t<meta name=\"twitter:data1\" content=\"10000&nbsp;CFA\" \/>\n\t<meta name=\"twitter:label2\" content=\"Availability\" \/>\n\t<meta name=\"twitter:data2\" content=\"Out of stock\" \/>\n<script type=\"application\/ld+json\" class=\"yoast-schema-graph\">{\"@context\":\"https:\/\/schema.org\",\"@graph\":[{\"@type\":\"WebPage\",\"@id\":\"https:\/\/sexshop.cm\/produit\/anneau-penien-en-lin-pour-hommes\/\",\"url\":\"https:\/\/sexshop.cm\/produit\/anneau-penien-en-lin-pour-hommes\/\",\"name\":\"- Achetez et Commandez Discr\u00e8tement vos Anneau p\u00e9nien en lin pour hommes au Cameroun -\",\"isPartOf\":{\"@id\":\"https:\/\/sexshop.cm\/#website\"},\"datePublished\":\"2022-10-07T13:39:17+00:00\",\"dateModified\":\"2023-11-04T13:31:53+00:00\",\"description\":\"Commandez vos meilleurs Anneau p\u00e9nien en lin pour hommes \u00e0 bons prix partout au Cameroun et faites vous livrer discr\u00e8tement, sur H\u00e9donia, le meilleur site de vente en ligne de sextoys au Cameroun. - Whatsapp: +237 672588687\",\"breadcrumb\":{\"@id\":\"https:\/\/sexshop.cm\/produit\/anneau-penien-en-lin-pour-hommes\/#breadcrumb\"},\"inLanguage\":\"en-US\",\"potentialAction\":[{\"@type\":\"ReadAction\",\"target\":[\"https:\/\/sexshop.cm\/produit\/anneau-penien-en-lin-pour-hommes\/\"]}]},{\"@type\":\"BreadcrumbList\",\"@id\":\"https:\/\/sexshop.cm\/produit\/anneau-penien-en-lin-pour-hommes\/#breadcrumb\",\"itemListElement\":[{\"@type\":\"ListItem\",\"position\":1,\"name\":\"Accueil\",\"item\":\"https:\/\/sexshop.cm\/en\/online-sexshop-in-cameroon\/\"},{\"@type\":\"ListItem\",\"position\":2,\"name\":\"Shop\",\"item\":\"https:\/\/sexshop.cm\/shop\/\"},{\"@type\":\"ListItem\",\"position\":3,\"name\":\"Anneau p\u00e9nien en lin pour hommes\"}]},{\"@type\":\"WebSite\",\"@id\":\"https:\/\/sexshop.cm\/#website\",\"url\":\"https:\/\/sexshop.cm\/\",\"name\":\"H\u00e9donia\",\"description\":\"SexShop en ligne - Boutique de sextoys et objets coquins en ligne au Cameroun\",\"publisher\":{\"@id\":\"https:\/\/sexshop.cm\/#organization\"},\"potentialAction\":[{\"@type\":\"SearchAction\",\"target\":{\"@type\":\"EntryPoint\",\"urlTemplate\":\"https:\/\/sexshop.cm\/?s={search_term_string}\"},\"query-input\":\"required name=search_term_string\"}],\"inLanguage\":\"en-US\"},{\"@type\":\"Organization\",\"@id\":\"https:\/\/sexshop.cm\/#organization\",\"name\":\"H\u00e9donia\",\"alternateName\":\"Boutique de Sextoys en ligne au Cameroun\",\"url\":\"https:\/\/sexshop.cm\/\",\"logo\":{\"@type\":\"ImageObject\",\"inLanguage\":\"en-US\",\"@id\":\"https:\/\/sexshop.cm\/#\/schema\/logo\/image\/\",\"url\":\"https:\/\/sexshop.cm\/wp-content\/uploads\/2022\/10\/logo-680-hedonia.png.200x100_q85_background-f8f9fa.png\",\"contentUrl\":\"https:\/\/sexshop.cm\/wp-content\/uploads\/2022\/10\/logo-680-hedonia.png.200x100_q85_background-f8f9fa.png\",\"width\":2222,\"height\":534,\"caption\":\"H\u00e9donia\"},\"image\":{\"@id\":\"https:\/\/sexshop.cm\/#\/schema\/logo\/image\/\"}}]}<\/script>\n<meta property=\"product:price:amount\" content=\"10000\" \/>\n<meta property=\"product:price:currency\" content=\"XAF\" \/>\n<meta property=\"og:availability\" content=\"out of stock\" \/>\n<meta property=\"product:availability\" content=\"out of stock\" \/>\n<meta property=\"product:retailer_item_id\" content=\"1005003931016939\" \/>\n<meta property=\"product:condition\" content=\"new\" \/>\n<!-- \/ Yoast SEO Premium plugin. -->","yoast_head_json":{"title":"- Achetez et Commandez Discr\u00e8tement vos Anneau p\u00e9nien en lin pour hommes au Cameroun -","description":"Commandez vos meilleurs Anneau p\u00e9nien en lin pour hommes \u00e0 bons prix partout au Cameroun et faites vous livrer discr\u00e8tement, sur H\u00e9donia, le meilleur site de vente en ligne de sextoys au Cameroun. - Whatsapp: +237 672588687","robots":{"index":"index","follow":"follow","max-snippet":"max-snippet:-1","max-image-preview":"max-image-preview:large","max-video-preview":"max-video-preview:-1"},"canonical":"https:\/\/sexshop.cm\/produit\/anneau-penien-en-lin-pour-hommes\/","og_locale":"en_US","og_type":"article","og_title":"Anneau p\u00e9nien en lin pour hommes","og_description":"Anneau p\u00e9nien en lin pour hommes - H\u00e9donia","og_url":"https:\/\/sexshop.cm\/produit\/anneau-penien-en-lin-pour-hommes\/","og_site_name":"H\u00e9donia","article_modified_time":"2023-11-04T13:31:53+00:00","og_image":[{"width":800,"height":800,"url":"http:\/\/sexshop.cm\/wp-content\/uploads\/2022\/10\/Anneau-p-nien-en-lin-pour-hommes-anneau-pour-p-nis-avec-boucle-retard-e-fournitures.jpg","type":"image\/jpeg"}],"twitter_card":"summary_large_image","twitter_misc":{"Price":"10000&nbsp;CFA","Availability":"Out of stock"},"schema":{"@context":"https:\/\/schema.org","@graph":[{"@type":"WebPage","@id":"https:\/\/sexshop.cm\/produit\/anneau-penien-en-lin-pour-hommes\/","url":"https:\/\/sexshop.cm\/produit\/anneau-penien-en-lin-pour-hommes\/","name":"- Achetez et Commandez Discr\u00e8tement vos Anneau p\u00e9nien en lin pour hommes au Cameroun -","isPartOf":{"@id":"https:\/\/sexshop.cm\/#website"},"datePublished":"2022-10-07T13:39:17+00:00","dateModified":"2023-11-04T13:31:53+00:00","description":"Commandez vos meilleurs Anneau p\u00e9nien en lin pour hommes \u00e0 bons prix partout au Cameroun et faites vous livrer discr\u00e8tement, sur H\u00e9donia, le meilleur site de vente en ligne de sextoys au Cameroun. - Whatsapp: +237 672588687","breadcrumb":{"@id":"https:\/\/sexshop.cm\/produit\/anneau-penien-en-lin-pour-hommes\/#breadcrumb"},"inLanguage":"en-US","potentialAction":[{"@type":"ReadAction","target":["https:\/\/sexshop.cm\/produit\/anneau-penien-en-lin-pour-hommes\/"]}]},{"@type":"BreadcrumbList","@id":"https:\/\/sexshop.cm\/produit\/anneau-penien-en-lin-pour-hommes\/#breadcrumb","itemListElement":[{"@type":"ListItem","position":1,"name":"Accueil","item":"https:\/\/sexshop.cm\/en\/online-sexshop-in-cameroon\/"},{"@type":"ListItem","position":2,"name":"Shop","item":"https:\/\/sexshop.cm\/shop\/"},{"@type":"ListItem","position":3,"name":"Anneau p\u00e9nien en lin pour hommes"}]},{"@type":"WebSite","@id":"https:\/\/sexshop.cm\/#website","url":"https:\/\/sexshop.cm\/","name":"H\u00e9donia","description":"SexShop en ligne - Boutique de sextoys et objets coquins en ligne au Cameroun","publisher":{"@id":"https:\/\/sexshop.cm\/#organization"},"potentialAction":[{"@type":"SearchAction","target":{"@type":"EntryPoint","urlTemplate":"https:\/\/sexshop.cm\/?s={search_term_string}"},"query-input":"required name=search_term_string"}],"inLanguage":"en-US"},{"@type":"Organization","@id":"https:\/\/sexshop.cm\/#organization","name":"H\u00e9donia","alternateName":"Boutique de Sextoys en ligne au Cameroun","url":"https:\/\/sexshop.cm\/","logo":{"@type":"ImageObject","inLanguage":"en-US","@id":"https:\/\/sexshop.cm\/#\/schema\/logo\/image\/","url":"https:\/\/sexshop.cm\/wp-content\/uploads\/2022\/10\/logo-680-hedonia.png.200x100_q85_background-f8f9fa.png","contentUrl":"https:\/\/sexshop.cm\/wp-content\/uploads\/2022\/10\/logo-680-hedonia.png.200x100_q85_background-f8f9fa.png","width":2222,"height":534,"caption":"H\u00e9donia"},"image":{"@id":"https:\/\/sexshop.cm\/#\/schema\/logo\/image\/"}}]},"product_price_amount":"10000","product_price_currency":"XAF","og_availability":"out of stock","product_availability":"out of stock","product_retailer_item_id":"1005003931016939","product_condition":"new"},"_links":{"self":[{"href":"https:\/\/sexshop.cm\/en\/wp-json\/wp\/v2\/product\/6716"}],"collection":[{"href":"https:\/\/sexshop.cm\/en\/wp-json\/wp\/v2\/product"}],"about":[{"href":"https:\/\/sexshop.cm\/en\/wp-json\/wp\/v2\/types\/product"}],"replies":[{"embeddable":true,"href":"https:\/\/sexshop.cm\/en\/wp-json\/wp\/v2\/comments?post=6716"}],"wp:featuredmedia":[{"embeddable":true,"href":"https:\/\/sexshop.cm\/en\/wp-json\/wp\/v2\/media\/6718"}],"wp:attachment":[{"href":"https:\/\/sexshop.cm\/en\/wp-json\/wp\/v2\/media?parent=6716"}],"wp:term":[{"taxonomy":"brand","embeddable":true,"href":"https:\/\/sexshop.cm\/en\/wp-json\/wp\/v2\/etheme_brands?post=6716"},{"taxonomy":"product_cat","embeddable":true,"href":"https:\/\/sexshop.cm\/en\/wp-json\/wp\/v2\/product_cat?post=6716"},{"taxonomy":"product_tag","embeddable":true,"href":"https:\/\/sexshop.cm\/en\/wp-json\/wp\/v2\/product_tag?post=6716"}],"curies":[{"name":"wp","href":"https:\/\/api.w.org\/{rel}","templated":true}]}}