{"id":6722,"date":"2022-10-07T14:39:21","date_gmt":"2022-10-07T13:39:21","guid":{"rendered":"https:\/\/sexshop.cm\/produit\/kit-bdsm-pour-couples\/"},"modified":"2025-05-24T09:09:30","modified_gmt":"2025-05-24T08:09:30","slug":"kit-bdsm-pour-couples","status":"publish","type":"product","link":"https:\/\/sexshop.cm\/en\/produit\/kit-bdsm-pour-couples\/","title":{"rendered":"Kit BDSM pour couples"},"content":{"rendered":"<div class=\"detailmodule_html\">\n<div class=\"detail-desc-decorate-richtext\">\n<div class=\"detailmodule_html\">\n<div class=\"detail-desc-decorate-richtext\">\n<div class=\"detailmodule_html\">\n<div class=\"detail-desc-decorate-richtext\">\n<div class=\"detailmodule_html\">\n<div class=\"detailmodule_html\">\n<div>\n<p>Caract\u00e9ristiques<\/p>\n<p>Mat\u00e9riel:<br \/>1. Doux En Peluche<br \/>2. M\u00e9tal d&#8217;acier inoxydable<br \/>3. Vous pouvez choisir le mat\u00e9riel en Nylon Durable ou le mat\u00e9riel en cuir d&#8217;unit\u00e9 centrale de qualit\u00e9 selon vos besoins.<\/p>\n<p>Couleur: noir\/rouge\/violet\/rose<\/p>\n<p>SMLOVE BDSM ensemble de Bondage sexuel peut augmenter le plaisir et l&#8217;\u00e9motion pour les couples. Meilleurs cadeaux pour votre amoureux!<\/p>\n<p>Cher Client<\/p>\n<p>Tous les ensemble de Bondage sexuel BDSM sont 100% neufs, r\u00e9alisables et v\u00e9rifi\u00e9s soigneusement avant l&#8217;exp\u00e9dition.<\/p>\n<p>Nous insistons pour vous fournir des produits de haute qualit\u00e9 et le meilleur service \u00e0 la client\u00e8le. Commandez d\u00e8s maintenant en toute confiance!<\/p>\n<p>Au sujet Du Paquet<\/p>\n<p>Afin de prot\u00e9ger votre vie priv\u00e9e, nous emballerons votre colis discr\u00e8tement. Aucun nom de produit sur votre paquet! Nous garantissons d&#8217;envoyer vos produits dans un \u00e9tat s\u00fbr.<\/p>\n<\/div>\n<div>\n<p class=\"detail-desc-decorate-title\" style=\"font-family: OpenSans; font-size: 20px; font-weight: 900; line-height: 28px; white-space: pre-wrap; color: #000000; margin-bottom: 12px;\">Produits fr\u00e9quemment achet\u00e9s ensemble<\/p>\n<div>\u00a0<\/div>\n<\/div>\n<div><img decoding=\"async\" class=\"detail-desc-decorate-image\" style=\"margin-bottom: 10px;\" src=\"https:\/\/ae01.alicdn.com\/kf\/H2c25b7a3490b4a64a3f24a17b4f0770cD.jpg\" \/><\/div>\n<div><img decoding=\"async\" class=\"detail-desc-decorate-image\" style=\"margin-bottom: 10px;\" src=\"https:\/\/ae01.alicdn.com\/kf\/Hb6ed0241a7dc475cbd6a1a4325c452cbl.jpg\" \/><br \/><img decoding=\"async\" class=\"detail-desc-decorate-image\" style=\"margin-bottom: 10px;\" src=\"https:\/\/ae01.alicdn.com\/kf\/H3b25c015ee2b442db63afda20ca9df44F.jpg\" \/><br \/><img decoding=\"async\" class=\"detail-desc-decorate-image\" style=\"margin-bottom: 10px;\" src=\"https:\/\/ae01.alicdn.com\/kf\/H95a6fb5123194b538847cf943e53d92aF.jpg\" \/><br \/><img decoding=\"async\" class=\"detail-desc-decorate-image\" style=\"margin-bottom: 10px;\" src=\"https:\/\/ae01.alicdn.com\/kf\/Headb136474cc4465a689151a91624e40N.jpg\" \/><br \/><img decoding=\"async\" class=\"detail-desc-decorate-image\" style=\"margin-bottom: 10px;\" src=\"https:\/\/ae01.alicdn.com\/kf\/H7e4090e1a877452d9548a59f94d1c413d.jpg\" \/><br \/><img decoding=\"async\" class=\"detail-desc-decorate-image\" style=\"margin-bottom: 10px;\" src=\"https:\/\/ae01.alicdn.com\/kf\/Hed6bb2f4bfb44847afdb3cd6da79934dh.jpg\" \/><br \/><img decoding=\"async\" class=\"detail-desc-decorate-image\" style=\"margin-bottom: 10px;\" src=\"https:\/\/ae01.alicdn.com\/kf\/H9f8770097510498da6529d084266fe584.jpg\" \/><\/div>\n<div><img decoding=\"async\" class=\"detail-desc-decorate-image\" style=\"margin-bottom: 10px;\" src=\"https:\/\/ae01.alicdn.com\/kf\/H1a95369b20414e0982d23abe2ff49985S.jpg\" \/><\/div>\n<div><img decoding=\"async\" class=\"detail-desc-decorate-image\" style=\"margin-bottom: 10px;\" src=\"https:\/\/ae01.alicdn.com\/kf\/H51273bdae6bb4c149481d2c99380d8caf.jpg\" \/><\/div>\n<div>\u00a0<\/div>\n<\/div>\n<\/div>\n<div>\u00a0<\/div>\n<\/div>\n<\/div>\n<div>\u00a0<\/div>\n<\/div>\n<\/div>\n<p>\u00a0<\/p>\n<\/div>\n<\/div>\n","protected":false},"excerpt":{"rendered":"<p>Caract\u00e9ristiques Mat\u00e9riel:1. Doux En Peluche2. M\u00e9tal d&#8217;acier inoxydable3. Vous pouvez choisir le mat\u00e9riel en Nylon Durable ou le mat\u00e9riel en cuir d&#8217;unit\u00e9 centrale de qualit\u00e9 selon vos besoins. Couleur: noir\/rouge\/violet\/rose SMLOVE BDSM ensemble de Bondage sexuel peut augmenter le plaisir et l&#8217;\u00e9motion pour les couples. Meilleurs cadeaux pour votre amoureux! Cher Client Tous les ensemble de Bondage sexuel BDSM sont 100% neufs, r\u00e9alisables et v\u00e9rifi\u00e9s soigneusement avant l&#8217;exp\u00e9dition. Nous insistons pour vous fournir des produits de haute qualit\u00e9 et le meilleur service \u00e0 la client\u00e8le. Commandez d\u00e8s maintenant en toute confiance! Au sujet Du Paquet Afin de prot\u00e9ger votre vie<\/p>\n","protected":false},"featured_media":6724,"comment_status":"open","ping_status":"closed","template":"","meta":{"_joinchat":[]},"etheme_brands":[],"product_cat":[68,46],"product_tag":[],"yoast_head":"<!-- This site is optimized with the Yoast SEO Premium plugin v19.3 (Yoast SEO v21.5) - https:\/\/yoast.com\/wordpress\/plugins\/seo\/ -->\n<title>- Achetez et Commandez Discr\u00e8tement vos Kit BDSM pour couples au Cameroun -<\/title>\n<meta name=\"description\" content=\"Commandez vos meilleurs Kit BDSM pour couples \u00e0 bons prix partout au Cameroun et faites vous livrer discr\u00e8tement, sur H\u00e9donia, le meilleur site de vente en ligne de sextoys au Cameroun. - Whatsapp: +237 672588687\" \/>\n<meta name=\"robots\" content=\"index, follow, max-snippet:-1, max-image-preview:large, max-video-preview:-1\" \/>\n<link rel=\"canonical\" href=\"https:\/\/sexshop.cm\/produit\/kit-bdsm-pour-couples\/\" \/>\n<meta property=\"og:locale\" content=\"en_US\" \/>\n<meta property=\"og:type\" content=\"article\" \/>\n<meta property=\"og:title\" content=\"Kit BDSM pour couples\" \/>\n<meta property=\"og:description\" content=\"Kit BDSM pour couples - H\u00e9donia\" \/>\n<meta property=\"og:url\" content=\"https:\/\/sexshop.cm\/produit\/kit-bdsm-pour-couples\/\" \/>\n<meta property=\"og:site_name\" content=\"H\u00e9donia\" \/>\n<meta property=\"article:modified_time\" content=\"2025-05-24T08:09:30+00:00\" \/>\n<meta property=\"og:image\" content=\"http:\/\/sexshop.cm\/wp-content\/uploads\/2022\/10\/SMLOVE-Sexe-menottes-collier-fouet-Gag-mamelon-pinces-BDSM-Bondage-corde-rotique-adulte-jouets-sexuels-pour.jpg\" \/>\n\t<meta property=\"og:image:width\" content=\"800\" \/>\n\t<meta property=\"og:image:height\" content=\"800\" \/>\n\t<meta property=\"og:image:type\" content=\"image\/jpeg\" \/>\n<meta name=\"twitter:card\" content=\"summary_large_image\" \/>\n<meta name=\"twitter:label1\" content=\"Price\" \/>\n\t<meta name=\"twitter:data1\" content=\"65000&nbsp;CFA\" \/>\n\t<meta name=\"twitter:label2\" content=\"Availability\" \/>\n\t<meta name=\"twitter:data2\" content=\"Out of stock\" \/>\n<script type=\"application\/ld+json\" class=\"yoast-schema-graph\">{\"@context\":\"https:\/\/schema.org\",\"@graph\":[{\"@type\":\"WebPage\",\"@id\":\"https:\/\/sexshop.cm\/produit\/kit-bdsm-pour-couples\/\",\"url\":\"https:\/\/sexshop.cm\/produit\/kit-bdsm-pour-couples\/\",\"name\":\"- Achetez et Commandez Discr\u00e8tement vos Kit BDSM pour couples au Cameroun -\",\"isPartOf\":{\"@id\":\"https:\/\/sexshop.cm\/#website\"},\"datePublished\":\"2022-10-07T13:39:21+00:00\",\"dateModified\":\"2025-05-24T08:09:30+00:00\",\"description\":\"Commandez vos meilleurs Kit BDSM pour couples \u00e0 bons prix partout au Cameroun et faites vous livrer discr\u00e8tement, sur H\u00e9donia, le meilleur site de vente en ligne de sextoys au Cameroun. - Whatsapp: +237 672588687\",\"breadcrumb\":{\"@id\":\"https:\/\/sexshop.cm\/produit\/kit-bdsm-pour-couples\/#breadcrumb\"},\"inLanguage\":\"en-US\",\"potentialAction\":[{\"@type\":\"ReadAction\",\"target\":[\"https:\/\/sexshop.cm\/produit\/kit-bdsm-pour-couples\/\"]}]},{\"@type\":\"BreadcrumbList\",\"@id\":\"https:\/\/sexshop.cm\/produit\/kit-bdsm-pour-couples\/#breadcrumb\",\"itemListElement\":[{\"@type\":\"ListItem\",\"position\":1,\"name\":\"Accueil\",\"item\":\"https:\/\/sexshop.cm\/en\/online-sexshop-in-cameroon\/\"},{\"@type\":\"ListItem\",\"position\":2,\"name\":\"Shop\",\"item\":\"https:\/\/sexshop.cm\/shop\/\"},{\"@type\":\"ListItem\",\"position\":3,\"name\":\"Kit BDSM pour couples\"}]},{\"@type\":\"WebSite\",\"@id\":\"https:\/\/sexshop.cm\/#website\",\"url\":\"https:\/\/sexshop.cm\/\",\"name\":\"H\u00e9donia\",\"description\":\"SexShop en ligne - Boutique de sextoys et objets coquins en ligne au Cameroun\",\"publisher\":{\"@id\":\"https:\/\/sexshop.cm\/#organization\"},\"potentialAction\":[{\"@type\":\"SearchAction\",\"target\":{\"@type\":\"EntryPoint\",\"urlTemplate\":\"https:\/\/sexshop.cm\/?s={search_term_string}\"},\"query-input\":\"required name=search_term_string\"}],\"inLanguage\":\"en-US\"},{\"@type\":\"Organization\",\"@id\":\"https:\/\/sexshop.cm\/#organization\",\"name\":\"H\u00e9donia\",\"alternateName\":\"Boutique de Sextoys en ligne au Cameroun\",\"url\":\"https:\/\/sexshop.cm\/\",\"logo\":{\"@type\":\"ImageObject\",\"inLanguage\":\"en-US\",\"@id\":\"https:\/\/sexshop.cm\/#\/schema\/logo\/image\/\",\"url\":\"https:\/\/sexshop.cm\/wp-content\/uploads\/2022\/10\/logo-680-hedonia.png.200x100_q85_background-f8f9fa.png\",\"contentUrl\":\"https:\/\/sexshop.cm\/wp-content\/uploads\/2022\/10\/logo-680-hedonia.png.200x100_q85_background-f8f9fa.png\",\"width\":2222,\"height\":534,\"caption\":\"H\u00e9donia\"},\"image\":{\"@id\":\"https:\/\/sexshop.cm\/#\/schema\/logo\/image\/\"}}]}<\/script>\n<meta property=\"product:price:amount\" content=\"65000\" \/>\n<meta property=\"product:price:currency\" content=\"XAF\" \/>\n<meta property=\"og:availability\" content=\"out of stock\" \/>\n<meta property=\"product:availability\" content=\"out of stock\" \/>\n<meta property=\"product:retailer_item_id\" content=\"4000594718758\" \/>\n<meta property=\"product:condition\" content=\"new\" \/>\n<!-- \/ Yoast SEO Premium plugin. -->","yoast_head_json":{"title":"- Achetez et Commandez Discr\u00e8tement vos Kit BDSM pour couples au Cameroun -","description":"Commandez vos meilleurs Kit BDSM pour couples \u00e0 bons prix partout au Cameroun et faites vous livrer discr\u00e8tement, sur H\u00e9donia, le meilleur site de vente en ligne de sextoys au Cameroun. - Whatsapp: +237 672588687","robots":{"index":"index","follow":"follow","max-snippet":"max-snippet:-1","max-image-preview":"max-image-preview:large","max-video-preview":"max-video-preview:-1"},"canonical":"https:\/\/sexshop.cm\/produit\/kit-bdsm-pour-couples\/","og_locale":"en_US","og_type":"article","og_title":"Kit BDSM pour couples","og_description":"Kit BDSM pour couples - H\u00e9donia","og_url":"https:\/\/sexshop.cm\/produit\/kit-bdsm-pour-couples\/","og_site_name":"H\u00e9donia","article_modified_time":"2025-05-24T08:09:30+00:00","og_image":[{"width":800,"height":800,"url":"http:\/\/sexshop.cm\/wp-content\/uploads\/2022\/10\/SMLOVE-Sexe-menottes-collier-fouet-Gag-mamelon-pinces-BDSM-Bondage-corde-rotique-adulte-jouets-sexuels-pour.jpg","type":"image\/jpeg"}],"twitter_card":"summary_large_image","twitter_misc":{"Price":"65000&nbsp;CFA","Availability":"Out of stock"},"schema":{"@context":"https:\/\/schema.org","@graph":[{"@type":"WebPage","@id":"https:\/\/sexshop.cm\/produit\/kit-bdsm-pour-couples\/","url":"https:\/\/sexshop.cm\/produit\/kit-bdsm-pour-couples\/","name":"- Achetez et Commandez Discr\u00e8tement vos Kit BDSM pour couples au Cameroun -","isPartOf":{"@id":"https:\/\/sexshop.cm\/#website"},"datePublished":"2022-10-07T13:39:21+00:00","dateModified":"2025-05-24T08:09:30+00:00","description":"Commandez vos meilleurs Kit BDSM pour couples \u00e0 bons prix partout au Cameroun et faites vous livrer discr\u00e8tement, sur H\u00e9donia, le meilleur site de vente en ligne de sextoys au Cameroun. - Whatsapp: +237 672588687","breadcrumb":{"@id":"https:\/\/sexshop.cm\/produit\/kit-bdsm-pour-couples\/#breadcrumb"},"inLanguage":"en-US","potentialAction":[{"@type":"ReadAction","target":["https:\/\/sexshop.cm\/produit\/kit-bdsm-pour-couples\/"]}]},{"@type":"BreadcrumbList","@id":"https:\/\/sexshop.cm\/produit\/kit-bdsm-pour-couples\/#breadcrumb","itemListElement":[{"@type":"ListItem","position":1,"name":"Accueil","item":"https:\/\/sexshop.cm\/en\/online-sexshop-in-cameroon\/"},{"@type":"ListItem","position":2,"name":"Shop","item":"https:\/\/sexshop.cm\/shop\/"},{"@type":"ListItem","position":3,"name":"Kit BDSM pour couples"}]},{"@type":"WebSite","@id":"https:\/\/sexshop.cm\/#website","url":"https:\/\/sexshop.cm\/","name":"H\u00e9donia","description":"SexShop en ligne - Boutique de sextoys et objets coquins en ligne au Cameroun","publisher":{"@id":"https:\/\/sexshop.cm\/#organization"},"potentialAction":[{"@type":"SearchAction","target":{"@type":"EntryPoint","urlTemplate":"https:\/\/sexshop.cm\/?s={search_term_string}"},"query-input":"required name=search_term_string"}],"inLanguage":"en-US"},{"@type":"Organization","@id":"https:\/\/sexshop.cm\/#organization","name":"H\u00e9donia","alternateName":"Boutique de Sextoys en ligne au Cameroun","url":"https:\/\/sexshop.cm\/","logo":{"@type":"ImageObject","inLanguage":"en-US","@id":"https:\/\/sexshop.cm\/#\/schema\/logo\/image\/","url":"https:\/\/sexshop.cm\/wp-content\/uploads\/2022\/10\/logo-680-hedonia.png.200x100_q85_background-f8f9fa.png","contentUrl":"https:\/\/sexshop.cm\/wp-content\/uploads\/2022\/10\/logo-680-hedonia.png.200x100_q85_background-f8f9fa.png","width":2222,"height":534,"caption":"H\u00e9donia"},"image":{"@id":"https:\/\/sexshop.cm\/#\/schema\/logo\/image\/"}}]},"product_price_amount":"65000","product_price_currency":"XAF","og_availability":"out of stock","product_availability":"out of stock","product_retailer_item_id":"4000594718758","product_condition":"new"},"_links":{"self":[{"href":"https:\/\/sexshop.cm\/en\/wp-json\/wp\/v2\/product\/6722"}],"collection":[{"href":"https:\/\/sexshop.cm\/en\/wp-json\/wp\/v2\/product"}],"about":[{"href":"https:\/\/sexshop.cm\/en\/wp-json\/wp\/v2\/types\/product"}],"replies":[{"embeddable":true,"href":"https:\/\/sexshop.cm\/en\/wp-json\/wp\/v2\/comments?post=6722"}],"wp:featuredmedia":[{"embeddable":true,"href":"https:\/\/sexshop.cm\/en\/wp-json\/wp\/v2\/media\/6724"}],"wp:attachment":[{"href":"https:\/\/sexshop.cm\/en\/wp-json\/wp\/v2\/media?parent=6722"}],"wp:term":[{"taxonomy":"brand","embeddable":true,"href":"https:\/\/sexshop.cm\/en\/wp-json\/wp\/v2\/etheme_brands?post=6722"},{"taxonomy":"product_cat","embeddable":true,"href":"https:\/\/sexshop.cm\/en\/wp-json\/wp\/v2\/product_cat?post=6722"},{"taxonomy":"product_tag","embeddable":true,"href":"https:\/\/sexshop.cm\/en\/wp-json\/wp\/v2\/product_tag?post=6722"}],"curies":[{"name":"wp","href":"https:\/\/api.w.org\/{rel}","templated":true}]}}