{"id":6743,"date":"2022-10-07T14:39:31","date_gmt":"2022-10-07T13:39:31","guid":{"rendered":"https:\/\/sexshop.cm\/produit\/vibrateur-pour-clitoris-et-point-g-et-godemichet-anal-pour-adultes\/"},"modified":"2025-05-25T04:07:42","modified_gmt":"2025-05-25T03:07:42","slug":"vibrateur-pour-clitoris-et-point-g-et-godemichet-anal-pour-adultes","status":"publish","type":"product","link":"https:\/\/sexshop.cm\/en\/produit\/vibrateur-pour-clitoris-et-point-g-et-godemichet-anal-pour-adultes\/","title":{"rendered":"Vibrateur pour clitoris et point G et godemichet anal pour adultes"},"content":{"rendered":"<div class=\"detailmodule_html\">\n<div class=\"detail-desc-decorate-richtext\">\n<div class=\"detailmodule_image\">\n<p>Description:<\/p>\n<p>Nom: petit et grand vibrateur AV<br \/>\nCouleur: violet, Rose<br \/>\nMat\u00e9riel: ABS<br \/>\nTaille: Comme Le montre<br \/>\nPoids petit: environ 40g<br \/>\nPuissance petite: 1 pile AA (non incluse)<br \/>\nPoids grand: environ 83g<br \/>\nPuissance grande: 2 piles AA (non incluses)<br \/>\nFonction: Vibration \u00e0 plusieurs vitesses, puissant, \u00e9tanche, flirtant, Masturbation<\/p>\n<p><img decoding=\"async\" class=\"detail-desc-decorate-image\" src=\"https:\/\/ae01.alicdn.com\/kf\/H803fc1c0762e43eca2c9f1b35e797b26g.jpg\" \/><\/p>\n<\/div>\n<div class=\"detailmodule_image\"><img decoding=\"async\" class=\"detail-desc-decorate-image\" src=\"https:\/\/ae01.alicdn.com\/kf\/Habc3fcc63ab14bc98fcded719282262bg.jpg\" \/><\/div>\n<div class=\"detailmodule_image\"><img decoding=\"async\" class=\"detail-desc-decorate-image\" src=\"https:\/\/ae01.alicdn.com\/kf\/Ha5cc7d76a8da4aa79c401d125541303b0.jpg\" \/><\/div>\n<div class=\"detailmodule_image\"><\/div>\n<div class=\"detailmodule_image\"><\/div>\n<div class=\"detailmodule_image\"><img decoding=\"async\" class=\"detail-desc-decorate-image\" src=\"https:\/\/ae01.alicdn.com\/kf\/H01be38a165d44ec791a07b66cc638e8bg.jpg\" \/><\/div>\n<\/div>\n<\/div>\n<div id=\"gtx-trans\" style=\"position: absolute; left: -2px; top: 184.642px;\">\n<div class=\"gtx-trans-icon\"><\/div>\n<\/div>\n","protected":false},"excerpt":{"rendered":"<p>Couleur: violet, Rose<br \/>\nMat\u00e9riel: ABS<br \/>\nTaille: Comme Le montre<br \/>\nPoids petit: environ 40g<br \/>\nPuissance petite: 1 pile AA (non incluse)<br \/>\nPoids grand: environ 83g<br \/>\nPuissance grande: 2 piles AA (non incluses)<\/p>\n","protected":false},"featured_media":6744,"comment_status":"open","ping_status":"closed","template":"","meta":{"_joinchat":[]},"etheme_brands":[],"product_cat":[67,61,46,56],"product_tag":[],"yoast_head":"<!-- This site is optimized with the Yoast SEO Premium plugin v19.3 (Yoast SEO v21.5) - https:\/\/yoast.com\/wordpress\/plugins\/seo\/ -->\n<title>- Achetez et Commandez Discr\u00e8tement vos Vibrateur pour clitoris et point G et godemichet anal pour adultes au Cameroun -<\/title>\n<meta name=\"description\" content=\"Commandez vos meilleurs Vibrateur pour clitoris et point G et godemichet anal pour adultes \u00e0 bons prix partout au Cameroun et faites vous livrer discr\u00e8tement, sur H\u00e9donia, le meilleur site de vente en ligne de sextoys au Cameroun. - Whatsapp: +237 672588687\" \/>\n<meta name=\"robots\" content=\"index, follow, max-snippet:-1, max-image-preview:large, max-video-preview:-1\" \/>\n<link rel=\"canonical\" href=\"https:\/\/sexshop.cm\/produit\/vibrateur-pour-clitoris-et-point-g-et-godemichet-anal-pour-adultes\/\" \/>\n<meta property=\"og:locale\" content=\"en_US\" \/>\n<meta property=\"og:type\" content=\"article\" \/>\n<meta property=\"og:title\" content=\"Vibrateur pour clitoris et point G et godemichet anal pour adultes\" \/>\n<meta property=\"og:description\" content=\"Vibrateur pour clitoris et point G et godemichet anal pour adultes - H\u00e9donia\" \/>\n<meta property=\"og:url\" content=\"https:\/\/sexshop.cm\/produit\/vibrateur-pour-clitoris-et-point-g-et-godemichet-anal-pour-adultes\/\" \/>\n<meta property=\"og:site_name\" content=\"H\u00e9donia\" \/>\n<meta property=\"article:modified_time\" content=\"2025-05-25T03:07:42+00:00\" \/>\n<meta property=\"og:image\" content=\"http:\/\/sexshop.cm\/wp-content\/uploads\/2022\/10\/Vibrateur-pour-clitoris-et-point-G-et-godemichet-anal-pour-adultes-gode-multi-vitesse-produits-rotiques.jpg\" \/>\n\t<meta property=\"og:image:width\" content=\"800\" \/>\n\t<meta property=\"og:image:height\" content=\"800\" \/>\n\t<meta property=\"og:image:type\" content=\"image\/jpeg\" \/>\n<meta name=\"twitter:card\" content=\"summary_large_image\" \/>\n<meta name=\"twitter:label1\" content=\"Price\" \/>\n\t<meta name=\"twitter:data1\" content=\"15000&nbsp;CFA\" \/>\n\t<meta name=\"twitter:label2\" content=\"Availability\" \/>\n\t<meta name=\"twitter:data2\" content=\"In stock\" \/>\n<script type=\"application\/ld+json\" class=\"yoast-schema-graph\">{\"@context\":\"https:\/\/schema.org\",\"@graph\":[{\"@type\":\"WebPage\",\"@id\":\"https:\/\/sexshop.cm\/produit\/vibrateur-pour-clitoris-et-point-g-et-godemichet-anal-pour-adultes\/\",\"url\":\"https:\/\/sexshop.cm\/produit\/vibrateur-pour-clitoris-et-point-g-et-godemichet-anal-pour-adultes\/\",\"name\":\"- Achetez et Commandez Discr\u00e8tement vos Vibrateur pour clitoris et point G et godemichet anal pour adultes au Cameroun -\",\"isPartOf\":{\"@id\":\"https:\/\/sexshop.cm\/#website\"},\"datePublished\":\"2022-10-07T13:39:31+00:00\",\"dateModified\":\"2025-05-25T03:07:42+00:00\",\"description\":\"Commandez vos meilleurs Vibrateur pour clitoris et point G et godemichet anal pour adultes \u00e0 bons prix partout au Cameroun et faites vous livrer discr\u00e8tement, sur H\u00e9donia, le meilleur site de vente en ligne de sextoys au Cameroun. - Whatsapp: +237 672588687\",\"breadcrumb\":{\"@id\":\"https:\/\/sexshop.cm\/produit\/vibrateur-pour-clitoris-et-point-g-et-godemichet-anal-pour-adultes\/#breadcrumb\"},\"inLanguage\":\"en-US\",\"potentialAction\":[{\"@type\":\"ReadAction\",\"target\":[\"https:\/\/sexshop.cm\/produit\/vibrateur-pour-clitoris-et-point-g-et-godemichet-anal-pour-adultes\/\"]}]},{\"@type\":\"BreadcrumbList\",\"@id\":\"https:\/\/sexshop.cm\/produit\/vibrateur-pour-clitoris-et-point-g-et-godemichet-anal-pour-adultes\/#breadcrumb\",\"itemListElement\":[{\"@type\":\"ListItem\",\"position\":1,\"name\":\"Accueil\",\"item\":\"https:\/\/sexshop.cm\/en\/online-sexshop-in-cameroon\/\"},{\"@type\":\"ListItem\",\"position\":2,\"name\":\"Shop\",\"item\":\"https:\/\/sexshop.cm\/shop\/\"},{\"@type\":\"ListItem\",\"position\":3,\"name\":\"Vibrateur pour clitoris et point G et godemichet anal pour adultes\"}]},{\"@type\":\"WebSite\",\"@id\":\"https:\/\/sexshop.cm\/#website\",\"url\":\"https:\/\/sexshop.cm\/\",\"name\":\"H\u00e9donia\",\"description\":\"SexShop en ligne - Boutique de sextoys et objets coquins en ligne au Cameroun\",\"publisher\":{\"@id\":\"https:\/\/sexshop.cm\/#organization\"},\"potentialAction\":[{\"@type\":\"SearchAction\",\"target\":{\"@type\":\"EntryPoint\",\"urlTemplate\":\"https:\/\/sexshop.cm\/?s={search_term_string}\"},\"query-input\":\"required name=search_term_string\"}],\"inLanguage\":\"en-US\"},{\"@type\":\"Organization\",\"@id\":\"https:\/\/sexshop.cm\/#organization\",\"name\":\"H\u00e9donia\",\"alternateName\":\"Boutique de Sextoys en ligne au Cameroun\",\"url\":\"https:\/\/sexshop.cm\/\",\"logo\":{\"@type\":\"ImageObject\",\"inLanguage\":\"en-US\",\"@id\":\"https:\/\/sexshop.cm\/#\/schema\/logo\/image\/\",\"url\":\"https:\/\/sexshop.cm\/wp-content\/uploads\/2022\/10\/logo-680-hedonia.png.200x100_q85_background-f8f9fa.png\",\"contentUrl\":\"https:\/\/sexshop.cm\/wp-content\/uploads\/2022\/10\/logo-680-hedonia.png.200x100_q85_background-f8f9fa.png\",\"width\":2222,\"height\":534,\"caption\":\"H\u00e9donia\"},\"image\":{\"@id\":\"https:\/\/sexshop.cm\/#\/schema\/logo\/image\/\"}}]}<\/script>\n<meta property=\"product:price:amount\" content=\"15000\" \/>\n<meta property=\"product:price:currency\" content=\"XAF\" \/>\n<meta property=\"og:availability\" content=\"instock\" \/>\n<meta property=\"product:availability\" content=\"instock\" \/>\n<meta property=\"product:retailer_item_id\" content=\"4000252437720\" \/>\n<meta property=\"product:condition\" content=\"new\" \/>\n<!-- \/ Yoast SEO Premium plugin. -->","yoast_head_json":{"title":"- Achetez et Commandez Discr\u00e8tement vos Vibrateur pour clitoris et point G et godemichet anal pour adultes au Cameroun -","description":"Commandez vos meilleurs Vibrateur pour clitoris et point G et godemichet anal pour adultes \u00e0 bons prix partout au Cameroun et faites vous livrer discr\u00e8tement, sur H\u00e9donia, le meilleur site de vente en ligne de sextoys au Cameroun. - Whatsapp: +237 672588687","robots":{"index":"index","follow":"follow","max-snippet":"max-snippet:-1","max-image-preview":"max-image-preview:large","max-video-preview":"max-video-preview:-1"},"canonical":"https:\/\/sexshop.cm\/produit\/vibrateur-pour-clitoris-et-point-g-et-godemichet-anal-pour-adultes\/","og_locale":"en_US","og_type":"article","og_title":"Vibrateur pour clitoris et point G et godemichet anal pour adultes","og_description":"Vibrateur pour clitoris et point G et godemichet anal pour adultes - H\u00e9donia","og_url":"https:\/\/sexshop.cm\/produit\/vibrateur-pour-clitoris-et-point-g-et-godemichet-anal-pour-adultes\/","og_site_name":"H\u00e9donia","article_modified_time":"2025-05-25T03:07:42+00:00","og_image":[{"width":800,"height":800,"url":"http:\/\/sexshop.cm\/wp-content\/uploads\/2022\/10\/Vibrateur-pour-clitoris-et-point-G-et-godemichet-anal-pour-adultes-gode-multi-vitesse-produits-rotiques.jpg","type":"image\/jpeg"}],"twitter_card":"summary_large_image","twitter_misc":{"Price":"15000&nbsp;CFA","Availability":"In stock"},"schema":{"@context":"https:\/\/schema.org","@graph":[{"@type":"WebPage","@id":"https:\/\/sexshop.cm\/produit\/vibrateur-pour-clitoris-et-point-g-et-godemichet-anal-pour-adultes\/","url":"https:\/\/sexshop.cm\/produit\/vibrateur-pour-clitoris-et-point-g-et-godemichet-anal-pour-adultes\/","name":"- Achetez et Commandez Discr\u00e8tement vos Vibrateur pour clitoris et point G et godemichet anal pour adultes au Cameroun -","isPartOf":{"@id":"https:\/\/sexshop.cm\/#website"},"datePublished":"2022-10-07T13:39:31+00:00","dateModified":"2025-05-25T03:07:42+00:00","description":"Commandez vos meilleurs Vibrateur pour clitoris et point G et godemichet anal pour adultes \u00e0 bons prix partout au Cameroun et faites vous livrer discr\u00e8tement, sur H\u00e9donia, le meilleur site de vente en ligne de sextoys au Cameroun. - Whatsapp: +237 672588687","breadcrumb":{"@id":"https:\/\/sexshop.cm\/produit\/vibrateur-pour-clitoris-et-point-g-et-godemichet-anal-pour-adultes\/#breadcrumb"},"inLanguage":"en-US","potentialAction":[{"@type":"ReadAction","target":["https:\/\/sexshop.cm\/produit\/vibrateur-pour-clitoris-et-point-g-et-godemichet-anal-pour-adultes\/"]}]},{"@type":"BreadcrumbList","@id":"https:\/\/sexshop.cm\/produit\/vibrateur-pour-clitoris-et-point-g-et-godemichet-anal-pour-adultes\/#breadcrumb","itemListElement":[{"@type":"ListItem","position":1,"name":"Accueil","item":"https:\/\/sexshop.cm\/en\/online-sexshop-in-cameroon\/"},{"@type":"ListItem","position":2,"name":"Shop","item":"https:\/\/sexshop.cm\/shop\/"},{"@type":"ListItem","position":3,"name":"Vibrateur pour clitoris et point G et godemichet anal pour adultes"}]},{"@type":"WebSite","@id":"https:\/\/sexshop.cm\/#website","url":"https:\/\/sexshop.cm\/","name":"H\u00e9donia","description":"SexShop en ligne - Boutique de sextoys et objets coquins en ligne au Cameroun","publisher":{"@id":"https:\/\/sexshop.cm\/#organization"},"potentialAction":[{"@type":"SearchAction","target":{"@type":"EntryPoint","urlTemplate":"https:\/\/sexshop.cm\/?s={search_term_string}"},"query-input":"required name=search_term_string"}],"inLanguage":"en-US"},{"@type":"Organization","@id":"https:\/\/sexshop.cm\/#organization","name":"H\u00e9donia","alternateName":"Boutique de Sextoys en ligne au Cameroun","url":"https:\/\/sexshop.cm\/","logo":{"@type":"ImageObject","inLanguage":"en-US","@id":"https:\/\/sexshop.cm\/#\/schema\/logo\/image\/","url":"https:\/\/sexshop.cm\/wp-content\/uploads\/2022\/10\/logo-680-hedonia.png.200x100_q85_background-f8f9fa.png","contentUrl":"https:\/\/sexshop.cm\/wp-content\/uploads\/2022\/10\/logo-680-hedonia.png.200x100_q85_background-f8f9fa.png","width":2222,"height":534,"caption":"H\u00e9donia"},"image":{"@id":"https:\/\/sexshop.cm\/#\/schema\/logo\/image\/"}}]},"product_price_amount":"15000","product_price_currency":"XAF","og_availability":"instock","product_availability":"instock","product_retailer_item_id":"4000252437720","product_condition":"new"},"_links":{"self":[{"href":"https:\/\/sexshop.cm\/en\/wp-json\/wp\/v2\/product\/6743"}],"collection":[{"href":"https:\/\/sexshop.cm\/en\/wp-json\/wp\/v2\/product"}],"about":[{"href":"https:\/\/sexshop.cm\/en\/wp-json\/wp\/v2\/types\/product"}],"replies":[{"embeddable":true,"href":"https:\/\/sexshop.cm\/en\/wp-json\/wp\/v2\/comments?post=6743"}],"wp:featuredmedia":[{"embeddable":true,"href":"https:\/\/sexshop.cm\/en\/wp-json\/wp\/v2\/media\/6744"}],"wp:attachment":[{"href":"https:\/\/sexshop.cm\/en\/wp-json\/wp\/v2\/media?parent=6743"}],"wp:term":[{"taxonomy":"brand","embeddable":true,"href":"https:\/\/sexshop.cm\/en\/wp-json\/wp\/v2\/etheme_brands?post=6743"},{"taxonomy":"product_cat","embeddable":true,"href":"https:\/\/sexshop.cm\/en\/wp-json\/wp\/v2\/product_cat?post=6743"},{"taxonomy":"product_tag","embeddable":true,"href":"https:\/\/sexshop.cm\/en\/wp-json\/wp\/v2\/product_tag?post=6743"}],"curies":[{"name":"wp","href":"https:\/\/api.w.org\/{rel}","templated":true}]}}