{"id":6749,"date":"2022-10-07T14:39:35","date_gmt":"2022-10-07T13:39:35","guid":{"rendered":"https:\/\/sexshop.cm\/produit\/vibromasseur-point-g-silencieux-pour-femme\/"},"modified":"2025-05-24T21:20:07","modified_gmt":"2025-05-24T20:20:07","slug":"vibromasseur-point-g-silencieux-pour-femme","status":"publish","type":"product","link":"https:\/\/sexshop.cm\/en\/produit\/vibromasseur-point-g-silencieux-pour-femme\/","title":{"rendered":"Vibromasseur point G silencieux pour femme"},"content":{"rendered":"<div class=\"detailmodule_html\">\n<div class=\"detail-desc-decorate-richtext\">\n<div style=\"font-family: arial, helvetica, sans-serif; font-size: 13px; line-height: inherit; color: #000000; border: 0px; margin: 0px; padding: 0px; box-sizing: content-box;\">\n<p>Point Description:<br \/>\nLa puissance du point G est aussi connue qu&#8217;insaisissable. Et alors que les experts du sexe ont longtemps<br \/>\nSoulign\u00e9 le r\u00f4le qu&#8217;il joue dans la r\u00e9alisation du plaisir incroyable, beaucoup de femmes ne parviennent pas \u00e0 correctement<br \/>\nStimuler, voire localiser cette fameuse zone chaude.<\/p>\n<p>Le vibromasseur bulbe de health Vibes vous aide \u00e0 trouver et \u00e0 \u00e9veiller le point G comme jamais auparavant!<br \/>\nDot\u00e9 d&#8217;un design de tige pli\u00e9 de 8 &#8220;, il offre un acc\u00e8s facile \u00e0 votre futur favori<br \/>\nZone \u00e9rog\u00e8ne. La pointe lisse en forme d&#8217;oeuf est facile \u00e0 ins\u00e9rer, mais assez grande (1.5 &#8220;de large) pour<br \/>\nFournir une stimulation incroyable.<\/p>\n<p>Une fois que vous avez localis\u00e9 le g-spot, le plaisir ne fait que commencer! Un moteur puissant tr\u00f4ne dans le<br \/>\nT\u00eate de l&#8217;\u0153uf, d\u00e9cha\u00eenant des impulsions lancinantes d\u00e8s que vous tournez le cadran. Il dispose \u00e9galement<br \/>\nContr\u00f4le multivitesse pour des vibrations aussi intimes ou intenses que vous le souhaitez. Sans fil et<br \/>\nImperm\u00e9able, vous pouvez vous amuser dans le lit, dans la douche, et \u00e0 peu pr\u00e8s partout dans<br \/>\nEntre.<\/p>\n<p>-Les jouets sexuels en plastique, les mat\u00e9riaux durs stimulent votre clitoris<br \/>\n-Conception G spot facile \u00e0 contr\u00f4ler<br \/>\n-Ajouter un effet lubrifiant est meilleur<br \/>\n-Stimulation vibrante \u00e0 plusieurs vitesses<br \/>\n-Un moteur parfait avec une forte stimulation touche votre corps<br \/>\nPuissance: 2 piles AA(Pas inclus)<br \/>\nMat\u00e9riel: Silicone<br \/>\nTaille: comme l&#8217;image a montr\u00e9<br \/>\nCouleur: Rose rouge, violet<\/p>\n<\/div>\n<div style=\"font-family: arial, helvetica, sans-serif; font-size: 13px; line-height: inherit; color: #000000; border: 0px; margin: 0px; padding: 0px; box-sizing: content-box;\">\n<div style=\"border: 0px; margin: 0px; padding: 0px; box-sizing: content-box;\"><\/div>\n<div style=\"border: 0px; margin: 0px; padding: 0px; box-sizing: content-box;\"><img decoding=\"async\" src=\"https:\/\/ae01.alicdn.com\/kf\/HTB11_aiXffsK1RjSszbq6AqBXXah.jpg\" \/><img decoding=\"async\" src=\"https:\/\/ae01.alicdn.com\/kf\/HTB1a_JVbzDpK1RjSZFrq6y78VXaR.jpg\" \/><img decoding=\"async\" src=\"https:\/\/ae01.alicdn.com\/kf\/HTB1UgejXj14K1Rjt_ioq6AkyXXaF.jpg\" \/><\/div>\n<div style=\"border: 0px; margin: 0px; padding: 0px; box-sizing: content-box;\"><img decoding=\"async\" src=\"https:\/\/ae01.alicdn.com\/kf\/HTB1Zu1iXdfvK1RjSspoq6zfNpXa7.jpg\" \/> <img decoding=\"async\" src=\"https:\/\/ae01.alicdn.com\/kf\/HTB1hbujXfvsK1Rjy0Fiq6zwtXXal.jpg\" \/> <img decoding=\"async\" src=\"https:\/\/ae01.alicdn.com\/kf\/HTB1Cu1iXovrK1RjSspcq6zzSXXas.jpg\" \/><img decoding=\"async\" src=\"https:\/\/ae01.alicdn.com\/kf\/HTB1b98WbCzqK1RjSZFpq6ykSXXa8.jpg\" \/> <img decoding=\"async\" src=\"https:\/\/ae01.alicdn.com\/kf\/HTB16i5iXdfvK1RjSspfq6zzXFXaM.jpg\" \/><\/div>\n<\/div>\n<\/div>\n<\/div>\n","protected":false},"excerpt":{"rendered":"<p>La puissance du point G est aussi connue qu&#8217;insaisissable. Et alors que les experts du sexe ont longtemps<br \/>\nSoulign\u00e9 le r\u00f4le qu&#8217;il joue dans la r\u00e9alisation du plaisir incroyable, beaucoup de femmes ne parviennent pas \u00e0 correctement<br \/>\nStimuler, voire localiser cette fameuse zone chaude.<\/p>\n","protected":false},"featured_media":6752,"comment_status":"open","ping_status":"closed","template":"","meta":{"_joinchat":[]},"etheme_brands":[],"product_cat":[61,46,60],"product_tag":[],"yoast_head":"<!-- This site is optimized with the Yoast SEO Premium plugin v19.3 (Yoast SEO v21.5) - https:\/\/yoast.com\/wordpress\/plugins\/seo\/ -->\n<title>- Achetez et Commandez Discr\u00e8tement vos Vibromasseur point G silencieux pour femme au Cameroun -<\/title>\n<meta name=\"description\" content=\"Commandez vos meilleurs Vibromasseur point G silencieux pour femme \u00e0 bons prix partout au Cameroun et faites vous livrer discr\u00e8tement, sur H\u00e9donia, le meilleur site de vente en ligne de sextoys au Cameroun. - Whatsapp: +237 672588687\" \/>\n<meta name=\"robots\" content=\"index, follow, max-snippet:-1, max-image-preview:large, max-video-preview:-1\" \/>\n<link rel=\"canonical\" href=\"https:\/\/sexshop.cm\/produit\/vibromasseur-point-g-silencieux-pour-femme\/\" \/>\n<meta property=\"og:locale\" content=\"en_US\" \/>\n<meta property=\"og:type\" content=\"article\" \/>\n<meta property=\"og:title\" content=\"Vibromasseur point G silencieux pour femme\" \/>\n<meta property=\"og:description\" content=\"Vibromasseur point G silencieux pour femme - H\u00e9donia\" \/>\n<meta property=\"og:url\" content=\"https:\/\/sexshop.cm\/produit\/vibromasseur-point-g-silencieux-pour-femme\/\" \/>\n<meta property=\"og:site_name\" content=\"H\u00e9donia\" \/>\n<meta property=\"article:modified_time\" content=\"2025-05-24T20:20:07+00:00\" \/>\n<meta property=\"og:image\" content=\"http:\/\/sexshop.cm\/wp-content\/uploads\/2022\/10\/Vibromasseur-point-G-muet-pour-femme-jouet-sexuel-gode-vibrant-clitoris-stimulateur-de-mamelon-Anal-masseur.jpg\" \/>\n\t<meta property=\"og:image:width\" content=\"1000\" \/>\n\t<meta property=\"og:image:height\" content=\"1000\" \/>\n\t<meta property=\"og:image:type\" content=\"image\/jpeg\" \/>\n<meta name=\"twitter:card\" content=\"summary_large_image\" \/>\n<meta name=\"twitter:label1\" content=\"Price\" \/>\n\t<meta name=\"twitter:data1\" content=\"18000&nbsp;CFA\" \/>\n\t<meta name=\"twitter:label2\" content=\"Availability\" \/>\n\t<meta name=\"twitter:data2\" content=\"In stock\" \/>\n<script type=\"application\/ld+json\" class=\"yoast-schema-graph\">{\"@context\":\"https:\/\/schema.org\",\"@graph\":[{\"@type\":\"WebPage\",\"@id\":\"https:\/\/sexshop.cm\/produit\/vibromasseur-point-g-silencieux-pour-femme\/\",\"url\":\"https:\/\/sexshop.cm\/produit\/vibromasseur-point-g-silencieux-pour-femme\/\",\"name\":\"- Achetez et Commandez Discr\u00e8tement vos Vibromasseur point G silencieux pour femme au Cameroun -\",\"isPartOf\":{\"@id\":\"https:\/\/sexshop.cm\/#website\"},\"datePublished\":\"2022-10-07T13:39:35+00:00\",\"dateModified\":\"2025-05-24T20:20:07+00:00\",\"description\":\"Commandez vos meilleurs Vibromasseur point G silencieux pour femme \u00e0 bons prix partout au Cameroun et faites vous livrer discr\u00e8tement, sur H\u00e9donia, le meilleur site de vente en ligne de sextoys au Cameroun. - Whatsapp: +237 672588687\",\"breadcrumb\":{\"@id\":\"https:\/\/sexshop.cm\/produit\/vibromasseur-point-g-silencieux-pour-femme\/#breadcrumb\"},\"inLanguage\":\"en-US\",\"potentialAction\":[{\"@type\":\"ReadAction\",\"target\":[\"https:\/\/sexshop.cm\/produit\/vibromasseur-point-g-silencieux-pour-femme\/\"]}]},{\"@type\":\"BreadcrumbList\",\"@id\":\"https:\/\/sexshop.cm\/produit\/vibromasseur-point-g-silencieux-pour-femme\/#breadcrumb\",\"itemListElement\":[{\"@type\":\"ListItem\",\"position\":1,\"name\":\"Accueil\",\"item\":\"https:\/\/sexshop.cm\/en\/online-sexshop-in-cameroon\/\"},{\"@type\":\"ListItem\",\"position\":2,\"name\":\"Shop\",\"item\":\"https:\/\/sexshop.cm\/shop\/\"},{\"@type\":\"ListItem\",\"position\":3,\"name\":\"Vibromasseur point G silencieux pour femme\"}]},{\"@type\":\"WebSite\",\"@id\":\"https:\/\/sexshop.cm\/#website\",\"url\":\"https:\/\/sexshop.cm\/\",\"name\":\"H\u00e9donia\",\"description\":\"SexShop en ligne - Boutique de sextoys et objets coquins en ligne au Cameroun\",\"publisher\":{\"@id\":\"https:\/\/sexshop.cm\/#organization\"},\"potentialAction\":[{\"@type\":\"SearchAction\",\"target\":{\"@type\":\"EntryPoint\",\"urlTemplate\":\"https:\/\/sexshop.cm\/?s={search_term_string}\"},\"query-input\":\"required name=search_term_string\"}],\"inLanguage\":\"en-US\"},{\"@type\":\"Organization\",\"@id\":\"https:\/\/sexshop.cm\/#organization\",\"name\":\"H\u00e9donia\",\"alternateName\":\"Boutique de Sextoys en ligne au Cameroun\",\"url\":\"https:\/\/sexshop.cm\/\",\"logo\":{\"@type\":\"ImageObject\",\"inLanguage\":\"en-US\",\"@id\":\"https:\/\/sexshop.cm\/#\/schema\/logo\/image\/\",\"url\":\"https:\/\/sexshop.cm\/wp-content\/uploads\/2022\/10\/logo-680-hedonia.png.200x100_q85_background-f8f9fa.png\",\"contentUrl\":\"https:\/\/sexshop.cm\/wp-content\/uploads\/2022\/10\/logo-680-hedonia.png.200x100_q85_background-f8f9fa.png\",\"width\":2222,\"height\":534,\"caption\":\"H\u00e9donia\"},\"image\":{\"@id\":\"https:\/\/sexshop.cm\/#\/schema\/logo\/image\/\"}}]}<\/script>\n<meta property=\"product:price:amount\" content=\"18000\" \/>\n<meta property=\"product:price:currency\" content=\"XAF\" \/>\n<meta property=\"og:availability\" content=\"instock\" \/>\n<meta property=\"product:availability\" content=\"instock\" \/>\n<meta property=\"product:retailer_item_id\" content=\"1000007013594\" \/>\n<meta property=\"product:condition\" content=\"new\" \/>\n<!-- \/ Yoast SEO Premium plugin. -->","yoast_head_json":{"title":"- Achetez et Commandez Discr\u00e8tement vos Vibromasseur point G silencieux pour femme au Cameroun -","description":"Commandez vos meilleurs Vibromasseur point G silencieux pour femme \u00e0 bons prix partout au Cameroun et faites vous livrer discr\u00e8tement, sur H\u00e9donia, le meilleur site de vente en ligne de sextoys au Cameroun. - Whatsapp: +237 672588687","robots":{"index":"index","follow":"follow","max-snippet":"max-snippet:-1","max-image-preview":"max-image-preview:large","max-video-preview":"max-video-preview:-1"},"canonical":"https:\/\/sexshop.cm\/produit\/vibromasseur-point-g-silencieux-pour-femme\/","og_locale":"en_US","og_type":"article","og_title":"Vibromasseur point G silencieux pour femme","og_description":"Vibromasseur point G silencieux pour femme - H\u00e9donia","og_url":"https:\/\/sexshop.cm\/produit\/vibromasseur-point-g-silencieux-pour-femme\/","og_site_name":"H\u00e9donia","article_modified_time":"2025-05-24T20:20:07+00:00","og_image":[{"width":1000,"height":1000,"url":"http:\/\/sexshop.cm\/wp-content\/uploads\/2022\/10\/Vibromasseur-point-G-muet-pour-femme-jouet-sexuel-gode-vibrant-clitoris-stimulateur-de-mamelon-Anal-masseur.jpg","type":"image\/jpeg"}],"twitter_card":"summary_large_image","twitter_misc":{"Price":"18000&nbsp;CFA","Availability":"In stock"},"schema":{"@context":"https:\/\/schema.org","@graph":[{"@type":"WebPage","@id":"https:\/\/sexshop.cm\/produit\/vibromasseur-point-g-silencieux-pour-femme\/","url":"https:\/\/sexshop.cm\/produit\/vibromasseur-point-g-silencieux-pour-femme\/","name":"- Achetez et Commandez Discr\u00e8tement vos Vibromasseur point G silencieux pour femme au Cameroun -","isPartOf":{"@id":"https:\/\/sexshop.cm\/#website"},"datePublished":"2022-10-07T13:39:35+00:00","dateModified":"2025-05-24T20:20:07+00:00","description":"Commandez vos meilleurs Vibromasseur point G silencieux pour femme \u00e0 bons prix partout au Cameroun et faites vous livrer discr\u00e8tement, sur H\u00e9donia, le meilleur site de vente en ligne de sextoys au Cameroun. - Whatsapp: +237 672588687","breadcrumb":{"@id":"https:\/\/sexshop.cm\/produit\/vibromasseur-point-g-silencieux-pour-femme\/#breadcrumb"},"inLanguage":"en-US","potentialAction":[{"@type":"ReadAction","target":["https:\/\/sexshop.cm\/produit\/vibromasseur-point-g-silencieux-pour-femme\/"]}]},{"@type":"BreadcrumbList","@id":"https:\/\/sexshop.cm\/produit\/vibromasseur-point-g-silencieux-pour-femme\/#breadcrumb","itemListElement":[{"@type":"ListItem","position":1,"name":"Accueil","item":"https:\/\/sexshop.cm\/en\/online-sexshop-in-cameroon\/"},{"@type":"ListItem","position":2,"name":"Shop","item":"https:\/\/sexshop.cm\/shop\/"},{"@type":"ListItem","position":3,"name":"Vibromasseur point G silencieux pour femme"}]},{"@type":"WebSite","@id":"https:\/\/sexshop.cm\/#website","url":"https:\/\/sexshop.cm\/","name":"H\u00e9donia","description":"SexShop en ligne - Boutique de sextoys et objets coquins en ligne au Cameroun","publisher":{"@id":"https:\/\/sexshop.cm\/#organization"},"potentialAction":[{"@type":"SearchAction","target":{"@type":"EntryPoint","urlTemplate":"https:\/\/sexshop.cm\/?s={search_term_string}"},"query-input":"required name=search_term_string"}],"inLanguage":"en-US"},{"@type":"Organization","@id":"https:\/\/sexshop.cm\/#organization","name":"H\u00e9donia","alternateName":"Boutique de Sextoys en ligne au Cameroun","url":"https:\/\/sexshop.cm\/","logo":{"@type":"ImageObject","inLanguage":"en-US","@id":"https:\/\/sexshop.cm\/#\/schema\/logo\/image\/","url":"https:\/\/sexshop.cm\/wp-content\/uploads\/2022\/10\/logo-680-hedonia.png.200x100_q85_background-f8f9fa.png","contentUrl":"https:\/\/sexshop.cm\/wp-content\/uploads\/2022\/10\/logo-680-hedonia.png.200x100_q85_background-f8f9fa.png","width":2222,"height":534,"caption":"H\u00e9donia"},"image":{"@id":"https:\/\/sexshop.cm\/#\/schema\/logo\/image\/"}}]},"product_price_amount":"18000","product_price_currency":"XAF","og_availability":"instock","product_availability":"instock","product_retailer_item_id":"1000007013594","product_condition":"new"},"_links":{"self":[{"href":"https:\/\/sexshop.cm\/en\/wp-json\/wp\/v2\/product\/6749"}],"collection":[{"href":"https:\/\/sexshop.cm\/en\/wp-json\/wp\/v2\/product"}],"about":[{"href":"https:\/\/sexshop.cm\/en\/wp-json\/wp\/v2\/types\/product"}],"replies":[{"embeddable":true,"href":"https:\/\/sexshop.cm\/en\/wp-json\/wp\/v2\/comments?post=6749"}],"wp:featuredmedia":[{"embeddable":true,"href":"https:\/\/sexshop.cm\/en\/wp-json\/wp\/v2\/media\/6752"}],"wp:attachment":[{"href":"https:\/\/sexshop.cm\/en\/wp-json\/wp\/v2\/media?parent=6749"}],"wp:term":[{"taxonomy":"brand","embeddable":true,"href":"https:\/\/sexshop.cm\/en\/wp-json\/wp\/v2\/etheme_brands?post=6749"},{"taxonomy":"product_cat","embeddable":true,"href":"https:\/\/sexshop.cm\/en\/wp-json\/wp\/v2\/product_cat?post=6749"},{"taxonomy":"product_tag","embeddable":true,"href":"https:\/\/sexshop.cm\/en\/wp-json\/wp\/v2\/product_tag?post=6749"}],"curies":[{"name":"wp","href":"https:\/\/api.w.org\/{rel}","templated":true}]}}