{"id":6757,"date":"2022-10-07T14:39:39","date_gmt":"2022-10-07T13:39:39","guid":{"rendered":"https:\/\/sexshop.cm\/produit\/man-nuo-vibromasseur-pour-femmes-baguette-magique\/"},"modified":"2025-05-25T03:06:29","modified_gmt":"2025-05-25T02:06:29","slug":"man-nuo-vibromasseur-pour-femmes-baguette-magique","status":"publish","type":"product","link":"https:\/\/sexshop.cm\/en\/produit\/man-nuo-vibromasseur-pour-femmes-baguette-magique\/","title":{"rendered":"Man nuo \u2013 vibromasseur pour femmes, baguette magique"},"content":{"rendered":"<div class=\"detailmodule_html\">\n<div class=\"detail-desc-decorate-richtext\">\n<div>\n<p>Caract\u00e9ristique<\/p>\n<p>\u00abLes vibrations apaisantes profondes aident \u00e0 soulager la tension<br \/>\n1. Magnifique baguette de massage du corps personnel<br \/>\n2. Mat\u00e9riau: Silicone s\u00fbr + ABS<br \/>\n3. Multifonctionnel-vibre, stimule les Muscles du corps<br \/>\n4. Ergonomique<br \/>\n5. Convient pour la stimulation clitoridienne<\/p>\n<p>100% tout Neuf.<br \/>\nCouleurs: rose, or, violet<br \/>\nTaille: comme le montre la photo<br \/>\nPuissance:USB de charge de conception<\/p>\n<p>Comment utiliser<br \/>\n1, charge pendant 3 heures pour charger compl\u00e8tement le vibrateur<br \/>\n2, en r\u00e9glant la poulie, l&#8217;interrupteur de commande et l&#8217;intensit\u00e9 des vibrations<br \/>\nImperm\u00e9able \u00e0 l&#8217;eau<br \/>\nDe fortes Vibrations<br \/>\nComme cadeau parfait pour vous ou votre amoureux<br \/>\nNote:<br \/>\n1. En raison de la diff\u00e9rence entre les diff\u00e9rents moniteurs, l&#8217;image peut ne pas refl\u00e9ter la couleur r\u00e9elle de l&#8217;article. Nous garantissons que le style est le m\u00eame que sur les photos.<br \/>\n2. Afin de prot\u00e9ger votre vie priv\u00e9e, nous nous engageons \u00e0 envoyer vos produits dans un \u00e9tat secret&#8221;<\/p>\n<p><img decoding=\"async\" src=\"https:\/\/ae01.alicdn.com\/kf\/HTB18Br_airxK1RkHFCcq6AQCVXaG.jpg\" \/><img decoding=\"async\" src=\"https:\/\/ae01.alicdn.com\/kf\/HTB1RaEiaozrK1RjSspmq6AOdFXar.jpg\" \/><img decoding=\"async\" src=\"https:\/\/ae01.alicdn.com\/kf\/HTB14q7gajzuK1RjSspeq6ziHVXaG.jpg\" \/><img decoding=\"async\" src=\"https:\/\/ae01.alicdn.com\/kf\/HTB1hM3jaorrK1RkSne1q6ArVVXas.jpg\" \/><img decoding=\"async\" src=\"https:\/\/ae01.alicdn.com\/kf\/HTB1v33jaorrK1RkSne1q6ArVVXaw.jpg\" \/><\/p>\n<\/div>\n<div><\/div>\n<\/div>\n<\/div>\n","protected":false},"excerpt":{"rendered":"<p>Caract\u00e9ristique<\/p>\n<p>\u00abLes vibrations apaisantes profondes aident \u00e0 soulager la tension<br \/>\n1. Magnifique baguette de massage du corps personnel<br \/>\n2. Mat\u00e9riau: Silicone s\u00fbr + ABS<br \/>\n3. Multifonctionnel-vibre, stimule les Muscles du corps<br \/>\n4. Ergonomique<br \/>\n5. Convient pour la stimulation clitoridienne<\/p>\n","protected":false},"featured_media":6758,"comment_status":"open","ping_status":"closed","template":"","meta":{"_joinchat":[]},"etheme_brands":[],"product_cat":[46,53,59],"product_tag":[],"yoast_head":"<!-- This site is optimized with the Yoast SEO Premium plugin v19.3 (Yoast SEO v21.5) - https:\/\/yoast.com\/wordpress\/plugins\/seo\/ -->\n<title>- Achetez et Commandez Discr\u00e8tement vos Man nuo \u2013 vibromasseur pour femmes, baguette magique au Cameroun -<\/title>\n<meta name=\"description\" content=\"Commandez vos meilleurs Man nuo \u2013 vibromasseur pour femmes, baguette magique \u00e0 bons prix partout au Cameroun et faites vous livrer discr\u00e8tement, sur H\u00e9donia, le meilleur site de vente en ligne de sextoys au Cameroun. - Whatsapp: +237 672588687\" \/>\n<meta name=\"robots\" content=\"index, follow, max-snippet:-1, max-image-preview:large, max-video-preview:-1\" \/>\n<link rel=\"canonical\" href=\"https:\/\/sexshop.cm\/produit\/man-nuo-vibromasseur-pour-femmes-baguette-magique\/\" \/>\n<meta property=\"og:locale\" content=\"en_US\" \/>\n<meta property=\"og:type\" content=\"article\" \/>\n<meta property=\"og:title\" content=\"Man nuo \u2013 vibromasseur pour femmes, baguette magique\" \/>\n<meta property=\"og:description\" content=\"Man nuo \u2013 vibromasseur pour femmes, baguette magique - H\u00e9donia\" \/>\n<meta property=\"og:url\" content=\"https:\/\/sexshop.cm\/produit\/man-nuo-vibromasseur-pour-femmes-baguette-magique\/\" \/>\n<meta property=\"og:site_name\" content=\"H\u00e9donia\" \/>\n<meta property=\"article:modified_time\" content=\"2025-05-25T02:06:29+00:00\" \/>\n<meta property=\"og:image\" content=\"http:\/\/sexshop.cm\/wp-content\/uploads\/2022\/10\/Man-nuo-vibromasseur-pour-femmes-produits-sexuels-AV-jouets-sexuels-rechargeables-par-USB-pour-femmes-stimulateur.jpg\" \/>\n\t<meta property=\"og:image:width\" content=\"1000\" \/>\n\t<meta property=\"og:image:height\" content=\"1000\" \/>\n\t<meta property=\"og:image:type\" content=\"image\/jpeg\" \/>\n<meta name=\"twitter:card\" content=\"summary_large_image\" \/>\n<meta name=\"twitter:label1\" content=\"Price\" \/>\n\t<meta name=\"twitter:data1\" content=\"22000&nbsp;CFA\" \/>\n\t<meta name=\"twitter:label2\" content=\"Availability\" \/>\n\t<meta name=\"twitter:data2\" content=\"In stock\" \/>\n<script type=\"application\/ld+json\" class=\"yoast-schema-graph\">{\"@context\":\"https:\/\/schema.org\",\"@graph\":[{\"@type\":\"WebPage\",\"@id\":\"https:\/\/sexshop.cm\/produit\/man-nuo-vibromasseur-pour-femmes-baguette-magique\/\",\"url\":\"https:\/\/sexshop.cm\/produit\/man-nuo-vibromasseur-pour-femmes-baguette-magique\/\",\"name\":\"- Achetez et Commandez Discr\u00e8tement vos Man nuo \u2013 vibromasseur pour femmes, baguette magique au Cameroun -\",\"isPartOf\":{\"@id\":\"https:\/\/sexshop.cm\/#website\"},\"datePublished\":\"2022-10-07T13:39:39+00:00\",\"dateModified\":\"2025-05-25T02:06:29+00:00\",\"description\":\"Commandez vos meilleurs Man nuo \u2013 vibromasseur pour femmes, baguette magique \u00e0 bons prix partout au Cameroun et faites vous livrer discr\u00e8tement, sur H\u00e9donia, le meilleur site de vente en ligne de sextoys au Cameroun. - Whatsapp: +237 672588687\",\"breadcrumb\":{\"@id\":\"https:\/\/sexshop.cm\/produit\/man-nuo-vibromasseur-pour-femmes-baguette-magique\/#breadcrumb\"},\"inLanguage\":\"en-US\",\"potentialAction\":[{\"@type\":\"ReadAction\",\"target\":[\"https:\/\/sexshop.cm\/produit\/man-nuo-vibromasseur-pour-femmes-baguette-magique\/\"]}]},{\"@type\":\"BreadcrumbList\",\"@id\":\"https:\/\/sexshop.cm\/produit\/man-nuo-vibromasseur-pour-femmes-baguette-magique\/#breadcrumb\",\"itemListElement\":[{\"@type\":\"ListItem\",\"position\":1,\"name\":\"Accueil\",\"item\":\"https:\/\/sexshop.cm\/en\/online-sexshop-in-cameroon\/\"},{\"@type\":\"ListItem\",\"position\":2,\"name\":\"Shop\",\"item\":\"https:\/\/sexshop.cm\/shop\/\"},{\"@type\":\"ListItem\",\"position\":3,\"name\":\"Man nuo \u2013 vibromasseur pour femmes, baguette magique\"}]},{\"@type\":\"WebSite\",\"@id\":\"https:\/\/sexshop.cm\/#website\",\"url\":\"https:\/\/sexshop.cm\/\",\"name\":\"H\u00e9donia\",\"description\":\"SexShop en ligne - Boutique de sextoys et objets coquins en ligne au Cameroun\",\"publisher\":{\"@id\":\"https:\/\/sexshop.cm\/#organization\"},\"potentialAction\":[{\"@type\":\"SearchAction\",\"target\":{\"@type\":\"EntryPoint\",\"urlTemplate\":\"https:\/\/sexshop.cm\/?s={search_term_string}\"},\"query-input\":\"required name=search_term_string\"}],\"inLanguage\":\"en-US\"},{\"@type\":\"Organization\",\"@id\":\"https:\/\/sexshop.cm\/#organization\",\"name\":\"H\u00e9donia\",\"alternateName\":\"Boutique de Sextoys en ligne au Cameroun\",\"url\":\"https:\/\/sexshop.cm\/\",\"logo\":{\"@type\":\"ImageObject\",\"inLanguage\":\"en-US\",\"@id\":\"https:\/\/sexshop.cm\/#\/schema\/logo\/image\/\",\"url\":\"https:\/\/sexshop.cm\/wp-content\/uploads\/2022\/10\/logo-680-hedonia.png.200x100_q85_background-f8f9fa.png\",\"contentUrl\":\"https:\/\/sexshop.cm\/wp-content\/uploads\/2022\/10\/logo-680-hedonia.png.200x100_q85_background-f8f9fa.png\",\"width\":2222,\"height\":534,\"caption\":\"H\u00e9donia\"},\"image\":{\"@id\":\"https:\/\/sexshop.cm\/#\/schema\/logo\/image\/\"}}]}<\/script>\n<meta property=\"product:price:amount\" content=\"22000\" \/>\n<meta property=\"product:price:currency\" content=\"XAF\" \/>\n<meta property=\"og:availability\" content=\"instock\" \/>\n<meta property=\"product:availability\" content=\"instock\" \/>\n<meta property=\"product:retailer_item_id\" content=\"1000006808439\" \/>\n<meta property=\"product:condition\" content=\"new\" \/>\n<!-- \/ Yoast SEO Premium plugin. -->","yoast_head_json":{"title":"- Achetez et Commandez Discr\u00e8tement vos Man nuo \u2013 vibromasseur pour femmes, baguette magique au Cameroun -","description":"Commandez vos meilleurs Man nuo \u2013 vibromasseur pour femmes, baguette magique \u00e0 bons prix partout au Cameroun et faites vous livrer discr\u00e8tement, sur H\u00e9donia, le meilleur site de vente en ligne de sextoys au Cameroun. - Whatsapp: +237 672588687","robots":{"index":"index","follow":"follow","max-snippet":"max-snippet:-1","max-image-preview":"max-image-preview:large","max-video-preview":"max-video-preview:-1"},"canonical":"https:\/\/sexshop.cm\/produit\/man-nuo-vibromasseur-pour-femmes-baguette-magique\/","og_locale":"en_US","og_type":"article","og_title":"Man nuo \u2013 vibromasseur pour femmes, baguette magique","og_description":"Man nuo \u2013 vibromasseur pour femmes, baguette magique - H\u00e9donia","og_url":"https:\/\/sexshop.cm\/produit\/man-nuo-vibromasseur-pour-femmes-baguette-magique\/","og_site_name":"H\u00e9donia","article_modified_time":"2025-05-25T02:06:29+00:00","og_image":[{"width":1000,"height":1000,"url":"http:\/\/sexshop.cm\/wp-content\/uploads\/2022\/10\/Man-nuo-vibromasseur-pour-femmes-produits-sexuels-AV-jouets-sexuels-rechargeables-par-USB-pour-femmes-stimulateur.jpg","type":"image\/jpeg"}],"twitter_card":"summary_large_image","twitter_misc":{"Price":"22000&nbsp;CFA","Availability":"In stock"},"schema":{"@context":"https:\/\/schema.org","@graph":[{"@type":"WebPage","@id":"https:\/\/sexshop.cm\/produit\/man-nuo-vibromasseur-pour-femmes-baguette-magique\/","url":"https:\/\/sexshop.cm\/produit\/man-nuo-vibromasseur-pour-femmes-baguette-magique\/","name":"- Achetez et Commandez Discr\u00e8tement vos Man nuo \u2013 vibromasseur pour femmes, baguette magique au Cameroun -","isPartOf":{"@id":"https:\/\/sexshop.cm\/#website"},"datePublished":"2022-10-07T13:39:39+00:00","dateModified":"2025-05-25T02:06:29+00:00","description":"Commandez vos meilleurs Man nuo \u2013 vibromasseur pour femmes, baguette magique \u00e0 bons prix partout au Cameroun et faites vous livrer discr\u00e8tement, sur H\u00e9donia, le meilleur site de vente en ligne de sextoys au Cameroun. - Whatsapp: +237 672588687","breadcrumb":{"@id":"https:\/\/sexshop.cm\/produit\/man-nuo-vibromasseur-pour-femmes-baguette-magique\/#breadcrumb"},"inLanguage":"en-US","potentialAction":[{"@type":"ReadAction","target":["https:\/\/sexshop.cm\/produit\/man-nuo-vibromasseur-pour-femmes-baguette-magique\/"]}]},{"@type":"BreadcrumbList","@id":"https:\/\/sexshop.cm\/produit\/man-nuo-vibromasseur-pour-femmes-baguette-magique\/#breadcrumb","itemListElement":[{"@type":"ListItem","position":1,"name":"Accueil","item":"https:\/\/sexshop.cm\/en\/online-sexshop-in-cameroon\/"},{"@type":"ListItem","position":2,"name":"Shop","item":"https:\/\/sexshop.cm\/shop\/"},{"@type":"ListItem","position":3,"name":"Man nuo \u2013 vibromasseur pour femmes, baguette magique"}]},{"@type":"WebSite","@id":"https:\/\/sexshop.cm\/#website","url":"https:\/\/sexshop.cm\/","name":"H\u00e9donia","description":"SexShop en ligne - Boutique de sextoys et objets coquins en ligne au Cameroun","publisher":{"@id":"https:\/\/sexshop.cm\/#organization"},"potentialAction":[{"@type":"SearchAction","target":{"@type":"EntryPoint","urlTemplate":"https:\/\/sexshop.cm\/?s={search_term_string}"},"query-input":"required name=search_term_string"}],"inLanguage":"en-US"},{"@type":"Organization","@id":"https:\/\/sexshop.cm\/#organization","name":"H\u00e9donia","alternateName":"Boutique de Sextoys en ligne au Cameroun","url":"https:\/\/sexshop.cm\/","logo":{"@type":"ImageObject","inLanguage":"en-US","@id":"https:\/\/sexshop.cm\/#\/schema\/logo\/image\/","url":"https:\/\/sexshop.cm\/wp-content\/uploads\/2022\/10\/logo-680-hedonia.png.200x100_q85_background-f8f9fa.png","contentUrl":"https:\/\/sexshop.cm\/wp-content\/uploads\/2022\/10\/logo-680-hedonia.png.200x100_q85_background-f8f9fa.png","width":2222,"height":534,"caption":"H\u00e9donia"},"image":{"@id":"https:\/\/sexshop.cm\/#\/schema\/logo\/image\/"}}]},"product_price_amount":"22000","product_price_currency":"XAF","og_availability":"instock","product_availability":"instock","product_retailer_item_id":"1000006808439","product_condition":"new"},"_links":{"self":[{"href":"https:\/\/sexshop.cm\/en\/wp-json\/wp\/v2\/product\/6757"}],"collection":[{"href":"https:\/\/sexshop.cm\/en\/wp-json\/wp\/v2\/product"}],"about":[{"href":"https:\/\/sexshop.cm\/en\/wp-json\/wp\/v2\/types\/product"}],"replies":[{"embeddable":true,"href":"https:\/\/sexshop.cm\/en\/wp-json\/wp\/v2\/comments?post=6757"}],"wp:featuredmedia":[{"embeddable":true,"href":"https:\/\/sexshop.cm\/en\/wp-json\/wp\/v2\/media\/6758"}],"wp:attachment":[{"href":"https:\/\/sexshop.cm\/en\/wp-json\/wp\/v2\/media?parent=6757"}],"wp:term":[{"taxonomy":"brand","embeddable":true,"href":"https:\/\/sexshop.cm\/en\/wp-json\/wp\/v2\/etheme_brands?post=6757"},{"taxonomy":"product_cat","embeddable":true,"href":"https:\/\/sexshop.cm\/en\/wp-json\/wp\/v2\/product_cat?post=6757"},{"taxonomy":"product_tag","embeddable":true,"href":"https:\/\/sexshop.cm\/en\/wp-json\/wp\/v2\/product_tag?post=6757"}],"curies":[{"name":"wp","href":"https:\/\/api.w.org\/{rel}","templated":true}]}}