{"id":6772,"date":"2022-10-07T14:39:49","date_gmt":"2022-10-07T13:39:49","guid":{"rendered":"https:\/\/sexshop.cm\/produit\/gode-vibrateur-multi-stimulation-pour-femme-adulte\/"},"modified":"2025-02-14T00:16:13","modified_gmt":"2025-02-13T23:16:13","slug":"gode-vibrateur-multi-stimulation-pour-femme-adulte","status":"publish","type":"product","link":"https:\/\/sexshop.cm\/en\/produit\/gode-vibrateur-multi-stimulation-pour-femme-adulte\/","title":{"rendered":"Gode Vibrateur Multi Stimulation pour Femme Adulte"},"content":{"rendered":"<div class=\"detailmodule_html\">\n<div class=\"detail-desc-decorate-richtext\">\n<div class=\"detailmodule_text\"><\/div>\n<div class=\"detailmodule_text\">\n<p>Gode portable vibrateur point G stimulateur de Clitoris papillon culotte vibrante jouet \u00e9rotique jouet adulte pour femmes masturbateur d&#8217;orgasme<br \/>\nRemise!<\/p>\n<p>Mat\u00e9riel: Silicone<br \/>\nBruit: Moins de 50db<br \/>\nModes: plusieurs vitesses, de faible \u00e0 fort.<br \/>\nCaract\u00e9ristiques: 100% neuf et de haute qualit\u00e9, s\u00fbr et non toxique, facile \u00e0 transporter.<br \/>\nExtr\u00eamement silencieux.<br \/>\nUn super produit pour votre vie sexuelle et un merveilleux cadeau pour votre amoureux.<\/p>\n<p>1 jouet = 5 jouets<\/p>\n<p>Gode + boules vaginales + baguette AV + vibrateur lapin + stimulateur de clitoris<\/p>\n<\/div>\n<div class=\"detailmodule_text\"><\/div>\n<div class=\"detailmodule_image\"><a class=\"\" href=\"https:\/\/shopnews.aliexpress.com\/shopnews\/postDetail.htm?postId=50475128273230&amp;appType=37&amp;albslr=229937230&amp;albbt=5\" target=\"_self\" rel=\"noopener\"><img decoding=\"async\" class=\"detail-desc-decorate-image\" src=\"https:\/\/ae01.alicdn.com\/kf\/H13493e3fefe64ed4afbff574a9034e251.jpg\" \/><\/a><\/div>\n<div class=\"detailmodule_text-image\">\n<p class=\"detail-desc-decorate-title\" style=\"font-family: OpenSans; font-size: 20px; font-weight: 900; line-height: 28px; white-space: pre-wrap; color: #000000; margin-bottom: 12px;\">Vibrateur \u00e0 distance sans fil \u00e0 10 fr\u00e9quences<\/p>\n<p class=\"detail-desc-decorate-content\" style=\"font-family: OpenSans; font-size: 14px; font-weight: 300; line-height: 20px; white-space: pre-wrap; color: #000000; margin-bottom: 12px;\">Les orgasmes sont intenses et rapides.<br \/>\nIl existe plusieurs modes de vibration et vous pouvez r\u00e9gler la force de vibration. Vibrateurs stimulant le point G du vagin<\/p>\n<div><img decoding=\"async\" class=\"detail-desc-decorate-image\" style=\"margin-bottom: 10px;\" src=\"https:\/\/ae01.alicdn.com\/kf\/H7557c95572684baf8a9a4c6ba11968bbC.jpg\" \/><img decoding=\"async\" class=\"detail-desc-decorate-image\" src=\"https:\/\/ae01.alicdn.com\/kf\/H810a761c4fba4a1bb603eab5d54b0b1eQ.jpg\" \/><\/div>\n<\/div>\n<div class=\"detailmodule_text-image\">\n<p class=\"detail-desc-decorate-title\" style=\"font-family: OpenSans; font-size: 20px; font-weight: 900; line-height: 28px; white-space: pre-wrap; color: #000000; margin-bottom: 12px;\">Vibrateur de contr\u00f4le \u00e0 distance sans fil portable<\/p>\n<p class=\"detail-desc-decorate-content\" style=\"font-family: OpenSans; font-size: 14px; font-weight: 300; line-height: 20px; white-space: pre-wrap; color: #000000; margin-bottom: 12px;\">Avec t\u00e9l\u00e9commande et faible DB<br \/>\nVous pouvez le porter sur le pantalon et sortir.<\/p>\n<div><img decoding=\"async\" class=\"detail-desc-decorate-image\" src=\"https:\/\/ae01.alicdn.com\/kf\/Hcb6cd30707474b819609f656a7e8bb68O.jpg\" \/><img decoding=\"async\" class=\"detail-desc-decorate-image\" style=\"margin-bottom: 10px;\" src=\"https:\/\/ae01.alicdn.com\/kf\/H7fed511e03d14468ba5d24f6babab66fl.jpg\" \/><\/div>\n<\/div>\n<div class=\"detailmodule_text-image\">\n<p class=\"detail-desc-decorate-title\" style=\"font-family: OpenSans; font-size: 20px; font-weight: 900; line-height: 28px; white-space: pre-wrap; color: #000000; margin-bottom: 12px;\">Fabriqu\u00e9 en silicone souple, absolument sans danger pour les humains.<\/p>\n<p class=\"detail-desc-decorate-content\" style=\"font-family: OpenSans; font-size: 14px; font-weight: 300; line-height: 20px; white-space: pre-wrap; color: #000000; margin-bottom: 12px;\">Mat\u00e9riau: Silicone + ABS non toxique<\/p>\n<div><img decoding=\"async\" class=\"detail-desc-decorate-image\" src=\"https:\/\/ae01.alicdn.com\/kf\/H407a6077947c48468601d205683adb0cc.jpg\" \/><img decoding=\"async\" class=\"detail-desc-decorate-image\" src=\"https:\/\/ae01.alicdn.com\/kf\/Hf0bc56a5175b4e91b40cb60f2c2a6cd3a.jpg\" \/><\/div>\n<\/div>\n<div class=\"detailmodule_text-image\">\n<p class=\"detail-desc-decorate-title\" style=\"font-family: OpenSans; font-size: 20px; font-weight: 900; line-height: 28px; white-space: pre-wrap; color: #000000; margin-bottom: 12px;\">Imperm\u00e9able et vie tranquille<\/p>\n<p class=\"detail-desc-decorate-content\" style=\"font-family: OpenSans; font-size: 14px; font-weight: 300; line-height: 20px; white-space: pre-wrap; color: #000000; margin-bottom: 12px;\">IPX-7 \u00e9tanche? Ce vibrateur unique utilise la technologie d&#8217;orgasme pour sentir un gode, entourer votre clitoris et viser une stimulation intense. Il est compl\u00e8tement \u00e9tanche, vous pouvez donc l&#8217;utiliser sous la douche ou vous d\u00e9tendre dans la baignoire.<\/p>\n<div><img decoding=\"async\" class=\"detail-desc-decorate-image\" src=\"https:\/\/ae01.alicdn.com\/kf\/H3cf9017a9d544ff3aa009f163dd9db47T.jpg\" \/><img decoding=\"async\" class=\"detail-desc-decorate-image\" src=\"https:\/\/ae01.alicdn.com\/kf\/H4545b1d57fe94172baa9c8034323ce4ab.jpg\" \/><\/div>\n<\/div>\n<div class=\"detailmodule_text-image\">\n<p class=\"detail-desc-decorate-title\" style=\"font-family: OpenSans; font-size: 20px; font-weight: 900; line-height: 28px; white-space: pre-wrap; color: #000000; margin-bottom: 12px;\">USB Rechargeable<\/p>\n<p class=\"detail-desc-decorate-content\" style=\"font-family: OpenSans; font-size: 14px; font-weight: 300; line-height: 20px; white-space: pre-wrap; color: #000000; margin-bottom: 12px;\">Batterie Rechargeable haute performance? Le vibrateur \u00e0 succion clitoridienne est facilement rechargeable par USB, pour une ecstase \u00e9lev\u00e9e o\u00f9 vous le souhaitez, se mettant compl\u00e8tement sous tension en environ 1.5 heures. Une charge compl\u00e8te fera fonctionner des ondes de pression et des vibrations jusqu&#8217;\u00e0 60 minutes en continu<\/p>\n<div><img decoding=\"async\" class=\"detail-desc-decorate-image\" src=\"https:\/\/ae01.alicdn.com\/kf\/H9d9746c94b214c96b4f013cf8e41db1eb.jpg\" \/><\/div>\n<\/div>\n<div class=\"detailmodule_text-image\">\n<p class=\"detail-desc-decorate-title\" style=\"font-family: OpenSans; font-size: 20px; font-weight: 900; line-height: 28px; white-space: pre-wrap; color: #000000; margin-bottom: 12px;\">Taille appropri\u00e9e pour les femmes<\/p>\n<p class=\"detail-desc-decorate-content\" style=\"font-family: OpenSans; font-size: 14px; font-weight: 300; line-height: 20px; white-space: pre-wrap; color: #000000; margin-bottom: 12px;\">Taille du produit: L120 * D31mm<br \/>\nAvec massage de bosse, stimulation plus confortable du clitoris.<\/p>\n<div><img decoding=\"async\" class=\"detail-desc-decorate-image\" src=\"https:\/\/ae01.alicdn.com\/kf\/H99a05389062f4724ba3ad63ada9e5afcR.jpg\" \/><img decoding=\"async\" class=\"detail-desc-decorate-image\" src=\"https:\/\/ae01.alicdn.com\/kf\/H19fb7adad62642a3aaeb1c5f1ec899ccR.jpg\" \/><\/div>\n<\/div>\n<div class=\"detailmodule_text\">\n<p class=\"detail-desc-decorate-title\" style=\"font-family: OpenSans; font-size: 20px; font-weight: 900; line-height: 28px; white-space: pre-wrap; color: #000000; margin-bottom: 12px;\">Instructions<\/p>\n<p class=\"detail-desc-decorate-content\" style=\"font-family: OpenSans; font-size: 14px; font-weight: 300; line-height: 20px; white-space: pre-wrap; color: #000000; margin-bottom: 12px;\">1. Appuyez et maintenez le bouton de commutation pendant une longue p\u00e9riode, puis appuyez sur le bouton de commutation pendant une courte p\u00e9riode. N&#8217;oubliez pas d&#8217;appuyer longuement puis bri\u00e8vement.<br \/>\n2. Allumez d&#8217;abord l&#8217;interrupteur du produit, puis allumez l&#8217;interrupteur de la t\u00e9l\u00e9commande. La t\u00e9l\u00e9commande est charg\u00e9e par batterie.<br \/>\n3. Si vous ne comprenez pas, veuillez d&#8217;abord contacter le service client. Meilleurs voeux<\/p>\n<\/div>\n<div class=\"detailmodule_image\"><img decoding=\"async\" class=\"detail-desc-decorate-image\" src=\"https:\/\/ae01.alicdn.com\/kf\/Hf173f74ef90a4daaad7684fe0c2e555dp.jpg\" \/><img decoding=\"async\" class=\"detail-desc-decorate-image\" src=\"https:\/\/ae01.alicdn.com\/kf\/H486700b4caf8489fb968eb6fbb7532c2w.jpg\" \/><img decoding=\"async\" class=\"detail-desc-decorate-image\" style=\"margin-bottom: 10px;\" src=\"https:\/\/ae01.alicdn.com\/kf\/Hc3d00adeb22e4a4297a200e7340cae54w.jpg\" \/><\/div>\n<div class=\"detailmodule_text-image\"><\/div>\n<\/div>\n<\/div>\n<div id=\"gtx-trans\" style=\"position: absolute; left: 173px; top: 95.8722px;\">\n<div class=\"gtx-trans-icon\"><\/div>\n<\/div>\n","protected":false},"excerpt":{"rendered":"<p>Gode portable vibrateur point G stimulateur de Clitoris papillon culotte vibrante jouet \u00e9rotique jouet adulte pour femmes masturbateur d&#8217;orgasme<br \/>\nRemise!<\/p>\n","protected":false},"featured_media":6773,"comment_status":"open","ping_status":"closed","template":"","meta":{"_joinchat":[]},"etheme_brands":[],"product_cat":[46,53,59,60,62],"product_tag":[],"yoast_head":"<!-- This site is optimized with the Yoast SEO Premium plugin v19.3 (Yoast SEO v21.5) - https:\/\/yoast.com\/wordpress\/plugins\/seo\/ -->\n<title>- Achetez et Commandez Discr\u00e8tement vos Gode Vibrateur Multi Stimulation pour Femme Adulte au Cameroun -<\/title>\n<meta name=\"description\" content=\"Commandez vos meilleurs Gode Vibrateur Multi Stimulation pour Femme Adulte \u00e0 bons prix partout au Cameroun et faites vous livrer discr\u00e8tement, sur H\u00e9donia, le meilleur site de vente en ligne de sextoys au Cameroun. - Whatsapp: +237 672588687\" \/>\n<meta name=\"robots\" content=\"index, follow, max-snippet:-1, max-image-preview:large, max-video-preview:-1\" \/>\n<link rel=\"canonical\" href=\"https:\/\/sexshop.cm\/produit\/gode-vibrateur-multi-stimulation-pour-femme-adulte\/\" \/>\n<meta property=\"og:locale\" content=\"en_US\" \/>\n<meta property=\"og:type\" content=\"article\" \/>\n<meta property=\"og:title\" content=\"Gode Vibrateur Multi Stimulation pour Femme Adulte\" \/>\n<meta property=\"og:description\" content=\"Gode Vibrateur Multi Stimulation pour Femme Adulte - H\u00e9donia\" \/>\n<meta property=\"og:url\" content=\"https:\/\/sexshop.cm\/produit\/gode-vibrateur-multi-stimulation-pour-femme-adulte\/\" \/>\n<meta property=\"og:site_name\" content=\"H\u00e9donia\" \/>\n<meta property=\"article:modified_time\" content=\"2025-02-13T23:16:13+00:00\" \/>\n<meta property=\"og:image\" content=\"http:\/\/sexshop.cm\/wp-content\/uploads\/2022\/10\/Gode-Vibrateur-de-Stimulation-du-Clitoris-pour-Femme-Adulte-Masturbateur-pour-Orgasme-Point-G-avec-T.jpg\" \/>\n\t<meta property=\"og:image:width\" content=\"1000\" \/>\n\t<meta property=\"og:image:height\" content=\"1000\" \/>\n\t<meta property=\"og:image:type\" content=\"image\/jpeg\" \/>\n<meta name=\"twitter:card\" content=\"summary_large_image\" \/>\n<meta name=\"twitter:label1\" content=\"Price\" \/>\n\t<meta name=\"twitter:data1\" content=\"40000&nbsp;CFA\" \/>\n\t<meta name=\"twitter:label2\" content=\"Availability\" \/>\n\t<meta name=\"twitter:data2\" content=\"In stock\" \/>\n<script type=\"application\/ld+json\" class=\"yoast-schema-graph\">{\"@context\":\"https:\/\/schema.org\",\"@graph\":[{\"@type\":\"WebPage\",\"@id\":\"https:\/\/sexshop.cm\/produit\/gode-vibrateur-multi-stimulation-pour-femme-adulte\/\",\"url\":\"https:\/\/sexshop.cm\/produit\/gode-vibrateur-multi-stimulation-pour-femme-adulte\/\",\"name\":\"- Achetez et Commandez Discr\u00e8tement vos Gode Vibrateur Multi Stimulation pour Femme Adulte au Cameroun -\",\"isPartOf\":{\"@id\":\"https:\/\/sexshop.cm\/#website\"},\"datePublished\":\"2022-10-07T13:39:49+00:00\",\"dateModified\":\"2025-02-13T23:16:13+00:00\",\"description\":\"Commandez vos meilleurs Gode Vibrateur Multi Stimulation pour Femme Adulte \u00e0 bons prix partout au Cameroun et faites vous livrer discr\u00e8tement, sur H\u00e9donia, le meilleur site de vente en ligne de sextoys au Cameroun. - Whatsapp: +237 672588687\",\"breadcrumb\":{\"@id\":\"https:\/\/sexshop.cm\/produit\/gode-vibrateur-multi-stimulation-pour-femme-adulte\/#breadcrumb\"},\"inLanguage\":\"en-US\",\"potentialAction\":[{\"@type\":\"ReadAction\",\"target\":[\"https:\/\/sexshop.cm\/produit\/gode-vibrateur-multi-stimulation-pour-femme-adulte\/\"]}]},{\"@type\":\"BreadcrumbList\",\"@id\":\"https:\/\/sexshop.cm\/produit\/gode-vibrateur-multi-stimulation-pour-femme-adulte\/#breadcrumb\",\"itemListElement\":[{\"@type\":\"ListItem\",\"position\":1,\"name\":\"Accueil\",\"item\":\"https:\/\/sexshop.cm\/en\/online-sexshop-in-cameroon\/\"},{\"@type\":\"ListItem\",\"position\":2,\"name\":\"Shop\",\"item\":\"https:\/\/sexshop.cm\/shop\/\"},{\"@type\":\"ListItem\",\"position\":3,\"name\":\"Gode Vibrateur Multi Stimulation pour Femme Adulte\"}]},{\"@type\":\"WebSite\",\"@id\":\"https:\/\/sexshop.cm\/#website\",\"url\":\"https:\/\/sexshop.cm\/\",\"name\":\"H\u00e9donia\",\"description\":\"SexShop en ligne - Boutique de sextoys et objets coquins en ligne au Cameroun\",\"publisher\":{\"@id\":\"https:\/\/sexshop.cm\/#organization\"},\"potentialAction\":[{\"@type\":\"SearchAction\",\"target\":{\"@type\":\"EntryPoint\",\"urlTemplate\":\"https:\/\/sexshop.cm\/?s={search_term_string}\"},\"query-input\":\"required name=search_term_string\"}],\"inLanguage\":\"en-US\"},{\"@type\":\"Organization\",\"@id\":\"https:\/\/sexshop.cm\/#organization\",\"name\":\"H\u00e9donia\",\"alternateName\":\"Boutique de Sextoys en ligne au Cameroun\",\"url\":\"https:\/\/sexshop.cm\/\",\"logo\":{\"@type\":\"ImageObject\",\"inLanguage\":\"en-US\",\"@id\":\"https:\/\/sexshop.cm\/#\/schema\/logo\/image\/\",\"url\":\"https:\/\/sexshop.cm\/wp-content\/uploads\/2022\/10\/logo-680-hedonia.png.200x100_q85_background-f8f9fa.png\",\"contentUrl\":\"https:\/\/sexshop.cm\/wp-content\/uploads\/2022\/10\/logo-680-hedonia.png.200x100_q85_background-f8f9fa.png\",\"width\":2222,\"height\":534,\"caption\":\"H\u00e9donia\"},\"image\":{\"@id\":\"https:\/\/sexshop.cm\/#\/schema\/logo\/image\/\"}}]}<\/script>\n<meta property=\"product:price:amount\" content=\"40000\" \/>\n<meta property=\"product:price:currency\" content=\"XAF\" \/>\n<meta property=\"og:availability\" content=\"instock\" \/>\n<meta property=\"product:availability\" content=\"instock\" \/>\n<meta property=\"product:retailer_item_id\" content=\"33018367382\" \/>\n<meta property=\"product:condition\" content=\"new\" \/>\n<!-- \/ Yoast SEO Premium plugin. -->","yoast_head_json":{"title":"- Achetez et Commandez Discr\u00e8tement vos Gode Vibrateur Multi Stimulation pour Femme Adulte au Cameroun -","description":"Commandez vos meilleurs Gode Vibrateur Multi Stimulation pour Femme Adulte \u00e0 bons prix partout au Cameroun et faites vous livrer discr\u00e8tement, sur H\u00e9donia, le meilleur site de vente en ligne de sextoys au Cameroun. - Whatsapp: +237 672588687","robots":{"index":"index","follow":"follow","max-snippet":"max-snippet:-1","max-image-preview":"max-image-preview:large","max-video-preview":"max-video-preview:-1"},"canonical":"https:\/\/sexshop.cm\/produit\/gode-vibrateur-multi-stimulation-pour-femme-adulte\/","og_locale":"en_US","og_type":"article","og_title":"Gode Vibrateur Multi Stimulation pour Femme Adulte","og_description":"Gode Vibrateur Multi Stimulation pour Femme Adulte - H\u00e9donia","og_url":"https:\/\/sexshop.cm\/produit\/gode-vibrateur-multi-stimulation-pour-femme-adulte\/","og_site_name":"H\u00e9donia","article_modified_time":"2025-02-13T23:16:13+00:00","og_image":[{"width":1000,"height":1000,"url":"http:\/\/sexshop.cm\/wp-content\/uploads\/2022\/10\/Gode-Vibrateur-de-Stimulation-du-Clitoris-pour-Femme-Adulte-Masturbateur-pour-Orgasme-Point-G-avec-T.jpg","type":"image\/jpeg"}],"twitter_card":"summary_large_image","twitter_misc":{"Price":"40000&nbsp;CFA","Availability":"In stock"},"schema":{"@context":"https:\/\/schema.org","@graph":[{"@type":"WebPage","@id":"https:\/\/sexshop.cm\/produit\/gode-vibrateur-multi-stimulation-pour-femme-adulte\/","url":"https:\/\/sexshop.cm\/produit\/gode-vibrateur-multi-stimulation-pour-femme-adulte\/","name":"- Achetez et Commandez Discr\u00e8tement vos Gode Vibrateur Multi Stimulation pour Femme Adulte au Cameroun -","isPartOf":{"@id":"https:\/\/sexshop.cm\/#website"},"datePublished":"2022-10-07T13:39:49+00:00","dateModified":"2025-02-13T23:16:13+00:00","description":"Commandez vos meilleurs Gode Vibrateur Multi Stimulation pour Femme Adulte \u00e0 bons prix partout au Cameroun et faites vous livrer discr\u00e8tement, sur H\u00e9donia, le meilleur site de vente en ligne de sextoys au Cameroun. - Whatsapp: +237 672588687","breadcrumb":{"@id":"https:\/\/sexshop.cm\/produit\/gode-vibrateur-multi-stimulation-pour-femme-adulte\/#breadcrumb"},"inLanguage":"en-US","potentialAction":[{"@type":"ReadAction","target":["https:\/\/sexshop.cm\/produit\/gode-vibrateur-multi-stimulation-pour-femme-adulte\/"]}]},{"@type":"BreadcrumbList","@id":"https:\/\/sexshop.cm\/produit\/gode-vibrateur-multi-stimulation-pour-femme-adulte\/#breadcrumb","itemListElement":[{"@type":"ListItem","position":1,"name":"Accueil","item":"https:\/\/sexshop.cm\/en\/online-sexshop-in-cameroon\/"},{"@type":"ListItem","position":2,"name":"Shop","item":"https:\/\/sexshop.cm\/shop\/"},{"@type":"ListItem","position":3,"name":"Gode Vibrateur Multi Stimulation pour Femme Adulte"}]},{"@type":"WebSite","@id":"https:\/\/sexshop.cm\/#website","url":"https:\/\/sexshop.cm\/","name":"H\u00e9donia","description":"SexShop en ligne - Boutique de sextoys et objets coquins en ligne au Cameroun","publisher":{"@id":"https:\/\/sexshop.cm\/#organization"},"potentialAction":[{"@type":"SearchAction","target":{"@type":"EntryPoint","urlTemplate":"https:\/\/sexshop.cm\/?s={search_term_string}"},"query-input":"required name=search_term_string"}],"inLanguage":"en-US"},{"@type":"Organization","@id":"https:\/\/sexshop.cm\/#organization","name":"H\u00e9donia","alternateName":"Boutique de Sextoys en ligne au Cameroun","url":"https:\/\/sexshop.cm\/","logo":{"@type":"ImageObject","inLanguage":"en-US","@id":"https:\/\/sexshop.cm\/#\/schema\/logo\/image\/","url":"https:\/\/sexshop.cm\/wp-content\/uploads\/2022\/10\/logo-680-hedonia.png.200x100_q85_background-f8f9fa.png","contentUrl":"https:\/\/sexshop.cm\/wp-content\/uploads\/2022\/10\/logo-680-hedonia.png.200x100_q85_background-f8f9fa.png","width":2222,"height":534,"caption":"H\u00e9donia"},"image":{"@id":"https:\/\/sexshop.cm\/#\/schema\/logo\/image\/"}}]},"product_price_amount":"40000","product_price_currency":"XAF","og_availability":"instock","product_availability":"instock","product_retailer_item_id":"33018367382","product_condition":"new"},"_links":{"self":[{"href":"https:\/\/sexshop.cm\/en\/wp-json\/wp\/v2\/product\/6772"}],"collection":[{"href":"https:\/\/sexshop.cm\/en\/wp-json\/wp\/v2\/product"}],"about":[{"href":"https:\/\/sexshop.cm\/en\/wp-json\/wp\/v2\/types\/product"}],"replies":[{"embeddable":true,"href":"https:\/\/sexshop.cm\/en\/wp-json\/wp\/v2\/comments?post=6772"}],"wp:featuredmedia":[{"embeddable":true,"href":"https:\/\/sexshop.cm\/en\/wp-json\/wp\/v2\/media\/6773"}],"wp:attachment":[{"href":"https:\/\/sexshop.cm\/en\/wp-json\/wp\/v2\/media?parent=6772"}],"wp:term":[{"taxonomy":"brand","embeddable":true,"href":"https:\/\/sexshop.cm\/en\/wp-json\/wp\/v2\/etheme_brands?post=6772"},{"taxonomy":"product_cat","embeddable":true,"href":"https:\/\/sexshop.cm\/en\/wp-json\/wp\/v2\/product_cat?post=6772"},{"taxonomy":"product_tag","embeddable":true,"href":"https:\/\/sexshop.cm\/en\/wp-json\/wp\/v2\/product_tag?post=6772"}],"curies":[{"name":"wp","href":"https:\/\/api.w.org\/{rel}","templated":true}]}}