{"id":6780,"date":"2022-10-07T14:39:52","date_gmt":"2022-10-07T13:39:52","guid":{"rendered":"https:\/\/sexshop.cm\/produit\/godemiche-telescopique-et-telecommande-vibrant-realiste-pour-femme\/"},"modified":"2023-11-04T13:59:34","modified_gmt":"2023-11-04T12:59:34","slug":"godemiche-telescopique-et-telecommande-vibrant-realiste-pour-femme","status":"publish","type":"product","link":"https:\/\/sexshop.cm\/en\/produit\/godemiche-telescopique-et-telecommande-vibrant-realiste-pour-femme\/","title":{"rendered":"Godemich\u00e9 t\u00e9lescopique et telecommand\u00e9 vibrant r\u00e9aliste pour femme"},"content":{"rendered":"<div class=\"detailmodule_html\">\n<div class=\"detail-desc-decorate-richtext\">\n<p>Godemich\u00e9 t\u00e9lescopique vibrant r\u00e9aliste pour femme, Masturbation f\u00e9minine, avec ventouse, chauffant, p\u00e9nis, bite t\u00e9l\u00e9command\u00e9e<img decoding=\"async\" src=\"https:\/\/ae01.alicdn.com\/kf\/H58a1e45becfa43babc0eeba44e9093e16.jpg\" \/><img decoding=\"async\" src=\"https:\/\/ae01.alicdn.com\/kf\/Hf740de0f22d54f7eb0e387f20890e9ccD.jpg\" \/><img decoding=\"async\" src=\"https:\/\/ae01.alicdn.com\/kf\/H63261365198645918805108bd647bac8R.gif\" \/><img decoding=\"async\" src=\"https:\/\/ae01.alicdn.com\/kf\/Hc4001777724c4f989db613dda7a8b477Y.gif\" \/><img decoding=\"async\" src=\"https:\/\/ae01.alicdn.com\/kf\/Hee317c4213614cc99ad3e69af440f933x.gif\" \/><img decoding=\"async\" src=\"https:\/\/ae01.alicdn.com\/kf\/H0353746a8af54117ae1427739850922bX.gif\" \/><img decoding=\"async\" src=\"https:\/\/ae01.alicdn.com\/kf\/H29586a84f2d74f318a1bf6db1979fc87Y.jpg\" \/><img decoding=\"async\" src=\"https:\/\/ae01.alicdn.com\/kf\/Ha6ca0b053fca48088c2e3db93ed72301C.jpg\" \/><img decoding=\"async\" src=\"https:\/\/ae01.alicdn.com\/kf\/H85863629e7bf488e8539eee8c0644afbT.jpg\" \/><img decoding=\"async\" src=\"https:\/\/ae01.alicdn.com\/kf\/H27686ff62a2947e6bd014687569ae9e79.jpg\" \/><img decoding=\"async\" src=\"https:\/\/ae01.alicdn.com\/kf\/H032616f3112d4421931a85f049efbf09P.jpg\" \/><img decoding=\"async\" src=\"https:\/\/ae01.alicdn.com\/kf\/H42dc3ea0bdca4df9ba0f1750259c63ecU.jpg\" \/><img decoding=\"async\" src=\"https:\/\/ae01.alicdn.com\/kf\/Hc1ea35ca82824c7ba1e46f9d0f6bb0d89.jpg\" \/><\/p>\n<p><img decoding=\"async\" src=\"https:\/\/ae01.alicdn.com\/kf\/Hfd9f674dcdec4f48a71122f6a980ee100.jpg\" \/><\/p>\n<\/div>\n<\/div>\n","protected":false},"excerpt":{"rendered":"<div>Le gode r\u00e9aliste est livr\u00e9 avec une t\u00e9l\u00e9commande pour un contr\u00f4le facile, m\u00eame pendant le sexe. Vous pouvez jouer seul ou passer la t\u00e9l\u00e9commande \u00e0 votre partenaire pour des vibrations surprises passionnantes.<\/div>\n<div>Sa base \u00e0 ventouse robuste vous permet de profiter d&#8217;un jeu mains libres vigoureux. Il est \u00e9galement compatible avec les harnais-imaginez ce que vous pouvez faire avec cela!<\/div>\n","protected":false},"featured_media":6862,"comment_status":"open","ping_status":"closed","template":"","meta":{"_joinchat":[]},"etheme_brands":[],"product_cat":[54,64,63,46,62],"product_tag":[],"yoast_head":"<!-- This site is optimized with the Yoast SEO Premium plugin v19.3 (Yoast SEO v21.5) - https:\/\/yoast.com\/wordpress\/plugins\/seo\/ -->\n<title>- Achetez et Commandez Discr\u00e8tement vos Godemich\u00e9 t\u00e9lescopique et telecommand\u00e9 vibrant r\u00e9aliste pour femme au Cameroun -<\/title>\n<meta name=\"description\" content=\"Commandez vos meilleurs Godemich\u00e9 t\u00e9lescopique et telecommand\u00e9 vibrant r\u00e9aliste pour femme \u00e0 bons prix partout au Cameroun et faites vous livrer discr\u00e8tement, sur H\u00e9donia, le meilleur site de vente en ligne de sextoys au Cameroun. - Whatsapp: +237 672588687\" \/>\n<meta name=\"robots\" content=\"index, follow, max-snippet:-1, max-image-preview:large, max-video-preview:-1\" \/>\n<link rel=\"canonical\" href=\"https:\/\/sexshop.cm\/produit\/godemiche-telescopique-et-telecommande-vibrant-realiste-pour-femme\/\" \/>\n<meta property=\"og:locale\" content=\"en_US\" \/>\n<meta property=\"og:type\" content=\"article\" \/>\n<meta property=\"og:title\" content=\"Godemich\u00e9 t\u00e9lescopique et telecommand\u00e9 vibrant r\u00e9aliste pour femme\" \/>\n<meta property=\"og:description\" content=\"Godemich\u00e9 t\u00e9lescopique et telecommand\u00e9 vibrant r\u00e9aliste pour femme - H\u00e9donia\" \/>\n<meta property=\"og:url\" content=\"https:\/\/sexshop.cm\/produit\/godemiche-telescopique-et-telecommande-vibrant-realiste-pour-femme\/\" \/>\n<meta property=\"og:site_name\" content=\"H\u00e9donia\" \/>\n<meta property=\"article:modified_time\" content=\"2023-11-04T12:59:34+00:00\" \/>\n<meta property=\"og:image\" content=\"http:\/\/sexshop.cm\/wp-content\/uploads\/2022\/10\/Godemich-t-lescopique-vibrant-r-aliste-pour-femme-Masturbation-f-minine-avec-ventouse-chauffant-p-nis.jpg_640x640.jpg\" \/>\n\t<meta property=\"og:image:width\" content=\"640\" \/>\n\t<meta property=\"og:image:height\" content=\"640\" \/>\n\t<meta property=\"og:image:type\" content=\"image\/jpeg\" \/>\n<meta name=\"twitter:card\" content=\"summary_large_image\" \/>\n<meta name=\"twitter:label1\" content=\"Price\" \/>\n\t<meta name=\"twitter:data1\" content=\"35000&nbsp;CFA\" \/>\n\t<meta name=\"twitter:label2\" content=\"Availability\" \/>\n\t<meta name=\"twitter:data2\" content=\"In stock\" \/>\n<script type=\"application\/ld+json\" class=\"yoast-schema-graph\">{\"@context\":\"https:\/\/schema.org\",\"@graph\":[{\"@type\":\"WebPage\",\"@id\":\"https:\/\/sexshop.cm\/produit\/godemiche-telescopique-et-telecommande-vibrant-realiste-pour-femme\/\",\"url\":\"https:\/\/sexshop.cm\/produit\/godemiche-telescopique-et-telecommande-vibrant-realiste-pour-femme\/\",\"name\":\"- Achetez et Commandez Discr\u00e8tement vos Godemich\u00e9 t\u00e9lescopique et telecommand\u00e9 vibrant r\u00e9aliste pour femme au Cameroun -\",\"isPartOf\":{\"@id\":\"https:\/\/sexshop.cm\/#website\"},\"datePublished\":\"2022-10-07T13:39:52+00:00\",\"dateModified\":\"2023-11-04T12:59:34+00:00\",\"description\":\"Commandez vos meilleurs Godemich\u00e9 t\u00e9lescopique et telecommand\u00e9 vibrant r\u00e9aliste pour femme \u00e0 bons prix partout au Cameroun et faites vous livrer discr\u00e8tement, sur H\u00e9donia, le meilleur site de vente en ligne de sextoys au Cameroun. - Whatsapp: +237 672588687\",\"breadcrumb\":{\"@id\":\"https:\/\/sexshop.cm\/produit\/godemiche-telescopique-et-telecommande-vibrant-realiste-pour-femme\/#breadcrumb\"},\"inLanguage\":\"en-US\",\"potentialAction\":[{\"@type\":\"ReadAction\",\"target\":[\"https:\/\/sexshop.cm\/produit\/godemiche-telescopique-et-telecommande-vibrant-realiste-pour-femme\/\"]}]},{\"@type\":\"BreadcrumbList\",\"@id\":\"https:\/\/sexshop.cm\/produit\/godemiche-telescopique-et-telecommande-vibrant-realiste-pour-femme\/#breadcrumb\",\"itemListElement\":[{\"@type\":\"ListItem\",\"position\":1,\"name\":\"Accueil\",\"item\":\"https:\/\/sexshop.cm\/en\/online-sexshop-in-cameroon\/\"},{\"@type\":\"ListItem\",\"position\":2,\"name\":\"Shop\",\"item\":\"https:\/\/sexshop.cm\/shop\/\"},{\"@type\":\"ListItem\",\"position\":3,\"name\":\"Godemich\u00e9 t\u00e9lescopique et telecommand\u00e9 vibrant r\u00e9aliste pour femme\"}]},{\"@type\":\"WebSite\",\"@id\":\"https:\/\/sexshop.cm\/#website\",\"url\":\"https:\/\/sexshop.cm\/\",\"name\":\"H\u00e9donia\",\"description\":\"SexShop en ligne - Boutique de sextoys et objets coquins en ligne au Cameroun\",\"publisher\":{\"@id\":\"https:\/\/sexshop.cm\/#organization\"},\"potentialAction\":[{\"@type\":\"SearchAction\",\"target\":{\"@type\":\"EntryPoint\",\"urlTemplate\":\"https:\/\/sexshop.cm\/?s={search_term_string}\"},\"query-input\":\"required name=search_term_string\"}],\"inLanguage\":\"en-US\"},{\"@type\":\"Organization\",\"@id\":\"https:\/\/sexshop.cm\/#organization\",\"name\":\"H\u00e9donia\",\"alternateName\":\"Boutique de Sextoys en ligne au Cameroun\",\"url\":\"https:\/\/sexshop.cm\/\",\"logo\":{\"@type\":\"ImageObject\",\"inLanguage\":\"en-US\",\"@id\":\"https:\/\/sexshop.cm\/#\/schema\/logo\/image\/\",\"url\":\"https:\/\/sexshop.cm\/wp-content\/uploads\/2022\/10\/logo-680-hedonia.png.200x100_q85_background-f8f9fa.png\",\"contentUrl\":\"https:\/\/sexshop.cm\/wp-content\/uploads\/2022\/10\/logo-680-hedonia.png.200x100_q85_background-f8f9fa.png\",\"width\":2222,\"height\":534,\"caption\":\"H\u00e9donia\"},\"image\":{\"@id\":\"https:\/\/sexshop.cm\/#\/schema\/logo\/image\/\"}}]}<\/script>\n<meta property=\"product:price:amount\" content=\"35000\" \/>\n<meta property=\"product:price:currency\" content=\"XAF\" \/>\n<meta property=\"og:availability\" content=\"instock\" \/>\n<meta property=\"product:availability\" content=\"instock\" \/>\n<meta property=\"product:retailer_item_id\" content=\"1005003417059861\" \/>\n<meta property=\"product:condition\" content=\"new\" \/>\n<!-- \/ Yoast SEO Premium plugin. -->","yoast_head_json":{"title":"- Achetez et Commandez Discr\u00e8tement vos Godemich\u00e9 t\u00e9lescopique et telecommand\u00e9 vibrant r\u00e9aliste pour femme au Cameroun -","description":"Commandez vos meilleurs Godemich\u00e9 t\u00e9lescopique et telecommand\u00e9 vibrant r\u00e9aliste pour femme \u00e0 bons prix partout au Cameroun et faites vous livrer discr\u00e8tement, sur H\u00e9donia, le meilleur site de vente en ligne de sextoys au Cameroun. - Whatsapp: +237 672588687","robots":{"index":"index","follow":"follow","max-snippet":"max-snippet:-1","max-image-preview":"max-image-preview:large","max-video-preview":"max-video-preview:-1"},"canonical":"https:\/\/sexshop.cm\/produit\/godemiche-telescopique-et-telecommande-vibrant-realiste-pour-femme\/","og_locale":"en_US","og_type":"article","og_title":"Godemich\u00e9 t\u00e9lescopique et telecommand\u00e9 vibrant r\u00e9aliste pour femme","og_description":"Godemich\u00e9 t\u00e9lescopique et telecommand\u00e9 vibrant r\u00e9aliste pour femme - H\u00e9donia","og_url":"https:\/\/sexshop.cm\/produit\/godemiche-telescopique-et-telecommande-vibrant-realiste-pour-femme\/","og_site_name":"H\u00e9donia","article_modified_time":"2023-11-04T12:59:34+00:00","og_image":[{"width":640,"height":640,"url":"http:\/\/sexshop.cm\/wp-content\/uploads\/2022\/10\/Godemich-t-lescopique-vibrant-r-aliste-pour-femme-Masturbation-f-minine-avec-ventouse-chauffant-p-nis.jpg_640x640.jpg","type":"image\/jpeg"}],"twitter_card":"summary_large_image","twitter_misc":{"Price":"35000&nbsp;CFA","Availability":"In stock"},"schema":{"@context":"https:\/\/schema.org","@graph":[{"@type":"WebPage","@id":"https:\/\/sexshop.cm\/produit\/godemiche-telescopique-et-telecommande-vibrant-realiste-pour-femme\/","url":"https:\/\/sexshop.cm\/produit\/godemiche-telescopique-et-telecommande-vibrant-realiste-pour-femme\/","name":"- Achetez et Commandez Discr\u00e8tement vos Godemich\u00e9 t\u00e9lescopique et telecommand\u00e9 vibrant r\u00e9aliste pour femme au Cameroun -","isPartOf":{"@id":"https:\/\/sexshop.cm\/#website"},"datePublished":"2022-10-07T13:39:52+00:00","dateModified":"2023-11-04T12:59:34+00:00","description":"Commandez vos meilleurs Godemich\u00e9 t\u00e9lescopique et telecommand\u00e9 vibrant r\u00e9aliste pour femme \u00e0 bons prix partout au Cameroun et faites vous livrer discr\u00e8tement, sur H\u00e9donia, le meilleur site de vente en ligne de sextoys au Cameroun. - Whatsapp: +237 672588687","breadcrumb":{"@id":"https:\/\/sexshop.cm\/produit\/godemiche-telescopique-et-telecommande-vibrant-realiste-pour-femme\/#breadcrumb"},"inLanguage":"en-US","potentialAction":[{"@type":"ReadAction","target":["https:\/\/sexshop.cm\/produit\/godemiche-telescopique-et-telecommande-vibrant-realiste-pour-femme\/"]}]},{"@type":"BreadcrumbList","@id":"https:\/\/sexshop.cm\/produit\/godemiche-telescopique-et-telecommande-vibrant-realiste-pour-femme\/#breadcrumb","itemListElement":[{"@type":"ListItem","position":1,"name":"Accueil","item":"https:\/\/sexshop.cm\/en\/online-sexshop-in-cameroon\/"},{"@type":"ListItem","position":2,"name":"Shop","item":"https:\/\/sexshop.cm\/shop\/"},{"@type":"ListItem","position":3,"name":"Godemich\u00e9 t\u00e9lescopique et telecommand\u00e9 vibrant r\u00e9aliste pour femme"}]},{"@type":"WebSite","@id":"https:\/\/sexshop.cm\/#website","url":"https:\/\/sexshop.cm\/","name":"H\u00e9donia","description":"SexShop en ligne - Boutique de sextoys et objets coquins en ligne au Cameroun","publisher":{"@id":"https:\/\/sexshop.cm\/#organization"},"potentialAction":[{"@type":"SearchAction","target":{"@type":"EntryPoint","urlTemplate":"https:\/\/sexshop.cm\/?s={search_term_string}"},"query-input":"required name=search_term_string"}],"inLanguage":"en-US"},{"@type":"Organization","@id":"https:\/\/sexshop.cm\/#organization","name":"H\u00e9donia","alternateName":"Boutique de Sextoys en ligne au Cameroun","url":"https:\/\/sexshop.cm\/","logo":{"@type":"ImageObject","inLanguage":"en-US","@id":"https:\/\/sexshop.cm\/#\/schema\/logo\/image\/","url":"https:\/\/sexshop.cm\/wp-content\/uploads\/2022\/10\/logo-680-hedonia.png.200x100_q85_background-f8f9fa.png","contentUrl":"https:\/\/sexshop.cm\/wp-content\/uploads\/2022\/10\/logo-680-hedonia.png.200x100_q85_background-f8f9fa.png","width":2222,"height":534,"caption":"H\u00e9donia"},"image":{"@id":"https:\/\/sexshop.cm\/#\/schema\/logo\/image\/"}}]},"product_price_amount":"35000","product_price_currency":"XAF","og_availability":"instock","product_availability":"instock","product_retailer_item_id":"1005003417059861","product_condition":"new"},"_links":{"self":[{"href":"https:\/\/sexshop.cm\/en\/wp-json\/wp\/v2\/product\/6780"}],"collection":[{"href":"https:\/\/sexshop.cm\/en\/wp-json\/wp\/v2\/product"}],"about":[{"href":"https:\/\/sexshop.cm\/en\/wp-json\/wp\/v2\/types\/product"}],"replies":[{"embeddable":true,"href":"https:\/\/sexshop.cm\/en\/wp-json\/wp\/v2\/comments?post=6780"}],"wp:featuredmedia":[{"embeddable":true,"href":"https:\/\/sexshop.cm\/en\/wp-json\/wp\/v2\/media\/6862"}],"wp:attachment":[{"href":"https:\/\/sexshop.cm\/en\/wp-json\/wp\/v2\/media?parent=6780"}],"wp:term":[{"taxonomy":"brand","embeddable":true,"href":"https:\/\/sexshop.cm\/en\/wp-json\/wp\/v2\/etheme_brands?post=6780"},{"taxonomy":"product_cat","embeddable":true,"href":"https:\/\/sexshop.cm\/en\/wp-json\/wp\/v2\/product_cat?post=6780"},{"taxonomy":"product_tag","embeddable":true,"href":"https:\/\/sexshop.cm\/en\/wp-json\/wp\/v2\/product_tag?post=6780"}],"curies":[{"name":"wp","href":"https:\/\/api.w.org\/{rel}","templated":true}]}}