{"id":6787,"date":"2022-10-07T14:39:58","date_gmt":"2022-10-07T13:39:58","guid":{"rendered":"https:\/\/sexshop.cm\/produit\/vibrateur-de-sexe-kegel-boules-vaginales\/"},"modified":"2023-11-04T13:54:54","modified_gmt":"2023-11-04T12:54:54","slug":"vibrateur-de-sexe-kegel-boules-vaginales","status":"publish","type":"product","link":"https:\/\/sexshop.cm\/en\/produit\/vibrateur-de-sexe-kegel-boules-vaginales\/","title":{"rendered":"Mini vibrateur puissant en boule vaginale avec t\u00e9l\u00e9commande"},"content":{"rendered":"<div class=\"detailmodule_html\">\n<div class=\"detail-desc-decorate-richtext\">\n<div class=\"detailmodule_text\">\n<p class=\"detail-desc-decorate-content\" style=\"font-family: OpenSans; font-size: 14px; font-weight: 300; line-height: 20px; white-space: pre-wrap; color: #000000; margin-bottom: 12px;\">Pourquoi notre ensemble de boules de Kegel est-il sp\u00e9cial pour vous?<br \/>\nNotre boule de Kegel est recommand\u00e9e par un m\u00e9decin faisant autorit\u00e9 pour vous rendre fiable, fiable et digne de confiance.<br \/>\nLa boule de massage dispose de 10 modes de vibration forte au choix et profitez de votre mode pr\u00e9f\u00e9r\u00e9.<br \/>\nChaque boule de poids est \u00e9quip\u00e9e d&#8217;un cordon en silicone pour vous aider \u00e0 op\u00e9rer et \u00e0 faire de l&#8217;exercice plus facilement et \u00e0 nettoyer.<br \/>\nDistance de contr\u00f4le \u00e0 distance sans fil jusqu&#8217;\u00e0 10 m\u00e8tres, facile \u00e0 profiter \u00e0 tout moment, n&#8217;importe o\u00f9.<br \/>\nConception silencieuse et caract\u00e9ristiques imperm\u00e9ables avanc\u00e9es vous permettent de profiter de la salle de bain, de l&#8217;heure de la douche, de la piscine, pas besoin de vous soucier des secrets.<br \/>\nQue vous soyez jeune, d&#8217;\u00e2ge moyen ou \u00e2g\u00e9, enceinte ou en convalescence, vous avez besoin de notre kegel ben wa ball, qui est toujours un espace d&#8217;am\u00e9lioration.<br \/>\nLes avantages de choisir notre boule de Kegel<br \/>\n\u2665Utilisez l&#8217;exercice de Kegel et pesez 30 minutes par jour, vous pouvez obtenir des r\u00e9sultats satisfaisants.<br \/>\nPlus fort<br \/>\nPlus compact<br \/>\nPr\u00e9venir l&#8217;\u00e9tirement<br \/>\nStop fuite<br \/>\nCaract\u00e9ristiques du produit:<br \/>\nCouleur: violet clair, violet, rose<br \/>\nMod\u00e8le: 10 vibrations diff\u00e9rentes<br \/>\nMat\u00e9riel: silicone alimentaire<br \/>\nBruit Maximum: \u2264 40db<br \/>\nEstimation imperm\u00e9able: IP65<br \/>\nBalles de Massage, 10 vibrateurs, massage du plancher pelvien f\u00e9minin.<\/p>\n<\/div>\n<div class=\"detailmodule_image\"><img decoding=\"async\" class=\"detail-desc-decorate-image\" src=\"https:\/\/ae01.alicdn.com\/kf\/H7427fad609994130875ee3960bcc765dh.jpg\" \/><img decoding=\"async\" class=\"detail-desc-decorate-image\" src=\"https:\/\/ae01.alicdn.com\/kf\/He07a0e6210ec47f88d48928c8518f9f2S.jpg\" \/><img decoding=\"async\" class=\"detail-desc-decorate-image\" src=\"https:\/\/ae01.alicdn.com\/kf\/Hd324bc4de04043faaea4f3a97aca38d2P.jpg\" \/><img decoding=\"async\" class=\"detail-desc-decorate-image\" src=\"https:\/\/ae01.alicdn.com\/kf\/Hec7ca4269c5d4b2e9b9ea4e7db5351a8q.jpg\" \/><img decoding=\"async\" class=\"detail-desc-decorate-image\" src=\"https:\/\/ae01.alicdn.com\/kf\/H9f02e46ad9f04a2f89a67dc977219694D.jpg\" \/><\/div>\n<div class=\"detailmodule_image\"><\/div>\n<\/div>\n<\/div>\n","protected":false},"excerpt":{"rendered":"<p>Notre boule de Kegel est recommand\u00e9e par un m\u00e9decin faisant autorit\u00e9 pour vous rendre fiable, fiable et digne de confiance.<br \/>\nLa boule de massage dispose de 10 modes de vibration forte au choix et profitez de votre mode pr\u00e9f\u00e9r\u00e9.<br \/>\nChaque boule de poids est \u00e9quip\u00e9e d&#8217;un cordon en silicone pour vous aider \u00e0 op\u00e9rer et \u00e0 faire de l&#8217;exercice plus facilement et \u00e0 nettoyer.<br \/>\nDistance de contr\u00f4le \u00e0 distance sans fil jusqu&#8217;\u00e0 10 m\u00e8tres, facile \u00e0 profiter \u00e0 tout moment, n&#8217;importe o\u00f9.<\/p>\n","protected":false},"featured_media":10725,"comment_status":"open","ping_status":"closed","template":"","meta":{"_joinchat":[]},"etheme_brands":[],"product_cat":[46,56,60,62],"product_tag":[],"yoast_head":"<!-- This site is optimized with the Yoast SEO Premium plugin v19.3 (Yoast SEO v21.5) - https:\/\/yoast.com\/wordpress\/plugins\/seo\/ -->\n<title>- Achetez et Commandez Discr\u00e8tement vos Mini vibrateur puissant en boule vaginale avec t\u00e9l\u00e9commande au Cameroun -<\/title>\n<meta name=\"description\" content=\"Commandez vos meilleurs Mini vibrateur puissant en boule vaginale avec t\u00e9l\u00e9commande \u00e0 bons prix partout au Cameroun et faites vous livrer discr\u00e8tement, sur H\u00e9donia, le meilleur site de vente en ligne de sextoys au Cameroun. - Whatsapp: +237 672588687\" \/>\n<meta name=\"robots\" content=\"index, follow, max-snippet:-1, max-image-preview:large, max-video-preview:-1\" \/>\n<link rel=\"canonical\" href=\"https:\/\/sexshop.cm\/produit\/vibrateur-de-sexe-kegel-boules-vaginales\/\" \/>\n<meta property=\"og:locale\" content=\"en_US\" \/>\n<meta property=\"og:type\" content=\"article\" \/>\n<meta property=\"og:title\" content=\"Mini vibrateur puissant en boule vaginale avec t\u00e9l\u00e9commande\" \/>\n<meta property=\"og:description\" content=\"Mini vibrateur puissant en boule vaginale avec t\u00e9l\u00e9commande - H\u00e9donia\" \/>\n<meta property=\"og:url\" content=\"https:\/\/sexshop.cm\/produit\/vibrateur-de-sexe-kegel-boules-vaginales\/\" \/>\n<meta property=\"og:site_name\" content=\"H\u00e9donia\" \/>\n<meta property=\"article:modified_time\" content=\"2023-11-04T12:54:54+00:00\" \/>\n<meta property=\"og:image\" content=\"http:\/\/sexshop.cm\/wp-content\/uploads\/2022\/10\/download-5.jpg\" \/>\n\t<meta property=\"og:image:width\" content=\"1000\" \/>\n\t<meta property=\"og:image:height\" content=\"1000\" \/>\n\t<meta property=\"og:image:type\" content=\"image\/jpeg\" \/>\n<meta name=\"twitter:card\" content=\"summary_large_image\" \/>\n<meta name=\"twitter:label1\" content=\"Price\" \/>\n\t<meta name=\"twitter:data1\" content=\"30000&nbsp;CFA\" \/>\n\t<meta name=\"twitter:label2\" content=\"Availability\" \/>\n\t<meta name=\"twitter:data2\" content=\"In stock\" \/>\n<script type=\"application\/ld+json\" class=\"yoast-schema-graph\">{\"@context\":\"https:\/\/schema.org\",\"@graph\":[{\"@type\":\"WebPage\",\"@id\":\"https:\/\/sexshop.cm\/produit\/vibrateur-de-sexe-kegel-boules-vaginales\/\",\"url\":\"https:\/\/sexshop.cm\/produit\/vibrateur-de-sexe-kegel-boules-vaginales\/\",\"name\":\"- Achetez et Commandez Discr\u00e8tement vos Mini vibrateur puissant en boule vaginale avec t\u00e9l\u00e9commande au Cameroun -\",\"isPartOf\":{\"@id\":\"https:\/\/sexshop.cm\/#website\"},\"datePublished\":\"2022-10-07T13:39:58+00:00\",\"dateModified\":\"2023-11-04T12:54:54+00:00\",\"description\":\"Commandez vos meilleurs Mini vibrateur puissant en boule vaginale avec t\u00e9l\u00e9commande \u00e0 bons prix partout au Cameroun et faites vous livrer discr\u00e8tement, sur H\u00e9donia, le meilleur site de vente en ligne de sextoys au Cameroun. - Whatsapp: +237 672588687\",\"breadcrumb\":{\"@id\":\"https:\/\/sexshop.cm\/produit\/vibrateur-de-sexe-kegel-boules-vaginales\/#breadcrumb\"},\"inLanguage\":\"en-US\",\"potentialAction\":[{\"@type\":\"ReadAction\",\"target\":[\"https:\/\/sexshop.cm\/produit\/vibrateur-de-sexe-kegel-boules-vaginales\/\"]}]},{\"@type\":\"BreadcrumbList\",\"@id\":\"https:\/\/sexshop.cm\/produit\/vibrateur-de-sexe-kegel-boules-vaginales\/#breadcrumb\",\"itemListElement\":[{\"@type\":\"ListItem\",\"position\":1,\"name\":\"Accueil\",\"item\":\"https:\/\/sexshop.cm\/en\/online-sexshop-in-cameroon\/\"},{\"@type\":\"ListItem\",\"position\":2,\"name\":\"Shop\",\"item\":\"https:\/\/sexshop.cm\/shop\/\"},{\"@type\":\"ListItem\",\"position\":3,\"name\":\"Mini vibrateur puissant en boule vaginale avec t\u00e9l\u00e9commande\"}]},{\"@type\":\"WebSite\",\"@id\":\"https:\/\/sexshop.cm\/#website\",\"url\":\"https:\/\/sexshop.cm\/\",\"name\":\"H\u00e9donia\",\"description\":\"SexShop en ligne - Boutique de sextoys et objets coquins en ligne au Cameroun\",\"publisher\":{\"@id\":\"https:\/\/sexshop.cm\/#organization\"},\"potentialAction\":[{\"@type\":\"SearchAction\",\"target\":{\"@type\":\"EntryPoint\",\"urlTemplate\":\"https:\/\/sexshop.cm\/?s={search_term_string}\"},\"query-input\":\"required name=search_term_string\"}],\"inLanguage\":\"en-US\"},{\"@type\":\"Organization\",\"@id\":\"https:\/\/sexshop.cm\/#organization\",\"name\":\"H\u00e9donia\",\"alternateName\":\"Boutique de Sextoys en ligne au Cameroun\",\"url\":\"https:\/\/sexshop.cm\/\",\"logo\":{\"@type\":\"ImageObject\",\"inLanguage\":\"en-US\",\"@id\":\"https:\/\/sexshop.cm\/#\/schema\/logo\/image\/\",\"url\":\"https:\/\/sexshop.cm\/wp-content\/uploads\/2022\/10\/logo-680-hedonia.png.200x100_q85_background-f8f9fa.png\",\"contentUrl\":\"https:\/\/sexshop.cm\/wp-content\/uploads\/2022\/10\/logo-680-hedonia.png.200x100_q85_background-f8f9fa.png\",\"width\":2222,\"height\":534,\"caption\":\"H\u00e9donia\"},\"image\":{\"@id\":\"https:\/\/sexshop.cm\/#\/schema\/logo\/image\/\"}}]}<\/script>\n<meta property=\"product:price:amount\" content=\"30000\" \/>\n<meta property=\"product:price:currency\" content=\"XAF\" \/>\n<meta property=\"og:availability\" content=\"instock\" \/>\n<meta property=\"product:availability\" content=\"instock\" \/>\n<meta property=\"product:retailer_item_id\" content=\"4000009254458\" \/>\n<meta property=\"product:condition\" content=\"new\" \/>\n<!-- \/ Yoast SEO Premium plugin. -->","yoast_head_json":{"title":"- Achetez et Commandez Discr\u00e8tement vos Mini vibrateur puissant en boule vaginale avec t\u00e9l\u00e9commande au Cameroun -","description":"Commandez vos meilleurs Mini vibrateur puissant en boule vaginale avec t\u00e9l\u00e9commande \u00e0 bons prix partout au Cameroun et faites vous livrer discr\u00e8tement, sur H\u00e9donia, le meilleur site de vente en ligne de sextoys au Cameroun. - Whatsapp: +237 672588687","robots":{"index":"index","follow":"follow","max-snippet":"max-snippet:-1","max-image-preview":"max-image-preview:large","max-video-preview":"max-video-preview:-1"},"canonical":"https:\/\/sexshop.cm\/produit\/vibrateur-de-sexe-kegel-boules-vaginales\/","og_locale":"en_US","og_type":"article","og_title":"Mini vibrateur puissant en boule vaginale avec t\u00e9l\u00e9commande","og_description":"Mini vibrateur puissant en boule vaginale avec t\u00e9l\u00e9commande - H\u00e9donia","og_url":"https:\/\/sexshop.cm\/produit\/vibrateur-de-sexe-kegel-boules-vaginales\/","og_site_name":"H\u00e9donia","article_modified_time":"2023-11-04T12:54:54+00:00","og_image":[{"width":1000,"height":1000,"url":"http:\/\/sexshop.cm\/wp-content\/uploads\/2022\/10\/download-5.jpg","type":"image\/jpeg"}],"twitter_card":"summary_large_image","twitter_misc":{"Price":"30000&nbsp;CFA","Availability":"In stock"},"schema":{"@context":"https:\/\/schema.org","@graph":[{"@type":"WebPage","@id":"https:\/\/sexshop.cm\/produit\/vibrateur-de-sexe-kegel-boules-vaginales\/","url":"https:\/\/sexshop.cm\/produit\/vibrateur-de-sexe-kegel-boules-vaginales\/","name":"- Achetez et Commandez Discr\u00e8tement vos Mini vibrateur puissant en boule vaginale avec t\u00e9l\u00e9commande au Cameroun -","isPartOf":{"@id":"https:\/\/sexshop.cm\/#website"},"datePublished":"2022-10-07T13:39:58+00:00","dateModified":"2023-11-04T12:54:54+00:00","description":"Commandez vos meilleurs Mini vibrateur puissant en boule vaginale avec t\u00e9l\u00e9commande \u00e0 bons prix partout au Cameroun et faites vous livrer discr\u00e8tement, sur H\u00e9donia, le meilleur site de vente en ligne de sextoys au Cameroun. - Whatsapp: +237 672588687","breadcrumb":{"@id":"https:\/\/sexshop.cm\/produit\/vibrateur-de-sexe-kegel-boules-vaginales\/#breadcrumb"},"inLanguage":"en-US","potentialAction":[{"@type":"ReadAction","target":["https:\/\/sexshop.cm\/produit\/vibrateur-de-sexe-kegel-boules-vaginales\/"]}]},{"@type":"BreadcrumbList","@id":"https:\/\/sexshop.cm\/produit\/vibrateur-de-sexe-kegel-boules-vaginales\/#breadcrumb","itemListElement":[{"@type":"ListItem","position":1,"name":"Accueil","item":"https:\/\/sexshop.cm\/en\/online-sexshop-in-cameroon\/"},{"@type":"ListItem","position":2,"name":"Shop","item":"https:\/\/sexshop.cm\/shop\/"},{"@type":"ListItem","position":3,"name":"Mini vibrateur puissant en boule vaginale avec t\u00e9l\u00e9commande"}]},{"@type":"WebSite","@id":"https:\/\/sexshop.cm\/#website","url":"https:\/\/sexshop.cm\/","name":"H\u00e9donia","description":"SexShop en ligne - Boutique de sextoys et objets coquins en ligne au Cameroun","publisher":{"@id":"https:\/\/sexshop.cm\/#organization"},"potentialAction":[{"@type":"SearchAction","target":{"@type":"EntryPoint","urlTemplate":"https:\/\/sexshop.cm\/?s={search_term_string}"},"query-input":"required name=search_term_string"}],"inLanguage":"en-US"},{"@type":"Organization","@id":"https:\/\/sexshop.cm\/#organization","name":"H\u00e9donia","alternateName":"Boutique de Sextoys en ligne au Cameroun","url":"https:\/\/sexshop.cm\/","logo":{"@type":"ImageObject","inLanguage":"en-US","@id":"https:\/\/sexshop.cm\/#\/schema\/logo\/image\/","url":"https:\/\/sexshop.cm\/wp-content\/uploads\/2022\/10\/logo-680-hedonia.png.200x100_q85_background-f8f9fa.png","contentUrl":"https:\/\/sexshop.cm\/wp-content\/uploads\/2022\/10\/logo-680-hedonia.png.200x100_q85_background-f8f9fa.png","width":2222,"height":534,"caption":"H\u00e9donia"},"image":{"@id":"https:\/\/sexshop.cm\/#\/schema\/logo\/image\/"}}]},"product_price_amount":"30000","product_price_currency":"XAF","og_availability":"instock","product_availability":"instock","product_retailer_item_id":"4000009254458","product_condition":"new"},"_links":{"self":[{"href":"https:\/\/sexshop.cm\/en\/wp-json\/wp\/v2\/product\/6787"}],"collection":[{"href":"https:\/\/sexshop.cm\/en\/wp-json\/wp\/v2\/product"}],"about":[{"href":"https:\/\/sexshop.cm\/en\/wp-json\/wp\/v2\/types\/product"}],"replies":[{"embeddable":true,"href":"https:\/\/sexshop.cm\/en\/wp-json\/wp\/v2\/comments?post=6787"}],"wp:featuredmedia":[{"embeddable":true,"href":"https:\/\/sexshop.cm\/en\/wp-json\/wp\/v2\/media\/10725"}],"wp:attachment":[{"href":"https:\/\/sexshop.cm\/en\/wp-json\/wp\/v2\/media?parent=6787"}],"wp:term":[{"taxonomy":"brand","embeddable":true,"href":"https:\/\/sexshop.cm\/en\/wp-json\/wp\/v2\/etheme_brands?post=6787"},{"taxonomy":"product_cat","embeddable":true,"href":"https:\/\/sexshop.cm\/en\/wp-json\/wp\/v2\/product_cat?post=6787"},{"taxonomy":"product_tag","embeddable":true,"href":"https:\/\/sexshop.cm\/en\/wp-json\/wp\/v2\/product_tag?post=6787"}],"curies":[{"name":"wp","href":"https:\/\/api.w.org\/{rel}","templated":true}]}}