{"id":6794,"date":"2022-10-07T14:40:04","date_gmt":"2022-10-07T13:40:04","guid":{"rendered":"https:\/\/sexshop.cm\/produit\/mini-vibrateur-de-balles-sans-fil-bluetooth-telecommande\/"},"modified":"2025-05-25T04:23:38","modified_gmt":"2025-05-25T03:23:38","slug":"mini-vibrateur-de-balles-sans-fil-bluetooth-telecommande","status":"publish","type":"product","link":"https:\/\/sexshop.cm\/en\/produit\/mini-vibrateur-de-balles-sans-fil-bluetooth-telecommande\/","title":{"rendered":"Mini vibrateur de balles sans fil, Bluetooth, t\u00e9l\u00e9commande"},"content":{"rendered":"<div class=\"detailmodule_html\">\n<div class=\"detail-desc-decorate-richtext\">\n<p>Sans fil Bluetooth Mini balle vibrateur femelle t\u00e9l\u00e9commande APP contr\u00f4le gode vibrant amour vagin oeuf jouet sexuel pour les femmes Couple adulte<\/p>\n<p><img decoding=\"async\" src=\"https:\/\/ae01.alicdn.com\/kf\/S0daeff395ec64352a8090006a27ff412v.gif\" \/><img decoding=\"async\" src=\"https:\/\/ae01.alicdn.com\/kf\/S168889a50f27459391ed599a7cdb4925M.gif\" \/><img decoding=\"async\" src=\"https:\/\/ae01.alicdn.com\/kf\/Sc6b4726c8113429aa2c41733350c1404F.gif\" \/><img decoding=\"async\" src=\"https:\/\/ae01.alicdn.com\/kf\/S7fd4c2f53202499fb3258a125c9bbf23n.gif\" \/><img decoding=\"async\" src=\"https:\/\/ae01.alicdn.com\/kf\/S08b2c1d5c9434bc6ae13bc4d75ea47f0W.jpg\" \/><img decoding=\"async\" src=\"https:\/\/ae01.alicdn.com\/kf\/Sbd6be4d9a7df4ef38d91a2c6de35575bB.gif\" \/><img decoding=\"async\" src=\"https:\/\/ae01.alicdn.com\/kf\/S8aaee8125a5e4db8a4806c3f106cbee6p.jpg\" \/><img decoding=\"async\" src=\"https:\/\/ae01.alicdn.com\/kf\/S055b25ad1f3e4efdb7ba17d6dbac490dT.gif\" \/><img decoding=\"async\" src=\"https:\/\/ae01.alicdn.com\/kf\/S3a37d74b70634f61ab69661b74ebbd89t.jpg\" \/><img decoding=\"async\" src=\"https:\/\/ae01.alicdn.com\/kf\/Sdaa96739fbb74901a1f882d6e838664eQ.jpg\" \/><img decoding=\"async\" src=\"https:\/\/ae01.alicdn.com\/kf\/Sd31b3209c6a24a769fedbbe871e64a86h.jpg\" \/><img decoding=\"async\" src=\"https:\/\/ae01.alicdn.com\/kf\/Sd55e573fc9224c6d8b0db2977169953fh.gif\" \/><\/p>\n<\/div>\n<\/div>\n","protected":false},"excerpt":{"rendered":"<p>Sans fil Bluetooth Mini balle vibrateur femelle t\u00e9l\u00e9commande APP contr\u00f4le gode vibrant amour vagin oeuf jouet sexuel pour les femmes Couple adulte<\/p>\n","protected":false},"featured_media":6796,"comment_status":"open","ping_status":"closed","template":"","meta":{"_joinchat":[]},"etheme_brands":[],"product_cat":[63,46,77,60,62],"product_tag":[],"yoast_head":"<!-- This site is optimized with the Yoast SEO Premium plugin v19.3 (Yoast SEO v21.5) - https:\/\/yoast.com\/wordpress\/plugins\/seo\/ -->\n<title>- Achetez et Commandez Discr\u00e8tement vos Mini vibrateur de balles sans fil, Bluetooth, t\u00e9l\u00e9commande au Cameroun -<\/title>\n<meta name=\"description\" content=\"Commandez vos meilleurs Mini vibrateur de balles sans fil, Bluetooth, t\u00e9l\u00e9commande \u00e0 bons prix partout au Cameroun et faites vous livrer discr\u00e8tement, sur H\u00e9donia, le meilleur site de vente en ligne de sextoys au Cameroun. - Whatsapp: +237 672588687\" \/>\n<meta name=\"robots\" content=\"index, follow, max-snippet:-1, max-image-preview:large, max-video-preview:-1\" \/>\n<link rel=\"canonical\" href=\"https:\/\/sexshop.cm\/produit\/mini-vibrateur-de-balles-sans-fil-bluetooth-telecommande\/\" \/>\n<meta property=\"og:locale\" content=\"en_US\" \/>\n<meta property=\"og:type\" content=\"article\" \/>\n<meta property=\"og:title\" content=\"Mini vibrateur de balles sans fil, Bluetooth, t\u00e9l\u00e9commande\" \/>\n<meta property=\"og:description\" content=\"Mini vibrateur de balles sans fil, Bluetooth, t\u00e9l\u00e9commande - H\u00e9donia\" \/>\n<meta property=\"og:url\" content=\"https:\/\/sexshop.cm\/produit\/mini-vibrateur-de-balles-sans-fil-bluetooth-telecommande\/\" \/>\n<meta property=\"og:site_name\" content=\"H\u00e9donia\" \/>\n<meta property=\"article:modified_time\" content=\"2025-05-25T03:23:38+00:00\" \/>\n<meta property=\"og:image\" content=\"http:\/\/sexshop.cm\/wp-content\/uploads\/2022\/10\/Mini-vibrateur-de-balles-sans-fil-Bluetooth-t-l-commande-application-gode-vibrant-amour-vagin-uf.jpg\" \/>\n\t<meta property=\"og:image:width\" content=\"1000\" \/>\n\t<meta property=\"og:image:height\" content=\"1000\" \/>\n\t<meta property=\"og:image:type\" content=\"image\/jpeg\" \/>\n<meta name=\"twitter:card\" content=\"summary_large_image\" \/>\n<meta name=\"twitter:label1\" content=\"Price\" \/>\n\t<meta name=\"twitter:data1\" content=\"15000&nbsp;CFA\" \/>\n\t<meta name=\"twitter:label2\" content=\"Availability\" \/>\n\t<meta name=\"twitter:data2\" content=\"In stock\" \/>\n<script type=\"application\/ld+json\" class=\"yoast-schema-graph\">{\"@context\":\"https:\/\/schema.org\",\"@graph\":[{\"@type\":\"WebPage\",\"@id\":\"https:\/\/sexshop.cm\/produit\/mini-vibrateur-de-balles-sans-fil-bluetooth-telecommande\/\",\"url\":\"https:\/\/sexshop.cm\/produit\/mini-vibrateur-de-balles-sans-fil-bluetooth-telecommande\/\",\"name\":\"- Achetez et Commandez Discr\u00e8tement vos Mini vibrateur de balles sans fil, Bluetooth, t\u00e9l\u00e9commande au Cameroun -\",\"isPartOf\":{\"@id\":\"https:\/\/sexshop.cm\/#website\"},\"datePublished\":\"2022-10-07T13:40:04+00:00\",\"dateModified\":\"2025-05-25T03:23:38+00:00\",\"description\":\"Commandez vos meilleurs Mini vibrateur de balles sans fil, Bluetooth, t\u00e9l\u00e9commande \u00e0 bons prix partout au Cameroun et faites vous livrer discr\u00e8tement, sur H\u00e9donia, le meilleur site de vente en ligne de sextoys au Cameroun. - Whatsapp: +237 672588687\",\"breadcrumb\":{\"@id\":\"https:\/\/sexshop.cm\/produit\/mini-vibrateur-de-balles-sans-fil-bluetooth-telecommande\/#breadcrumb\"},\"inLanguage\":\"en-US\",\"potentialAction\":[{\"@type\":\"ReadAction\",\"target\":[\"https:\/\/sexshop.cm\/produit\/mini-vibrateur-de-balles-sans-fil-bluetooth-telecommande\/\"]}]},{\"@type\":\"BreadcrumbList\",\"@id\":\"https:\/\/sexshop.cm\/produit\/mini-vibrateur-de-balles-sans-fil-bluetooth-telecommande\/#breadcrumb\",\"itemListElement\":[{\"@type\":\"ListItem\",\"position\":1,\"name\":\"Accueil\",\"item\":\"https:\/\/sexshop.cm\/en\/online-sexshop-in-cameroon\/\"},{\"@type\":\"ListItem\",\"position\":2,\"name\":\"Shop\",\"item\":\"https:\/\/sexshop.cm\/shop\/\"},{\"@type\":\"ListItem\",\"position\":3,\"name\":\"Mini vibrateur de balles sans fil, Bluetooth, t\u00e9l\u00e9commande\"}]},{\"@type\":\"WebSite\",\"@id\":\"https:\/\/sexshop.cm\/#website\",\"url\":\"https:\/\/sexshop.cm\/\",\"name\":\"H\u00e9donia\",\"description\":\"SexShop en ligne - Boutique de sextoys et objets coquins en ligne au Cameroun\",\"publisher\":{\"@id\":\"https:\/\/sexshop.cm\/#organization\"},\"potentialAction\":[{\"@type\":\"SearchAction\",\"target\":{\"@type\":\"EntryPoint\",\"urlTemplate\":\"https:\/\/sexshop.cm\/?s={search_term_string}\"},\"query-input\":\"required name=search_term_string\"}],\"inLanguage\":\"en-US\"},{\"@type\":\"Organization\",\"@id\":\"https:\/\/sexshop.cm\/#organization\",\"name\":\"H\u00e9donia\",\"alternateName\":\"Boutique de Sextoys en ligne au Cameroun\",\"url\":\"https:\/\/sexshop.cm\/\",\"logo\":{\"@type\":\"ImageObject\",\"inLanguage\":\"en-US\",\"@id\":\"https:\/\/sexshop.cm\/#\/schema\/logo\/image\/\",\"url\":\"https:\/\/sexshop.cm\/wp-content\/uploads\/2022\/10\/logo-680-hedonia.png.200x100_q85_background-f8f9fa.png\",\"contentUrl\":\"https:\/\/sexshop.cm\/wp-content\/uploads\/2022\/10\/logo-680-hedonia.png.200x100_q85_background-f8f9fa.png\",\"width\":2222,\"height\":534,\"caption\":\"H\u00e9donia\"},\"image\":{\"@id\":\"https:\/\/sexshop.cm\/#\/schema\/logo\/image\/\"}}]}<\/script>\n<meta property=\"product:price:amount\" content=\"15000\" \/>\n<meta property=\"product:price:currency\" content=\"XAF\" \/>\n<meta property=\"og:availability\" content=\"instock\" \/>\n<meta property=\"product:availability\" content=\"instock\" \/>\n<meta property=\"product:retailer_item_id\" content=\"1005004683444349\" \/>\n<meta property=\"product:condition\" content=\"new\" \/>\n<!-- \/ Yoast SEO Premium plugin. -->","yoast_head_json":{"title":"- Achetez et Commandez Discr\u00e8tement vos Mini vibrateur de balles sans fil, Bluetooth, t\u00e9l\u00e9commande au Cameroun -","description":"Commandez vos meilleurs Mini vibrateur de balles sans fil, Bluetooth, t\u00e9l\u00e9commande \u00e0 bons prix partout au Cameroun et faites vous livrer discr\u00e8tement, sur H\u00e9donia, le meilleur site de vente en ligne de sextoys au Cameroun. - Whatsapp: +237 672588687","robots":{"index":"index","follow":"follow","max-snippet":"max-snippet:-1","max-image-preview":"max-image-preview:large","max-video-preview":"max-video-preview:-1"},"canonical":"https:\/\/sexshop.cm\/produit\/mini-vibrateur-de-balles-sans-fil-bluetooth-telecommande\/","og_locale":"en_US","og_type":"article","og_title":"Mini vibrateur de balles sans fil, Bluetooth, t\u00e9l\u00e9commande","og_description":"Mini vibrateur de balles sans fil, Bluetooth, t\u00e9l\u00e9commande - H\u00e9donia","og_url":"https:\/\/sexshop.cm\/produit\/mini-vibrateur-de-balles-sans-fil-bluetooth-telecommande\/","og_site_name":"H\u00e9donia","article_modified_time":"2025-05-25T03:23:38+00:00","og_image":[{"width":1000,"height":1000,"url":"http:\/\/sexshop.cm\/wp-content\/uploads\/2022\/10\/Mini-vibrateur-de-balles-sans-fil-Bluetooth-t-l-commande-application-gode-vibrant-amour-vagin-uf.jpg","type":"image\/jpeg"}],"twitter_card":"summary_large_image","twitter_misc":{"Price":"15000&nbsp;CFA","Availability":"In stock"},"schema":{"@context":"https:\/\/schema.org","@graph":[{"@type":"WebPage","@id":"https:\/\/sexshop.cm\/produit\/mini-vibrateur-de-balles-sans-fil-bluetooth-telecommande\/","url":"https:\/\/sexshop.cm\/produit\/mini-vibrateur-de-balles-sans-fil-bluetooth-telecommande\/","name":"- Achetez et Commandez Discr\u00e8tement vos Mini vibrateur de balles sans fil, Bluetooth, t\u00e9l\u00e9commande au Cameroun -","isPartOf":{"@id":"https:\/\/sexshop.cm\/#website"},"datePublished":"2022-10-07T13:40:04+00:00","dateModified":"2025-05-25T03:23:38+00:00","description":"Commandez vos meilleurs Mini vibrateur de balles sans fil, Bluetooth, t\u00e9l\u00e9commande \u00e0 bons prix partout au Cameroun et faites vous livrer discr\u00e8tement, sur H\u00e9donia, le meilleur site de vente en ligne de sextoys au Cameroun. - Whatsapp: +237 672588687","breadcrumb":{"@id":"https:\/\/sexshop.cm\/produit\/mini-vibrateur-de-balles-sans-fil-bluetooth-telecommande\/#breadcrumb"},"inLanguage":"en-US","potentialAction":[{"@type":"ReadAction","target":["https:\/\/sexshop.cm\/produit\/mini-vibrateur-de-balles-sans-fil-bluetooth-telecommande\/"]}]},{"@type":"BreadcrumbList","@id":"https:\/\/sexshop.cm\/produit\/mini-vibrateur-de-balles-sans-fil-bluetooth-telecommande\/#breadcrumb","itemListElement":[{"@type":"ListItem","position":1,"name":"Accueil","item":"https:\/\/sexshop.cm\/en\/online-sexshop-in-cameroon\/"},{"@type":"ListItem","position":2,"name":"Shop","item":"https:\/\/sexshop.cm\/shop\/"},{"@type":"ListItem","position":3,"name":"Mini vibrateur de balles sans fil, Bluetooth, t\u00e9l\u00e9commande"}]},{"@type":"WebSite","@id":"https:\/\/sexshop.cm\/#website","url":"https:\/\/sexshop.cm\/","name":"H\u00e9donia","description":"SexShop en ligne - Boutique de sextoys et objets coquins en ligne au Cameroun","publisher":{"@id":"https:\/\/sexshop.cm\/#organization"},"potentialAction":[{"@type":"SearchAction","target":{"@type":"EntryPoint","urlTemplate":"https:\/\/sexshop.cm\/?s={search_term_string}"},"query-input":"required name=search_term_string"}],"inLanguage":"en-US"},{"@type":"Organization","@id":"https:\/\/sexshop.cm\/#organization","name":"H\u00e9donia","alternateName":"Boutique de Sextoys en ligne au Cameroun","url":"https:\/\/sexshop.cm\/","logo":{"@type":"ImageObject","inLanguage":"en-US","@id":"https:\/\/sexshop.cm\/#\/schema\/logo\/image\/","url":"https:\/\/sexshop.cm\/wp-content\/uploads\/2022\/10\/logo-680-hedonia.png.200x100_q85_background-f8f9fa.png","contentUrl":"https:\/\/sexshop.cm\/wp-content\/uploads\/2022\/10\/logo-680-hedonia.png.200x100_q85_background-f8f9fa.png","width":2222,"height":534,"caption":"H\u00e9donia"},"image":{"@id":"https:\/\/sexshop.cm\/#\/schema\/logo\/image\/"}}]},"product_price_amount":"15000","product_price_currency":"XAF","og_availability":"instock","product_availability":"instock","product_retailer_item_id":"1005004683444349","product_condition":"new"},"_links":{"self":[{"href":"https:\/\/sexshop.cm\/en\/wp-json\/wp\/v2\/product\/6794"}],"collection":[{"href":"https:\/\/sexshop.cm\/en\/wp-json\/wp\/v2\/product"}],"about":[{"href":"https:\/\/sexshop.cm\/en\/wp-json\/wp\/v2\/types\/product"}],"replies":[{"embeddable":true,"href":"https:\/\/sexshop.cm\/en\/wp-json\/wp\/v2\/comments?post=6794"}],"wp:featuredmedia":[{"embeddable":true,"href":"https:\/\/sexshop.cm\/en\/wp-json\/wp\/v2\/media\/6796"}],"wp:attachment":[{"href":"https:\/\/sexshop.cm\/en\/wp-json\/wp\/v2\/media?parent=6794"}],"wp:term":[{"taxonomy":"brand","embeddable":true,"href":"https:\/\/sexshop.cm\/en\/wp-json\/wp\/v2\/etheme_brands?post=6794"},{"taxonomy":"product_cat","embeddable":true,"href":"https:\/\/sexshop.cm\/en\/wp-json\/wp\/v2\/product_cat?post=6794"},{"taxonomy":"product_tag","embeddable":true,"href":"https:\/\/sexshop.cm\/en\/wp-json\/wp\/v2\/product_tag?post=6794"}],"curies":[{"name":"wp","href":"https:\/\/api.w.org\/{rel}","templated":true}]}}