{"id":6810,"date":"2022-10-07T14:40:13","date_gmt":"2022-10-07T13:40:13","guid":{"rendered":"https:\/\/sexshop.cm\/produit\/vibromasseur-point-g-pour-femmes-8-secondes-pour-orgasme\/"},"modified":"2025-05-24T23:27:27","modified_gmt":"2025-05-24T22:27:27","slug":"vibromasseur-point-g-pour-femmes-8-secondes-pour-orgasme","status":"publish","type":"product","link":"https:\/\/sexshop.cm\/en\/produit\/vibromasseur-point-g-pour-femmes-8-secondes-pour-orgasme\/","title":{"rendered":"Vibromasseur point G pour femmes, 8 secondes pour orgasme"},"content":{"rendered":"<div class=\"detailmodule_html\">\n<div class=\"detail-desc-decorate-richtext\">\n<div class=\"detailmodule_html\">\n<div class=\"detail-desc-decorate-richtext\">\n<div>\u00a0<\/div>\n<div class=\"detailmodule_dynamic\">\u00a0<\/div>\n<div class=\"detailmodule_html\">\n<div class=\"detail-desc-decorate-richtext\">\u00a0<\/div>\n<\/div>\n<div>\u00a0<\/div>\n<div>\n<p>D\u00e9butant g-spot vibrateur pour les femmes 8 secondes \u00e0 l&#8217;orgasme en forme de doigt Vibes mamelon Clitoris stimulateur jouets sexuels pour femme adulte<\/p>\n<p>Description du produit<\/p>\n<p>\u3010 8 secondes \u00e0 Orgasm\u3011 4.5cm longue t\u00eate et 30-degr\u00e9 arc conception, GM09 \u00e9pouse parfaitement la profondeur et la structure du vagin pour vous aider \u00e0 stimuler avec pr\u00e9cision votre point G et vous mettre au d\u00e9fi d&#8217;atteindre l&#8217;orgasme en 8 secondes!<\/p>\n<p>Partenaire sexuel \u00e0 vie de \u3011 la taille moyenne de vagin est 21-28mm de large. Le diam\u00e8tre de la t\u00eate GM09&#8217;s est de 25mm. Pour les d\u00e9butants ou les utilisateurs avanc\u00e9s de jouets pour adultes, GM09 vous servira bien. 25 diff\u00e9rents types de modes de vibration et de fr\u00e9quences de faible \u00e0 fort, pour les d\u00e9butants et les utilisateurs avanc\u00e9s.<\/p>\n<p>Vibreur 4-en-1 et mat\u00e9riel de s\u00e9curit\u00e9 pour le corps de \u3011 GM09 peut \u00e9galement \u00eatre un vibrateur clitoridien, un stimulateur de mamelon, un plug anal ou sur toutes les zones sensibles du corps. Fait de silicone de qualit\u00e9 m\u00e9dicale, non toxique, inodore et hypoallerg\u00e9nique, inoffensif pour le corps humain et lisse comme la vraie peau, il est \u00e9galement super silencieux et discret! Le son de ce vibromasseur g-spot ne d\u00e9passera pas les 38 d\u00e9cibels.<\/p>\n<p>\u3010Imperm\u00e9able \u00e0 l&#8217;eau et rechargeable par USB le corps complet imperm\u00e9able \u00e0 l&#8217;eau, vous pouvez utiliser ce vibrateur dans un bain, une douche, un bain \u00e0 remous ou n&#8217;importe o\u00f9 vos aventures peuvent vous emmener. Le chargement USB est pratique et rapide. Avec un temps de charge de 2 heures fournissant 4 heures d&#8217;utilisation, vous ne vous inqui\u00e9tez jamais de manquer de puissance olf.<\/p>\n<\/div>\n<div><img decoding=\"async\" class=\"detail-desc-decorate-image\" src=\"https:\/\/ae04.alicdn.com\/kf\/H8cf0f503bb374ce684ba470e989ebba7Z.jpg\" \/><\/div>\n<div><img decoding=\"async\" class=\"detail-desc-decorate-image\" src=\"https:\/\/ae04.alicdn.com\/kf\/H8a77d17eeb4646aba882b0f776fa2939x.jpg\" \/><\/div>\n<div>\u00a0<\/div>\n<div><img decoding=\"async\" class=\"detail-desc-decorate-image\" src=\"https:\/\/ae04.alicdn.com\/kf\/Hb7b278ddb2244570b19d3da4cc162ddcA.jpg\" \/><\/div>\n<div><img decoding=\"async\" class=\"detail-desc-decorate-image\" src=\"https:\/\/ae04.alicdn.com\/kf\/H9117340b31834da98fe522b138622245v.jpg\" \/><\/div>\n<div><img decoding=\"async\" class=\"detail-desc-decorate-image\" src=\"https:\/\/ae04.alicdn.com\/kf\/H1ee3a10aa6604d0881ed0c7ea7173bd4q.jpg\" \/><img decoding=\"async\" class=\"detail-desc-decorate-image\" src=\"https:\/\/ae04.alicdn.com\/kf\/Hbe44302bc2d54376bcaa331717e1f150S.jpg\" \/><img decoding=\"async\" class=\"detail-desc-decorate-image\" src=\"https:\/\/ae04.alicdn.com\/kf\/Hcefc958789af44bbb54c32085af2be49Q.jpg\" \/><\/div>\n<div><img decoding=\"async\" class=\"detail-desc-decorate-image\" src=\"https:\/\/ae04.alicdn.com\/kf\/H7e954b858b654fe48bcf1a0e8de5ea16T.jpg\" \/><img decoding=\"async\" class=\"detail-desc-decorate-image\" src=\"https:\/\/ae04.alicdn.com\/kf\/H4d51087374f143d99b253cb606ba13945.jpg\" \/><img decoding=\"async\" class=\"detail-desc-decorate-image\" src=\"https:\/\/ae04.alicdn.com\/kf\/Hfac2814f1caf4d2eb8c5a62813a1f1f6b.jpg\" \/><\/div>\n<div>\u00a0<\/div>\n<p>\u00a0<\/p>\n<\/div>\n<\/div>\n<p>\u00a0<\/p>\n<\/div>\n<\/div>\n","protected":false},"excerpt":{"rendered":"<p>\u00a0 \u00a0 \u00a0 \u00a0 D\u00e9butant g-spot vibrateur pour les femmes 8 secondes \u00e0 l&#8217;orgasme en forme de doigt Vibes mamelon Clitoris stimulateur jouets sexuels pour femme adulte Description du produit \u3010 8 secondes \u00e0 Orgasm\u3011 4.5cm longue t\u00eate et 30-degr\u00e9 arc conception, GM09 \u00e9pouse parfaitement la profondeur et la structure du vagin pour vous aider \u00e0 stimuler avec pr\u00e9cision votre point G et vous mettre au d\u00e9fi d&#8217;atteindre l&#8217;orgasme en 8 secondes! Partenaire sexuel \u00e0 vie de \u3011 la taille moyenne de vagin est 21-28mm de large. Le diam\u00e8tre de la t\u00eate GM09&#8217;s est de 25mm. Pour les d\u00e9butants ou<\/p>\n","protected":false},"featured_media":6812,"comment_status":"open","ping_status":"closed","template":"","meta":{"_joinchat":[]},"etheme_brands":[],"product_cat":[46,58,60],"product_tag":[],"yoast_head":"<!-- This site is optimized with the Yoast SEO Premium plugin v19.3 (Yoast SEO v21.5) - https:\/\/yoast.com\/wordpress\/plugins\/seo\/ -->\n<title>- Achetez et Commandez Discr\u00e8tement vos Vibromasseur point G pour femmes, 8 secondes pour orgasme au Cameroun -<\/title>\n<meta name=\"description\" content=\"Commandez vos meilleurs Vibromasseur point G pour femmes, 8 secondes pour orgasme \u00e0 bons prix partout au Cameroun et faites vous livrer discr\u00e8tement, sur H\u00e9donia, le meilleur site de vente en ligne de sextoys au Cameroun. - Whatsapp: +237 672588687\" \/>\n<meta name=\"robots\" content=\"index, follow, max-snippet:-1, max-image-preview:large, max-video-preview:-1\" \/>\n<link rel=\"canonical\" href=\"https:\/\/sexshop.cm\/produit\/vibromasseur-point-g-pour-femmes-8-secondes-pour-orgasme\/\" \/>\n<meta property=\"og:locale\" content=\"en_US\" \/>\n<meta property=\"og:type\" content=\"article\" \/>\n<meta property=\"og:title\" content=\"Vibromasseur point G pour femmes, 8 secondes pour orgasme\" \/>\n<meta property=\"og:description\" content=\"Vibromasseur point G pour femmes, 8 secondes pour orgasme - H\u00e9donia\" \/>\n<meta property=\"og:url\" content=\"https:\/\/sexshop.cm\/produit\/vibromasseur-point-g-pour-femmes-8-secondes-pour-orgasme\/\" \/>\n<meta property=\"og:site_name\" content=\"H\u00e9donia\" \/>\n<meta property=\"article:modified_time\" content=\"2025-05-24T22:27:27+00:00\" \/>\n<meta property=\"og:image\" content=\"http:\/\/sexshop.cm\/wp-content\/uploads\/2022\/10\/Vibromasseur-point-G-pour-femmes-8-secondes-pour-orgasme-vibrations-en-forme-de-doigt-stimulateur-de.jpg\" \/>\n\t<meta property=\"og:image:width\" content=\"1000\" \/>\n\t<meta property=\"og:image:height\" content=\"1000\" \/>\n\t<meta property=\"og:image:type\" content=\"image\/jpeg\" \/>\n<meta name=\"twitter:card\" content=\"summary_large_image\" \/>\n<meta name=\"twitter:label1\" content=\"Availability\" \/>\n\t<meta name=\"twitter:data1\" content=\"Out of stock\" \/>\n<script type=\"application\/ld+json\" class=\"yoast-schema-graph\">{\"@context\":\"https:\/\/schema.org\",\"@graph\":[{\"@type\":\"WebPage\",\"@id\":\"https:\/\/sexshop.cm\/produit\/vibromasseur-point-g-pour-femmes-8-secondes-pour-orgasme\/\",\"url\":\"https:\/\/sexshop.cm\/produit\/vibromasseur-point-g-pour-femmes-8-secondes-pour-orgasme\/\",\"name\":\"- Achetez et Commandez Discr\u00e8tement vos Vibromasseur point G pour femmes, 8 secondes pour orgasme au Cameroun -\",\"isPartOf\":{\"@id\":\"https:\/\/sexshop.cm\/#website\"},\"datePublished\":\"2022-10-07T13:40:13+00:00\",\"dateModified\":\"2025-05-24T22:27:27+00:00\",\"description\":\"Commandez vos meilleurs Vibromasseur point G pour femmes, 8 secondes pour orgasme \u00e0 bons prix partout au Cameroun et faites vous livrer discr\u00e8tement, sur H\u00e9donia, le meilleur site de vente en ligne de sextoys au Cameroun. - Whatsapp: +237 672588687\",\"breadcrumb\":{\"@id\":\"https:\/\/sexshop.cm\/produit\/vibromasseur-point-g-pour-femmes-8-secondes-pour-orgasme\/#breadcrumb\"},\"inLanguage\":\"en-US\",\"potentialAction\":[{\"@type\":\"ReadAction\",\"target\":[\"https:\/\/sexshop.cm\/produit\/vibromasseur-point-g-pour-femmes-8-secondes-pour-orgasme\/\"]}]},{\"@type\":\"BreadcrumbList\",\"@id\":\"https:\/\/sexshop.cm\/produit\/vibromasseur-point-g-pour-femmes-8-secondes-pour-orgasme\/#breadcrumb\",\"itemListElement\":[{\"@type\":\"ListItem\",\"position\":1,\"name\":\"Accueil\",\"item\":\"https:\/\/sexshop.cm\/en\/online-sexshop-in-cameroon\/\"},{\"@type\":\"ListItem\",\"position\":2,\"name\":\"Shop\",\"item\":\"https:\/\/sexshop.cm\/shop\/\"},{\"@type\":\"ListItem\",\"position\":3,\"name\":\"Vibromasseur point G pour femmes, 8 secondes pour orgasme\"}]},{\"@type\":\"WebSite\",\"@id\":\"https:\/\/sexshop.cm\/#website\",\"url\":\"https:\/\/sexshop.cm\/\",\"name\":\"H\u00e9donia\",\"description\":\"SexShop en ligne - Boutique de sextoys et objets coquins en ligne au Cameroun\",\"publisher\":{\"@id\":\"https:\/\/sexshop.cm\/#organization\"},\"potentialAction\":[{\"@type\":\"SearchAction\",\"target\":{\"@type\":\"EntryPoint\",\"urlTemplate\":\"https:\/\/sexshop.cm\/?s={search_term_string}\"},\"query-input\":\"required name=search_term_string\"}],\"inLanguage\":\"en-US\"},{\"@type\":\"Organization\",\"@id\":\"https:\/\/sexshop.cm\/#organization\",\"name\":\"H\u00e9donia\",\"alternateName\":\"Boutique de Sextoys en ligne au Cameroun\",\"url\":\"https:\/\/sexshop.cm\/\",\"logo\":{\"@type\":\"ImageObject\",\"inLanguage\":\"en-US\",\"@id\":\"https:\/\/sexshop.cm\/#\/schema\/logo\/image\/\",\"url\":\"https:\/\/sexshop.cm\/wp-content\/uploads\/2022\/10\/logo-680-hedonia.png.200x100_q85_background-f8f9fa.png\",\"contentUrl\":\"https:\/\/sexshop.cm\/wp-content\/uploads\/2022\/10\/logo-680-hedonia.png.200x100_q85_background-f8f9fa.png\",\"width\":2222,\"height\":534,\"caption\":\"H\u00e9donia\"},\"image\":{\"@id\":\"https:\/\/sexshop.cm\/#\/schema\/logo\/image\/\"}}]}<\/script>\n<meta property=\"og:availability\" content=\"out of stock\" \/>\n<meta property=\"product:availability\" content=\"out of stock\" \/>\n<meta property=\"product:retailer_item_id\" content=\"1005002007107441\" \/>\n<meta property=\"product:condition\" content=\"new\" \/>\n<!-- \/ Yoast SEO Premium plugin. -->","yoast_head_json":{"title":"- Achetez et Commandez Discr\u00e8tement vos Vibromasseur point G pour femmes, 8 secondes pour orgasme au Cameroun -","description":"Commandez vos meilleurs Vibromasseur point G pour femmes, 8 secondes pour orgasme \u00e0 bons prix partout au Cameroun et faites vous livrer discr\u00e8tement, sur H\u00e9donia, le meilleur site de vente en ligne de sextoys au Cameroun. - Whatsapp: +237 672588687","robots":{"index":"index","follow":"follow","max-snippet":"max-snippet:-1","max-image-preview":"max-image-preview:large","max-video-preview":"max-video-preview:-1"},"canonical":"https:\/\/sexshop.cm\/produit\/vibromasseur-point-g-pour-femmes-8-secondes-pour-orgasme\/","og_locale":"en_US","og_type":"article","og_title":"Vibromasseur point G pour femmes, 8 secondes pour orgasme","og_description":"Vibromasseur point G pour femmes, 8 secondes pour orgasme - H\u00e9donia","og_url":"https:\/\/sexshop.cm\/produit\/vibromasseur-point-g-pour-femmes-8-secondes-pour-orgasme\/","og_site_name":"H\u00e9donia","article_modified_time":"2025-05-24T22:27:27+00:00","og_image":[{"width":1000,"height":1000,"url":"http:\/\/sexshop.cm\/wp-content\/uploads\/2022\/10\/Vibromasseur-point-G-pour-femmes-8-secondes-pour-orgasme-vibrations-en-forme-de-doigt-stimulateur-de.jpg","type":"image\/jpeg"}],"twitter_card":"summary_large_image","twitter_misc":{"Availability":"Out of stock"},"schema":{"@context":"https:\/\/schema.org","@graph":[{"@type":"WebPage","@id":"https:\/\/sexshop.cm\/produit\/vibromasseur-point-g-pour-femmes-8-secondes-pour-orgasme\/","url":"https:\/\/sexshop.cm\/produit\/vibromasseur-point-g-pour-femmes-8-secondes-pour-orgasme\/","name":"- Achetez et Commandez Discr\u00e8tement vos Vibromasseur point G pour femmes, 8 secondes pour orgasme au Cameroun -","isPartOf":{"@id":"https:\/\/sexshop.cm\/#website"},"datePublished":"2022-10-07T13:40:13+00:00","dateModified":"2025-05-24T22:27:27+00:00","description":"Commandez vos meilleurs Vibromasseur point G pour femmes, 8 secondes pour orgasme \u00e0 bons prix partout au Cameroun et faites vous livrer discr\u00e8tement, sur H\u00e9donia, le meilleur site de vente en ligne de sextoys au Cameroun. - Whatsapp: +237 672588687","breadcrumb":{"@id":"https:\/\/sexshop.cm\/produit\/vibromasseur-point-g-pour-femmes-8-secondes-pour-orgasme\/#breadcrumb"},"inLanguage":"en-US","potentialAction":[{"@type":"ReadAction","target":["https:\/\/sexshop.cm\/produit\/vibromasseur-point-g-pour-femmes-8-secondes-pour-orgasme\/"]}]},{"@type":"BreadcrumbList","@id":"https:\/\/sexshop.cm\/produit\/vibromasseur-point-g-pour-femmes-8-secondes-pour-orgasme\/#breadcrumb","itemListElement":[{"@type":"ListItem","position":1,"name":"Accueil","item":"https:\/\/sexshop.cm\/en\/online-sexshop-in-cameroon\/"},{"@type":"ListItem","position":2,"name":"Shop","item":"https:\/\/sexshop.cm\/shop\/"},{"@type":"ListItem","position":3,"name":"Vibromasseur point G pour femmes, 8 secondes pour orgasme"}]},{"@type":"WebSite","@id":"https:\/\/sexshop.cm\/#website","url":"https:\/\/sexshop.cm\/","name":"H\u00e9donia","description":"SexShop en ligne - Boutique de sextoys et objets coquins en ligne au Cameroun","publisher":{"@id":"https:\/\/sexshop.cm\/#organization"},"potentialAction":[{"@type":"SearchAction","target":{"@type":"EntryPoint","urlTemplate":"https:\/\/sexshop.cm\/?s={search_term_string}"},"query-input":"required name=search_term_string"}],"inLanguage":"en-US"},{"@type":"Organization","@id":"https:\/\/sexshop.cm\/#organization","name":"H\u00e9donia","alternateName":"Boutique de Sextoys en ligne au Cameroun","url":"https:\/\/sexshop.cm\/","logo":{"@type":"ImageObject","inLanguage":"en-US","@id":"https:\/\/sexshop.cm\/#\/schema\/logo\/image\/","url":"https:\/\/sexshop.cm\/wp-content\/uploads\/2022\/10\/logo-680-hedonia.png.200x100_q85_background-f8f9fa.png","contentUrl":"https:\/\/sexshop.cm\/wp-content\/uploads\/2022\/10\/logo-680-hedonia.png.200x100_q85_background-f8f9fa.png","width":2222,"height":534,"caption":"H\u00e9donia"},"image":{"@id":"https:\/\/sexshop.cm\/#\/schema\/logo\/image\/"}}]},"og_availability":"out of stock","product_availability":"out of stock","product_retailer_item_id":"1005002007107441","product_condition":"new"},"_links":{"self":[{"href":"https:\/\/sexshop.cm\/en\/wp-json\/wp\/v2\/product\/6810"}],"collection":[{"href":"https:\/\/sexshop.cm\/en\/wp-json\/wp\/v2\/product"}],"about":[{"href":"https:\/\/sexshop.cm\/en\/wp-json\/wp\/v2\/types\/product"}],"replies":[{"embeddable":true,"href":"https:\/\/sexshop.cm\/en\/wp-json\/wp\/v2\/comments?post=6810"}],"wp:featuredmedia":[{"embeddable":true,"href":"https:\/\/sexshop.cm\/en\/wp-json\/wp\/v2\/media\/6812"}],"wp:attachment":[{"href":"https:\/\/sexshop.cm\/en\/wp-json\/wp\/v2\/media?parent=6810"}],"wp:term":[{"taxonomy":"brand","embeddable":true,"href":"https:\/\/sexshop.cm\/en\/wp-json\/wp\/v2\/etheme_brands?post=6810"},{"taxonomy":"product_cat","embeddable":true,"href":"https:\/\/sexshop.cm\/en\/wp-json\/wp\/v2\/product_cat?post=6810"},{"taxonomy":"product_tag","embeddable":true,"href":"https:\/\/sexshop.cm\/en\/wp-json\/wp\/v2\/product_tag?post=6810"}],"curies":[{"name":"wp","href":"https:\/\/api.w.org\/{rel}","templated":true}]}}