{"id":6818,"date":"2022-10-07T14:40:18","date_gmt":"2022-10-07T13:40:18","guid":{"rendered":"https:\/\/sexshop.cm\/produit\/vibromasseur-stimulateur-de-clitoris-pour-femme\/"},"modified":"2025-01-17T20:56:23","modified_gmt":"2025-01-17T19:56:23","slug":"vibromasseur-stimulateur-de-clitoris-pour-femme","status":"publish","type":"product","link":"https:\/\/sexshop.cm\/en\/produit\/vibromasseur-stimulateur-de-clitoris-pour-femme\/","title":{"rendered":"Vibromasseur Stimulateur de Clitoris pour Femme"},"content":{"rendered":"<div class=\"detailmodule_html\">\n<div class=\"detail-desc-decorate-richtext\">\n<div class=\"detailmodule_dynamic\"><\/div>\n<div class=\"detailmodule_text-image\">\n<p class=\"detail-desc-decorate-title\" style=\"font-family: OpenSans; font-size: 20px; font-weight: 900; line-height: 28px; white-space: pre-wrap; color: #000000; margin-bottom: 12px;\"><a class=\"\" href=\"https:\/\/aliexpress.ru\/item\/32994011422.html\" target=\"_self\" rel=\"noopener\"><img decoding=\"async\" src=\"https:\/\/ae01.alicdn.com\/kf\/S7bc94ecf37f844a4adcb63800294d54dj.jpg\" width=\"944\" height=\"378\" \/><\/a><\/p>\n<div><\/div>\n<\/div>\n<div class=\"detailmodule_text\">\n<p>vibrateurs pour femmes, jouets sexuels pour adulte, masseur de point G pour femme, masturbateur clitoridien, jouets \u00e9rotiques, faloimitateur, godes pour femmes<\/p>\n<p>\u3010About Couleur\u3011<\/p>\n<p>Veuillez vous r\u00e9f\u00e9rer \u00e0 la photo r\u00e9elle!<\/p>\n<p>\u3010Discount\u3011<\/p>\n<p>Pour \u00eatre notre suiveur, pour obtenir 2% de r\u00e9duction suppl\u00e9mentaire!<\/p>\n<p>\u3010Recommendations\u3011<\/p>\n<p>Frottez le \u00abjouet\u00bb avec 75% d&#8217;alcool m\u00e9dical ou st\u00e9rilisez le d\u00e9sinfectant avant utilisation. Appliquez une quantit\u00e9 appropri\u00e9e de lubrifiant sur le produit. Il est recommand\u00e9 de l&#8217;utiliser avec pr\u00e9servatif ensemble;<br \/>\nIns\u00e9rer dans le corps jusqu&#8217;\u00e0 l&#8217;apog\u00e9e.<\/p>\n<p>\u3011 De pr\u00e9cautions de \u3010<\/p>\n<p>Apr\u00e8s utilisation, le \u00abjouet\u00bb pr\u00e9sente une grande quantit\u00e9 de s\u00e9cr\u00e9tions et de r\u00e9sidus de lubrifiant. Il va facilement \u00e9lever des bact\u00e9ries si on ne le nettoie pas pendant longtemps. Veuillez donc nettoyer votre \u00abjouet\u00bb imm\u00e9diatement apr\u00e8s utilisation.<\/p>\n<p>Lorsque vous nettoyez le \u00abjouet\u00bb, veuillez ne pas diviser l&#8217;eau sur l&#8217;interrupteur et la veste d&#8217;alimentation. Utilisez simplement vos doigts et de l&#8217;eau pour essuyer, n&#8217;utilisez pas de brosse ou de nettoyant acide.<\/p>\n<p>Apr\u00e8s le lavage, il est recommand\u00e9 de l&#8217;essuyer avec un chiffon en coton sec, un chiffon de haute qualit\u00e9 est \u00e9galement un bon choix. Apr\u00e8s avoir essuy\u00e9 l&#8217;eau, s\u00e9chez naturellement et \u00e9vitez l&#8217;exposition au soleil!<\/p>\n<p>Enfin, vous pouvez utiliser un liquide de nettoyage sp\u00e9cial ou de l&#8217;alcool dilu\u00e9 (75%) pour d\u00e9sinfecter, ou vous pouvez arroser un peu de talc pour le stockage.<\/p>\n<p>Vous pouvez utiliser un sac en velours ou un sac \u00e0 poussi\u00e8re pour le ranger. Conservez-le dans un endroit frais et sec.<\/p>\n<\/div>\n<div class=\"detailmodule_text\"><\/div>\n<div class=\"detailmodule_image\"><img decoding=\"async\" class=\"detail-desc-decorate-image\" src=\"https:\/\/ae01.alicdn.com\/kf\/HTB11Qviac_vK1RkSmRyq6xwupXag.jpg\" \/><\/div>\n<div class=\"detailmodule_image\"><img decoding=\"async\" class=\"detail-desc-decorate-image\" src=\"https:\/\/ae01.alicdn.com\/kf\/HTB1P3YkajzuK1RjSsppq6xz0XXaH.jpg\" \/><\/div>\n<div class=\"detailmodule_image\"><img decoding=\"async\" class=\"detail-desc-decorate-image\" src=\"https:\/\/ae01.alicdn.com\/kf\/HTB103rkadfvK1RjSspfq6zzXFXaR.jpg\" \/><\/div>\n<div class=\"detailmodule_image\"><img decoding=\"async\" class=\"detail-desc-decorate-image\" src=\"https:\/\/ae01.alicdn.com\/kf\/HTB1b1bianjxK1Rjy0Fnq6yBaFXaO.jpg\" \/><\/div>\n<div class=\"detailmodule_image\"><img decoding=\"async\" class=\"detail-desc-decorate-image\" src=\"https:\/\/ae01.alicdn.com\/kf\/HTB1jdvmaoLrK1Rjy0Fjq6zYXFXa0.jpg\" \/><\/div>\n<div class=\"detailmodule_image\"><img decoding=\"async\" class=\"detail-desc-decorate-image\" src=\"https:\/\/ae01.alicdn.com\/kf\/HTB1KMYkajzuK1RjSsppq6xz0XXap.jpg\" \/><\/div>\n<div class=\"detailmodule_image\"><img decoding=\"async\" class=\"detail-desc-decorate-image\" src=\"https:\/\/ae01.alicdn.com\/kf\/HTB1lJniacfrK1RkSnb4q6xHRFXaE.jpg\" \/><\/div>\n<div class=\"detailmodule_image\"><\/div>\n<div class=\"detailmodule_text-image\">\n<p class=\"detail-desc-decorate-title\" style=\"font-family: OpenSans; font-size: 20px; font-weight: 900; line-height: 28px; white-space: pre-wrap; color: #000000; margin-bottom: 12px;\">\u3010Real shooting\u3011<\/p>\n<div><img decoding=\"async\" class=\"detail-desc-decorate-image\" src=\"https:\/\/ae01.alicdn.com\/kf\/H21503a7bcdc940eeb81bc49d03c802250.jpg\" \/><img decoding=\"async\" class=\"detail-desc-decorate-image\" src=\"https:\/\/ae01.alicdn.com\/kf\/H96f917a99a524cba8a6c238385c0ed83B.jpg\" \/><img decoding=\"async\" class=\"detail-desc-decorate-image\" src=\"https:\/\/ae01.alicdn.com\/kf\/H6d4b5d6523f7482191964ad0de49205cQ.jpg\" \/><img decoding=\"async\" class=\"detail-desc-decorate-image\" src=\"https:\/\/ae01.alicdn.com\/kf\/H73943bcd7dc24b4abe4d2c504f418e39O.jpg\" \/><img decoding=\"async\" class=\"detail-desc-decorate-image\" src=\"https:\/\/ae01.alicdn.com\/kf\/H08d111d002094ab3a34047fc7630d18fv.jpg\" \/><img decoding=\"async\" class=\"detail-desc-decorate-image\" src=\"https:\/\/ae01.alicdn.com\/kf\/H70af1c607a4c47bf88de316b8a9f466bD.jpg\" \/><\/div>\n<\/div>\n<\/div>\n<\/div>\n","protected":false},"excerpt":{"rendered":"<p>vibrateurs pour femmes, jouets sexuels pour adulte, masseur de point G pour femme, masturbateur clitoridien, jouets \u00e9rotiques, faloimitateur, godes pour femmes \u3010About Couleur\u3011 Veuillez vous r\u00e9f\u00e9rer \u00e0 la photo r\u00e9elle! \u3010Discount\u3011 Pour \u00eatre notre suiveur, pour obtenir 2% de r\u00e9duction suppl\u00e9mentaire! \u3010Recommendations\u3011 Frottez le \u00abjouet\u00bb avec 75% d&#8217;alcool m\u00e9dical ou st\u00e9rilisez le d\u00e9sinfectant avant utilisation. Appliquez une quantit\u00e9 appropri\u00e9e de lubrifiant sur le produit. Il est recommand\u00e9 de l&#8217;utiliser avec pr\u00e9servatif ensemble; Ins\u00e9rer dans le corps jusqu&#8217;\u00e0 l&#8217;apog\u00e9e. \u3011 De pr\u00e9cautions de \u3010 Apr\u00e8s utilisation, le \u00abjouet\u00bb pr\u00e9sente une grande quantit\u00e9 de s\u00e9cr\u00e9tions et de r\u00e9sidus de lubrifiant. Il va<\/p>\n","protected":false},"featured_media":6819,"comment_status":"open","ping_status":"closed","template":"","meta":{"_joinchat":[]},"etheme_brands":[],"product_cat":[46,58,59],"product_tag":[],"yoast_head":"<!-- This site is optimized with the Yoast SEO Premium plugin v19.3 (Yoast SEO v21.5) - https:\/\/yoast.com\/wordpress\/plugins\/seo\/ -->\n<title>- Achetez et Commandez Discr\u00e8tement vos Vibromasseur Stimulateur de Clitoris pour Femme au Cameroun -<\/title>\n<meta name=\"description\" content=\"Commandez vos meilleurs Vibromasseur Stimulateur de Clitoris pour Femme \u00e0 bons prix partout au Cameroun et faites vous livrer discr\u00e8tement, sur H\u00e9donia, le meilleur site de vente en ligne de sextoys au Cameroun. - Whatsapp: +237 672588687\" \/>\n<meta name=\"robots\" content=\"index, follow, max-snippet:-1, max-image-preview:large, max-video-preview:-1\" \/>\n<link rel=\"canonical\" href=\"https:\/\/sexshop.cm\/produit\/vibromasseur-stimulateur-de-clitoris-pour-femme\/\" \/>\n<meta property=\"og:locale\" content=\"en_US\" \/>\n<meta property=\"og:type\" content=\"article\" \/>\n<meta property=\"og:title\" content=\"Vibromasseur Stimulateur de Clitoris pour Femme\" \/>\n<meta property=\"og:description\" content=\"Vibromasseur Stimulateur de Clitoris pour Femme - H\u00e9donia\" \/>\n<meta property=\"og:url\" content=\"https:\/\/sexshop.cm\/produit\/vibromasseur-stimulateur-de-clitoris-pour-femme\/\" \/>\n<meta property=\"og:site_name\" content=\"H\u00e9donia\" \/>\n<meta property=\"article:modified_time\" content=\"2025-01-17T19:56:23+00:00\" \/>\n<meta property=\"og:image\" content=\"http:\/\/sexshop.cm\/wp-content\/uploads\/2022\/10\/Vibromasseur-Stimulateur-de-Clitoris-pour-Femme-Adulte-Puissante-Gode-Vibrant-Baguette-Magique-Sex-Toy-Jouet-Stimulation.jpg\" \/>\n\t<meta property=\"og:image:width\" content=\"1000\" \/>\n\t<meta property=\"og:image:height\" content=\"1000\" \/>\n\t<meta property=\"og:image:type\" content=\"image\/jpeg\" \/>\n<meta name=\"twitter:card\" content=\"summary_large_image\" \/>\n<meta name=\"twitter:label1\" content=\"Price\" \/>\n\t<meta name=\"twitter:data1\" content=\"25000&nbsp;CFA\" \/>\n\t<meta name=\"twitter:label2\" content=\"Availability\" \/>\n\t<meta name=\"twitter:data2\" content=\"Out of stock\" \/>\n<script type=\"application\/ld+json\" class=\"yoast-schema-graph\">{\"@context\":\"https:\/\/schema.org\",\"@graph\":[{\"@type\":\"WebPage\",\"@id\":\"https:\/\/sexshop.cm\/produit\/vibromasseur-stimulateur-de-clitoris-pour-femme\/\",\"url\":\"https:\/\/sexshop.cm\/produit\/vibromasseur-stimulateur-de-clitoris-pour-femme\/\",\"name\":\"- Achetez et Commandez Discr\u00e8tement vos Vibromasseur Stimulateur de Clitoris pour Femme au Cameroun -\",\"isPartOf\":{\"@id\":\"https:\/\/sexshop.cm\/#website\"},\"datePublished\":\"2022-10-07T13:40:18+00:00\",\"dateModified\":\"2025-01-17T19:56:23+00:00\",\"description\":\"Commandez vos meilleurs Vibromasseur Stimulateur de Clitoris pour Femme \u00e0 bons prix partout au Cameroun et faites vous livrer discr\u00e8tement, sur H\u00e9donia, le meilleur site de vente en ligne de sextoys au Cameroun. - Whatsapp: +237 672588687\",\"breadcrumb\":{\"@id\":\"https:\/\/sexshop.cm\/produit\/vibromasseur-stimulateur-de-clitoris-pour-femme\/#breadcrumb\"},\"inLanguage\":\"en-US\",\"potentialAction\":[{\"@type\":\"ReadAction\",\"target\":[\"https:\/\/sexshop.cm\/produit\/vibromasseur-stimulateur-de-clitoris-pour-femme\/\"]}]},{\"@type\":\"BreadcrumbList\",\"@id\":\"https:\/\/sexshop.cm\/produit\/vibromasseur-stimulateur-de-clitoris-pour-femme\/#breadcrumb\",\"itemListElement\":[{\"@type\":\"ListItem\",\"position\":1,\"name\":\"Accueil\",\"item\":\"https:\/\/sexshop.cm\/en\/online-sexshop-in-cameroon\/\"},{\"@type\":\"ListItem\",\"position\":2,\"name\":\"Shop\",\"item\":\"https:\/\/sexshop.cm\/shop\/\"},{\"@type\":\"ListItem\",\"position\":3,\"name\":\"Vibromasseur Stimulateur de Clitoris pour Femme\"}]},{\"@type\":\"WebSite\",\"@id\":\"https:\/\/sexshop.cm\/#website\",\"url\":\"https:\/\/sexshop.cm\/\",\"name\":\"H\u00e9donia\",\"description\":\"SexShop en ligne - Boutique de sextoys et objets coquins en ligne au Cameroun\",\"publisher\":{\"@id\":\"https:\/\/sexshop.cm\/#organization\"},\"potentialAction\":[{\"@type\":\"SearchAction\",\"target\":{\"@type\":\"EntryPoint\",\"urlTemplate\":\"https:\/\/sexshop.cm\/?s={search_term_string}\"},\"query-input\":\"required name=search_term_string\"}],\"inLanguage\":\"en-US\"},{\"@type\":\"Organization\",\"@id\":\"https:\/\/sexshop.cm\/#organization\",\"name\":\"H\u00e9donia\",\"alternateName\":\"Boutique de Sextoys en ligne au Cameroun\",\"url\":\"https:\/\/sexshop.cm\/\",\"logo\":{\"@type\":\"ImageObject\",\"inLanguage\":\"en-US\",\"@id\":\"https:\/\/sexshop.cm\/#\/schema\/logo\/image\/\",\"url\":\"https:\/\/sexshop.cm\/wp-content\/uploads\/2022\/10\/logo-680-hedonia.png.200x100_q85_background-f8f9fa.png\",\"contentUrl\":\"https:\/\/sexshop.cm\/wp-content\/uploads\/2022\/10\/logo-680-hedonia.png.200x100_q85_background-f8f9fa.png\",\"width\":2222,\"height\":534,\"caption\":\"H\u00e9donia\"},\"image\":{\"@id\":\"https:\/\/sexshop.cm\/#\/schema\/logo\/image\/\"}}]}<\/script>\n<meta property=\"product:price:amount\" content=\"25000\" \/>\n<meta property=\"product:price:currency\" content=\"XAF\" \/>\n<meta property=\"og:availability\" content=\"out of stock\" \/>\n<meta property=\"product:availability\" content=\"out of stock\" \/>\n<meta property=\"product:retailer_item_id\" content=\"32958909860\" \/>\n<meta property=\"product:condition\" content=\"new\" \/>\n<!-- \/ Yoast SEO Premium plugin. -->","yoast_head_json":{"title":"- Achetez et Commandez Discr\u00e8tement vos Vibromasseur Stimulateur de Clitoris pour Femme au Cameroun -","description":"Commandez vos meilleurs Vibromasseur Stimulateur de Clitoris pour Femme \u00e0 bons prix partout au Cameroun et faites vous livrer discr\u00e8tement, sur H\u00e9donia, le meilleur site de vente en ligne de sextoys au Cameroun. - Whatsapp: +237 672588687","robots":{"index":"index","follow":"follow","max-snippet":"max-snippet:-1","max-image-preview":"max-image-preview:large","max-video-preview":"max-video-preview:-1"},"canonical":"https:\/\/sexshop.cm\/produit\/vibromasseur-stimulateur-de-clitoris-pour-femme\/","og_locale":"en_US","og_type":"article","og_title":"Vibromasseur Stimulateur de Clitoris pour Femme","og_description":"Vibromasseur Stimulateur de Clitoris pour Femme - H\u00e9donia","og_url":"https:\/\/sexshop.cm\/produit\/vibromasseur-stimulateur-de-clitoris-pour-femme\/","og_site_name":"H\u00e9donia","article_modified_time":"2025-01-17T19:56:23+00:00","og_image":[{"width":1000,"height":1000,"url":"http:\/\/sexshop.cm\/wp-content\/uploads\/2022\/10\/Vibromasseur-Stimulateur-de-Clitoris-pour-Femme-Adulte-Puissante-Gode-Vibrant-Baguette-Magique-Sex-Toy-Jouet-Stimulation.jpg","type":"image\/jpeg"}],"twitter_card":"summary_large_image","twitter_misc":{"Price":"25000&nbsp;CFA","Availability":"Out of stock"},"schema":{"@context":"https:\/\/schema.org","@graph":[{"@type":"WebPage","@id":"https:\/\/sexshop.cm\/produit\/vibromasseur-stimulateur-de-clitoris-pour-femme\/","url":"https:\/\/sexshop.cm\/produit\/vibromasseur-stimulateur-de-clitoris-pour-femme\/","name":"- Achetez et Commandez Discr\u00e8tement vos Vibromasseur Stimulateur de Clitoris pour Femme au Cameroun -","isPartOf":{"@id":"https:\/\/sexshop.cm\/#website"},"datePublished":"2022-10-07T13:40:18+00:00","dateModified":"2025-01-17T19:56:23+00:00","description":"Commandez vos meilleurs Vibromasseur Stimulateur de Clitoris pour Femme \u00e0 bons prix partout au Cameroun et faites vous livrer discr\u00e8tement, sur H\u00e9donia, le meilleur site de vente en ligne de sextoys au Cameroun. - Whatsapp: +237 672588687","breadcrumb":{"@id":"https:\/\/sexshop.cm\/produit\/vibromasseur-stimulateur-de-clitoris-pour-femme\/#breadcrumb"},"inLanguage":"en-US","potentialAction":[{"@type":"ReadAction","target":["https:\/\/sexshop.cm\/produit\/vibromasseur-stimulateur-de-clitoris-pour-femme\/"]}]},{"@type":"BreadcrumbList","@id":"https:\/\/sexshop.cm\/produit\/vibromasseur-stimulateur-de-clitoris-pour-femme\/#breadcrumb","itemListElement":[{"@type":"ListItem","position":1,"name":"Accueil","item":"https:\/\/sexshop.cm\/en\/online-sexshop-in-cameroon\/"},{"@type":"ListItem","position":2,"name":"Shop","item":"https:\/\/sexshop.cm\/shop\/"},{"@type":"ListItem","position":3,"name":"Vibromasseur Stimulateur de Clitoris pour Femme"}]},{"@type":"WebSite","@id":"https:\/\/sexshop.cm\/#website","url":"https:\/\/sexshop.cm\/","name":"H\u00e9donia","description":"SexShop en ligne - Boutique de sextoys et objets coquins en ligne au Cameroun","publisher":{"@id":"https:\/\/sexshop.cm\/#organization"},"potentialAction":[{"@type":"SearchAction","target":{"@type":"EntryPoint","urlTemplate":"https:\/\/sexshop.cm\/?s={search_term_string}"},"query-input":"required name=search_term_string"}],"inLanguage":"en-US"},{"@type":"Organization","@id":"https:\/\/sexshop.cm\/#organization","name":"H\u00e9donia","alternateName":"Boutique de Sextoys en ligne au Cameroun","url":"https:\/\/sexshop.cm\/","logo":{"@type":"ImageObject","inLanguage":"en-US","@id":"https:\/\/sexshop.cm\/#\/schema\/logo\/image\/","url":"https:\/\/sexshop.cm\/wp-content\/uploads\/2022\/10\/logo-680-hedonia.png.200x100_q85_background-f8f9fa.png","contentUrl":"https:\/\/sexshop.cm\/wp-content\/uploads\/2022\/10\/logo-680-hedonia.png.200x100_q85_background-f8f9fa.png","width":2222,"height":534,"caption":"H\u00e9donia"},"image":{"@id":"https:\/\/sexshop.cm\/#\/schema\/logo\/image\/"}}]},"product_price_amount":"25000","product_price_currency":"XAF","og_availability":"out of stock","product_availability":"out of stock","product_retailer_item_id":"32958909860","product_condition":"new"},"_links":{"self":[{"href":"https:\/\/sexshop.cm\/en\/wp-json\/wp\/v2\/product\/6818"}],"collection":[{"href":"https:\/\/sexshop.cm\/en\/wp-json\/wp\/v2\/product"}],"about":[{"href":"https:\/\/sexshop.cm\/en\/wp-json\/wp\/v2\/types\/product"}],"replies":[{"embeddable":true,"href":"https:\/\/sexshop.cm\/en\/wp-json\/wp\/v2\/comments?post=6818"}],"wp:featuredmedia":[{"embeddable":true,"href":"https:\/\/sexshop.cm\/en\/wp-json\/wp\/v2\/media\/6819"}],"wp:attachment":[{"href":"https:\/\/sexshop.cm\/en\/wp-json\/wp\/v2\/media?parent=6818"}],"wp:term":[{"taxonomy":"brand","embeddable":true,"href":"https:\/\/sexshop.cm\/en\/wp-json\/wp\/v2\/etheme_brands?post=6818"},{"taxonomy":"product_cat","embeddable":true,"href":"https:\/\/sexshop.cm\/en\/wp-json\/wp\/v2\/product_cat?post=6818"},{"taxonomy":"product_tag","embeddable":true,"href":"https:\/\/sexshop.cm\/en\/wp-json\/wp\/v2\/product_tag?post=6818"}],"curies":[{"name":"wp","href":"https:\/\/api.w.org\/{rel}","templated":true}]}}