{"id":6908,"date":"2022-10-08T10:24:06","date_gmt":"2022-10-08T09:24:06","guid":{"rendered":"https:\/\/sexshop.cm\/?post_type=product&#038;p=6908"},"modified":"2024-07-07T04:47:07","modified_gmt":"2024-07-07T03:47:07","slug":"poutoulou-poudre-ankoro-100-naturel","status":"publish","type":"product","link":"https:\/\/sexshop.cm\/en\/produit\/poutoulou-poudre-ankoro-100-naturel\/","title":{"rendered":"Poutoulou (poudre ankoro) \u2013 100% naturel"},"content":{"rendered":"<p>Vos parties de plaisir ne durent que quelque minutes, d\u00e9couvrez la poudre Ankoro (le poutoulou)<br \/>\nVous en avez ras le bol de ne pas satisfaire votre compagne, votre \u00e9pouse, votre petite amie? Vos parties de plaisir ne durent que quelques minutes? Aujourd&#8217;hui nous avons la solution pour vous, la solution \u00e0 votre \u00e9jaculation pr\u00e9coce. Retrouvez votre endurance avec le poutoulou un aphrodisiaque 100% naturel. Surprenez votre conjointe avec une endurance comme elle ne l&#8217;a jamais vu avec une \u00e9jaculation possible apr\u00e8s une 1 heure au moins.<\/p>\n<p>Cette poudre a pour r\u00f4le de revitaliser les tissus \u00e9rectiles du p\u00e9nis et agit directement sur votre sexe qui va vous stimuler, retarder votre \u00e9jaculation afin de profiter pendant longtemps de votre partenaire.<\/p>\n<p>&nbsp;<\/p>\n<p>Comment ca marche?<br \/>\nSimple d&#8217;utilisation, appliquez le poutoulou sur votre gland pr\u00e9alablement humide 30 \u00e0 45 minutes avant votre moment intime, laissez s\u00e9cher 1 \u00e0 2 minutes avant d&#8217;enfiler un pr\u00e9servatif pour acc\u00e9l\u00e9rer le processus. Il est recommand\u00e9 45 minutes avant pour une efficacit\u00e9 optimale. Nettoyez-vous le sexe et vos mains afin d&#8217;\u00e9liminer tous les r\u00e9sidus de poudre avant tout acte.<\/p>\n<p>&nbsp;<\/p>\n<p>Commandez maintenant et profitez<\/p>\n","protected":false},"excerpt":{"rendered":"<p>Retrouvez votre endurance avec le poutoulou un aphrodisiaque 100% naturel. Surprenez votre conjointe avec une endurance comme elle ne l&#8217;a jamais vu avec une \u00e9jaculation possible apr\u00e8s une 1 heure au moins.<\/p>\n","protected":false},"featured_media":6910,"comment_status":"open","ping_status":"closed","template":"","meta":{"_joinchat":[]},"etheme_brands":[],"product_cat":[285],"product_tag":[],"yoast_head":"<!-- This site is optimized with the Yoast SEO Premium plugin v19.3 (Yoast SEO v21.5) - https:\/\/yoast.com\/wordpress\/plugins\/seo\/ -->\n<title>- Achetez et Commandez Discr\u00e8tement vos Poutoulou (poudre ankoro) \u2013 100% naturel au Cameroun -<\/title>\n<meta name=\"description\" content=\"Commandez vos meilleurs Poutoulou (poudre ankoro) \u2013 100% naturel \u00e0 bons prix partout au Cameroun et faites vous livrer discr\u00e8tement, sur H\u00e9donia, le meilleur site de vente en ligne de sextoys au Cameroun. - Whatsapp: +237 672588687\" \/>\n<meta name=\"robots\" content=\"index, follow, max-snippet:-1, max-image-preview:large, max-video-preview:-1\" \/>\n<link rel=\"canonical\" href=\"https:\/\/sexshop.cm\/produit\/poutoulou-poudre-ankoro-100-naturel\/\" \/>\n<meta property=\"og:locale\" content=\"en_US\" \/>\n<meta property=\"og:type\" content=\"article\" \/>\n<meta property=\"og:title\" content=\"Poutoulou (poudre ankoro) \u2013 100% naturel\" \/>\n<meta property=\"og:description\" content=\"Poutoulou (poudre ankoro) \u2013 100% naturel - H\u00e9donia\" \/>\n<meta property=\"og:url\" content=\"https:\/\/sexshop.cm\/produit\/poutoulou-poudre-ankoro-100-naturel\/\" \/>\n<meta property=\"og:site_name\" content=\"H\u00e9donia\" \/>\n<meta property=\"article:modified_time\" content=\"2024-07-07T03:47:07+00:00\" \/>\n<meta property=\"og:image\" content=\"http:\/\/sexshop.cm\/wp-content\/uploads\/2022\/10\/0065731_poutoulou-poudre-ankoro-100-naturel_550.jpeg\" \/>\n\t<meta property=\"og:image:width\" content=\"335\" \/>\n\t<meta property=\"og:image:height\" content=\"550\" \/>\n\t<meta property=\"og:image:type\" content=\"image\/jpeg\" \/>\n<meta name=\"twitter:card\" content=\"summary_large_image\" \/>\n<meta name=\"twitter:label1\" content=\"Price\" \/>\n\t<meta name=\"twitter:data1\" content=\"20000&nbsp;CFA\" \/>\n\t<meta name=\"twitter:label2\" content=\"Availability\" \/>\n\t<meta name=\"twitter:data2\" content=\"Out of stock\" \/>\n<script type=\"application\/ld+json\" class=\"yoast-schema-graph\">{\"@context\":\"https:\/\/schema.org\",\"@graph\":[{\"@type\":\"WebPage\",\"@id\":\"https:\/\/sexshop.cm\/produit\/poutoulou-poudre-ankoro-100-naturel\/\",\"url\":\"https:\/\/sexshop.cm\/produit\/poutoulou-poudre-ankoro-100-naturel\/\",\"name\":\"- Achetez et Commandez Discr\u00e8tement vos Poutoulou (poudre ankoro) \u2013 100% naturel au Cameroun -\",\"isPartOf\":{\"@id\":\"https:\/\/sexshop.cm\/#website\"},\"datePublished\":\"2022-10-08T09:24:06+00:00\",\"dateModified\":\"2024-07-07T03:47:07+00:00\",\"description\":\"Commandez vos meilleurs Poutoulou (poudre ankoro) \u2013 100% naturel \u00e0 bons prix partout au Cameroun et faites vous livrer discr\u00e8tement, sur H\u00e9donia, le meilleur site de vente en ligne de sextoys au Cameroun. - Whatsapp: +237 672588687\",\"breadcrumb\":{\"@id\":\"https:\/\/sexshop.cm\/produit\/poutoulou-poudre-ankoro-100-naturel\/#breadcrumb\"},\"inLanguage\":\"en-US\",\"potentialAction\":[{\"@type\":\"ReadAction\",\"target\":[\"https:\/\/sexshop.cm\/produit\/poutoulou-poudre-ankoro-100-naturel\/\"]}]},{\"@type\":\"BreadcrumbList\",\"@id\":\"https:\/\/sexshop.cm\/produit\/poutoulou-poudre-ankoro-100-naturel\/#breadcrumb\",\"itemListElement\":[{\"@type\":\"ListItem\",\"position\":1,\"name\":\"Accueil\",\"item\":\"https:\/\/sexshop.cm\/en\/online-sexshop-in-cameroon\/\"},{\"@type\":\"ListItem\",\"position\":2,\"name\":\"Shop\",\"item\":\"https:\/\/sexshop.cm\/shop\/\"},{\"@type\":\"ListItem\",\"position\":3,\"name\":\"Poutoulou (poudre ankoro) \u2013 100% naturel\"}]},{\"@type\":\"WebSite\",\"@id\":\"https:\/\/sexshop.cm\/#website\",\"url\":\"https:\/\/sexshop.cm\/\",\"name\":\"H\u00e9donia\",\"description\":\"SexShop en ligne - Boutique de sextoys et objets coquins en ligne au Cameroun\",\"publisher\":{\"@id\":\"https:\/\/sexshop.cm\/#organization\"},\"potentialAction\":[{\"@type\":\"SearchAction\",\"target\":{\"@type\":\"EntryPoint\",\"urlTemplate\":\"https:\/\/sexshop.cm\/?s={search_term_string}\"},\"query-input\":\"required name=search_term_string\"}],\"inLanguage\":\"en-US\"},{\"@type\":\"Organization\",\"@id\":\"https:\/\/sexshop.cm\/#organization\",\"name\":\"H\u00e9donia\",\"alternateName\":\"Boutique de Sextoys en ligne au Cameroun\",\"url\":\"https:\/\/sexshop.cm\/\",\"logo\":{\"@type\":\"ImageObject\",\"inLanguage\":\"en-US\",\"@id\":\"https:\/\/sexshop.cm\/#\/schema\/logo\/image\/\",\"url\":\"https:\/\/sexshop.cm\/wp-content\/uploads\/2022\/10\/logo-680-hedonia.png.200x100_q85_background-f8f9fa.png\",\"contentUrl\":\"https:\/\/sexshop.cm\/wp-content\/uploads\/2022\/10\/logo-680-hedonia.png.200x100_q85_background-f8f9fa.png\",\"width\":2222,\"height\":534,\"caption\":\"H\u00e9donia\"},\"image\":{\"@id\":\"https:\/\/sexshop.cm\/#\/schema\/logo\/image\/\"}}]}<\/script>\n<meta property=\"product:price:amount\" content=\"20000\" \/>\n<meta property=\"product:price:currency\" content=\"XAF\" \/>\n<meta property=\"og:availability\" content=\"out of stock\" \/>\n<meta property=\"product:availability\" content=\"out of stock\" \/>\n<meta property=\"product:condition\" content=\"new\" \/>\n<!-- \/ Yoast SEO Premium plugin. -->","yoast_head_json":{"title":"- Achetez et Commandez Discr\u00e8tement vos Poutoulou (poudre ankoro) \u2013 100% naturel au Cameroun -","description":"Commandez vos meilleurs Poutoulou (poudre ankoro) \u2013 100% naturel \u00e0 bons prix partout au Cameroun et faites vous livrer discr\u00e8tement, sur H\u00e9donia, le meilleur site de vente en ligne de sextoys au Cameroun. - Whatsapp: +237 672588687","robots":{"index":"index","follow":"follow","max-snippet":"max-snippet:-1","max-image-preview":"max-image-preview:large","max-video-preview":"max-video-preview:-1"},"canonical":"https:\/\/sexshop.cm\/produit\/poutoulou-poudre-ankoro-100-naturel\/","og_locale":"en_US","og_type":"article","og_title":"Poutoulou (poudre ankoro) \u2013 100% naturel","og_description":"Poutoulou (poudre ankoro) \u2013 100% naturel - H\u00e9donia","og_url":"https:\/\/sexshop.cm\/produit\/poutoulou-poudre-ankoro-100-naturel\/","og_site_name":"H\u00e9donia","article_modified_time":"2024-07-07T03:47:07+00:00","og_image":[{"width":335,"height":550,"url":"http:\/\/sexshop.cm\/wp-content\/uploads\/2022\/10\/0065731_poutoulou-poudre-ankoro-100-naturel_550.jpeg","type":"image\/jpeg"}],"twitter_card":"summary_large_image","twitter_misc":{"Price":"20000&nbsp;CFA","Availability":"Out of stock"},"schema":{"@context":"https:\/\/schema.org","@graph":[{"@type":"WebPage","@id":"https:\/\/sexshop.cm\/produit\/poutoulou-poudre-ankoro-100-naturel\/","url":"https:\/\/sexshop.cm\/produit\/poutoulou-poudre-ankoro-100-naturel\/","name":"- Achetez et Commandez Discr\u00e8tement vos Poutoulou (poudre ankoro) \u2013 100% naturel au Cameroun -","isPartOf":{"@id":"https:\/\/sexshop.cm\/#website"},"datePublished":"2022-10-08T09:24:06+00:00","dateModified":"2024-07-07T03:47:07+00:00","description":"Commandez vos meilleurs Poutoulou (poudre ankoro) \u2013 100% naturel \u00e0 bons prix partout au Cameroun et faites vous livrer discr\u00e8tement, sur H\u00e9donia, le meilleur site de vente en ligne de sextoys au Cameroun. - Whatsapp: +237 672588687","breadcrumb":{"@id":"https:\/\/sexshop.cm\/produit\/poutoulou-poudre-ankoro-100-naturel\/#breadcrumb"},"inLanguage":"en-US","potentialAction":[{"@type":"ReadAction","target":["https:\/\/sexshop.cm\/produit\/poutoulou-poudre-ankoro-100-naturel\/"]}]},{"@type":"BreadcrumbList","@id":"https:\/\/sexshop.cm\/produit\/poutoulou-poudre-ankoro-100-naturel\/#breadcrumb","itemListElement":[{"@type":"ListItem","position":1,"name":"Accueil","item":"https:\/\/sexshop.cm\/en\/online-sexshop-in-cameroon\/"},{"@type":"ListItem","position":2,"name":"Shop","item":"https:\/\/sexshop.cm\/shop\/"},{"@type":"ListItem","position":3,"name":"Poutoulou (poudre ankoro) \u2013 100% naturel"}]},{"@type":"WebSite","@id":"https:\/\/sexshop.cm\/#website","url":"https:\/\/sexshop.cm\/","name":"H\u00e9donia","description":"SexShop en ligne - Boutique de sextoys et objets coquins en ligne au Cameroun","publisher":{"@id":"https:\/\/sexshop.cm\/#organization"},"potentialAction":[{"@type":"SearchAction","target":{"@type":"EntryPoint","urlTemplate":"https:\/\/sexshop.cm\/?s={search_term_string}"},"query-input":"required name=search_term_string"}],"inLanguage":"en-US"},{"@type":"Organization","@id":"https:\/\/sexshop.cm\/#organization","name":"H\u00e9donia","alternateName":"Boutique de Sextoys en ligne au Cameroun","url":"https:\/\/sexshop.cm\/","logo":{"@type":"ImageObject","inLanguage":"en-US","@id":"https:\/\/sexshop.cm\/#\/schema\/logo\/image\/","url":"https:\/\/sexshop.cm\/wp-content\/uploads\/2022\/10\/logo-680-hedonia.png.200x100_q85_background-f8f9fa.png","contentUrl":"https:\/\/sexshop.cm\/wp-content\/uploads\/2022\/10\/logo-680-hedonia.png.200x100_q85_background-f8f9fa.png","width":2222,"height":534,"caption":"H\u00e9donia"},"image":{"@id":"https:\/\/sexshop.cm\/#\/schema\/logo\/image\/"}}]},"product_price_amount":"20000","product_price_currency":"XAF","og_availability":"out of stock","product_availability":"out of stock","product_condition":"new"},"_links":{"self":[{"href":"https:\/\/sexshop.cm\/en\/wp-json\/wp\/v2\/product\/6908"}],"collection":[{"href":"https:\/\/sexshop.cm\/en\/wp-json\/wp\/v2\/product"}],"about":[{"href":"https:\/\/sexshop.cm\/en\/wp-json\/wp\/v2\/types\/product"}],"replies":[{"embeddable":true,"href":"https:\/\/sexshop.cm\/en\/wp-json\/wp\/v2\/comments?post=6908"}],"wp:featuredmedia":[{"embeddable":true,"href":"https:\/\/sexshop.cm\/en\/wp-json\/wp\/v2\/media\/6910"}],"wp:attachment":[{"href":"https:\/\/sexshop.cm\/en\/wp-json\/wp\/v2\/media?parent=6908"}],"wp:term":[{"taxonomy":"brand","embeddable":true,"href":"https:\/\/sexshop.cm\/en\/wp-json\/wp\/v2\/etheme_brands?post=6908"},{"taxonomy":"product_cat","embeddable":true,"href":"https:\/\/sexshop.cm\/en\/wp-json\/wp\/v2\/product_cat?post=6908"},{"taxonomy":"product_tag","embeddable":true,"href":"https:\/\/sexshop.cm\/en\/wp-json\/wp\/v2\/product_tag?post=6908"}],"curies":[{"name":"wp","href":"https:\/\/api.w.org\/{rel}","templated":true}]}}