{"id":6990,"date":"2022-12-03T09:06:44","date_gmt":"2022-12-03T08:06:44","guid":{"rendered":"https:\/\/sexshop.cm\/produit\/lubrifiant-sexuel-100ml-a-base-deau-saveur-de-fruits-gel-pour-penis-vaginal\/"},"modified":"2023-08-27T12:45:57","modified_gmt":"2023-08-27T11:45:57","slug":"lubrifiant-sexuel-100ml-a-base-deau-saveur-de-fruits-gel-pour-penis-vaginal","status":"publish","type":"product","link":"https:\/\/sexshop.cm\/en\/produit\/lubrifiant-sexuel-100ml-a-base-deau-saveur-de-fruits-gel-pour-penis-vaginal\/","title":{"rendered":"Lubrifiant sexuel 100ml \u00e0 base d&#8217;eau, saveur de fruits, Gel pour p\u00e9nis Vaginal"},"content":{"rendered":"<div class=\"detailmodule_html\">\n<div class=\"detail-desc-decorate-richtext\">\n<div><img decoding=\"async\" class=\"detail-desc-decorate-image\" style=\"margin-bottom: 10px;\" src=\"https:\/\/ae01.alicdn.com\/kf\/He2c50ba630ca4c67b9c6c04fd18c08caj.jpg\" \/><img decoding=\"async\" class=\"detail-desc-decorate-image\" style=\"margin-bottom: 10px;\" src=\"https:\/\/ae01.alicdn.com\/kf\/H0354dba282164731bb9f584c4325aa9aw.jpg\" \/><img decoding=\"async\" class=\"detail-desc-decorate-image\" style=\"margin-bottom: 10px;\" src=\"https:\/\/ae01.alicdn.com\/kf\/H446364db0bde4a63b4b59008a5aa0748g.jpg\" \/><img decoding=\"async\" class=\"detail-desc-decorate-image\" style=\"margin-bottom: 10px;\" src=\"https:\/\/ae01.alicdn.com\/kf\/H30786134949740c4a1e27fbbb62226f23.jpg\" \/><img decoding=\"async\" class=\"detail-desc-decorate-image\" style=\"margin-bottom: 10px;\" src=\"https:\/\/ae01.alicdn.com\/kf\/Hcc253675c64c4390a931539f14980726W.jpg\" \/><img decoding=\"async\" class=\"detail-desc-decorate-image\" style=\"margin-bottom: 10px;\" src=\"https:\/\/ae01.alicdn.com\/kf\/Hee495dff7a4149d9bdfd8fd98436a89cG.jpg\" \/><\/div>\n<\/div>\n<\/div>\n","protected":false},"excerpt":{"rendered":"","protected":false},"featured_media":6991,"comment_status":"open","ping_status":"closed","template":"","meta":{"_joinchat":[]},"etheme_brands":[],"product_cat":[51],"product_tag":[],"yoast_head":"<!-- This site is optimized with the Yoast SEO Premium plugin v19.3 (Yoast SEO v21.5) - https:\/\/yoast.com\/wordpress\/plugins\/seo\/ -->\n<title>- Achetez et Commandez Discr\u00e8tement vos Lubrifiant sexuel 100ml \u00e0 base d&#039;eau, saveur de fruits, Gel pour p\u00e9nis Vaginal au Cameroun -<\/title>\n<meta name=\"description\" content=\"Commandez vos meilleurs Lubrifiant sexuel 100ml \u00e0 base d&#039;eau, saveur de fruits, Gel pour p\u00e9nis Vaginal \u00e0 bons prix partout au Cameroun et faites vous livrer discr\u00e8tement, sur H\u00e9donia, le meilleur site de vente en ligne de sextoys au Cameroun. - Whatsapp: +237 672588687\" \/>\n<meta name=\"robots\" content=\"index, follow, max-snippet:-1, max-image-preview:large, max-video-preview:-1\" \/>\n<link rel=\"canonical\" href=\"https:\/\/sexshop.cm\/produit\/lubrifiant-sexuel-100ml-a-base-deau-saveur-de-fruits-gel-pour-penis-vaginal\/\" \/>\n<meta property=\"og:locale\" content=\"en_US\" \/>\n<meta property=\"og:type\" content=\"article\" \/>\n<meta property=\"og:title\" content=\"Lubrifiant sexuel 100ml \u00e0 base d&#039;eau, saveur de fruits, Gel pour p\u00e9nis Vaginal\" \/>\n<meta property=\"og:description\" content=\"Lubrifiant sexuel 100ml \u00e0 base d&#039;eau, saveur de fruits, Gel pour p\u00e9nis Vaginal - H\u00e9donia\" \/>\n<meta property=\"og:url\" content=\"https:\/\/sexshop.cm\/produit\/lubrifiant-sexuel-100ml-a-base-deau-saveur-de-fruits-gel-pour-penis-vaginal\/\" \/>\n<meta property=\"og:site_name\" content=\"H\u00e9donia\" \/>\n<meta property=\"article:modified_time\" content=\"2023-08-27T11:45:57+00:00\" \/>\n<meta property=\"og:image\" content=\"http:\/\/sexshop.cm\/wp-content\/uploads\/2022\/12\/Lubrifiant-sexuel-100ml-base-d-eau-saveur-de-fruits-Gel-pour-p-nis-Vaginal-ph-romone.jpg\" \/>\n\t<meta property=\"og:image:width\" content=\"1000\" \/>\n\t<meta property=\"og:image:height\" content=\"1000\" \/>\n\t<meta property=\"og:image:type\" content=\"image\/jpeg\" \/>\n<meta name=\"twitter:card\" content=\"summary_large_image\" \/>\n<meta name=\"twitter:label1\" content=\"Price\" \/>\n\t<meta name=\"twitter:data1\" content=\"8500&nbsp;CFA\" \/>\n\t<meta name=\"twitter:label2\" content=\"Availability\" \/>\n\t<meta name=\"twitter:data2\" content=\"In stock\" \/>\n<script type=\"application\/ld+json\" class=\"yoast-schema-graph\">{\"@context\":\"https:\/\/schema.org\",\"@graph\":[{\"@type\":\"WebPage\",\"@id\":\"https:\/\/sexshop.cm\/produit\/lubrifiant-sexuel-100ml-a-base-deau-saveur-de-fruits-gel-pour-penis-vaginal\/\",\"url\":\"https:\/\/sexshop.cm\/produit\/lubrifiant-sexuel-100ml-a-base-deau-saveur-de-fruits-gel-pour-penis-vaginal\/\",\"name\":\"- Achetez et Commandez Discr\u00e8tement vos Lubrifiant sexuel 100ml \u00e0 base d'eau, saveur de fruits, Gel pour p\u00e9nis Vaginal au Cameroun -\",\"isPartOf\":{\"@id\":\"https:\/\/sexshop.cm\/#website\"},\"datePublished\":\"2022-12-03T08:06:44+00:00\",\"dateModified\":\"2023-08-27T11:45:57+00:00\",\"description\":\"Commandez vos meilleurs Lubrifiant sexuel 100ml \u00e0 base d'eau, saveur de fruits, Gel pour p\u00e9nis Vaginal \u00e0 bons prix partout au Cameroun et faites vous livrer discr\u00e8tement, sur H\u00e9donia, le meilleur site de vente en ligne de sextoys au Cameroun. - Whatsapp: +237 672588687\",\"breadcrumb\":{\"@id\":\"https:\/\/sexshop.cm\/produit\/lubrifiant-sexuel-100ml-a-base-deau-saveur-de-fruits-gel-pour-penis-vaginal\/#breadcrumb\"},\"inLanguage\":\"en-US\",\"potentialAction\":[{\"@type\":\"ReadAction\",\"target\":[\"https:\/\/sexshop.cm\/produit\/lubrifiant-sexuel-100ml-a-base-deau-saveur-de-fruits-gel-pour-penis-vaginal\/\"]}]},{\"@type\":\"BreadcrumbList\",\"@id\":\"https:\/\/sexshop.cm\/produit\/lubrifiant-sexuel-100ml-a-base-deau-saveur-de-fruits-gel-pour-penis-vaginal\/#breadcrumb\",\"itemListElement\":[{\"@type\":\"ListItem\",\"position\":1,\"name\":\"Accueil\",\"item\":\"https:\/\/sexshop.cm\/en\/online-sexshop-in-cameroon\/\"},{\"@type\":\"ListItem\",\"position\":2,\"name\":\"Shop\",\"item\":\"https:\/\/sexshop.cm\/shop\/\"},{\"@type\":\"ListItem\",\"position\":3,\"name\":\"Lubrifiant sexuel 100ml \u00e0 base d&#8217;eau, saveur de fruits, Gel pour p\u00e9nis Vaginal\"}]},{\"@type\":\"WebSite\",\"@id\":\"https:\/\/sexshop.cm\/#website\",\"url\":\"https:\/\/sexshop.cm\/\",\"name\":\"H\u00e9donia\",\"description\":\"SexShop en ligne - Boutique de sextoys et objets coquins en ligne au Cameroun\",\"publisher\":{\"@id\":\"https:\/\/sexshop.cm\/#organization\"},\"potentialAction\":[{\"@type\":\"SearchAction\",\"target\":{\"@type\":\"EntryPoint\",\"urlTemplate\":\"https:\/\/sexshop.cm\/?s={search_term_string}\"},\"query-input\":\"required name=search_term_string\"}],\"inLanguage\":\"en-US\"},{\"@type\":\"Organization\",\"@id\":\"https:\/\/sexshop.cm\/#organization\",\"name\":\"H\u00e9donia\",\"alternateName\":\"Boutique de Sextoys en ligne au Cameroun\",\"url\":\"https:\/\/sexshop.cm\/\",\"logo\":{\"@type\":\"ImageObject\",\"inLanguage\":\"en-US\",\"@id\":\"https:\/\/sexshop.cm\/#\/schema\/logo\/image\/\",\"url\":\"https:\/\/sexshop.cm\/wp-content\/uploads\/2022\/10\/logo-680-hedonia.png.200x100_q85_background-f8f9fa.png\",\"contentUrl\":\"https:\/\/sexshop.cm\/wp-content\/uploads\/2022\/10\/logo-680-hedonia.png.200x100_q85_background-f8f9fa.png\",\"width\":2222,\"height\":534,\"caption\":\"H\u00e9donia\"},\"image\":{\"@id\":\"https:\/\/sexshop.cm\/#\/schema\/logo\/image\/\"}}]}<\/script>\n<meta property=\"product:price:amount\" content=\"8500\" \/>\n<meta property=\"product:price:currency\" content=\"XAF\" \/>\n<meta property=\"og:availability\" content=\"instock\" \/>\n<meta property=\"product:availability\" content=\"instock\" \/>\n<meta property=\"product:retailer_item_id\" content=\"1005002237867091\" \/>\n<meta property=\"product:condition\" content=\"new\" \/>\n<!-- \/ Yoast SEO Premium plugin. -->","yoast_head_json":{"title":"- Achetez et Commandez Discr\u00e8tement vos Lubrifiant sexuel 100ml \u00e0 base d'eau, saveur de fruits, Gel pour p\u00e9nis Vaginal au Cameroun -","description":"Commandez vos meilleurs Lubrifiant sexuel 100ml \u00e0 base d'eau, saveur de fruits, Gel pour p\u00e9nis Vaginal \u00e0 bons prix partout au Cameroun et faites vous livrer discr\u00e8tement, sur H\u00e9donia, le meilleur site de vente en ligne de sextoys au Cameroun. - Whatsapp: +237 672588687","robots":{"index":"index","follow":"follow","max-snippet":"max-snippet:-1","max-image-preview":"max-image-preview:large","max-video-preview":"max-video-preview:-1"},"canonical":"https:\/\/sexshop.cm\/produit\/lubrifiant-sexuel-100ml-a-base-deau-saveur-de-fruits-gel-pour-penis-vaginal\/","og_locale":"en_US","og_type":"article","og_title":"Lubrifiant sexuel 100ml \u00e0 base d'eau, saveur de fruits, Gel pour p\u00e9nis Vaginal","og_description":"Lubrifiant sexuel 100ml \u00e0 base d'eau, saveur de fruits, Gel pour p\u00e9nis Vaginal - H\u00e9donia","og_url":"https:\/\/sexshop.cm\/produit\/lubrifiant-sexuel-100ml-a-base-deau-saveur-de-fruits-gel-pour-penis-vaginal\/","og_site_name":"H\u00e9donia","article_modified_time":"2023-08-27T11:45:57+00:00","og_image":[{"width":1000,"height":1000,"url":"http:\/\/sexshop.cm\/wp-content\/uploads\/2022\/12\/Lubrifiant-sexuel-100ml-base-d-eau-saveur-de-fruits-Gel-pour-p-nis-Vaginal-ph-romone.jpg","type":"image\/jpeg"}],"twitter_card":"summary_large_image","twitter_misc":{"Price":"8500&nbsp;CFA","Availability":"In stock"},"schema":{"@context":"https:\/\/schema.org","@graph":[{"@type":"WebPage","@id":"https:\/\/sexshop.cm\/produit\/lubrifiant-sexuel-100ml-a-base-deau-saveur-de-fruits-gel-pour-penis-vaginal\/","url":"https:\/\/sexshop.cm\/produit\/lubrifiant-sexuel-100ml-a-base-deau-saveur-de-fruits-gel-pour-penis-vaginal\/","name":"- Achetez et Commandez Discr\u00e8tement vos Lubrifiant sexuel 100ml \u00e0 base d'eau, saveur de fruits, Gel pour p\u00e9nis Vaginal au Cameroun -","isPartOf":{"@id":"https:\/\/sexshop.cm\/#website"},"datePublished":"2022-12-03T08:06:44+00:00","dateModified":"2023-08-27T11:45:57+00:00","description":"Commandez vos meilleurs Lubrifiant sexuel 100ml \u00e0 base d'eau, saveur de fruits, Gel pour p\u00e9nis Vaginal \u00e0 bons prix partout au Cameroun et faites vous livrer discr\u00e8tement, sur H\u00e9donia, le meilleur site de vente en ligne de sextoys au Cameroun. - Whatsapp: +237 672588687","breadcrumb":{"@id":"https:\/\/sexshop.cm\/produit\/lubrifiant-sexuel-100ml-a-base-deau-saveur-de-fruits-gel-pour-penis-vaginal\/#breadcrumb"},"inLanguage":"en-US","potentialAction":[{"@type":"ReadAction","target":["https:\/\/sexshop.cm\/produit\/lubrifiant-sexuel-100ml-a-base-deau-saveur-de-fruits-gel-pour-penis-vaginal\/"]}]},{"@type":"BreadcrumbList","@id":"https:\/\/sexshop.cm\/produit\/lubrifiant-sexuel-100ml-a-base-deau-saveur-de-fruits-gel-pour-penis-vaginal\/#breadcrumb","itemListElement":[{"@type":"ListItem","position":1,"name":"Accueil","item":"https:\/\/sexshop.cm\/en\/online-sexshop-in-cameroon\/"},{"@type":"ListItem","position":2,"name":"Shop","item":"https:\/\/sexshop.cm\/shop\/"},{"@type":"ListItem","position":3,"name":"Lubrifiant sexuel 100ml \u00e0 base d&#8217;eau, saveur de fruits, Gel pour p\u00e9nis Vaginal"}]},{"@type":"WebSite","@id":"https:\/\/sexshop.cm\/#website","url":"https:\/\/sexshop.cm\/","name":"H\u00e9donia","description":"SexShop en ligne - Boutique de sextoys et objets coquins en ligne au Cameroun","publisher":{"@id":"https:\/\/sexshop.cm\/#organization"},"potentialAction":[{"@type":"SearchAction","target":{"@type":"EntryPoint","urlTemplate":"https:\/\/sexshop.cm\/?s={search_term_string}"},"query-input":"required name=search_term_string"}],"inLanguage":"en-US"},{"@type":"Organization","@id":"https:\/\/sexshop.cm\/#organization","name":"H\u00e9donia","alternateName":"Boutique de Sextoys en ligne au Cameroun","url":"https:\/\/sexshop.cm\/","logo":{"@type":"ImageObject","inLanguage":"en-US","@id":"https:\/\/sexshop.cm\/#\/schema\/logo\/image\/","url":"https:\/\/sexshop.cm\/wp-content\/uploads\/2022\/10\/logo-680-hedonia.png.200x100_q85_background-f8f9fa.png","contentUrl":"https:\/\/sexshop.cm\/wp-content\/uploads\/2022\/10\/logo-680-hedonia.png.200x100_q85_background-f8f9fa.png","width":2222,"height":534,"caption":"H\u00e9donia"},"image":{"@id":"https:\/\/sexshop.cm\/#\/schema\/logo\/image\/"}}]},"product_price_amount":"8500","product_price_currency":"XAF","og_availability":"instock","product_availability":"instock","product_retailer_item_id":"1005002237867091","product_condition":"new"},"_links":{"self":[{"href":"https:\/\/sexshop.cm\/en\/wp-json\/wp\/v2\/product\/6990"}],"collection":[{"href":"https:\/\/sexshop.cm\/en\/wp-json\/wp\/v2\/product"}],"about":[{"href":"https:\/\/sexshop.cm\/en\/wp-json\/wp\/v2\/types\/product"}],"replies":[{"embeddable":true,"href":"https:\/\/sexshop.cm\/en\/wp-json\/wp\/v2\/comments?post=6990"}],"wp:featuredmedia":[{"embeddable":true,"href":"https:\/\/sexshop.cm\/en\/wp-json\/wp\/v2\/media\/6991"}],"wp:attachment":[{"href":"https:\/\/sexshop.cm\/en\/wp-json\/wp\/v2\/media?parent=6990"}],"wp:term":[{"taxonomy":"brand","embeddable":true,"href":"https:\/\/sexshop.cm\/en\/wp-json\/wp\/v2\/etheme_brands?post=6990"},{"taxonomy":"product_cat","embeddable":true,"href":"https:\/\/sexshop.cm\/en\/wp-json\/wp\/v2\/product_cat?post=6990"},{"taxonomy":"product_tag","embeddable":true,"href":"https:\/\/sexshop.cm\/en\/wp-json\/wp\/v2\/product_tag?post=6990"}],"curies":[{"name":"wp","href":"https:\/\/api.w.org\/{rel}","templated":true}]}}