{"id":6994,"date":"2022-12-03T09:06:50","date_gmt":"2022-12-03T08:06:50","guid":{"rendered":"https:\/\/sexshop.cm\/produit\/gel-lubrifiant-comestible-a-base-deau-saveur-fraise-pour-sexe-oral-anal-masturbation-orgasme-vaginal\/"},"modified":"2025-04-11T22:23:44","modified_gmt":"2025-04-11T21:23:44","slug":"gel-lubrifiant-comestible-a-base-deau-saveur-fraise-pour-sexe-oral-anal-masturbation-orgasme-vaginal","status":"publish","type":"product","link":"https:\/\/sexshop.cm\/en\/produit\/gel-lubrifiant-comestible-a-base-deau-saveur-fraise-pour-sexe-oral-anal-masturbation-orgasme-vaginal\/","title":{"rendered":"Gel lubrifiant comestible \u00e0 base d&#8217;eau, saveur fraise, pour sexe Oral, Anal, Masturbation, orgasme vaginal"},"content":{"rendered":"<div>\n<div>\n<div><span style=\"font-family: Tahoma,Geneva,sans-serif;\"><span style=\"font-size: 18px;\">Lubrifiant comestible saveur fraise\/cerise lubrifiant pour le sexe lubrifiant \u00e0 base d&#8217;eau lubrifiant Oral sexe Anal Masturbation<\/span><\/span><\/div>\n<\/div>\n<div>\n<div><span style=\"font-size: 16px;\"><span style=\"font-family: Tahoma,Geneva,sans-serif;\">Lubrifiant \u00e0 base d&#8217;eau aromatis\u00e9. Formul\u00e9 avec des ingr\u00e9dients de qualit\u00e9 alimentaire naturellement. Parfum\u00e9 et Sucr\u00e9<\/span><\/span><\/div>\n<div>\n<p><span style=\"font-family: Tahoma,Geneva,sans-serif;\"><span style=\"font-size: 16px;\">\u00c0 base d&#8217;eau formules<br \/>Nom: lubrifiant Cherry flaovra<br \/>Sp\u00e9cification: 80ml<br \/>Utilisation pour: sexe Anal, sexe Oral, sexe vaginal, masturbation, jouets.<br \/>Ingr\u00e9dients: eau d\u00e9sionis\u00e9e, acide hyaluronique, glyc\u00e9rine, etc. Dur\u00e9e de conservation: 3 ans<br \/>Caract\u00e9ristique: soyeux, lubrifiant, facile \u00e0 laver par la suite<br \/><img decoding=\"async\" src=\"https:\/\/ae01.alicdn.com\/kf\/H142a50857ec04af2af40c44064a5142fk.jpg?width=1000&amp;height=1000&amp;hash=2000\" \/><img decoding=\"async\" src=\"https:\/\/ae01.alicdn.com\/kf\/Hf7657de3054540208025ed5cb9f111b0B.jpg?width=1000&amp;height=1000&amp;hash=2000\" \/><img decoding=\"async\" src=\"https:\/\/ae01.alicdn.com\/kf\/He37fd91c7878477ebf989fc6ad3bd03bi.jpg?width=1000&amp;height=1000&amp;hash=2000\" \/><img decoding=\"async\" src=\"https:\/\/ae01.alicdn.com\/kf\/Hfe302e4ea69e412081b1e900ff28c708c.jpg?width=1000&amp;height=1348&amp;hash=2348\" \/><img decoding=\"async\" src=\"https:\/\/ae01.alicdn.com\/kf\/Hfdab6c4429e249fba22eaba310c06450d.jpg?width=1000&amp;height=1000&amp;hash=2000\" \/><img decoding=\"async\" src=\"https:\/\/ae01.alicdn.com\/kf\/H5a6558274ff2442886fa23527f967132Z.jpg?width=1000&amp;height=1000&amp;hash=2000\" \/><img decoding=\"async\" src=\"https:\/\/ae01.alicdn.com\/kf\/Ha8de9fe8d28b462184f310d4bda75006h.jpg?width=1000&amp;height=1000&amp;hash=2000\" \/><img decoding=\"async\" src=\"https:\/\/ae01.alicdn.com\/kf\/Hb1e8897a4ba041c5ac58de379b7ee92d2.jpg?width=1000&amp;height=1000&amp;hash=2000\" \/><img decoding=\"async\" src=\"https:\/\/ae01.alicdn.com\/kf\/H5c6ec8e6e9df4724b2a84c0c7c03192e4.jpg?width=1000&amp;height=1000&amp;hash=2000\" \/><\/span><\/span><\/p>\n<div>\n<div>\n<p>\u00a0<\/p>\n<div>\u00a0<\/div>\n<\/div>\n<\/div>\n<\/div>\n<\/div>\n<\/div>\n","protected":false},"excerpt":{"rendered":"<p>Lubrifiant comestible saveur fraise\/cerise lubrifiant pour le sexe lubrifiant \u00e0 base d&#8217;eau lubrifiant Oral sexe Anal Masturbation Lubrifiant \u00e0 base d&#8217;eau aromatis\u00e9. Formul\u00e9 avec des ingr\u00e9dients de qualit\u00e9 alimentaire naturellement. Parfum\u00e9 et Sucr\u00e9 \u00c0 base d&#8217;eau formulesNom: lubrifiant Cherry flaovraSp\u00e9cification: 80mlUtilisation pour: sexe Anal, sexe Oral, sexe vaginal, masturbation, jouets.Ingr\u00e9dients: eau d\u00e9sionis\u00e9e, acide hyaluronique, glyc\u00e9rine, etc. Dur\u00e9e de conservation: 3 ansCaract\u00e9ristique: soyeux, lubrifiant, facile \u00e0 laver par la suite \u00a0 \u00a0<\/p>\n","protected":false},"featured_media":6996,"comment_status":"open","ping_status":"closed","template":"","meta":{"_joinchat":[]},"etheme_brands":[],"product_cat":[51,46],"product_tag":[],"yoast_head":"<!-- This site is optimized with the Yoast SEO Premium plugin v19.3 (Yoast SEO v21.5) - https:\/\/yoast.com\/wordpress\/plugins\/seo\/ -->\n<title>- Achetez et Commandez Discr\u00e8tement vos Gel lubrifiant comestible \u00e0 base d&#039;eau, saveur fraise, pour sexe Oral, Anal, Masturbation, orgasme vaginal au Cameroun -<\/title>\n<meta name=\"description\" content=\"Commandez vos meilleurs Gel lubrifiant comestible \u00e0 base d&#039;eau, saveur fraise, pour sexe Oral, Anal, Masturbation, orgasme vaginal \u00e0 bons prix partout au Cameroun et faites vous livrer discr\u00e8tement, sur H\u00e9donia, le meilleur site de vente en ligne de sextoys au Cameroun. - Whatsapp: +237 672588687\" \/>\n<meta name=\"robots\" content=\"index, follow, max-snippet:-1, max-image-preview:large, max-video-preview:-1\" \/>\n<link rel=\"canonical\" href=\"https:\/\/sexshop.cm\/produit\/gel-lubrifiant-comestible-a-base-deau-saveur-fraise-pour-sexe-oral-anal-masturbation-orgasme-vaginal\/\" \/>\n<meta property=\"og:locale\" content=\"en_US\" \/>\n<meta property=\"og:type\" content=\"article\" \/>\n<meta property=\"og:title\" content=\"Gel lubrifiant comestible \u00e0 base d&#039;eau, saveur fraise, pour sexe Oral, Anal, Masturbation, orgasme vaginal\" \/>\n<meta property=\"og:description\" content=\"Gel lubrifiant comestible \u00e0 base d&#039;eau, saveur fraise, pour sexe Oral, Anal, Masturbation, orgasme vaginal - H\u00e9donia\" \/>\n<meta property=\"og:url\" content=\"https:\/\/sexshop.cm\/produit\/gel-lubrifiant-comestible-a-base-deau-saveur-fraise-pour-sexe-oral-anal-masturbation-orgasme-vaginal\/\" \/>\n<meta property=\"og:site_name\" content=\"H\u00e9donia\" \/>\n<meta property=\"article:modified_time\" content=\"2025-04-11T21:23:44+00:00\" \/>\n<meta property=\"og:image\" content=\"http:\/\/sexshop.cm\/wp-content\/uploads\/2022\/12\/Gel-lubrifiant-comestible-base-d-eau-saveur-fraise-pour-sexe-Oral-Anal-Masturbation-orgasme-vaginal.jpg\" \/>\n\t<meta property=\"og:image:width\" content=\"1000\" \/>\n\t<meta property=\"og:image:height\" content=\"1000\" \/>\n\t<meta property=\"og:image:type\" content=\"image\/jpeg\" \/>\n<meta name=\"twitter:card\" content=\"summary_large_image\" \/>\n<meta name=\"twitter:label1\" content=\"Price\" \/>\n\t<meta name=\"twitter:data1\" content=\"7500&nbsp;CFA\" \/>\n\t<meta name=\"twitter:label2\" content=\"Availability\" \/>\n\t<meta name=\"twitter:data2\" content=\"Out of stock\" \/>\n<script type=\"application\/ld+json\" class=\"yoast-schema-graph\">{\"@context\":\"https:\/\/schema.org\",\"@graph\":[{\"@type\":\"WebPage\",\"@id\":\"https:\/\/sexshop.cm\/produit\/gel-lubrifiant-comestible-a-base-deau-saveur-fraise-pour-sexe-oral-anal-masturbation-orgasme-vaginal\/\",\"url\":\"https:\/\/sexshop.cm\/produit\/gel-lubrifiant-comestible-a-base-deau-saveur-fraise-pour-sexe-oral-anal-masturbation-orgasme-vaginal\/\",\"name\":\"- Achetez et Commandez Discr\u00e8tement vos Gel lubrifiant comestible \u00e0 base d'eau, saveur fraise, pour sexe Oral, Anal, Masturbation, orgasme vaginal au Cameroun -\",\"isPartOf\":{\"@id\":\"https:\/\/sexshop.cm\/#website\"},\"datePublished\":\"2022-12-03T08:06:50+00:00\",\"dateModified\":\"2025-04-11T21:23:44+00:00\",\"description\":\"Commandez vos meilleurs Gel lubrifiant comestible \u00e0 base d'eau, saveur fraise, pour sexe Oral, Anal, Masturbation, orgasme vaginal \u00e0 bons prix partout au Cameroun et faites vous livrer discr\u00e8tement, sur H\u00e9donia, le meilleur site de vente en ligne de sextoys au Cameroun. - Whatsapp: +237 672588687\",\"breadcrumb\":{\"@id\":\"https:\/\/sexshop.cm\/produit\/gel-lubrifiant-comestible-a-base-deau-saveur-fraise-pour-sexe-oral-anal-masturbation-orgasme-vaginal\/#breadcrumb\"},\"inLanguage\":\"en-US\",\"potentialAction\":[{\"@type\":\"ReadAction\",\"target\":[\"https:\/\/sexshop.cm\/produit\/gel-lubrifiant-comestible-a-base-deau-saveur-fraise-pour-sexe-oral-anal-masturbation-orgasme-vaginal\/\"]}]},{\"@type\":\"BreadcrumbList\",\"@id\":\"https:\/\/sexshop.cm\/produit\/gel-lubrifiant-comestible-a-base-deau-saveur-fraise-pour-sexe-oral-anal-masturbation-orgasme-vaginal\/#breadcrumb\",\"itemListElement\":[{\"@type\":\"ListItem\",\"position\":1,\"name\":\"Accueil\",\"item\":\"https:\/\/sexshop.cm\/en\/online-sexshop-in-cameroon\/\"},{\"@type\":\"ListItem\",\"position\":2,\"name\":\"Shop\",\"item\":\"https:\/\/sexshop.cm\/shop\/\"},{\"@type\":\"ListItem\",\"position\":3,\"name\":\"Gel lubrifiant comestible \u00e0 base d&#8217;eau, saveur fraise, pour sexe Oral, Anal, Masturbation, orgasme vaginal\"}]},{\"@type\":\"WebSite\",\"@id\":\"https:\/\/sexshop.cm\/#website\",\"url\":\"https:\/\/sexshop.cm\/\",\"name\":\"H\u00e9donia\",\"description\":\"SexShop en ligne - Boutique de sextoys et objets coquins en ligne au Cameroun\",\"publisher\":{\"@id\":\"https:\/\/sexshop.cm\/#organization\"},\"potentialAction\":[{\"@type\":\"SearchAction\",\"target\":{\"@type\":\"EntryPoint\",\"urlTemplate\":\"https:\/\/sexshop.cm\/?s={search_term_string}\"},\"query-input\":\"required name=search_term_string\"}],\"inLanguage\":\"en-US\"},{\"@type\":\"Organization\",\"@id\":\"https:\/\/sexshop.cm\/#organization\",\"name\":\"H\u00e9donia\",\"alternateName\":\"Boutique de Sextoys en ligne au Cameroun\",\"url\":\"https:\/\/sexshop.cm\/\",\"logo\":{\"@type\":\"ImageObject\",\"inLanguage\":\"en-US\",\"@id\":\"https:\/\/sexshop.cm\/#\/schema\/logo\/image\/\",\"url\":\"https:\/\/sexshop.cm\/wp-content\/uploads\/2022\/10\/logo-680-hedonia.png.200x100_q85_background-f8f9fa.png\",\"contentUrl\":\"https:\/\/sexshop.cm\/wp-content\/uploads\/2022\/10\/logo-680-hedonia.png.200x100_q85_background-f8f9fa.png\",\"width\":2222,\"height\":534,\"caption\":\"H\u00e9donia\"},\"image\":{\"@id\":\"https:\/\/sexshop.cm\/#\/schema\/logo\/image\/\"}}]}<\/script>\n<meta property=\"product:price:amount\" content=\"7500\" \/>\n<meta property=\"product:price:currency\" content=\"XAF\" \/>\n<meta property=\"og:availability\" content=\"out of stock\" \/>\n<meta property=\"product:availability\" content=\"out of stock\" \/>\n<meta property=\"product:retailer_item_id\" content=\"1005002711593152\" \/>\n<meta property=\"product:condition\" content=\"new\" \/>\n<!-- \/ Yoast SEO Premium plugin. -->","yoast_head_json":{"title":"- Achetez et Commandez Discr\u00e8tement vos Gel lubrifiant comestible \u00e0 base d'eau, saveur fraise, pour sexe Oral, Anal, Masturbation, orgasme vaginal au Cameroun -","description":"Commandez vos meilleurs Gel lubrifiant comestible \u00e0 base d'eau, saveur fraise, pour sexe Oral, Anal, Masturbation, orgasme vaginal \u00e0 bons prix partout au Cameroun et faites vous livrer discr\u00e8tement, sur H\u00e9donia, le meilleur site de vente en ligne de sextoys au Cameroun. - Whatsapp: +237 672588687","robots":{"index":"index","follow":"follow","max-snippet":"max-snippet:-1","max-image-preview":"max-image-preview:large","max-video-preview":"max-video-preview:-1"},"canonical":"https:\/\/sexshop.cm\/produit\/gel-lubrifiant-comestible-a-base-deau-saveur-fraise-pour-sexe-oral-anal-masturbation-orgasme-vaginal\/","og_locale":"en_US","og_type":"article","og_title":"Gel lubrifiant comestible \u00e0 base d'eau, saveur fraise, pour sexe Oral, Anal, Masturbation, orgasme vaginal","og_description":"Gel lubrifiant comestible \u00e0 base d'eau, saveur fraise, pour sexe Oral, Anal, Masturbation, orgasme vaginal - H\u00e9donia","og_url":"https:\/\/sexshop.cm\/produit\/gel-lubrifiant-comestible-a-base-deau-saveur-fraise-pour-sexe-oral-anal-masturbation-orgasme-vaginal\/","og_site_name":"H\u00e9donia","article_modified_time":"2025-04-11T21:23:44+00:00","og_image":[{"width":1000,"height":1000,"url":"http:\/\/sexshop.cm\/wp-content\/uploads\/2022\/12\/Gel-lubrifiant-comestible-base-d-eau-saveur-fraise-pour-sexe-Oral-Anal-Masturbation-orgasme-vaginal.jpg","type":"image\/jpeg"}],"twitter_card":"summary_large_image","twitter_misc":{"Price":"7500&nbsp;CFA","Availability":"Out of stock"},"schema":{"@context":"https:\/\/schema.org","@graph":[{"@type":"WebPage","@id":"https:\/\/sexshop.cm\/produit\/gel-lubrifiant-comestible-a-base-deau-saveur-fraise-pour-sexe-oral-anal-masturbation-orgasme-vaginal\/","url":"https:\/\/sexshop.cm\/produit\/gel-lubrifiant-comestible-a-base-deau-saveur-fraise-pour-sexe-oral-anal-masturbation-orgasme-vaginal\/","name":"- Achetez et Commandez Discr\u00e8tement vos Gel lubrifiant comestible \u00e0 base d'eau, saveur fraise, pour sexe Oral, Anal, Masturbation, orgasme vaginal au Cameroun -","isPartOf":{"@id":"https:\/\/sexshop.cm\/#website"},"datePublished":"2022-12-03T08:06:50+00:00","dateModified":"2025-04-11T21:23:44+00:00","description":"Commandez vos meilleurs Gel lubrifiant comestible \u00e0 base d'eau, saveur fraise, pour sexe Oral, Anal, Masturbation, orgasme vaginal \u00e0 bons prix partout au Cameroun et faites vous livrer discr\u00e8tement, sur H\u00e9donia, le meilleur site de vente en ligne de sextoys au Cameroun. - Whatsapp: +237 672588687","breadcrumb":{"@id":"https:\/\/sexshop.cm\/produit\/gel-lubrifiant-comestible-a-base-deau-saveur-fraise-pour-sexe-oral-anal-masturbation-orgasme-vaginal\/#breadcrumb"},"inLanguage":"en-US","potentialAction":[{"@type":"ReadAction","target":["https:\/\/sexshop.cm\/produit\/gel-lubrifiant-comestible-a-base-deau-saveur-fraise-pour-sexe-oral-anal-masturbation-orgasme-vaginal\/"]}]},{"@type":"BreadcrumbList","@id":"https:\/\/sexshop.cm\/produit\/gel-lubrifiant-comestible-a-base-deau-saveur-fraise-pour-sexe-oral-anal-masturbation-orgasme-vaginal\/#breadcrumb","itemListElement":[{"@type":"ListItem","position":1,"name":"Accueil","item":"https:\/\/sexshop.cm\/en\/online-sexshop-in-cameroon\/"},{"@type":"ListItem","position":2,"name":"Shop","item":"https:\/\/sexshop.cm\/shop\/"},{"@type":"ListItem","position":3,"name":"Gel lubrifiant comestible \u00e0 base d&#8217;eau, saveur fraise, pour sexe Oral, Anal, Masturbation, orgasme vaginal"}]},{"@type":"WebSite","@id":"https:\/\/sexshop.cm\/#website","url":"https:\/\/sexshop.cm\/","name":"H\u00e9donia","description":"SexShop en ligne - Boutique de sextoys et objets coquins en ligne au Cameroun","publisher":{"@id":"https:\/\/sexshop.cm\/#organization"},"potentialAction":[{"@type":"SearchAction","target":{"@type":"EntryPoint","urlTemplate":"https:\/\/sexshop.cm\/?s={search_term_string}"},"query-input":"required name=search_term_string"}],"inLanguage":"en-US"},{"@type":"Organization","@id":"https:\/\/sexshop.cm\/#organization","name":"H\u00e9donia","alternateName":"Boutique de Sextoys en ligne au Cameroun","url":"https:\/\/sexshop.cm\/","logo":{"@type":"ImageObject","inLanguage":"en-US","@id":"https:\/\/sexshop.cm\/#\/schema\/logo\/image\/","url":"https:\/\/sexshop.cm\/wp-content\/uploads\/2022\/10\/logo-680-hedonia.png.200x100_q85_background-f8f9fa.png","contentUrl":"https:\/\/sexshop.cm\/wp-content\/uploads\/2022\/10\/logo-680-hedonia.png.200x100_q85_background-f8f9fa.png","width":2222,"height":534,"caption":"H\u00e9donia"},"image":{"@id":"https:\/\/sexshop.cm\/#\/schema\/logo\/image\/"}}]},"product_price_amount":"7500","product_price_currency":"XAF","og_availability":"out of stock","product_availability":"out of stock","product_retailer_item_id":"1005002711593152","product_condition":"new"},"_links":{"self":[{"href":"https:\/\/sexshop.cm\/en\/wp-json\/wp\/v2\/product\/6994"}],"collection":[{"href":"https:\/\/sexshop.cm\/en\/wp-json\/wp\/v2\/product"}],"about":[{"href":"https:\/\/sexshop.cm\/en\/wp-json\/wp\/v2\/types\/product"}],"replies":[{"embeddable":true,"href":"https:\/\/sexshop.cm\/en\/wp-json\/wp\/v2\/comments?post=6994"}],"wp:featuredmedia":[{"embeddable":true,"href":"https:\/\/sexshop.cm\/en\/wp-json\/wp\/v2\/media\/6996"}],"wp:attachment":[{"href":"https:\/\/sexshop.cm\/en\/wp-json\/wp\/v2\/media?parent=6994"}],"wp:term":[{"taxonomy":"brand","embeddable":true,"href":"https:\/\/sexshop.cm\/en\/wp-json\/wp\/v2\/etheme_brands?post=6994"},{"taxonomy":"product_cat","embeddable":true,"href":"https:\/\/sexshop.cm\/en\/wp-json\/wp\/v2\/product_cat?post=6994"},{"taxonomy":"product_tag","embeddable":true,"href":"https:\/\/sexshop.cm\/en\/wp-json\/wp\/v2\/product_tag?post=6994"}],"curies":[{"name":"wp","href":"https:\/\/api.w.org\/{rel}","templated":true}]}}