{"id":7000,"date":"2022-12-03T09:06:55","date_gmt":"2022-12-03T08:06:55","guid":{"rendered":"https:\/\/sexshop.cm\/produit\/jouets-sexuels-3d-pour-hommes-masturbateur-en-silicone-vagin-artificiel-bouche-anale\/"},"modified":"2023-11-04T13:46:31","modified_gmt":"2023-11-04T12:46:31","slug":"jouets-sexuels-3d-pour-hommes-masturbateur-en-silicone-vagin-artificiel-bouche-anale","status":"publish","type":"product","link":"https:\/\/sexshop.cm\/en\/produit\/jouets-sexuels-3d-pour-hommes-masturbateur-en-silicone-vagin-artificiel-bouche-anale\/","title":{"rendered":"Vagin artificiel, masturbateur pour hommes"},"content":{"rendered":"<div class=\"detailmodule_html\">\n<div class=\"detail-desc-decorate-richtext\">\n<div>\u00a0<\/div>\n<div>\u00a0<\/div>\n<div><strong><span style=\"font-size: 20px; font-family: arial, helvetica, sans-serif;\">Jouets sexuels pour hommes 4D r\u00e9aliste gorge profonde m\u00e2le masturbateur Silicone vagin artificiel bouche Anal \u00e9rotique sexe Oral jouets intimes<\/span><\/strong><\/div>\n<div>\u00a0<\/div>\n<div>\u00a0<\/div>\n<div>\u00a0<\/div>\n<div><span style=\"color: #222222; font-size: 16px; font-family: 'Open Sans', Roboto, Arial, Helvetica, sans-serif, SimSun;\"><strong>&#8212; Ventes directes d&#8217;usine, un grand nombre de taches, grande remise pour la grande quantit\u00e9, le prix peut \u00eatre n\u00e9goci\u00e9, si vous devez personnaliser, veuillez contacter le service client \u00e0 l&#8217;avance.<\/p>\n<p>&#8212; Avant de commander, si vous avez des probl\u00e8mes, veuillez nous contacter et nous ferons de notre mieux pour les r\u00e9soudre! Merci de votre soutien.<\/p>\n<p>&#8212; En raison de l&#8217;\u00e9clairage et de l&#8217;\u00e9cran, la couleur r\u00e9elle peut diff\u00e9rer l\u00e9g\u00e8rement de l&#8217;image, esp\u00e9rons pour votre compr\u00e9hension.<\/strong><\/span><\/div>\n<div>\u00a0<\/div>\n<div><img decoding=\"async\" src=\"https:\/\/ae01.alicdn.com\/kf\/Sd5c8b3f7990248bab19841ff1fbbafb3K.jpg\" \/><strong><span style=\"font-size: 20px; font-family: arial, helvetica, sans-serif;\"><br \/><\/span><\/strong><br \/><strong><span style=\"font-size: 18px;\">Caract\u00e9ristiques du produit:<\/span><\/strong><br \/>\u2764Convient pour<span style=\"background-color: #ffffff; color: #222222; font-size: 16px; font-family: arial, helvetica, sans-serif;\">La plupart<\/span>Taille du p\u00e9nis. Vous apporter le bonheur que vos mains ne peuvent pas fournir.<br \/>\u2764Ce produit est en silicone souple<\/p>\n<p><strong><span style=\"font-size: 18px;\">Instructions:<\/span><\/strong><br \/>Retirez le masturbateur du sac.<br \/>Laver avant utilisation.<br \/>Utilisez du lubrifiant.<br \/>Sortez le gel de silice int\u00e9rieur et lavez-le apr\u00e8s utilisation.<br \/>Utilisez une serviette ou un s\u00e8che-linge pour s\u00e9cher le masturbateur.<br \/>Gardez-le dans un endroit sec \u00e0 l&#8217;abri de la lumi\u00e8re du soleil.<\/p>\n<p><strong><span style=\"font-size: 18px;\">Sp\u00e9cification:<\/span><\/strong><br \/>Mat\u00e9riau: Silicone<br \/>Taille: image<br \/>Couleur: charnu<br \/>Caract\u00e9ristiques: \u00e9tanche, serr\u00e9, r\u00e9aliste vagin Anus, portable<\/p>\n<p>Contenu du paquet 1 x tasse de Masturbation (sans bo\u00eete d&#8217;origine)<br \/>Taille: 1 3cm * 5.5cm * 5.5cm<br \/>Pour la mesure manuelle, il peut y avoir une erreur de 0 ~ 2mm, ce qui est un ph\u00e9nom\u00e8ne normal.<br \/>Remarque:<br \/>En raison des diff\u00e9rences entre les diff\u00e9rents moniteurs, l&#8217;image peut ne pas refl\u00e9ter<br \/>Ce projet. Merci!<\/p>\n<p><img decoding=\"async\" src=\"https:\/\/ae01.alicdn.com\/kf\/S49011ef6ba1a42f89e760103faeb0b2c6.jpg?width=749&amp;height=521&amp;hash=1270\" \/><img decoding=\"async\" src=\"https:\/\/ae01.alicdn.com\/kf\/S79ac4f4a68144d06971fe6113157427c8.jpg?width=750&amp;height=790&amp;hash=1540\" \/><img decoding=\"async\" src=\"https:\/\/ae01.alicdn.com\/kf\/S604bdb9c0b9c49479b7fb20f88ec9d34a.jpg?width=750&amp;height=770&amp;hash=1520\" \/><img decoding=\"async\" src=\"https:\/\/ae01.alicdn.com\/kf\/S9632692b4bef48c48103cc84735d5e1dR.jpg?width=850&amp;height=850&amp;hash=1700\" \/><img decoding=\"async\" src=\"https:\/\/ae01.alicdn.com\/kf\/S2a77db990d44475da6521684f029e9b5I.jpg?width=800&amp;height=800&amp;hash=1600\" \/><img decoding=\"async\" src=\"https:\/\/ae01.alicdn.com\/kf\/Sb23c40bab618428e9446fc46de7b72c8u.jpg?width=800&amp;height=800&amp;hash=1600\" \/><img decoding=\"async\" src=\"https:\/\/ae01.alicdn.com\/kf\/S9449653f045c480eb01ef451447a8e8ej.jpg?width=800&amp;height=800&amp;hash=1600\" \/><img decoding=\"async\" src=\"https:\/\/ae01.alicdn.com\/kf\/S9aefbf02729e4d9680f56f2a073daf6a5.jpg?width=800&amp;height=800&amp;hash=1600\" \/><img decoding=\"async\" src=\"https:\/\/ae01.alicdn.com\/kf\/S81a3b4893e134256a9fbd283fb1cb83f9.jpg?width=800&amp;height=800&amp;hash=1600\" \/><img decoding=\"async\" src=\"https:\/\/ae01.alicdn.com\/kf\/Sfa2813c0a6e0413a8aed32dd43fc2ee5l.jpg?width=790&amp;height=870&amp;hash=1660\" \/><img decoding=\"async\" src=\"https:\/\/ae01.alicdn.com\/kf\/S03ba7f8f74e046ab9e6cf37db9f67e9eD.jpg?width=790&amp;height=1602&amp;hash=2392\" \/><img decoding=\"async\" src=\"https:\/\/ae01.alicdn.com\/kf\/S56ff80dfed81447fa2bfaadf454b00b7u.jpg?width=790&amp;height=1673&amp;hash=2463\" \/><\/div>\n<\/div>\n<\/div>\n","protected":false},"excerpt":{"rendered":"<p>\u00a0 \u00a0 Jouets sexuels pour hommes 4D r\u00e9aliste gorge profonde m\u00e2le masturbateur Silicone vagin artificiel bouche Anal \u00e9rotique sexe Oral jouets intimes \u00a0 \u00a0 \u00a0 &#8212; Ventes directes d&#8217;usine, un grand nombre de taches, grande remise pour la grande quantit\u00e9, le prix peut \u00eatre n\u00e9goci\u00e9, si vous devez personnaliser, veuillez contacter le service client \u00e0 l&#8217;avance. &#8212; Avant de commander, si vous avez des probl\u00e8mes, veuillez nous contacter et nous ferons de notre mieux pour les r\u00e9soudre! Merci de votre soutien. &#8212; En raison de l&#8217;\u00e9clairage et de l&#8217;\u00e9cran, la couleur r\u00e9elle peut diff\u00e9rer l\u00e9g\u00e8rement de l&#8217;image, esp\u00e9rons pour votre<\/p>\n","protected":false},"featured_media":10513,"comment_status":"open","ping_status":"closed","template":"","meta":{"_joinchat":[]},"etheme_brands":[],"product_cat":[72,46],"product_tag":[],"yoast_head":"<!-- This site is optimized with the Yoast SEO Premium plugin v19.3 (Yoast SEO v21.5) - https:\/\/yoast.com\/wordpress\/plugins\/seo\/ -->\n<title>- Achetez et Commandez Discr\u00e8tement vos Vagin artificiel, masturbateur pour hommes au Cameroun -<\/title>\n<meta name=\"description\" content=\"Commandez vos meilleurs Vagin artificiel, masturbateur pour hommes \u00e0 bons prix partout au Cameroun et faites vous livrer discr\u00e8tement, sur H\u00e9donia, le meilleur site de vente en ligne de sextoys au Cameroun. - Whatsapp: +237 672588687\" \/>\n<meta name=\"robots\" content=\"index, follow, max-snippet:-1, max-image-preview:large, max-video-preview:-1\" \/>\n<link rel=\"canonical\" href=\"https:\/\/sexshop.cm\/produit\/jouets-sexuels-3d-pour-hommes-masturbateur-en-silicone-vagin-artificiel-bouche-anale\/\" \/>\n<meta property=\"og:locale\" content=\"en_US\" \/>\n<meta property=\"og:type\" content=\"article\" \/>\n<meta property=\"og:title\" content=\"Vagin artificiel, masturbateur pour hommes\" \/>\n<meta property=\"og:description\" content=\"Vagin artificiel, masturbateur pour hommes - H\u00e9donia\" \/>\n<meta property=\"og:url\" content=\"https:\/\/sexshop.cm\/produit\/jouets-sexuels-3d-pour-hommes-masturbateur-en-silicone-vagin-artificiel-bouche-anale\/\" \/>\n<meta property=\"og:site_name\" content=\"H\u00e9donia\" \/>\n<meta property=\"article:modified_time\" content=\"2023-11-04T12:46:31+00:00\" \/>\n<meta property=\"og:image\" content=\"http:\/\/sexshop.cm\/wp-content\/uploads\/2022\/12\/20230826_120322-scaled.jpg\" \/>\n\t<meta property=\"og:image:width\" content=\"2560\" \/>\n\t<meta property=\"og:image:height\" content=\"2368\" \/>\n\t<meta property=\"og:image:type\" content=\"image\/jpeg\" \/>\n<meta name=\"twitter:card\" content=\"summary_large_image\" \/>\n<meta name=\"twitter:label1\" content=\"Price\" \/>\n\t<meta name=\"twitter:data1\" content=\"30000&nbsp;CFA\" \/>\n\t<meta name=\"twitter:label2\" content=\"Availability\" \/>\n\t<meta name=\"twitter:data2\" content=\"In stock\" \/>\n<script type=\"application\/ld+json\" class=\"yoast-schema-graph\">{\"@context\":\"https:\/\/schema.org\",\"@graph\":[{\"@type\":\"WebPage\",\"@id\":\"https:\/\/sexshop.cm\/produit\/jouets-sexuels-3d-pour-hommes-masturbateur-en-silicone-vagin-artificiel-bouche-anale\/\",\"url\":\"https:\/\/sexshop.cm\/produit\/jouets-sexuels-3d-pour-hommes-masturbateur-en-silicone-vagin-artificiel-bouche-anale\/\",\"name\":\"- Achetez et Commandez Discr\u00e8tement vos Vagin artificiel, masturbateur pour hommes au Cameroun -\",\"isPartOf\":{\"@id\":\"https:\/\/sexshop.cm\/#website\"},\"datePublished\":\"2022-12-03T08:06:55+00:00\",\"dateModified\":\"2023-11-04T12:46:31+00:00\",\"description\":\"Commandez vos meilleurs Vagin artificiel, masturbateur pour hommes \u00e0 bons prix partout au Cameroun et faites vous livrer discr\u00e8tement, sur H\u00e9donia, le meilleur site de vente en ligne de sextoys au Cameroun. - Whatsapp: +237 672588687\",\"breadcrumb\":{\"@id\":\"https:\/\/sexshop.cm\/produit\/jouets-sexuels-3d-pour-hommes-masturbateur-en-silicone-vagin-artificiel-bouche-anale\/#breadcrumb\"},\"inLanguage\":\"en-US\",\"potentialAction\":[{\"@type\":\"ReadAction\",\"target\":[\"https:\/\/sexshop.cm\/produit\/jouets-sexuels-3d-pour-hommes-masturbateur-en-silicone-vagin-artificiel-bouche-anale\/\"]}]},{\"@type\":\"BreadcrumbList\",\"@id\":\"https:\/\/sexshop.cm\/produit\/jouets-sexuels-3d-pour-hommes-masturbateur-en-silicone-vagin-artificiel-bouche-anale\/#breadcrumb\",\"itemListElement\":[{\"@type\":\"ListItem\",\"position\":1,\"name\":\"Accueil\",\"item\":\"https:\/\/sexshop.cm\/en\/online-sexshop-in-cameroon\/\"},{\"@type\":\"ListItem\",\"position\":2,\"name\":\"Shop\",\"item\":\"https:\/\/sexshop.cm\/shop\/\"},{\"@type\":\"ListItem\",\"position\":3,\"name\":\"Vagin artificiel, masturbateur pour hommes\"}]},{\"@type\":\"WebSite\",\"@id\":\"https:\/\/sexshop.cm\/#website\",\"url\":\"https:\/\/sexshop.cm\/\",\"name\":\"H\u00e9donia\",\"description\":\"SexShop en ligne - Boutique de sextoys et objets coquins en ligne au Cameroun\",\"publisher\":{\"@id\":\"https:\/\/sexshop.cm\/#organization\"},\"potentialAction\":[{\"@type\":\"SearchAction\",\"target\":{\"@type\":\"EntryPoint\",\"urlTemplate\":\"https:\/\/sexshop.cm\/?s={search_term_string}\"},\"query-input\":\"required name=search_term_string\"}],\"inLanguage\":\"en-US\"},{\"@type\":\"Organization\",\"@id\":\"https:\/\/sexshop.cm\/#organization\",\"name\":\"H\u00e9donia\",\"alternateName\":\"Boutique de Sextoys en ligne au Cameroun\",\"url\":\"https:\/\/sexshop.cm\/\",\"logo\":{\"@type\":\"ImageObject\",\"inLanguage\":\"en-US\",\"@id\":\"https:\/\/sexshop.cm\/#\/schema\/logo\/image\/\",\"url\":\"https:\/\/sexshop.cm\/wp-content\/uploads\/2022\/10\/logo-680-hedonia.png.200x100_q85_background-f8f9fa.png\",\"contentUrl\":\"https:\/\/sexshop.cm\/wp-content\/uploads\/2022\/10\/logo-680-hedonia.png.200x100_q85_background-f8f9fa.png\",\"width\":2222,\"height\":534,\"caption\":\"H\u00e9donia\"},\"image\":{\"@id\":\"https:\/\/sexshop.cm\/#\/schema\/logo\/image\/\"}}]}<\/script>\n<meta property=\"product:price:amount\" content=\"30000\" \/>\n<meta property=\"product:price:currency\" content=\"XAF\" \/>\n<meta property=\"og:availability\" content=\"instock\" \/>\n<meta property=\"product:availability\" content=\"instock\" \/>\n<meta property=\"product:retailer_item_id\" content=\"1005004721014729\" \/>\n<meta property=\"product:condition\" content=\"new\" \/>\n<!-- \/ Yoast SEO Premium plugin. -->","yoast_head_json":{"title":"- Achetez et Commandez Discr\u00e8tement vos Vagin artificiel, masturbateur pour hommes au Cameroun -","description":"Commandez vos meilleurs Vagin artificiel, masturbateur pour hommes \u00e0 bons prix partout au Cameroun et faites vous livrer discr\u00e8tement, sur H\u00e9donia, le meilleur site de vente en ligne de sextoys au Cameroun. - Whatsapp: +237 672588687","robots":{"index":"index","follow":"follow","max-snippet":"max-snippet:-1","max-image-preview":"max-image-preview:large","max-video-preview":"max-video-preview:-1"},"canonical":"https:\/\/sexshop.cm\/produit\/jouets-sexuels-3d-pour-hommes-masturbateur-en-silicone-vagin-artificiel-bouche-anale\/","og_locale":"en_US","og_type":"article","og_title":"Vagin artificiel, masturbateur pour hommes","og_description":"Vagin artificiel, masturbateur pour hommes - H\u00e9donia","og_url":"https:\/\/sexshop.cm\/produit\/jouets-sexuels-3d-pour-hommes-masturbateur-en-silicone-vagin-artificiel-bouche-anale\/","og_site_name":"H\u00e9donia","article_modified_time":"2023-11-04T12:46:31+00:00","og_image":[{"width":2560,"height":2368,"url":"http:\/\/sexshop.cm\/wp-content\/uploads\/2022\/12\/20230826_120322-scaled.jpg","type":"image\/jpeg"}],"twitter_card":"summary_large_image","twitter_misc":{"Price":"30000&nbsp;CFA","Availability":"In stock"},"schema":{"@context":"https:\/\/schema.org","@graph":[{"@type":"WebPage","@id":"https:\/\/sexshop.cm\/produit\/jouets-sexuels-3d-pour-hommes-masturbateur-en-silicone-vagin-artificiel-bouche-anale\/","url":"https:\/\/sexshop.cm\/produit\/jouets-sexuels-3d-pour-hommes-masturbateur-en-silicone-vagin-artificiel-bouche-anale\/","name":"- Achetez et Commandez Discr\u00e8tement vos Vagin artificiel, masturbateur pour hommes au Cameroun -","isPartOf":{"@id":"https:\/\/sexshop.cm\/#website"},"datePublished":"2022-12-03T08:06:55+00:00","dateModified":"2023-11-04T12:46:31+00:00","description":"Commandez vos meilleurs Vagin artificiel, masturbateur pour hommes \u00e0 bons prix partout au Cameroun et faites vous livrer discr\u00e8tement, sur H\u00e9donia, le meilleur site de vente en ligne de sextoys au Cameroun. - Whatsapp: +237 672588687","breadcrumb":{"@id":"https:\/\/sexshop.cm\/produit\/jouets-sexuels-3d-pour-hommes-masturbateur-en-silicone-vagin-artificiel-bouche-anale\/#breadcrumb"},"inLanguage":"en-US","potentialAction":[{"@type":"ReadAction","target":["https:\/\/sexshop.cm\/produit\/jouets-sexuels-3d-pour-hommes-masturbateur-en-silicone-vagin-artificiel-bouche-anale\/"]}]},{"@type":"BreadcrumbList","@id":"https:\/\/sexshop.cm\/produit\/jouets-sexuels-3d-pour-hommes-masturbateur-en-silicone-vagin-artificiel-bouche-anale\/#breadcrumb","itemListElement":[{"@type":"ListItem","position":1,"name":"Accueil","item":"https:\/\/sexshop.cm\/en\/online-sexshop-in-cameroon\/"},{"@type":"ListItem","position":2,"name":"Shop","item":"https:\/\/sexshop.cm\/shop\/"},{"@type":"ListItem","position":3,"name":"Vagin artificiel, masturbateur pour hommes"}]},{"@type":"WebSite","@id":"https:\/\/sexshop.cm\/#website","url":"https:\/\/sexshop.cm\/","name":"H\u00e9donia","description":"SexShop en ligne - Boutique de sextoys et objets coquins en ligne au Cameroun","publisher":{"@id":"https:\/\/sexshop.cm\/#organization"},"potentialAction":[{"@type":"SearchAction","target":{"@type":"EntryPoint","urlTemplate":"https:\/\/sexshop.cm\/?s={search_term_string}"},"query-input":"required name=search_term_string"}],"inLanguage":"en-US"},{"@type":"Organization","@id":"https:\/\/sexshop.cm\/#organization","name":"H\u00e9donia","alternateName":"Boutique de Sextoys en ligne au Cameroun","url":"https:\/\/sexshop.cm\/","logo":{"@type":"ImageObject","inLanguage":"en-US","@id":"https:\/\/sexshop.cm\/#\/schema\/logo\/image\/","url":"https:\/\/sexshop.cm\/wp-content\/uploads\/2022\/10\/logo-680-hedonia.png.200x100_q85_background-f8f9fa.png","contentUrl":"https:\/\/sexshop.cm\/wp-content\/uploads\/2022\/10\/logo-680-hedonia.png.200x100_q85_background-f8f9fa.png","width":2222,"height":534,"caption":"H\u00e9donia"},"image":{"@id":"https:\/\/sexshop.cm\/#\/schema\/logo\/image\/"}}]},"product_price_amount":"30000","product_price_currency":"XAF","og_availability":"instock","product_availability":"instock","product_retailer_item_id":"1005004721014729","product_condition":"new"},"_links":{"self":[{"href":"https:\/\/sexshop.cm\/en\/wp-json\/wp\/v2\/product\/7000"}],"collection":[{"href":"https:\/\/sexshop.cm\/en\/wp-json\/wp\/v2\/product"}],"about":[{"href":"https:\/\/sexshop.cm\/en\/wp-json\/wp\/v2\/types\/product"}],"replies":[{"embeddable":true,"href":"https:\/\/sexshop.cm\/en\/wp-json\/wp\/v2\/comments?post=7000"}],"wp:featuredmedia":[{"embeddable":true,"href":"https:\/\/sexshop.cm\/en\/wp-json\/wp\/v2\/media\/10513"}],"wp:attachment":[{"href":"https:\/\/sexshop.cm\/en\/wp-json\/wp\/v2\/media?parent=7000"}],"wp:term":[{"taxonomy":"brand","embeddable":true,"href":"https:\/\/sexshop.cm\/en\/wp-json\/wp\/v2\/etheme_brands?post=7000"},{"taxonomy":"product_cat","embeddable":true,"href":"https:\/\/sexshop.cm\/en\/wp-json\/wp\/v2\/product_cat?post=7000"},{"taxonomy":"product_tag","embeddable":true,"href":"https:\/\/sexshop.cm\/en\/wp-json\/wp\/v2\/product_tag?post=7000"}],"curies":[{"name":"wp","href":"https:\/\/api.w.org\/{rel}","templated":true}]}}