{"id":7029,"date":"2022-12-03T18:17:49","date_gmt":"2022-12-03T17:17:49","guid":{"rendered":"https:\/\/sexshop.cm\/produit\/pompe-a-penis-pour-homme-outil-efficace-pour-lagrandissement-du-penis\/"},"modified":"2023-11-04T13:36:38","modified_gmt":"2023-11-04T12:36:38","slug":"pompe-a-penis-pour-homme-outil-efficace-pour-lagrandissement-du-penis","status":"publish","type":"product","link":"https:\/\/sexshop.cm\/en\/produit\/pompe-a-penis-pour-homme-outil-efficace-pour-lagrandissement-du-penis\/","title":{"rendered":"Pompe \u00e0 p\u00e9nis pour homme, outil efficace pour l&#8217;agrandissement du p\u00e9nis"},"content":{"rendered":"<div class=\"detailmodule_html\">\n<div class=\"detail-desc-decorate-richtext\">\n<table style=\"border-spacing: 0px; width: 100%;\" border=\"0\" cellspacing=\"-1\" cellpadding=\"-1\">\n<tbody>\n<tr>\n<td style=\"word-break: break-all;\">\n<table style=\"border-spacing: 0px; border-width: 0px;\" border=\"0\" cellspacing=\"0\" cellpadding=\"0\">\n<tbody>\n<tr>\n<td style=\"vertical-align: top; padding: 0px; border-width: 0;\"><a href=\"http:\/\/www.aliexpress.com\/item\/1005004664422290.html\" target=\"_blank\" rel=\"noopener\"><img decoding=\"async\" style=\"display: inherit;\" src=\"https:\/\/ae01.alicdn.com\/kf\/S2e3e6487775b4e9ea8853e635485b01eu.jpg\" \/><\/a><\/td>\n<\/tr>\n<\/tbody>\n<\/table>\n<\/td>\n<\/tr>\n<tr>\n<td style=\"word-break: break-all;\">\n<table style=\"border-spacing: 0px;\" border=\"0\" cellspacing=\"0\" cellpadding=\"0\">\n<tbody>\n<tr>\n<td style=\"vertical-align: top;\"><img decoding=\"async\" src=\"https:\/\/ae01.alicdn.com\/kf\/S1a10e0b9035748398d2a22574f6f5244v.jpg\" \/><\/td>\n<\/tr>\n<\/tbody>\n<\/table>\n<\/td>\n<\/tr>\n<\/tbody>\n<\/table>\n<\/div>\n<\/div>\n<div class=\"detailmodule_html\">\n<div class=\"detail-desc-decorate-richtext\">\n<p>Caract\u00e9ristique:<\/p>\n<p>Donnez votre confiance, votre estime de soi et am\u00e9liorez vos relations.<\/p>\n<p>La pompe utilise de l&#8217;air pour augmenter la taille de votre p\u00e9nis.<\/p>\n<p>Le cylindre est fix\u00e9 \u00e0 un manchon en caoutchouc souple.<\/p>\n<p>Placez simplement ce manchon sur votre p\u00e9nis puis pompez r\u00e9guli\u00e8rement \u00e0 la main.<\/p>\n<p>Lorsque l&#8217;ampoule est pomp\u00e9e, l&#8217;air est tir\u00e9 du cylindre, cr\u00e9ant un vide.<\/p>\n<p>Ce vide aide \u00e0 attirer plus de sang dans le p\u00e9nis, renfor\u00e7ant le tissu et provoquant une \u00e9rection.<\/p>\n<p>Le vide \u00e9largit le tissu et entra\u00eene une augmentation de la taille du p\u00e9nis.<\/p>\n<p>L&#8217;application facile permet une utilisation dans votre propre maison ou dans tout espace priv\u00e9.<\/p>\n<p>Enti\u00e8rement naturel: pas de m\u00e9dicament, d&#8217;injections ou d&#8217;op\u00e9rations.<\/p>\n<p>Augmentez votre virilit\u00e9 facilement, rapidement et sans douleur.<\/p>\n<p>Chambre claire avec des mesures pour que vous puissiez voir les r\u00e9sultats.<\/p>\n<p>Vanne de purge \u00e0 bouton poussoir facile ..<\/p>\n<p>Caract\u00e9ristiques:<\/p>\n<p>Type: pompe \u00e0 p\u00e9nis, agrandissement du p\u00e9nis<\/p>\n<p>Taille: 220mm * 69mm<\/p>\n<p>Couleur: noir<\/p>\n<p>Mat\u00e9riel: Silicone s\u00fbr + ABS non toxique + PVC<\/p>\n<p>\u00c9tanche: oui<\/p>\n<p>Fonction 1: agrandissement du p\u00e9nis<\/p>\n<p>Fonction 2: technologie de vide, extender de p\u00e9nis<\/p>\n<p>Contenu de l&#8217;emballage<\/p>\n<p>1 x pompe \u00e0 p\u00e9nis,<\/p>\n<p>1 x manuel d&#8217;utilisation<\/p>\n<p>Conseils:<\/p>\n<p>Votre vie priv\u00e9e est de la plus haute importance pour nous et avec notre emballage discret, vous pouvez faire vos achats en toute confiance. Lorsque vous achetez des produits sexuels dans notre magasin, nous vous prot\u00e9gerons de la vie priv\u00e9e, vous ne vous inqui\u00e9tez pas de votre fuite de confidentialit\u00e9!<\/p>\n<p><img decoding=\"async\" src=\"https:\/\/ae01.alicdn.com\/kf\/S33a6e4a8987842c58ea152a1d2341595d.jpg\" \/><img decoding=\"async\" src=\"https:\/\/ae01.alicdn.com\/kf\/Sd348312ac0a7414dba82ea8b2ae4fa40x.jpg\" \/><img decoding=\"async\" src=\"https:\/\/ae01.alicdn.com\/kf\/S7f2b643c4c804b1d975ee3b1952e4ed7y.jpg\" \/><img decoding=\"async\" src=\"https:\/\/ae01.alicdn.com\/kf\/S014f18deb43a4be096cb063f643e62418.jpg\" \/><img decoding=\"async\" src=\"https:\/\/ae01.alicdn.com\/kf\/S57808657dfab4cecaf694b185cdb5e0b6.jpg\" \/><img decoding=\"async\" src=\"https:\/\/ae01.alicdn.com\/kf\/Sb5daa641bf494003ba6512fb1a93fab2x.jpg\" \/><img decoding=\"async\" src=\"https:\/\/ae01.alicdn.com\/kf\/S58bb7a82c07b447a9ad635be394adb023.jpg\" \/><img decoding=\"async\" src=\"https:\/\/ae01.alicdn.com\/kf\/Sfb3bc90053e04467933a8bd50d1443d7C.jpg\" \/><img decoding=\"async\" src=\"https:\/\/ae01.alicdn.com\/kf\/S1b1127d6ad82491a84c9363c9da8d724Z.jpg\" \/><img decoding=\"async\" src=\"https:\/\/ae01.alicdn.com\/kf\/S35b6e80ce5f04bf7990f60d4ad140a598.jpg\" \/><img decoding=\"async\" src=\"https:\/\/ae01.alicdn.com\/kf\/S7a8ef06c8ace4a73a196c0d9efd8ec35r.jpg\" \/><img decoding=\"async\" src=\"https:\/\/ae01.alicdn.com\/kf\/S7383e345aa024614ab45ee93a747497dF.jpg\" \/><img decoding=\"async\" src=\"https:\/\/ae01.alicdn.com\/kf\/S5a904b245b404637aab2d5d9f8a6f7a2H.jpg\" \/><img decoding=\"async\" src=\"https:\/\/ae01.alicdn.com\/kf\/S05dd0e3d975f4f0ab7a32efcbc426acd3.jpg\" \/><img decoding=\"async\" src=\"https:\/\/ae01.alicdn.com\/kf\/Sf4618066f3cf4532a144131ea2b152afy.jpg\" \/><img decoding=\"async\" src=\"https:\/\/ae01.alicdn.com\/kf\/Sdca9238a97ea424b9e21b120590a9b63x.jpg\" \/><\/p>\n<\/div>\n<\/div>\n<div class=\"detailmodule_html\">\n<div class=\"detail-desc-decorate-richtext\">\n<table style=\"border-spacing: 0px; width: 100%;\" border=\"0\" cellspacing=\"-1\" cellpadding=\"-1\">\n<tbody>\n<tr>\n<td style=\"word-break: break-all;\"><\/td>\n<\/tr>\n<tr>\n<td style=\"word-break: break-all;\"><\/td>\n<\/tr>\n<tr>\n<td style=\"word-break: break-all;\"><\/td>\n<\/tr>\n<tr>\n<td style=\"word-break: break-all;\"><\/td>\n<\/tr>\n<tr>\n<td style=\"word-break: break-all;\"><\/td>\n<\/tr>\n<tr>\n<td style=\"word-break: break-all;\"><\/td>\n<\/tr>\n<\/tbody>\n<\/table>\n<\/div>\n<\/div>\n","protected":false},"excerpt":{"rendered":"<ul>\n<li>Fait de silicone et de PVC, s\u00fbr et non toxique, ne nuit pas au corps humain.S\u00fbr, amical pour la peau.<\/li>\n<li>Pompe transparente sous vide Cette pompe vous donne une sensation forte et compl\u00e8te!<\/li>\n<li>Con\u00e7u de mani\u00e8re ergonomique pour mieux servir la vie des hommes. Un artefact qui rend les hommes plus confiants.<\/li>\n<li>Donnez \u00e0 votre restauration confiance, estime de soi et am\u00e9liorez vos relations, La pompe utilise l&#8217;air pour augmenter la taille de votre p\u00e9nis.<\/li>\n<li>L&#8217;article viendra dans des bo\u00eetes simples avec rien d&#8217;\u00e9crit qui r\u00e9v\u00e9lera votre petit secret.<\/li>\n<\/ul>\n","protected":false},"featured_media":7030,"comment_status":"open","ping_status":"closed","template":"","meta":{"_joinchat":[]},"etheme_brands":[],"product_cat":[49,46],"product_tag":[],"yoast_head":"<!-- This site is optimized with the Yoast SEO Premium plugin v19.3 (Yoast SEO v21.5) - https:\/\/yoast.com\/wordpress\/plugins\/seo\/ -->\n<title>- Achetez et Commandez Discr\u00e8tement vos Pompe \u00e0 p\u00e9nis pour homme, outil efficace pour l&#039;agrandissement du p\u00e9nis au Cameroun -<\/title>\n<meta name=\"description\" content=\"Commandez vos meilleurs Pompe \u00e0 p\u00e9nis pour homme, outil efficace pour l&#039;agrandissement du p\u00e9nis \u00e0 bons prix partout au Cameroun et faites vous livrer discr\u00e8tement, sur H\u00e9donia, le meilleur site de vente en ligne de sextoys au Cameroun. - Whatsapp: +237 672588687\" \/>\n<meta name=\"robots\" content=\"index, follow, max-snippet:-1, max-image-preview:large, max-video-preview:-1\" \/>\n<link rel=\"canonical\" href=\"https:\/\/sexshop.cm\/produit\/pompe-a-penis-pour-homme-outil-efficace-pour-lagrandissement-du-penis\/\" \/>\n<meta property=\"og:locale\" content=\"en_US\" \/>\n<meta property=\"og:type\" content=\"article\" \/>\n<meta property=\"og:title\" content=\"Pompe \u00e0 p\u00e9nis pour homme, outil efficace pour l&#039;agrandissement du p\u00e9nis\" \/>\n<meta property=\"og:description\" content=\"Pompe \u00e0 p\u00e9nis pour homme, outil efficace pour l&#039;agrandissement du p\u00e9nis - H\u00e9donia\" \/>\n<meta property=\"og:url\" content=\"https:\/\/sexshop.cm\/produit\/pompe-a-penis-pour-homme-outil-efficace-pour-lagrandissement-du-penis\/\" \/>\n<meta property=\"og:site_name\" content=\"H\u00e9donia\" \/>\n<meta property=\"article:modified_time\" content=\"2023-11-04T12:36:38+00:00\" \/>\n<meta property=\"og:image\" content=\"http:\/\/sexshop.cm\/wp-content\/uploads\/2022\/12\/Pompe-p-nis-pour-homme-outil-efficace-pour-l-agrandissement-du-p-nis-produit-rotique-pour.jpg\" \/>\n\t<meta property=\"og:image:width\" content=\"800\" \/>\n\t<meta property=\"og:image:height\" content=\"800\" \/>\n\t<meta property=\"og:image:type\" content=\"image\/jpeg\" \/>\n<meta name=\"twitter:card\" content=\"summary_large_image\" \/>\n<meta name=\"twitter:label1\" content=\"Price\" \/>\n\t<meta name=\"twitter:data1\" content=\"25000&nbsp;CFA\" \/>\n\t<meta name=\"twitter:label2\" content=\"Availability\" \/>\n\t<meta name=\"twitter:data2\" content=\"In stock\" \/>\n<script type=\"application\/ld+json\" class=\"yoast-schema-graph\">{\"@context\":\"https:\/\/schema.org\",\"@graph\":[{\"@type\":\"WebPage\",\"@id\":\"https:\/\/sexshop.cm\/produit\/pompe-a-penis-pour-homme-outil-efficace-pour-lagrandissement-du-penis\/\",\"url\":\"https:\/\/sexshop.cm\/produit\/pompe-a-penis-pour-homme-outil-efficace-pour-lagrandissement-du-penis\/\",\"name\":\"- Achetez et Commandez Discr\u00e8tement vos Pompe \u00e0 p\u00e9nis pour homme, outil efficace pour l'agrandissement du p\u00e9nis au Cameroun -\",\"isPartOf\":{\"@id\":\"https:\/\/sexshop.cm\/#website\"},\"datePublished\":\"2022-12-03T17:17:49+00:00\",\"dateModified\":\"2023-11-04T12:36:38+00:00\",\"description\":\"Commandez vos meilleurs Pompe \u00e0 p\u00e9nis pour homme, outil efficace pour l'agrandissement du p\u00e9nis \u00e0 bons prix partout au Cameroun et faites vous livrer discr\u00e8tement, sur H\u00e9donia, le meilleur site de vente en ligne de sextoys au Cameroun. - Whatsapp: +237 672588687\",\"breadcrumb\":{\"@id\":\"https:\/\/sexshop.cm\/produit\/pompe-a-penis-pour-homme-outil-efficace-pour-lagrandissement-du-penis\/#breadcrumb\"},\"inLanguage\":\"en-US\",\"potentialAction\":[{\"@type\":\"ReadAction\",\"target\":[\"https:\/\/sexshop.cm\/produit\/pompe-a-penis-pour-homme-outil-efficace-pour-lagrandissement-du-penis\/\"]}]},{\"@type\":\"BreadcrumbList\",\"@id\":\"https:\/\/sexshop.cm\/produit\/pompe-a-penis-pour-homme-outil-efficace-pour-lagrandissement-du-penis\/#breadcrumb\",\"itemListElement\":[{\"@type\":\"ListItem\",\"position\":1,\"name\":\"Accueil\",\"item\":\"https:\/\/sexshop.cm\/en\/online-sexshop-in-cameroon\/\"},{\"@type\":\"ListItem\",\"position\":2,\"name\":\"Shop\",\"item\":\"https:\/\/sexshop.cm\/shop\/\"},{\"@type\":\"ListItem\",\"position\":3,\"name\":\"Pompe \u00e0 p\u00e9nis pour homme, outil efficace pour l&rsquo;agrandissement du p\u00e9nis\"}]},{\"@type\":\"WebSite\",\"@id\":\"https:\/\/sexshop.cm\/#website\",\"url\":\"https:\/\/sexshop.cm\/\",\"name\":\"H\u00e9donia\",\"description\":\"SexShop en ligne - Boutique de sextoys et objets coquins en ligne au Cameroun\",\"publisher\":{\"@id\":\"https:\/\/sexshop.cm\/#organization\"},\"potentialAction\":[{\"@type\":\"SearchAction\",\"target\":{\"@type\":\"EntryPoint\",\"urlTemplate\":\"https:\/\/sexshop.cm\/?s={search_term_string}\"},\"query-input\":\"required name=search_term_string\"}],\"inLanguage\":\"en-US\"},{\"@type\":\"Organization\",\"@id\":\"https:\/\/sexshop.cm\/#organization\",\"name\":\"H\u00e9donia\",\"alternateName\":\"Boutique de Sextoys en ligne au Cameroun\",\"url\":\"https:\/\/sexshop.cm\/\",\"logo\":{\"@type\":\"ImageObject\",\"inLanguage\":\"en-US\",\"@id\":\"https:\/\/sexshop.cm\/#\/schema\/logo\/image\/\",\"url\":\"https:\/\/sexshop.cm\/wp-content\/uploads\/2022\/10\/logo-680-hedonia.png.200x100_q85_background-f8f9fa.png\",\"contentUrl\":\"https:\/\/sexshop.cm\/wp-content\/uploads\/2022\/10\/logo-680-hedonia.png.200x100_q85_background-f8f9fa.png\",\"width\":2222,\"height\":534,\"caption\":\"H\u00e9donia\"},\"image\":{\"@id\":\"https:\/\/sexshop.cm\/#\/schema\/logo\/image\/\"}}]}<\/script>\n<meta property=\"product:price:amount\" content=\"25000\" \/>\n<meta property=\"product:price:currency\" content=\"XAF\" \/>\n<meta property=\"og:availability\" content=\"instock\" \/>\n<meta property=\"product:availability\" content=\"instock\" \/>\n<meta property=\"product:retailer_item_id\" content=\"1005003685604849\" \/>\n<meta property=\"product:condition\" content=\"new\" \/>\n<!-- \/ Yoast SEO Premium plugin. -->","yoast_head_json":{"title":"- Achetez et Commandez Discr\u00e8tement vos Pompe \u00e0 p\u00e9nis pour homme, outil efficace pour l'agrandissement du p\u00e9nis au Cameroun -","description":"Commandez vos meilleurs Pompe \u00e0 p\u00e9nis pour homme, outil efficace pour l'agrandissement du p\u00e9nis \u00e0 bons prix partout au Cameroun et faites vous livrer discr\u00e8tement, sur H\u00e9donia, le meilleur site de vente en ligne de sextoys au Cameroun. - Whatsapp: +237 672588687","robots":{"index":"index","follow":"follow","max-snippet":"max-snippet:-1","max-image-preview":"max-image-preview:large","max-video-preview":"max-video-preview:-1"},"canonical":"https:\/\/sexshop.cm\/produit\/pompe-a-penis-pour-homme-outil-efficace-pour-lagrandissement-du-penis\/","og_locale":"en_US","og_type":"article","og_title":"Pompe \u00e0 p\u00e9nis pour homme, outil efficace pour l'agrandissement du p\u00e9nis","og_description":"Pompe \u00e0 p\u00e9nis pour homme, outil efficace pour l'agrandissement du p\u00e9nis - H\u00e9donia","og_url":"https:\/\/sexshop.cm\/produit\/pompe-a-penis-pour-homme-outil-efficace-pour-lagrandissement-du-penis\/","og_site_name":"H\u00e9donia","article_modified_time":"2023-11-04T12:36:38+00:00","og_image":[{"width":800,"height":800,"url":"http:\/\/sexshop.cm\/wp-content\/uploads\/2022\/12\/Pompe-p-nis-pour-homme-outil-efficace-pour-l-agrandissement-du-p-nis-produit-rotique-pour.jpg","type":"image\/jpeg"}],"twitter_card":"summary_large_image","twitter_misc":{"Price":"25000&nbsp;CFA","Availability":"In stock"},"schema":{"@context":"https:\/\/schema.org","@graph":[{"@type":"WebPage","@id":"https:\/\/sexshop.cm\/produit\/pompe-a-penis-pour-homme-outil-efficace-pour-lagrandissement-du-penis\/","url":"https:\/\/sexshop.cm\/produit\/pompe-a-penis-pour-homme-outil-efficace-pour-lagrandissement-du-penis\/","name":"- Achetez et Commandez Discr\u00e8tement vos Pompe \u00e0 p\u00e9nis pour homme, outil efficace pour l'agrandissement du p\u00e9nis au Cameroun -","isPartOf":{"@id":"https:\/\/sexshop.cm\/#website"},"datePublished":"2022-12-03T17:17:49+00:00","dateModified":"2023-11-04T12:36:38+00:00","description":"Commandez vos meilleurs Pompe \u00e0 p\u00e9nis pour homme, outil efficace pour l'agrandissement du p\u00e9nis \u00e0 bons prix partout au Cameroun et faites vous livrer discr\u00e8tement, sur H\u00e9donia, le meilleur site de vente en ligne de sextoys au Cameroun. - Whatsapp: +237 672588687","breadcrumb":{"@id":"https:\/\/sexshop.cm\/produit\/pompe-a-penis-pour-homme-outil-efficace-pour-lagrandissement-du-penis\/#breadcrumb"},"inLanguage":"en-US","potentialAction":[{"@type":"ReadAction","target":["https:\/\/sexshop.cm\/produit\/pompe-a-penis-pour-homme-outil-efficace-pour-lagrandissement-du-penis\/"]}]},{"@type":"BreadcrumbList","@id":"https:\/\/sexshop.cm\/produit\/pompe-a-penis-pour-homme-outil-efficace-pour-lagrandissement-du-penis\/#breadcrumb","itemListElement":[{"@type":"ListItem","position":1,"name":"Accueil","item":"https:\/\/sexshop.cm\/en\/online-sexshop-in-cameroon\/"},{"@type":"ListItem","position":2,"name":"Shop","item":"https:\/\/sexshop.cm\/shop\/"},{"@type":"ListItem","position":3,"name":"Pompe \u00e0 p\u00e9nis pour homme, outil efficace pour l&rsquo;agrandissement du p\u00e9nis"}]},{"@type":"WebSite","@id":"https:\/\/sexshop.cm\/#website","url":"https:\/\/sexshop.cm\/","name":"H\u00e9donia","description":"SexShop en ligne - Boutique de sextoys et objets coquins en ligne au Cameroun","publisher":{"@id":"https:\/\/sexshop.cm\/#organization"},"potentialAction":[{"@type":"SearchAction","target":{"@type":"EntryPoint","urlTemplate":"https:\/\/sexshop.cm\/?s={search_term_string}"},"query-input":"required name=search_term_string"}],"inLanguage":"en-US"},{"@type":"Organization","@id":"https:\/\/sexshop.cm\/#organization","name":"H\u00e9donia","alternateName":"Boutique de Sextoys en ligne au Cameroun","url":"https:\/\/sexshop.cm\/","logo":{"@type":"ImageObject","inLanguage":"en-US","@id":"https:\/\/sexshop.cm\/#\/schema\/logo\/image\/","url":"https:\/\/sexshop.cm\/wp-content\/uploads\/2022\/10\/logo-680-hedonia.png.200x100_q85_background-f8f9fa.png","contentUrl":"https:\/\/sexshop.cm\/wp-content\/uploads\/2022\/10\/logo-680-hedonia.png.200x100_q85_background-f8f9fa.png","width":2222,"height":534,"caption":"H\u00e9donia"},"image":{"@id":"https:\/\/sexshop.cm\/#\/schema\/logo\/image\/"}}]},"product_price_amount":"25000","product_price_currency":"XAF","og_availability":"instock","product_availability":"instock","product_retailer_item_id":"1005003685604849","product_condition":"new"},"_links":{"self":[{"href":"https:\/\/sexshop.cm\/en\/wp-json\/wp\/v2\/product\/7029"}],"collection":[{"href":"https:\/\/sexshop.cm\/en\/wp-json\/wp\/v2\/product"}],"about":[{"href":"https:\/\/sexshop.cm\/en\/wp-json\/wp\/v2\/types\/product"}],"replies":[{"embeddable":true,"href":"https:\/\/sexshop.cm\/en\/wp-json\/wp\/v2\/comments?post=7029"}],"wp:featuredmedia":[{"embeddable":true,"href":"https:\/\/sexshop.cm\/en\/wp-json\/wp\/v2\/media\/7030"}],"wp:attachment":[{"href":"https:\/\/sexshop.cm\/en\/wp-json\/wp\/v2\/media?parent=7029"}],"wp:term":[{"taxonomy":"brand","embeddable":true,"href":"https:\/\/sexshop.cm\/en\/wp-json\/wp\/v2\/etheme_brands?post=7029"},{"taxonomy":"product_cat","embeddable":true,"href":"https:\/\/sexshop.cm\/en\/wp-json\/wp\/v2\/product_cat?post=7029"},{"taxonomy":"product_tag","embeddable":true,"href":"https:\/\/sexshop.cm\/en\/wp-json\/wp\/v2\/product_tag?post=7029"}],"curies":[{"name":"wp","href":"https:\/\/api.w.org\/{rel}","templated":true}]}}