{"id":7037,"date":"2022-12-03T18:28:50","date_gmt":"2022-12-03T17:28:50","guid":{"rendered":"https:\/\/sexshop.cm\/produit\/vibromasseur-lapin-a-double-moteur-12-vitesses-de-vibration\/"},"modified":"2023-11-04T13:37:12","modified_gmt":"2023-11-04T12:37:12","slug":"vibromasseur-lapin-a-double-moteur-12-vitesses-de-vibration","status":"publish","type":"product","link":"https:\/\/sexshop.cm\/en\/produit\/vibromasseur-lapin-a-double-moteur-12-vitesses-de-vibration\/","title":{"rendered":"Vibromasseur rabbit \u00e0 double moteur, 12 vitesses de Vibration"},"content":{"rendered":"<div class=\"detailmodule_dynamic\">\u00a0<\/div>\n<div class=\"detailmodule_html\">\n<div class=\"detail-desc-decorate-richtext\">\n<div class=\"detailmodule_html\">\n<div class=\"detail-desc-decorate-richtext\">\n<div class=\"detailmodule_dynamic\">\u00a0<\/div>\n<div class=\"detailmodule_html\">\n<div class=\"detail-desc-decorate-richtext\">\n<div class=\"detailmodule_html\">\n<div class=\"detail-desc-decorate-richtext\">\n<div class=\"detailmodule_dynamic\"><img decoding=\"async\" src=\"https:\/\/ae01.alicdn.com\/kf\/S8e82f0d8c2fa459ea675f5d9e1836f99Q.jpg\" \/><\/div>\n<p><span style=\"font-size: 22px; font-family: arial, helvetica, sans-serif;\"><strong><span style=\"color: #000000; font-size: 22px; font-family: arial, helvetica, sans-serif;\">Description du produit:<\/span><\/strong><\/span><\/p>\n<ul>\n<li>\n<p><span style=\"color: #000000; font-size: 16px; font-family: arial, helvetica, sans-serif;\">Taille: 23&#215;3.3CM<\/span><\/p>\n<\/li>\n<li>\n<p><span style=\"color: #000000; font-size: 16px; font-family: arial, helvetica, sans-serif;\">Mat\u00e9riel: silicone m\u00e9dical<\/span><\/p>\n<\/li>\n<li>\n<p><span style=\"color: #000000; font-size: 16px; font-family: arial, helvetica, sans-serif;\">Quand vous l&#8217;aurez, vous constaterez que le gode en silicone est si r\u00e9el. Le mat\u00e9riau en silicone souple et solide est si r\u00e9el. Nos produits sont faits de mat\u00e9riaux de silicone de qualit\u00e9 m\u00e9dicale et sont non toxiques et insipides.<\/span><\/p>\n<\/li>\n<li>\n<p><span style=\"color: #000000; font-size: 16px; font-family: arial, helvetica, sans-serif;\">100% mat\u00e9riau imperm\u00e9able garantit que vous pouvez l&#8217;utiliser dans des conditions humides. Nos b\u00e2tons vibromasseur peuvent balancer les perles<\/span><\/p>\n<\/li>\n<li>\n<p><span style=\"color: #ff0000; font-size: 16px; font-family: arial, helvetica, sans-serif;\"><span style=\"color: #000000; font-size: 16px; font-family: arial, helvetica, sans-serif;\"><span style=\"font-size: 16px; font-family: arial, helvetica, sans-serif;\">Puissance: 4 piles AAA (non incluses)<\/span><\/span><\/span><\/p>\n<\/li>\n<\/ul>\n<p><span style=\"color: #000000; font-size: 20px; font-family: arial, helvetica, sans-serif;\"><span style=\"font-size: 20px; font-family: arial, helvetica, sans-serif;\"><strong>Remarque:<\/strong><\/span><\/span><\/p>\n<p><span style=\"font-size: 16px; font-family: arial, helvetica, sans-serif;\"><span style=\"color: #000000; font-size: 16px; font-family: arial, helvetica, sans-serif;\">1. Nettoyez le produit avant et apr\u00e8s utilisation, lavez le avec de l&#8217;eau chaude et du savon antibact\u00e9rien, puis essuyez doucement avec une serviette ou un chiffon doux.<\/span><\/span><\/p>\n<p>\u00a0<\/p>\n<p><span style=\"font-size: 16px; font-family: arial, helvetica, sans-serif;\"><span style=\"color: #000000; font-size: 16px; font-family: arial, helvetica, sans-serif;\">2. Ajoutez une ou deux gouttes de votre lubrifiant sexuel pr\u00e9f\u00e9r\u00e9 \u00e0 la tige vibrante avant utilisation.<\/span><\/span><\/p>\n<p>\u00a0<\/p>\n<p><span style=\"font-size: 16px; font-family: arial, helvetica, sans-serif;\"><span style=\"color: #000000; font-size: 16px; font-family: arial, helvetica, sans-serif;\">3.<\/span><\/span>Votre vie priv\u00e9e est la plus haute importance pour nous. Nous enverrons vos produits dans un \u00e9tat secret, l&#8217;emballage sans aucun<br \/>Images et mots sur le sexe.<\/p>\n<p>\u00a0<\/p>\n<p><span style=\"font-size: 20px;\"><span style=\"font-size: 20px; font-family: arial, helvetica, sans-serif;\"><strong>Liste de paquet:<\/strong><\/span><\/span><\/p>\n<p><span style=\"font-size: 16px;\"><span style=\"font-size: 16px; font-family: arial, helvetica, sans-serif;\">1 x vibrateur de lapin<\/span><\/span><\/p>\n<p><img decoding=\"async\" src=\"https:\/\/ae01.alicdn.com\/kf\/Saf4fdd1d4c49473685bcf89490eb60c0b.jpg\" \/><img decoding=\"async\" src=\"https:\/\/ae01.alicdn.com\/kf\/Sfbff16692cf340e3be9075f974f7610dr.jpg\" \/><img decoding=\"async\" src=\"https:\/\/ae01.alicdn.com\/kf\/Sd89e74b034e94a3f8b5f6307ad090920O.jpg\" \/><img decoding=\"async\" src=\"https:\/\/ae01.alicdn.com\/kf\/S20c9390b85804702bfa61990ee502858n.jpg\" \/><img decoding=\"async\" src=\"https:\/\/ae01.alicdn.com\/kf\/S0cec4d825ea246d7874dd91a199c36d6n.jpg\" \/><img decoding=\"async\" src=\"https:\/\/ae01.alicdn.com\/kf\/Sd56094986da14973b56ce2adf418b450Q.jpg\" \/><img decoding=\"async\" src=\"https:\/\/ae01.alicdn.com\/kf\/S346d90e87f9e47afb4b4e65c5fe32140m.jpg\" \/><img decoding=\"async\" src=\"https:\/\/ae01.alicdn.com\/kf\/S06e73df2a9f14825b6dcae40d18aae42L.jpg\" \/><\/p>\n<\/div>\n<\/div>\n<\/div>\n<\/div>\n<\/div>\n<\/div>\n<p>\u00a0<\/p>\n<\/div>\n<\/div>\n","protected":false},"excerpt":{"rendered":"<p>\u00a0 \u00a0 Description du produit: Taille: 23&#215;3.3CM Mat\u00e9riel: silicone m\u00e9dical Quand vous l&#8217;aurez, vous constaterez que le gode en silicone est si r\u00e9el. Le mat\u00e9riau en silicone souple et solide est si r\u00e9el. Nos produits sont faits de mat\u00e9riaux de silicone de qualit\u00e9 m\u00e9dicale et sont non toxiques et insipides. 100% mat\u00e9riau imperm\u00e9able garantit que vous pouvez l&#8217;utiliser dans des conditions humides. Nos b\u00e2tons vibromasseur peuvent balancer les perles Puissance: 4 piles AAA (non incluses) Remarque: 1. Nettoyez le produit avant et apr\u00e8s utilisation, lavez le avec de l&#8217;eau chaude et du savon antibact\u00e9rien, puis essuyez doucement avec une serviette<\/p>\n","protected":false},"featured_media":7038,"comment_status":"open","ping_status":"closed","template":"","meta":{"_joinchat":[]},"etheme_brands":[],"product_cat":[63,46],"product_tag":[],"yoast_head":"<!-- This site is optimized with the Yoast SEO Premium plugin v19.3 (Yoast SEO v21.5) - https:\/\/yoast.com\/wordpress\/plugins\/seo\/ -->\n<title>- Achetez et Commandez Discr\u00e8tement vos Vibromasseur rabbit \u00e0 double moteur, 12 vitesses de Vibration au Cameroun -<\/title>\n<meta name=\"description\" content=\"Commandez vos meilleurs Vibromasseur rabbit \u00e0 double moteur, 12 vitesses de Vibration \u00e0 bons prix partout au Cameroun et faites vous livrer discr\u00e8tement, sur H\u00e9donia, le meilleur site de vente en ligne de sextoys au Cameroun. - Whatsapp: +237 672588687\" \/>\n<meta name=\"robots\" content=\"index, follow, max-snippet:-1, max-image-preview:large, max-video-preview:-1\" \/>\n<link rel=\"canonical\" href=\"https:\/\/sexshop.cm\/produit\/vibromasseur-lapin-a-double-moteur-12-vitesses-de-vibration\/\" \/>\n<meta property=\"og:locale\" content=\"en_US\" \/>\n<meta property=\"og:type\" content=\"article\" \/>\n<meta property=\"og:title\" content=\"Vibromasseur rabbit \u00e0 double moteur, 12 vitesses de Vibration\" \/>\n<meta property=\"og:description\" content=\"Vibromasseur rabbit \u00e0 double moteur, 12 vitesses de Vibration - H\u00e9donia\" \/>\n<meta property=\"og:url\" content=\"https:\/\/sexshop.cm\/produit\/vibromasseur-lapin-a-double-moteur-12-vitesses-de-vibration\/\" \/>\n<meta property=\"og:site_name\" content=\"H\u00e9donia\" \/>\n<meta property=\"article:modified_time\" content=\"2023-11-04T12:37:12+00:00\" \/>\n<meta property=\"og:image\" content=\"http:\/\/sexshop.cm\/wp-content\/uploads\/2022\/12\/MAIOLI-vibromasseur-lapin-double-moteur-12-vitesses-de-Vibration-jouet-sexuel-pour-femmes-masseur-de-point.jpg\" \/>\n\t<meta property=\"og:image:width\" content=\"1000\" \/>\n\t<meta property=\"og:image:height\" content=\"1000\" \/>\n\t<meta property=\"og:image:type\" content=\"image\/jpeg\" \/>\n<meta name=\"twitter:card\" content=\"summary_large_image\" \/>\n<meta name=\"twitter:label1\" content=\"Price\" \/>\n\t<meta name=\"twitter:data1\" content=\"22000&nbsp;CFA\" \/>\n\t<meta name=\"twitter:label2\" content=\"Availability\" \/>\n\t<meta name=\"twitter:data2\" content=\"Out of stock\" \/>\n<script type=\"application\/ld+json\" class=\"yoast-schema-graph\">{\"@context\":\"https:\/\/schema.org\",\"@graph\":[{\"@type\":\"WebPage\",\"@id\":\"https:\/\/sexshop.cm\/produit\/vibromasseur-lapin-a-double-moteur-12-vitesses-de-vibration\/\",\"url\":\"https:\/\/sexshop.cm\/produit\/vibromasseur-lapin-a-double-moteur-12-vitesses-de-vibration\/\",\"name\":\"- Achetez et Commandez Discr\u00e8tement vos Vibromasseur rabbit \u00e0 double moteur, 12 vitesses de Vibration au Cameroun -\",\"isPartOf\":{\"@id\":\"https:\/\/sexshop.cm\/#website\"},\"datePublished\":\"2022-12-03T17:28:50+00:00\",\"dateModified\":\"2023-11-04T12:37:12+00:00\",\"description\":\"Commandez vos meilleurs Vibromasseur rabbit \u00e0 double moteur, 12 vitesses de Vibration \u00e0 bons prix partout au Cameroun et faites vous livrer discr\u00e8tement, sur H\u00e9donia, le meilleur site de vente en ligne de sextoys au Cameroun. - Whatsapp: +237 672588687\",\"breadcrumb\":{\"@id\":\"https:\/\/sexshop.cm\/produit\/vibromasseur-lapin-a-double-moteur-12-vitesses-de-vibration\/#breadcrumb\"},\"inLanguage\":\"en-US\",\"potentialAction\":[{\"@type\":\"ReadAction\",\"target\":[\"https:\/\/sexshop.cm\/produit\/vibromasseur-lapin-a-double-moteur-12-vitesses-de-vibration\/\"]}]},{\"@type\":\"BreadcrumbList\",\"@id\":\"https:\/\/sexshop.cm\/produit\/vibromasseur-lapin-a-double-moteur-12-vitesses-de-vibration\/#breadcrumb\",\"itemListElement\":[{\"@type\":\"ListItem\",\"position\":1,\"name\":\"Accueil\",\"item\":\"https:\/\/sexshop.cm\/en\/online-sexshop-in-cameroon\/\"},{\"@type\":\"ListItem\",\"position\":2,\"name\":\"Shop\",\"item\":\"https:\/\/sexshop.cm\/shop\/\"},{\"@type\":\"ListItem\",\"position\":3,\"name\":\"Vibromasseur rabbit \u00e0 double moteur, 12 vitesses de Vibration\"}]},{\"@type\":\"WebSite\",\"@id\":\"https:\/\/sexshop.cm\/#website\",\"url\":\"https:\/\/sexshop.cm\/\",\"name\":\"H\u00e9donia\",\"description\":\"SexShop en ligne - Boutique de sextoys et objets coquins en ligne au Cameroun\",\"publisher\":{\"@id\":\"https:\/\/sexshop.cm\/#organization\"},\"potentialAction\":[{\"@type\":\"SearchAction\",\"target\":{\"@type\":\"EntryPoint\",\"urlTemplate\":\"https:\/\/sexshop.cm\/?s={search_term_string}\"},\"query-input\":\"required name=search_term_string\"}],\"inLanguage\":\"en-US\"},{\"@type\":\"Organization\",\"@id\":\"https:\/\/sexshop.cm\/#organization\",\"name\":\"H\u00e9donia\",\"alternateName\":\"Boutique de Sextoys en ligne au Cameroun\",\"url\":\"https:\/\/sexshop.cm\/\",\"logo\":{\"@type\":\"ImageObject\",\"inLanguage\":\"en-US\",\"@id\":\"https:\/\/sexshop.cm\/#\/schema\/logo\/image\/\",\"url\":\"https:\/\/sexshop.cm\/wp-content\/uploads\/2022\/10\/logo-680-hedonia.png.200x100_q85_background-f8f9fa.png\",\"contentUrl\":\"https:\/\/sexshop.cm\/wp-content\/uploads\/2022\/10\/logo-680-hedonia.png.200x100_q85_background-f8f9fa.png\",\"width\":2222,\"height\":534,\"caption\":\"H\u00e9donia\"},\"image\":{\"@id\":\"https:\/\/sexshop.cm\/#\/schema\/logo\/image\/\"}}]}<\/script>\n<meta property=\"product:price:amount\" content=\"22000\" \/>\n<meta property=\"product:price:currency\" content=\"XAF\" \/>\n<meta property=\"og:availability\" content=\"out of stock\" \/>\n<meta property=\"product:availability\" content=\"out of stock\" \/>\n<meta property=\"product:retailer_item_id\" content=\"1000007005544\" \/>\n<meta property=\"product:condition\" content=\"new\" \/>\n<!-- \/ Yoast SEO Premium plugin. -->","yoast_head_json":{"title":"- Achetez et Commandez Discr\u00e8tement vos Vibromasseur rabbit \u00e0 double moteur, 12 vitesses de Vibration au Cameroun -","description":"Commandez vos meilleurs Vibromasseur rabbit \u00e0 double moteur, 12 vitesses de Vibration \u00e0 bons prix partout au Cameroun et faites vous livrer discr\u00e8tement, sur H\u00e9donia, le meilleur site de vente en ligne de sextoys au Cameroun. - Whatsapp: +237 672588687","robots":{"index":"index","follow":"follow","max-snippet":"max-snippet:-1","max-image-preview":"max-image-preview:large","max-video-preview":"max-video-preview:-1"},"canonical":"https:\/\/sexshop.cm\/produit\/vibromasseur-lapin-a-double-moteur-12-vitesses-de-vibration\/","og_locale":"en_US","og_type":"article","og_title":"Vibromasseur rabbit \u00e0 double moteur, 12 vitesses de Vibration","og_description":"Vibromasseur rabbit \u00e0 double moteur, 12 vitesses de Vibration - H\u00e9donia","og_url":"https:\/\/sexshop.cm\/produit\/vibromasseur-lapin-a-double-moteur-12-vitesses-de-vibration\/","og_site_name":"H\u00e9donia","article_modified_time":"2023-11-04T12:37:12+00:00","og_image":[{"width":1000,"height":1000,"url":"http:\/\/sexshop.cm\/wp-content\/uploads\/2022\/12\/MAIOLI-vibromasseur-lapin-double-moteur-12-vitesses-de-Vibration-jouet-sexuel-pour-femmes-masseur-de-point.jpg","type":"image\/jpeg"}],"twitter_card":"summary_large_image","twitter_misc":{"Price":"22000&nbsp;CFA","Availability":"Out of stock"},"schema":{"@context":"https:\/\/schema.org","@graph":[{"@type":"WebPage","@id":"https:\/\/sexshop.cm\/produit\/vibromasseur-lapin-a-double-moteur-12-vitesses-de-vibration\/","url":"https:\/\/sexshop.cm\/produit\/vibromasseur-lapin-a-double-moteur-12-vitesses-de-vibration\/","name":"- Achetez et Commandez Discr\u00e8tement vos Vibromasseur rabbit \u00e0 double moteur, 12 vitesses de Vibration au Cameroun -","isPartOf":{"@id":"https:\/\/sexshop.cm\/#website"},"datePublished":"2022-12-03T17:28:50+00:00","dateModified":"2023-11-04T12:37:12+00:00","description":"Commandez vos meilleurs Vibromasseur rabbit \u00e0 double moteur, 12 vitesses de Vibration \u00e0 bons prix partout au Cameroun et faites vous livrer discr\u00e8tement, sur H\u00e9donia, le meilleur site de vente en ligne de sextoys au Cameroun. - Whatsapp: +237 672588687","breadcrumb":{"@id":"https:\/\/sexshop.cm\/produit\/vibromasseur-lapin-a-double-moteur-12-vitesses-de-vibration\/#breadcrumb"},"inLanguage":"en-US","potentialAction":[{"@type":"ReadAction","target":["https:\/\/sexshop.cm\/produit\/vibromasseur-lapin-a-double-moteur-12-vitesses-de-vibration\/"]}]},{"@type":"BreadcrumbList","@id":"https:\/\/sexshop.cm\/produit\/vibromasseur-lapin-a-double-moteur-12-vitesses-de-vibration\/#breadcrumb","itemListElement":[{"@type":"ListItem","position":1,"name":"Accueil","item":"https:\/\/sexshop.cm\/en\/online-sexshop-in-cameroon\/"},{"@type":"ListItem","position":2,"name":"Shop","item":"https:\/\/sexshop.cm\/shop\/"},{"@type":"ListItem","position":3,"name":"Vibromasseur rabbit \u00e0 double moteur, 12 vitesses de Vibration"}]},{"@type":"WebSite","@id":"https:\/\/sexshop.cm\/#website","url":"https:\/\/sexshop.cm\/","name":"H\u00e9donia","description":"SexShop en ligne - Boutique de sextoys et objets coquins en ligne au Cameroun","publisher":{"@id":"https:\/\/sexshop.cm\/#organization"},"potentialAction":[{"@type":"SearchAction","target":{"@type":"EntryPoint","urlTemplate":"https:\/\/sexshop.cm\/?s={search_term_string}"},"query-input":"required name=search_term_string"}],"inLanguage":"en-US"},{"@type":"Organization","@id":"https:\/\/sexshop.cm\/#organization","name":"H\u00e9donia","alternateName":"Boutique de Sextoys en ligne au Cameroun","url":"https:\/\/sexshop.cm\/","logo":{"@type":"ImageObject","inLanguage":"en-US","@id":"https:\/\/sexshop.cm\/#\/schema\/logo\/image\/","url":"https:\/\/sexshop.cm\/wp-content\/uploads\/2022\/10\/logo-680-hedonia.png.200x100_q85_background-f8f9fa.png","contentUrl":"https:\/\/sexshop.cm\/wp-content\/uploads\/2022\/10\/logo-680-hedonia.png.200x100_q85_background-f8f9fa.png","width":2222,"height":534,"caption":"H\u00e9donia"},"image":{"@id":"https:\/\/sexshop.cm\/#\/schema\/logo\/image\/"}}]},"product_price_amount":"22000","product_price_currency":"XAF","og_availability":"out of stock","product_availability":"out of stock","product_retailer_item_id":"1000007005544","product_condition":"new"},"_links":{"self":[{"href":"https:\/\/sexshop.cm\/en\/wp-json\/wp\/v2\/product\/7037"}],"collection":[{"href":"https:\/\/sexshop.cm\/en\/wp-json\/wp\/v2\/product"}],"about":[{"href":"https:\/\/sexshop.cm\/en\/wp-json\/wp\/v2\/types\/product"}],"replies":[{"embeddable":true,"href":"https:\/\/sexshop.cm\/en\/wp-json\/wp\/v2\/comments?post=7037"}],"wp:featuredmedia":[{"embeddable":true,"href":"https:\/\/sexshop.cm\/en\/wp-json\/wp\/v2\/media\/7038"}],"wp:attachment":[{"href":"https:\/\/sexshop.cm\/en\/wp-json\/wp\/v2\/media?parent=7037"}],"wp:term":[{"taxonomy":"brand","embeddable":true,"href":"https:\/\/sexshop.cm\/en\/wp-json\/wp\/v2\/etheme_brands?post=7037"},{"taxonomy":"product_cat","embeddable":true,"href":"https:\/\/sexshop.cm\/en\/wp-json\/wp\/v2\/product_cat?post=7037"},{"taxonomy":"product_tag","embeddable":true,"href":"https:\/\/sexshop.cm\/en\/wp-json\/wp\/v2\/product_tag?post=7037"}],"curies":[{"name":"wp","href":"https:\/\/api.w.org\/{rel}","templated":true}]}}