{"id":7054,"date":"2022-12-20T13:36:06","date_gmt":"2022-12-20T12:36:06","guid":{"rendered":"https:\/\/sexshop.cm\/produit\/mini-vibromasseur-oeufs-vivrant-avec-telecommande\/"},"modified":"2025-05-24T03:51:39","modified_gmt":"2025-05-24T02:51:39","slug":"mini-vibromasseur-oeufs-vivrant-avec-telecommande","status":"publish","type":"product","link":"https:\/\/sexshop.cm\/en\/produit\/mini-vibromasseur-oeufs-vivrant-avec-telecommande\/","title":{"rendered":"Mini vibromasseur oeufs  vivrant avec telecommande"},"content":{"rendered":"<div class=\"detailmodule_html\">\n<div class=\"detail-desc-decorate-richtext\">\n<div class=\"detailmodule_dynamic\"><\/div>\n<div class=\"detailmodule_dynamic\"><\/div>\n<div class=\"detailmodule_html\">\n<div class=\"detail-desc-decorate-richtext\">\n<div><img decoding=\"async\" class=\"detail-desc-decorate-image\" style=\"margin-bottom: 10px;\" src=\"https:\/\/ae01.alicdn.com\/kf\/Heb2d26e60bbe4bf99a97ff95058160b9i.jpg?width=1000&amp;height=1200&amp;hash=2200\" \/> <img decoding=\"async\" class=\"detail-desc-decorate-image\" style=\"margin-bottom: 10px;\" src=\"https:\/\/ae01.alicdn.com\/kf\/H0a3f23f7ff7e4f57b2087821687a4cd4p.jpg?width=1000&amp;height=1000&amp;hash=2000\" \/> <img decoding=\"async\" class=\"detail-desc-decorate-image\" style=\"margin-bottom: 10px;\" src=\"https:\/\/ae01.alicdn.com\/kf\/H511c039397d8468e983e911477dd8e917.jpg?width=1000&amp;height=1252&amp;hash=2252\" \/> <img decoding=\"async\" class=\"detail-desc-decorate-image\" style=\"margin-bottom: 10px;\" src=\"https:\/\/ae01.alicdn.com\/kf\/Hd0594afd842741bdac03c5cd40ecf9aeG.jpg?width=1000&amp;height=1000&amp;hash=2000\" \/> <img decoding=\"async\" class=\"detail-desc-decorate-image\" style=\"margin-bottom: 10px;\" src=\"https:\/\/ae01.alicdn.com\/kf\/H1b54195c539e4a3197e1b6ae634c54aac.jpg?width=1000&amp;height=1000&amp;hash=2000\" \/> <img decoding=\"async\" class=\"detail-desc-decorate-image\" style=\"margin-bottom: 10px;\" src=\"https:\/\/ae01.alicdn.com\/kf\/H03bf588cfa82488a87a9b471b678fa992.jpg?width=1000&amp;height=1000&amp;hash=2000\" \/> <img decoding=\"async\" class=\"detail-desc-decorate-image\" style=\"margin-bottom: 10px;\" src=\"https:\/\/ae01.alicdn.com\/kf\/H30e87a87080442f3945dfc4146f5d480k.jpg?width=1000&amp;height=1000&amp;hash=2000\" \/> <img decoding=\"async\" class=\"detail-desc-decorate-image\" style=\"margin-bottom: 10px;\" src=\"https:\/\/ae01.alicdn.com\/kf\/H5f676eec028c4df5964ca01409971d55Z.jpg?width=1000&amp;height=1000&amp;hash=2000\" \/><\/div>\n<div><img decoding=\"async\" class=\"detail-desc-decorate-image\" style=\"margin-bottom: 10px;\" src=\"https:\/\/ae01.alicdn.com\/kf\/Habd0fdcf023044b6851e677536a24437z.jpg?width=1000&amp;height=1000&amp;hash=2000\" \/> <img decoding=\"async\" class=\"detail-desc-decorate-image\" style=\"margin-bottom: 10px;\" src=\"https:\/\/ae01.alicdn.com\/kf\/Hb07ac5d20fcd4cebaa096a945cec3101Z.jpg?width=1000&amp;height=1000&amp;hash=2000\" \/><\/div>\n<div><img decoding=\"async\" class=\"detail-desc-decorate-image\" style=\"margin-bottom: 10px;\" src=\"https:\/\/ae01.alicdn.com\/kf\/Hddd7a44fcc2e49c7ac23083365d012b9Y.jpg?width=1000&amp;height=2405&amp;hash=3405\" \/><\/div>\n<\/div>\n<\/div>\n<div><\/div>\n<\/div>\n<\/div>\n","protected":false},"excerpt":{"rendered":"","protected":false},"featured_media":7055,"comment_status":"open","ping_status":"closed","template":"","meta":{"_joinchat":[]},"etheme_brands":[],"product_cat":[61,46,53],"product_tag":[],"yoast_head":"<!-- This site is optimized with the Yoast SEO Premium plugin v19.3 (Yoast SEO v21.5) - https:\/\/yoast.com\/wordpress\/plugins\/seo\/ -->\n<title>- Achetez et Commandez Discr\u00e8tement vos Mini vibromasseur oeufs vivrant avec telecommande au Cameroun -<\/title>\n<meta name=\"description\" content=\"Commandez vos meilleurs Mini vibromasseur oeufs vivrant avec telecommande \u00e0 bons prix partout au Cameroun et faites vous livrer discr\u00e8tement, sur H\u00e9donia, le meilleur site de vente en ligne de sextoys au Cameroun. - Whatsapp: +237 672588687\" \/>\n<meta name=\"robots\" content=\"index, follow, max-snippet:-1, max-image-preview:large, max-video-preview:-1\" \/>\n<link rel=\"canonical\" href=\"https:\/\/sexshop.cm\/en\/produit\/mini-vibromasseur-oeufs-vivrant-avec-telecommande\/\" \/>\n<meta property=\"og:locale\" content=\"en_US\" \/>\n<meta property=\"og:type\" content=\"article\" \/>\n<meta property=\"og:title\" content=\"Mini vibromasseur oeufs vivrant avec telecommande\" \/>\n<meta property=\"og:description\" content=\"Mini vibromasseur oeufs vivrant avec telecommande - H\u00e9donia\" \/>\n<meta property=\"og:url\" content=\"https:\/\/sexshop.cm\/en\/produit\/mini-vibromasseur-oeufs-vivrant-avec-telecommande\/\" \/>\n<meta property=\"og:site_name\" content=\"H\u00e9donia\" \/>\n<meta property=\"article:modified_time\" content=\"2025-05-24T02:51:39+00:00\" \/>\n<meta property=\"og:image\" content=\"https:\/\/sexshop.cm\/wp-content\/uploads\/2022\/12\/Mini-vibromasseur-oeufs-jouets-sexuels-pour-femmes-adultes-produits-sexuels-Kegel-simulateur-boules-vaginales-pour-Couple.jpg\" \/>\n\t<meta property=\"og:image:width\" content=\"1000\" \/>\n\t<meta property=\"og:image:height\" content=\"1000\" \/>\n\t<meta property=\"og:image:type\" content=\"image\/jpeg\" \/>\n<meta name=\"twitter:card\" content=\"summary_large_image\" \/>\n<meta name=\"twitter:label1\" content=\"Price\" \/>\n\t<meta name=\"twitter:data1\" content=\"38000&nbsp;CFA\" \/>\n\t<meta name=\"twitter:label2\" content=\"Availability\" \/>\n\t<meta name=\"twitter:data2\" content=\"In stock\" \/>\n<script type=\"application\/ld+json\" class=\"yoast-schema-graph\">{\"@context\":\"https:\/\/schema.org\",\"@graph\":[{\"@type\":\"WebPage\",\"@id\":\"https:\/\/sexshop.cm\/en\/produit\/mini-vibromasseur-oeufs-vivrant-avec-telecommande\/\",\"url\":\"https:\/\/sexshop.cm\/en\/produit\/mini-vibromasseur-oeufs-vivrant-avec-telecommande\/\",\"name\":\"- Achetez et Commandez Discr\u00e8tement vos Mini vibromasseur oeufs vivrant avec telecommande au Cameroun -\",\"isPartOf\":{\"@id\":\"https:\/\/sexshop.cm\/#website\"},\"datePublished\":\"2022-12-20T12:36:06+00:00\",\"dateModified\":\"2025-05-24T02:51:39+00:00\",\"description\":\"Commandez vos meilleurs Mini vibromasseur oeufs vivrant avec telecommande \u00e0 bons prix partout au Cameroun et faites vous livrer discr\u00e8tement, sur H\u00e9donia, le meilleur site de vente en ligne de sextoys au Cameroun. - Whatsapp: +237 672588687\",\"breadcrumb\":{\"@id\":\"https:\/\/sexshop.cm\/en\/produit\/mini-vibromasseur-oeufs-vivrant-avec-telecommande\/#breadcrumb\"},\"inLanguage\":\"en-US\",\"potentialAction\":[{\"@type\":\"ReadAction\",\"target\":[\"https:\/\/sexshop.cm\/en\/produit\/mini-vibromasseur-oeufs-vivrant-avec-telecommande\/\"]}]},{\"@type\":\"BreadcrumbList\",\"@id\":\"https:\/\/sexshop.cm\/en\/produit\/mini-vibromasseur-oeufs-vivrant-avec-telecommande\/#breadcrumb\",\"itemListElement\":[{\"@type\":\"ListItem\",\"position\":1,\"name\":\"Accueil\",\"item\":\"https:\/\/sexshop.cm\/en\/online-sexshop-in-cameroon\/\"},{\"@type\":\"ListItem\",\"position\":2,\"name\":\"Shop\",\"item\":\"https:\/\/sexshop.cm\/shop\/\"},{\"@type\":\"ListItem\",\"position\":3,\"name\":\"Mini vibromasseur oeufs vivrant avec telecommande\"}]},{\"@type\":\"WebSite\",\"@id\":\"https:\/\/sexshop.cm\/#website\",\"url\":\"https:\/\/sexshop.cm\/\",\"name\":\"H\u00e9donia\",\"description\":\"SexShop en ligne - Boutique de sextoys et objets coquins en ligne au Cameroun\",\"publisher\":{\"@id\":\"https:\/\/sexshop.cm\/#organization\"},\"potentialAction\":[{\"@type\":\"SearchAction\",\"target\":{\"@type\":\"EntryPoint\",\"urlTemplate\":\"https:\/\/sexshop.cm\/?s={search_term_string}\"},\"query-input\":\"required name=search_term_string\"}],\"inLanguage\":\"en-US\"},{\"@type\":\"Organization\",\"@id\":\"https:\/\/sexshop.cm\/#organization\",\"name\":\"H\u00e9donia\",\"alternateName\":\"Boutique de Sextoys en ligne au Cameroun\",\"url\":\"https:\/\/sexshop.cm\/\",\"logo\":{\"@type\":\"ImageObject\",\"inLanguage\":\"en-US\",\"@id\":\"https:\/\/sexshop.cm\/#\/schema\/logo\/image\/\",\"url\":\"https:\/\/sexshop.cm\/wp-content\/uploads\/2022\/10\/logo-680-hedonia.png.200x100_q85_background-f8f9fa.png\",\"contentUrl\":\"https:\/\/sexshop.cm\/wp-content\/uploads\/2022\/10\/logo-680-hedonia.png.200x100_q85_background-f8f9fa.png\",\"width\":2222,\"height\":534,\"caption\":\"H\u00e9donia\"},\"image\":{\"@id\":\"https:\/\/sexshop.cm\/#\/schema\/logo\/image\/\"}}]}<\/script>\n<meta property=\"product:price:amount\" content=\"38000\" \/>\n<meta property=\"product:price:currency\" content=\"XAF\" \/>\n<meta property=\"og:availability\" content=\"instock\" \/>\n<meta property=\"product:availability\" content=\"instock\" \/>\n<meta property=\"product:retailer_item_id\" content=\"4001278549014\" \/>\n<meta property=\"product:condition\" content=\"new\" \/>\n<!-- \/ Yoast SEO Premium plugin. -->","yoast_head_json":{"title":"- Achetez et Commandez Discr\u00e8tement vos Mini vibromasseur oeufs vivrant avec telecommande au Cameroun -","description":"Commandez vos meilleurs Mini vibromasseur oeufs vivrant avec telecommande \u00e0 bons prix partout au Cameroun et faites vous livrer discr\u00e8tement, sur H\u00e9donia, le meilleur site de vente en ligne de sextoys au Cameroun. - Whatsapp: +237 672588687","robots":{"index":"index","follow":"follow","max-snippet":"max-snippet:-1","max-image-preview":"max-image-preview:large","max-video-preview":"max-video-preview:-1"},"canonical":"https:\/\/sexshop.cm\/en\/produit\/mini-vibromasseur-oeufs-vivrant-avec-telecommande\/","og_locale":"en_US","og_type":"article","og_title":"Mini vibromasseur oeufs vivrant avec telecommande","og_description":"Mini vibromasseur oeufs vivrant avec telecommande - H\u00e9donia","og_url":"https:\/\/sexshop.cm\/en\/produit\/mini-vibromasseur-oeufs-vivrant-avec-telecommande\/","og_site_name":"H\u00e9donia","article_modified_time":"2025-05-24T02:51:39+00:00","og_image":[{"width":1000,"height":1000,"url":"https:\/\/sexshop.cm\/wp-content\/uploads\/2022\/12\/Mini-vibromasseur-oeufs-jouets-sexuels-pour-femmes-adultes-produits-sexuels-Kegel-simulateur-boules-vaginales-pour-Couple.jpg","type":"image\/jpeg"}],"twitter_card":"summary_large_image","twitter_misc":{"Price":"38000&nbsp;CFA","Availability":"In stock"},"schema":{"@context":"https:\/\/schema.org","@graph":[{"@type":"WebPage","@id":"https:\/\/sexshop.cm\/en\/produit\/mini-vibromasseur-oeufs-vivrant-avec-telecommande\/","url":"https:\/\/sexshop.cm\/en\/produit\/mini-vibromasseur-oeufs-vivrant-avec-telecommande\/","name":"- Achetez et Commandez Discr\u00e8tement vos Mini vibromasseur oeufs vivrant avec telecommande au Cameroun -","isPartOf":{"@id":"https:\/\/sexshop.cm\/#website"},"datePublished":"2022-12-20T12:36:06+00:00","dateModified":"2025-05-24T02:51:39+00:00","description":"Commandez vos meilleurs Mini vibromasseur oeufs vivrant avec telecommande \u00e0 bons prix partout au Cameroun et faites vous livrer discr\u00e8tement, sur H\u00e9donia, le meilleur site de vente en ligne de sextoys au Cameroun. - Whatsapp: +237 672588687","breadcrumb":{"@id":"https:\/\/sexshop.cm\/en\/produit\/mini-vibromasseur-oeufs-vivrant-avec-telecommande\/#breadcrumb"},"inLanguage":"en-US","potentialAction":[{"@type":"ReadAction","target":["https:\/\/sexshop.cm\/en\/produit\/mini-vibromasseur-oeufs-vivrant-avec-telecommande\/"]}]},{"@type":"BreadcrumbList","@id":"https:\/\/sexshop.cm\/en\/produit\/mini-vibromasseur-oeufs-vivrant-avec-telecommande\/#breadcrumb","itemListElement":[{"@type":"ListItem","position":1,"name":"Accueil","item":"https:\/\/sexshop.cm\/en\/online-sexshop-in-cameroon\/"},{"@type":"ListItem","position":2,"name":"Shop","item":"https:\/\/sexshop.cm\/shop\/"},{"@type":"ListItem","position":3,"name":"Mini vibromasseur oeufs vivrant avec telecommande"}]},{"@type":"WebSite","@id":"https:\/\/sexshop.cm\/#website","url":"https:\/\/sexshop.cm\/","name":"H\u00e9donia","description":"SexShop en ligne - Boutique de sextoys et objets coquins en ligne au Cameroun","publisher":{"@id":"https:\/\/sexshop.cm\/#organization"},"potentialAction":[{"@type":"SearchAction","target":{"@type":"EntryPoint","urlTemplate":"https:\/\/sexshop.cm\/?s={search_term_string}"},"query-input":"required name=search_term_string"}],"inLanguage":"en-US"},{"@type":"Organization","@id":"https:\/\/sexshop.cm\/#organization","name":"H\u00e9donia","alternateName":"Boutique de Sextoys en ligne au Cameroun","url":"https:\/\/sexshop.cm\/","logo":{"@type":"ImageObject","inLanguage":"en-US","@id":"https:\/\/sexshop.cm\/#\/schema\/logo\/image\/","url":"https:\/\/sexshop.cm\/wp-content\/uploads\/2022\/10\/logo-680-hedonia.png.200x100_q85_background-f8f9fa.png","contentUrl":"https:\/\/sexshop.cm\/wp-content\/uploads\/2022\/10\/logo-680-hedonia.png.200x100_q85_background-f8f9fa.png","width":2222,"height":534,"caption":"H\u00e9donia"},"image":{"@id":"https:\/\/sexshop.cm\/#\/schema\/logo\/image\/"}}]},"product_price_amount":"38000","product_price_currency":"XAF","og_availability":"instock","product_availability":"instock","product_retailer_item_id":"4001278549014","product_condition":"new"},"_links":{"self":[{"href":"https:\/\/sexshop.cm\/en\/wp-json\/wp\/v2\/product\/7054"}],"collection":[{"href":"https:\/\/sexshop.cm\/en\/wp-json\/wp\/v2\/product"}],"about":[{"href":"https:\/\/sexshop.cm\/en\/wp-json\/wp\/v2\/types\/product"}],"replies":[{"embeddable":true,"href":"https:\/\/sexshop.cm\/en\/wp-json\/wp\/v2\/comments?post=7054"}],"wp:featuredmedia":[{"embeddable":true,"href":"https:\/\/sexshop.cm\/en\/wp-json\/wp\/v2\/media\/7055"}],"wp:attachment":[{"href":"https:\/\/sexshop.cm\/en\/wp-json\/wp\/v2\/media?parent=7054"}],"wp:term":[{"taxonomy":"brand","embeddable":true,"href":"https:\/\/sexshop.cm\/en\/wp-json\/wp\/v2\/etheme_brands?post=7054"},{"taxonomy":"product_cat","embeddable":true,"href":"https:\/\/sexshop.cm\/en\/wp-json\/wp\/v2\/product_cat?post=7054"},{"taxonomy":"product_tag","embeddable":true,"href":"https:\/\/sexshop.cm\/en\/wp-json\/wp\/v2\/product_tag?post=7054"}],"curies":[{"name":"wp","href":"https:\/\/api.w.org\/{rel}","templated":true}]}}