{"id":8288,"date":"2023-04-09T22:12:12","date_gmt":"2023-04-09T21:12:12","guid":{"rendered":"https:\/\/sexshop.cm\/produit\/silicone-masseur-baguette-magique-portable-masseur-magic-massage-masseurs-electriques-portables\/"},"modified":"2023-11-16T18:22:32","modified_gmt":"2023-11-16T17:22:32","slug":"silicone-magic-wand-massager-portable-magic-massage-portable-electic-massagers","status":"publish","type":"product","link":"https:\/\/sexshop.cm\/en\/produit\/silicone-magic-wand-massager-portable-magic-massage-portable-electic-massagers\/","title":{"rendered":"Silicone Magic Wand Massager, Portable Magic Massage, Portable Electic Massagers"},"content":{"rendered":"<p>About this item<br \/>\nTHE BEST HIGH POWER WIRELESS WAND MASSAGER &#8211; Quiet turbocharged motor, this powerful personal massager can relieve fatigue and reduce muscle pain, so whether you want a relaxing massage experience or a deep tissue massage, the electric massage wand will give you the most professional massage.<br \/>\nIT IS MADE OF SILKY SMOOTH SILICONE &#8211; Safe and environmentally friendly soft medical silicone material, smooth, comfortable, tasteless, skin feel, 100% SAFE to use on the skin. easy to clean, maximum protection for your personal health. IPX7 waterproof design can be used in the bathroom, beach, pool.<br \/>\nUSB fast charging &#8211; You can use the original USB plug to charge quickly within 2-3 hours until the LED light stops flashing. High quality lithium batteries ensure that the wand massage can be used for many hours to provide the safest protection for your massage experience.<br \/>\nPortable design &#8211; the personal massager is small and lightweight. It can be placed in a purse, suitcase or pocket and comes with a silk tote bag to keep the massager tidy. The handle has a non-slip texture and is very comfortable to hold in the hand. This lightweight mini massager has a honeycomb handle so it&#8217;s easy to hold when in use.<\/p>\n","protected":false},"excerpt":{"rendered":"<p>THE BEST HIGH POWER WIRELESS MASSAGER &#8211; Quiet turbocharged motor, this powerful personal massager can relieve fatigue and reduce muscle soreness, so whether you want a relaxing massage experience or a deep tissue massage, the electric massage wand will give you the most professional massage.<\/p>\n","protected":false},"featured_media":10526,"comment_status":"open","ping_status":"closed","template":"","meta":{"_joinchat":[]},"etheme_brands":[],"product_cat":[59],"product_tag":[],"yoast_head":"<!-- This site is optimized with the Yoast SEO Premium plugin v19.3 (Yoast SEO v21.5) - https:\/\/yoast.com\/wordpress\/plugins\/seo\/ -->\n<title>- Achetez et Commandez Discr\u00e8tement vos Silicone Magic Wand Massager, Portable Magic Massage, Portable Electic Massagers au Cameroun -<\/title>\n<meta name=\"description\" content=\"Commandez vos meilleurs Silicone Magic Wand Massager, Portable Magic Massage, Portable Electic Massagers \u00e0 bons prix partout au Cameroun et faites vous livrer discr\u00e8tement, sur H\u00e9donia, le meilleur site de vente en ligne de sextoys au Cameroun. - Whatsapp: +237 672588687\" \/>\n<meta name=\"robots\" content=\"index, follow, max-snippet:-1, max-image-preview:large, max-video-preview:-1\" \/>\n<link rel=\"canonical\" href=\"https:\/\/sexshop.cm\/en\/produit\/silicone-magic-wand-massager-portable-magic-massage-portable-electic-massagers\/\" \/>\n<meta property=\"og:locale\" content=\"en_US\" \/>\n<meta property=\"og:type\" content=\"article\" \/>\n<meta property=\"og:title\" content=\"Silicone Magic Wand Massager, Portable Magic Massage, Portable Electic Massagers\" \/>\n<meta property=\"og:description\" content=\"Silicone Magic Wand Massager, Portable Magic Massage, Portable Electic Massagers - H\u00e9donia\" \/>\n<meta property=\"og:url\" content=\"https:\/\/sexshop.cm\/en\/produit\/silicone-magic-wand-massager-portable-magic-massage-portable-electic-massagers\/\" \/>\n<meta property=\"og:site_name\" content=\"H\u00e9donia\" \/>\n<meta property=\"article:modified_time\" content=\"2023-11-16T17:22:32+00:00\" \/>\n<meta property=\"og:image\" content=\"http:\/\/sexshop.cm\/wp-content\/uploads\/2023\/04\/download-4.png\" \/>\n\t<meta property=\"og:image:width\" content=\"1000\" \/>\n\t<meta property=\"og:image:height\" content=\"1000\" \/>\n\t<meta property=\"og:image:type\" content=\"image\/png\" \/>\n<meta name=\"twitter:card\" content=\"summary_large_image\" \/>\n<meta name=\"twitter:label1\" content=\"Price\" \/>\n\t<meta name=\"twitter:data1\" content=\"42000&nbsp;CFA\" \/>\n\t<meta name=\"twitter:label2\" content=\"Availability\" \/>\n\t<meta name=\"twitter:data2\" content=\"In stock\" \/>\n<script type=\"application\/ld+json\" class=\"yoast-schema-graph\">{\"@context\":\"https:\/\/schema.org\",\"@graph\":[{\"@type\":\"WebPage\",\"@id\":\"https:\/\/sexshop.cm\/en\/produit\/silicone-magic-wand-massager-portable-magic-massage-portable-electic-massagers\/\",\"url\":\"https:\/\/sexshop.cm\/en\/produit\/silicone-magic-wand-massager-portable-magic-massage-portable-electic-massagers\/\",\"name\":\"- Achetez et Commandez Discr\u00e8tement vos Silicone Magic Wand Massager, Portable Magic Massage, Portable Electic Massagers au Cameroun -\",\"isPartOf\":{\"@id\":\"https:\/\/sexshop.cm\/#website\"},\"datePublished\":\"2023-04-09T21:12:12+00:00\",\"dateModified\":\"2023-11-16T17:22:32+00:00\",\"description\":\"Commandez vos meilleurs Silicone Magic Wand Massager, Portable Magic Massage, Portable Electic Massagers \u00e0 bons prix partout au Cameroun et faites vous livrer discr\u00e8tement, sur H\u00e9donia, le meilleur site de vente en ligne de sextoys au Cameroun. - Whatsapp: +237 672588687\",\"breadcrumb\":{\"@id\":\"https:\/\/sexshop.cm\/en\/produit\/silicone-magic-wand-massager-portable-magic-massage-portable-electic-massagers\/#breadcrumb\"},\"inLanguage\":\"en-US\",\"potentialAction\":[{\"@type\":\"ReadAction\",\"target\":[\"https:\/\/sexshop.cm\/en\/produit\/silicone-magic-wand-massager-portable-magic-massage-portable-electic-massagers\/\"]}]},{\"@type\":\"BreadcrumbList\",\"@id\":\"https:\/\/sexshop.cm\/en\/produit\/silicone-magic-wand-massager-portable-magic-massage-portable-electic-massagers\/#breadcrumb\",\"itemListElement\":[{\"@type\":\"ListItem\",\"position\":1,\"name\":\"Accueil\",\"item\":\"https:\/\/sexshop.cm\/en\/online-sexshop-in-cameroon\/\"},{\"@type\":\"ListItem\",\"position\":2,\"name\":\"Shop\",\"item\":\"https:\/\/sexshop.cm\/shop\/\"},{\"@type\":\"ListItem\",\"position\":3,\"name\":\"Silicone Magic Wand Massager, Portable Magic Massage, Portable Electic Massagers\"}]},{\"@type\":\"WebSite\",\"@id\":\"https:\/\/sexshop.cm\/#website\",\"url\":\"https:\/\/sexshop.cm\/\",\"name\":\"H\u00e9donia\",\"description\":\"SexShop en ligne - Boutique de sextoys et objets coquins en ligne au Cameroun\",\"publisher\":{\"@id\":\"https:\/\/sexshop.cm\/#organization\"},\"potentialAction\":[{\"@type\":\"SearchAction\",\"target\":{\"@type\":\"EntryPoint\",\"urlTemplate\":\"https:\/\/sexshop.cm\/?s={search_term_string}\"},\"query-input\":\"required name=search_term_string\"}],\"inLanguage\":\"en-US\"},{\"@type\":\"Organization\",\"@id\":\"https:\/\/sexshop.cm\/#organization\",\"name\":\"H\u00e9donia\",\"alternateName\":\"Boutique de Sextoys en ligne au Cameroun\",\"url\":\"https:\/\/sexshop.cm\/\",\"logo\":{\"@type\":\"ImageObject\",\"inLanguage\":\"en-US\",\"@id\":\"https:\/\/sexshop.cm\/#\/schema\/logo\/image\/\",\"url\":\"https:\/\/sexshop.cm\/wp-content\/uploads\/2022\/10\/logo-680-hedonia.png.200x100_q85_background-f8f9fa.png\",\"contentUrl\":\"https:\/\/sexshop.cm\/wp-content\/uploads\/2022\/10\/logo-680-hedonia.png.200x100_q85_background-f8f9fa.png\",\"width\":2222,\"height\":534,\"caption\":\"H\u00e9donia\"},\"image\":{\"@id\":\"https:\/\/sexshop.cm\/#\/schema\/logo\/image\/\"}}]}<\/script>\n<meta property=\"product:price:amount\" content=\"42000\" \/>\n<meta property=\"product:price:currency\" content=\"XAF\" \/>\n<meta property=\"og:availability\" content=\"instock\" \/>\n<meta property=\"product:availability\" content=\"instock\" \/>\n<meta property=\"product:condition\" content=\"new\" \/>\n<!-- \/ Yoast SEO Premium plugin. -->","yoast_head_json":{"title":"- Achetez et Commandez Discr\u00e8tement vos Silicone Magic Wand Massager, Portable Magic Massage, Portable Electic Massagers au Cameroun -","description":"Commandez vos meilleurs Silicone Magic Wand Massager, Portable Magic Massage, Portable Electic Massagers \u00e0 bons prix partout au Cameroun et faites vous livrer discr\u00e8tement, sur H\u00e9donia, le meilleur site de vente en ligne de sextoys au Cameroun. - Whatsapp: +237 672588687","robots":{"index":"index","follow":"follow","max-snippet":"max-snippet:-1","max-image-preview":"max-image-preview:large","max-video-preview":"max-video-preview:-1"},"canonical":"https:\/\/sexshop.cm\/en\/produit\/silicone-magic-wand-massager-portable-magic-massage-portable-electic-massagers\/","og_locale":"en_US","og_type":"article","og_title":"Silicone Magic Wand Massager, Portable Magic Massage, Portable Electic Massagers","og_description":"Silicone Magic Wand Massager, Portable Magic Massage, Portable Electic Massagers - H\u00e9donia","og_url":"https:\/\/sexshop.cm\/en\/produit\/silicone-magic-wand-massager-portable-magic-massage-portable-electic-massagers\/","og_site_name":"H\u00e9donia","article_modified_time":"2023-11-16T17:22:32+00:00","og_image":[{"width":1000,"height":1000,"url":"http:\/\/sexshop.cm\/wp-content\/uploads\/2023\/04\/download-4.png","type":"image\/png"}],"twitter_card":"summary_large_image","twitter_misc":{"Price":"42000&nbsp;CFA","Availability":"In stock"},"schema":{"@context":"https:\/\/schema.org","@graph":[{"@type":"WebPage","@id":"https:\/\/sexshop.cm\/en\/produit\/silicone-magic-wand-massager-portable-magic-massage-portable-electic-massagers\/","url":"https:\/\/sexshop.cm\/en\/produit\/silicone-magic-wand-massager-portable-magic-massage-portable-electic-massagers\/","name":"- Achetez et Commandez Discr\u00e8tement vos Silicone Magic Wand Massager, Portable Magic Massage, Portable Electic Massagers au Cameroun -","isPartOf":{"@id":"https:\/\/sexshop.cm\/#website"},"datePublished":"2023-04-09T21:12:12+00:00","dateModified":"2023-11-16T17:22:32+00:00","description":"Commandez vos meilleurs Silicone Magic Wand Massager, Portable Magic Massage, Portable Electic Massagers \u00e0 bons prix partout au Cameroun et faites vous livrer discr\u00e8tement, sur H\u00e9donia, le meilleur site de vente en ligne de sextoys au Cameroun. - Whatsapp: +237 672588687","breadcrumb":{"@id":"https:\/\/sexshop.cm\/en\/produit\/silicone-magic-wand-massager-portable-magic-massage-portable-electic-massagers\/#breadcrumb"},"inLanguage":"en-US","potentialAction":[{"@type":"ReadAction","target":["https:\/\/sexshop.cm\/en\/produit\/silicone-magic-wand-massager-portable-magic-massage-portable-electic-massagers\/"]}]},{"@type":"BreadcrumbList","@id":"https:\/\/sexshop.cm\/en\/produit\/silicone-magic-wand-massager-portable-magic-massage-portable-electic-massagers\/#breadcrumb","itemListElement":[{"@type":"ListItem","position":1,"name":"Accueil","item":"https:\/\/sexshop.cm\/en\/online-sexshop-in-cameroon\/"},{"@type":"ListItem","position":2,"name":"Shop","item":"https:\/\/sexshop.cm\/shop\/"},{"@type":"ListItem","position":3,"name":"Silicone Magic Wand Massager, Portable Magic Massage, Portable Electic Massagers"}]},{"@type":"WebSite","@id":"https:\/\/sexshop.cm\/#website","url":"https:\/\/sexshop.cm\/","name":"H\u00e9donia","description":"SexShop en ligne - Boutique de sextoys et objets coquins en ligne au Cameroun","publisher":{"@id":"https:\/\/sexshop.cm\/#organization"},"potentialAction":[{"@type":"SearchAction","target":{"@type":"EntryPoint","urlTemplate":"https:\/\/sexshop.cm\/?s={search_term_string}"},"query-input":"required name=search_term_string"}],"inLanguage":"en-US"},{"@type":"Organization","@id":"https:\/\/sexshop.cm\/#organization","name":"H\u00e9donia","alternateName":"Boutique de Sextoys en ligne au Cameroun","url":"https:\/\/sexshop.cm\/","logo":{"@type":"ImageObject","inLanguage":"en-US","@id":"https:\/\/sexshop.cm\/#\/schema\/logo\/image\/","url":"https:\/\/sexshop.cm\/wp-content\/uploads\/2022\/10\/logo-680-hedonia.png.200x100_q85_background-f8f9fa.png","contentUrl":"https:\/\/sexshop.cm\/wp-content\/uploads\/2022\/10\/logo-680-hedonia.png.200x100_q85_background-f8f9fa.png","width":2222,"height":534,"caption":"H\u00e9donia"},"image":{"@id":"https:\/\/sexshop.cm\/#\/schema\/logo\/image\/"}}]},"product_price_amount":"42000","product_price_currency":"XAF","og_availability":"instock","product_availability":"instock","product_condition":"new"},"_links":{"self":[{"href":"https:\/\/sexshop.cm\/en\/wp-json\/wp\/v2\/product\/8288"}],"collection":[{"href":"https:\/\/sexshop.cm\/en\/wp-json\/wp\/v2\/product"}],"about":[{"href":"https:\/\/sexshop.cm\/en\/wp-json\/wp\/v2\/types\/product"}],"replies":[{"embeddable":true,"href":"https:\/\/sexshop.cm\/en\/wp-json\/wp\/v2\/comments?post=8288"}],"wp:featuredmedia":[{"embeddable":true,"href":"https:\/\/sexshop.cm\/en\/wp-json\/wp\/v2\/media\/10526"}],"wp:attachment":[{"href":"https:\/\/sexshop.cm\/en\/wp-json\/wp\/v2\/media?parent=8288"}],"wp:term":[{"taxonomy":"brand","embeddable":true,"href":"https:\/\/sexshop.cm\/en\/wp-json\/wp\/v2\/etheme_brands?post=8288"},{"taxonomy":"product_cat","embeddable":true,"href":"https:\/\/sexshop.cm\/en\/wp-json\/wp\/v2\/product_cat?post=8288"},{"taxonomy":"product_tag","embeddable":true,"href":"https:\/\/sexshop.cm\/en\/wp-json\/wp\/v2\/product_tag?post=8288"}],"curies":[{"name":"wp","href":"https:\/\/api.w.org\/{rel}","templated":true}]}}