{"id":8299,"date":"2023-04-09T22:38:56","date_gmt":"2023-04-09T21:38:56","guid":{"rendered":"https:\/\/sexshop.cm\/produit\/balle-dexercice-de-kegel-avec-poids-avec-telecommande-sans-fil-pour-debutants-et-avances-violet-profond\/"},"modified":"2023-04-09T23:16:42","modified_gmt":"2023-04-09T22:16:42","slug":"kegel-exercise-ball-with-weights-with-wireless-remote-control-for-beginners-and-advanced","status":"publish","type":"product","link":"https:\/\/sexshop.cm\/en\/produit\/kegel-exercise-ball-with-weights-with-wireless-remote-control-for-beginners-and-advanced\/","title":{"rendered":"Kegel exercise ball with weights, with wireless remote control for beginners and advanced"},"content":{"rendered":"<p>32 PIECE REMOTE CONTROL AND 12 MODE PELVIC FLOOR TRAINING 12 different modes can be chosen to adjust the frequency with the remote control to exercise the pelvic floor muscles for beginners and advanced, and tighten the pelvic floor muscles. Ergonomic design The soft silicone ball cover is ergonomically designed to fit the shape of the pelvis, and the silicone balls are added at the most appropriate places to massage the muscles, which effectively promotes the blood circulation of the pelvic floor muscles, stimulates the contraction of the pelvic floor muscles and improves the elasticity of the smooth skin inside the pelvic floor, making it firmer and stronger. Clean these kegel balls with antibacterial soap and warm water before and after each use, and store them in a cool, dry place away from children.ACCELERATE POSTPARTUM RECOVERY beneficial for postpartum recovery, helps strengthen pelvic floor muscles after childbirth and prevents constant misalignment of your sacrum, regain bladder control, banish or prevent those mortifying leaks for good, no longer be afraid to sneeze or laugh too loud. <\/p>\n","protected":false},"excerpt":{"rendered":"<p>12 different modes can be chosen to adjust the frequency using the remote control to exercise the pelvic floor muscles for beginners and advanced, and tighten the pelvic floor muscles. Ergonomic design The soft silicone ball cover is ergonomically designed to fit the shape of the pelvis<\/p>\n","protected":false},"featured_media":8298,"comment_status":"open","ping_status":"closed","template":"","meta":{"_joinchat":[]},"etheme_brands":[],"product_cat":[62],"product_tag":[],"yoast_head":"<!-- This site is optimized with the Yoast SEO Premium plugin v19.3 (Yoast SEO v21.5) - https:\/\/yoast.com\/wordpress\/plugins\/seo\/ -->\n<title>- Achetez et Commandez Discr\u00e8tement vos Kegel exercise ball with weights, with wireless remote control for beginners and advanced au Cameroun -<\/title>\n<meta name=\"description\" content=\"Commandez vos meilleurs Kegel exercise ball with weights, with wireless remote control for beginners and advanced \u00e0 bons prix partout au Cameroun et faites vous livrer discr\u00e8tement, sur H\u00e9donia, le meilleur site de vente en ligne de sextoys au Cameroun. - Whatsapp: +237 672588687\" \/>\n<meta name=\"robots\" content=\"index, follow, max-snippet:-1, max-image-preview:large, max-video-preview:-1\" \/>\n<link rel=\"canonical\" href=\"https:\/\/sexshop.cm\/en\/produit\/kegel-exercise-ball-with-weights-with-wireless-remote-control-for-beginners-and-advanced\/\" \/>\n<meta property=\"og:locale\" content=\"en_US\" \/>\n<meta property=\"og:type\" content=\"article\" \/>\n<meta property=\"og:title\" content=\"Kegel exercise ball with weights, with wireless remote control for beginners and advanced\" \/>\n<meta property=\"og:description\" content=\"Kegel exercise ball with weights, with wireless remote control for beginners and advanced - H\u00e9donia\" \/>\n<meta property=\"og:url\" content=\"https:\/\/sexshop.cm\/en\/produit\/kegel-exercise-ball-with-weights-with-wireless-remote-control-for-beginners-and-advanced\/\" \/>\n<meta property=\"og:site_name\" content=\"H\u00e9donia\" \/>\n<meta property=\"article:modified_time\" content=\"2023-04-09T22:16:42+00:00\" \/>\n<meta property=\"og:image\" content=\"http:\/\/sexshop.cm\/wp-content\/uploads\/2023\/04\/download-9.png\" \/>\n\t<meta property=\"og:image:width\" content=\"725\" \/>\n\t<meta property=\"og:image:height\" content=\"636\" \/>\n\t<meta property=\"og:image:type\" content=\"image\/png\" \/>\n<meta name=\"twitter:card\" content=\"summary_large_image\" \/>\n<meta name=\"twitter:label1\" content=\"Price\" \/>\n\t<meta name=\"twitter:data1\" content=\"42000&nbsp;CFA\" \/>\n\t<meta name=\"twitter:label2\" content=\"Availability\" \/>\n\t<meta name=\"twitter:data2\" content=\"In stock\" \/>\n<script type=\"application\/ld+json\" class=\"yoast-schema-graph\">{\"@context\":\"https:\/\/schema.org\",\"@graph\":[{\"@type\":\"WebPage\",\"@id\":\"https:\/\/sexshop.cm\/en\/produit\/kegel-exercise-ball-with-weights-with-wireless-remote-control-for-beginners-and-advanced\/\",\"url\":\"https:\/\/sexshop.cm\/en\/produit\/kegel-exercise-ball-with-weights-with-wireless-remote-control-for-beginners-and-advanced\/\",\"name\":\"- Achetez et Commandez Discr\u00e8tement vos Kegel exercise ball with weights, with wireless remote control for beginners and advanced au Cameroun -\",\"isPartOf\":{\"@id\":\"https:\/\/sexshop.cm\/#website\"},\"datePublished\":\"2023-04-09T21:38:56+00:00\",\"dateModified\":\"2023-04-09T22:16:42+00:00\",\"description\":\"Commandez vos meilleurs Kegel exercise ball with weights, with wireless remote control for beginners and advanced \u00e0 bons prix partout au Cameroun et faites vous livrer discr\u00e8tement, sur H\u00e9donia, le meilleur site de vente en ligne de sextoys au Cameroun. - Whatsapp: +237 672588687\",\"breadcrumb\":{\"@id\":\"https:\/\/sexshop.cm\/en\/produit\/kegel-exercise-ball-with-weights-with-wireless-remote-control-for-beginners-and-advanced\/#breadcrumb\"},\"inLanguage\":\"en-US\",\"potentialAction\":[{\"@type\":\"ReadAction\",\"target\":[\"https:\/\/sexshop.cm\/en\/produit\/kegel-exercise-ball-with-weights-with-wireless-remote-control-for-beginners-and-advanced\/\"]}]},{\"@type\":\"BreadcrumbList\",\"@id\":\"https:\/\/sexshop.cm\/en\/produit\/kegel-exercise-ball-with-weights-with-wireless-remote-control-for-beginners-and-advanced\/#breadcrumb\",\"itemListElement\":[{\"@type\":\"ListItem\",\"position\":1,\"name\":\"Accueil\",\"item\":\"https:\/\/sexshop.cm\/en\/online-sexshop-in-cameroon\/\"},{\"@type\":\"ListItem\",\"position\":2,\"name\":\"Shop\",\"item\":\"https:\/\/sexshop.cm\/shop\/\"},{\"@type\":\"ListItem\",\"position\":3,\"name\":\"Kegel exercise ball with weights, with wireless remote control for beginners and advanced\"}]},{\"@type\":\"WebSite\",\"@id\":\"https:\/\/sexshop.cm\/#website\",\"url\":\"https:\/\/sexshop.cm\/\",\"name\":\"H\u00e9donia\",\"description\":\"SexShop en ligne - Boutique de sextoys et objets coquins en ligne au Cameroun\",\"publisher\":{\"@id\":\"https:\/\/sexshop.cm\/#organization\"},\"potentialAction\":[{\"@type\":\"SearchAction\",\"target\":{\"@type\":\"EntryPoint\",\"urlTemplate\":\"https:\/\/sexshop.cm\/?s={search_term_string}\"},\"query-input\":\"required name=search_term_string\"}],\"inLanguage\":\"en-US\"},{\"@type\":\"Organization\",\"@id\":\"https:\/\/sexshop.cm\/#organization\",\"name\":\"H\u00e9donia\",\"alternateName\":\"Boutique de Sextoys en ligne au Cameroun\",\"url\":\"https:\/\/sexshop.cm\/\",\"logo\":{\"@type\":\"ImageObject\",\"inLanguage\":\"en-US\",\"@id\":\"https:\/\/sexshop.cm\/#\/schema\/logo\/image\/\",\"url\":\"https:\/\/sexshop.cm\/wp-content\/uploads\/2022\/10\/logo-680-hedonia.png.200x100_q85_background-f8f9fa.png\",\"contentUrl\":\"https:\/\/sexshop.cm\/wp-content\/uploads\/2022\/10\/logo-680-hedonia.png.200x100_q85_background-f8f9fa.png\",\"width\":2222,\"height\":534,\"caption\":\"H\u00e9donia\"},\"image\":{\"@id\":\"https:\/\/sexshop.cm\/#\/schema\/logo\/image\/\"}}]}<\/script>\n<meta property=\"product:price:amount\" content=\"42000\" \/>\n<meta property=\"product:price:currency\" content=\"XAF\" \/>\n<meta property=\"og:availability\" content=\"instock\" \/>\n<meta property=\"product:availability\" content=\"instock\" \/>\n<meta property=\"product:condition\" content=\"new\" \/>\n<!-- \/ Yoast SEO Premium plugin. -->","yoast_head_json":{"title":"- Achetez et Commandez Discr\u00e8tement vos Kegel exercise ball with weights, with wireless remote control for beginners and advanced au Cameroun -","description":"Commandez vos meilleurs Kegel exercise ball with weights, with wireless remote control for beginners and advanced \u00e0 bons prix partout au Cameroun et faites vous livrer discr\u00e8tement, sur H\u00e9donia, le meilleur site de vente en ligne de sextoys au Cameroun. - Whatsapp: +237 672588687","robots":{"index":"index","follow":"follow","max-snippet":"max-snippet:-1","max-image-preview":"max-image-preview:large","max-video-preview":"max-video-preview:-1"},"canonical":"https:\/\/sexshop.cm\/en\/produit\/kegel-exercise-ball-with-weights-with-wireless-remote-control-for-beginners-and-advanced\/","og_locale":"en_US","og_type":"article","og_title":"Kegel exercise ball with weights, with wireless remote control for beginners and advanced","og_description":"Kegel exercise ball with weights, with wireless remote control for beginners and advanced - H\u00e9donia","og_url":"https:\/\/sexshop.cm\/en\/produit\/kegel-exercise-ball-with-weights-with-wireless-remote-control-for-beginners-and-advanced\/","og_site_name":"H\u00e9donia","article_modified_time":"2023-04-09T22:16:42+00:00","og_image":[{"width":725,"height":636,"url":"http:\/\/sexshop.cm\/wp-content\/uploads\/2023\/04\/download-9.png","type":"image\/png"}],"twitter_card":"summary_large_image","twitter_misc":{"Price":"42000&nbsp;CFA","Availability":"In stock"},"schema":{"@context":"https:\/\/schema.org","@graph":[{"@type":"WebPage","@id":"https:\/\/sexshop.cm\/en\/produit\/kegel-exercise-ball-with-weights-with-wireless-remote-control-for-beginners-and-advanced\/","url":"https:\/\/sexshop.cm\/en\/produit\/kegel-exercise-ball-with-weights-with-wireless-remote-control-for-beginners-and-advanced\/","name":"- Achetez et Commandez Discr\u00e8tement vos Kegel exercise ball with weights, with wireless remote control for beginners and advanced au Cameroun -","isPartOf":{"@id":"https:\/\/sexshop.cm\/#website"},"datePublished":"2023-04-09T21:38:56+00:00","dateModified":"2023-04-09T22:16:42+00:00","description":"Commandez vos meilleurs Kegel exercise ball with weights, with wireless remote control for beginners and advanced \u00e0 bons prix partout au Cameroun et faites vous livrer discr\u00e8tement, sur H\u00e9donia, le meilleur site de vente en ligne de sextoys au Cameroun. - Whatsapp: +237 672588687","breadcrumb":{"@id":"https:\/\/sexshop.cm\/en\/produit\/kegel-exercise-ball-with-weights-with-wireless-remote-control-for-beginners-and-advanced\/#breadcrumb"},"inLanguage":"en-US","potentialAction":[{"@type":"ReadAction","target":["https:\/\/sexshop.cm\/en\/produit\/kegel-exercise-ball-with-weights-with-wireless-remote-control-for-beginners-and-advanced\/"]}]},{"@type":"BreadcrumbList","@id":"https:\/\/sexshop.cm\/en\/produit\/kegel-exercise-ball-with-weights-with-wireless-remote-control-for-beginners-and-advanced\/#breadcrumb","itemListElement":[{"@type":"ListItem","position":1,"name":"Accueil","item":"https:\/\/sexshop.cm\/en\/online-sexshop-in-cameroon\/"},{"@type":"ListItem","position":2,"name":"Shop","item":"https:\/\/sexshop.cm\/shop\/"},{"@type":"ListItem","position":3,"name":"Kegel exercise ball with weights, with wireless remote control for beginners and advanced"}]},{"@type":"WebSite","@id":"https:\/\/sexshop.cm\/#website","url":"https:\/\/sexshop.cm\/","name":"H\u00e9donia","description":"SexShop en ligne - Boutique de sextoys et objets coquins en ligne au Cameroun","publisher":{"@id":"https:\/\/sexshop.cm\/#organization"},"potentialAction":[{"@type":"SearchAction","target":{"@type":"EntryPoint","urlTemplate":"https:\/\/sexshop.cm\/?s={search_term_string}"},"query-input":"required name=search_term_string"}],"inLanguage":"en-US"},{"@type":"Organization","@id":"https:\/\/sexshop.cm\/#organization","name":"H\u00e9donia","alternateName":"Boutique de Sextoys en ligne au Cameroun","url":"https:\/\/sexshop.cm\/","logo":{"@type":"ImageObject","inLanguage":"en-US","@id":"https:\/\/sexshop.cm\/#\/schema\/logo\/image\/","url":"https:\/\/sexshop.cm\/wp-content\/uploads\/2022\/10\/logo-680-hedonia.png.200x100_q85_background-f8f9fa.png","contentUrl":"https:\/\/sexshop.cm\/wp-content\/uploads\/2022\/10\/logo-680-hedonia.png.200x100_q85_background-f8f9fa.png","width":2222,"height":534,"caption":"H\u00e9donia"},"image":{"@id":"https:\/\/sexshop.cm\/#\/schema\/logo\/image\/"}}]},"product_price_amount":"42000","product_price_currency":"XAF","og_availability":"instock","product_availability":"instock","product_condition":"new"},"_links":{"self":[{"href":"https:\/\/sexshop.cm\/en\/wp-json\/wp\/v2\/product\/8299"}],"collection":[{"href":"https:\/\/sexshop.cm\/en\/wp-json\/wp\/v2\/product"}],"about":[{"href":"https:\/\/sexshop.cm\/en\/wp-json\/wp\/v2\/types\/product"}],"replies":[{"embeddable":true,"href":"https:\/\/sexshop.cm\/en\/wp-json\/wp\/v2\/comments?post=8299"}],"wp:featuredmedia":[{"embeddable":true,"href":"https:\/\/sexshop.cm\/en\/wp-json\/wp\/v2\/media\/8298"}],"wp:attachment":[{"href":"https:\/\/sexshop.cm\/en\/wp-json\/wp\/v2\/media?parent=8299"}],"wp:term":[{"taxonomy":"brand","embeddable":true,"href":"https:\/\/sexshop.cm\/en\/wp-json\/wp\/v2\/etheme_brands?post=8299"},{"taxonomy":"product_cat","embeddable":true,"href":"https:\/\/sexshop.cm\/en\/wp-json\/wp\/v2\/product_cat?post=8299"},{"taxonomy":"product_tag","embeddable":true,"href":"https:\/\/sexshop.cm\/en\/wp-json\/wp\/v2\/product_tag?post=8299"}],"curies":[{"name":"wp","href":"https:\/\/api.w.org\/{rel}","templated":true}]}}