{"id":8308,"date":"2023-04-09T22:50:49","date_gmt":"2023-04-09T21:50:49","guid":{"rendered":"https:\/\/sexshop.cm\/produit\/masseur-de-prostate-mega-power-10-vitesses-sans-fil-telecommande-avec-fonction-power-boost\/"},"modified":"2023-04-09T22:56:03","modified_gmt":"2023-04-09T21:56:03","slug":"prostate-massager-mega-power-10-vibrations-without-wires-remote-control-with-power-boost-function","status":"publish","type":"product","link":"https:\/\/sexshop.cm\/en\/produit\/prostate-massager-mega-power-10-vibrations-without-wires-remote-control-with-power-boost-function\/","title":{"rendered":"Prostate Massager &#8211; Mega Power 10 vibrations without wires, remote control with Power Boost function"},"content":{"rendered":"<p>Our prostate massager with remote control is the best sextoy to stimulate your prostate and perineum, and increase your pleasure during sex or solo play. \u25ba Made of medical grade silicone with no latex or phthalates for total safety, giving you a silky smooth and super soft feel during insertion and removal. \u25ba Thanks to its L-shape, you&#8217;ll start with a round tip for easy insertion, only to end up larger and curved, the perfect size to tickle your P-spot, allowing you to get plenty of pleasure. Get explosive results with its super quiet anal vibration \u25ba its vibrating motor delivers an explosive orgasm with its quiet design. You can set any intensity according to your needs, feel free to use this toy in your bedroom and don&#8217;t worry about disturbing your kids or guests sleeping in the room next door, burning with desire! Give your P-spot a good buzz and great stimulation with this prostate massager, anytime, anywhere \u25ba USB rechargeable, no need for batteries, quickly charged in 2 hours, it&#8217;s ready to thrill you for solo sessions or during sex with a partner, you will enjoy a fantastic prostate massager. \u25ba Featuring 10 powerful vibrations, controlled by a one-button wireless remote control, you can experience a variety of sensations from session to session.Easy to use for quick fun, just long press the power switch.<\/p>\n","protected":false},"excerpt":{"rendered":"<p>Powerful motor with 10 speeds\/functions Remote control with power up button to deliver massive power with a simple touch Rechargeable, no need for batteries Perfectly designed to stimulate your P-spot and make you reach an intense and satisfying anal orgasm Smooth silicone, for cleaning, use your favorite sex toy cleaner. Enjoy the hidden pleasures of prostate massage<\/p>\n","protected":false},"featured_media":10524,"comment_status":"open","ping_status":"closed","template":"","meta":{"_joinchat":[]},"etheme_brands":[],"product_cat":[56,77],"product_tag":[],"yoast_head":"<!-- This site is optimized with the Yoast SEO Premium plugin v19.3 (Yoast SEO v21.5) - https:\/\/yoast.com\/wordpress\/plugins\/seo\/ -->\n<title>- Achetez et Commandez Discr\u00e8tement vos Prostate Massager - Mega Power 10 vibrations without wires, remote control with Power Boost function au Cameroun -<\/title>\n<meta name=\"description\" content=\"Commandez vos meilleurs Prostate Massager - Mega Power 10 vibrations without wires, remote control with Power Boost function \u00e0 bons prix partout au Cameroun et faites vous livrer discr\u00e8tement, sur H\u00e9donia, le meilleur site de vente en ligne de sextoys au Cameroun. - Whatsapp: +237 672588687\" \/>\n<meta name=\"robots\" content=\"index, follow, max-snippet:-1, max-image-preview:large, max-video-preview:-1\" \/>\n<link rel=\"canonical\" href=\"https:\/\/sexshop.cm\/en\/produit\/prostate-massager-mega-power-10-vibrations-without-wires-remote-control-with-power-boost-function\/\" \/>\n<meta property=\"og:locale\" content=\"en_US\" \/>\n<meta property=\"og:type\" content=\"article\" \/>\n<meta property=\"og:title\" content=\"Prostate Massager - Mega Power 10 vibrations without wires, remote control with Power Boost function\" \/>\n<meta property=\"og:description\" content=\"Prostate Massager - Mega Power 10 vibrations without wires, remote control with Power Boost function - H\u00e9donia\" \/>\n<meta property=\"og:url\" content=\"https:\/\/sexshop.cm\/en\/produit\/prostate-massager-mega-power-10-vibrations-without-wires-remote-control-with-power-boost-function\/\" \/>\n<meta property=\"og:site_name\" content=\"H\u00e9donia\" \/>\n<meta property=\"article:modified_time\" content=\"2023-04-09T21:56:03+00:00\" \/>\n<meta property=\"og:image\" content=\"http:\/\/sexshop.cm\/wp-content\/uploads\/2023\/04\/download-12.png\" \/>\n\t<meta property=\"og:image:width\" content=\"417\" \/>\n\t<meta property=\"og:image:height\" content=\"450\" \/>\n\t<meta property=\"og:image:type\" content=\"image\/png\" \/>\n<meta name=\"twitter:card\" content=\"summary_large_image\" \/>\n<meta name=\"twitter:label1\" content=\"Price\" \/>\n\t<meta name=\"twitter:data1\" content=\"45000&nbsp;CFA\" \/>\n\t<meta name=\"twitter:label2\" content=\"Availability\" \/>\n\t<meta name=\"twitter:data2\" content=\"In stock\" \/>\n<script type=\"application\/ld+json\" class=\"yoast-schema-graph\">{\"@context\":\"https:\/\/schema.org\",\"@graph\":[{\"@type\":\"WebPage\",\"@id\":\"https:\/\/sexshop.cm\/en\/produit\/prostate-massager-mega-power-10-vibrations-without-wires-remote-control-with-power-boost-function\/\",\"url\":\"https:\/\/sexshop.cm\/en\/produit\/prostate-massager-mega-power-10-vibrations-without-wires-remote-control-with-power-boost-function\/\",\"name\":\"- Achetez et Commandez Discr\u00e8tement vos Prostate Massager - Mega Power 10 vibrations without wires, remote control with Power Boost function au Cameroun -\",\"isPartOf\":{\"@id\":\"https:\/\/sexshop.cm\/#website\"},\"datePublished\":\"2023-04-09T21:50:49+00:00\",\"dateModified\":\"2023-04-09T21:56:03+00:00\",\"description\":\"Commandez vos meilleurs Prostate Massager - Mega Power 10 vibrations without wires, remote control with Power Boost function \u00e0 bons prix partout au Cameroun et faites vous livrer discr\u00e8tement, sur H\u00e9donia, le meilleur site de vente en ligne de sextoys au Cameroun. - Whatsapp: +237 672588687\",\"breadcrumb\":{\"@id\":\"https:\/\/sexshop.cm\/en\/produit\/prostate-massager-mega-power-10-vibrations-without-wires-remote-control-with-power-boost-function\/#breadcrumb\"},\"inLanguage\":\"en-US\",\"potentialAction\":[{\"@type\":\"ReadAction\",\"target\":[\"https:\/\/sexshop.cm\/en\/produit\/prostate-massager-mega-power-10-vibrations-without-wires-remote-control-with-power-boost-function\/\"]}]},{\"@type\":\"BreadcrumbList\",\"@id\":\"https:\/\/sexshop.cm\/en\/produit\/prostate-massager-mega-power-10-vibrations-without-wires-remote-control-with-power-boost-function\/#breadcrumb\",\"itemListElement\":[{\"@type\":\"ListItem\",\"position\":1,\"name\":\"Accueil\",\"item\":\"https:\/\/sexshop.cm\/en\/online-sexshop-in-cameroon\/\"},{\"@type\":\"ListItem\",\"position\":2,\"name\":\"Shop\",\"item\":\"https:\/\/sexshop.cm\/shop\/\"},{\"@type\":\"ListItem\",\"position\":3,\"name\":\"Prostate Massager &#8211; Mega Power 10 vibrations without wires, remote control with Power Boost function\"}]},{\"@type\":\"WebSite\",\"@id\":\"https:\/\/sexshop.cm\/#website\",\"url\":\"https:\/\/sexshop.cm\/\",\"name\":\"H\u00e9donia\",\"description\":\"SexShop en ligne - Boutique de sextoys et objets coquins en ligne au Cameroun\",\"publisher\":{\"@id\":\"https:\/\/sexshop.cm\/#organization\"},\"potentialAction\":[{\"@type\":\"SearchAction\",\"target\":{\"@type\":\"EntryPoint\",\"urlTemplate\":\"https:\/\/sexshop.cm\/?s={search_term_string}\"},\"query-input\":\"required name=search_term_string\"}],\"inLanguage\":\"en-US\"},{\"@type\":\"Organization\",\"@id\":\"https:\/\/sexshop.cm\/#organization\",\"name\":\"H\u00e9donia\",\"alternateName\":\"Boutique de Sextoys en ligne au Cameroun\",\"url\":\"https:\/\/sexshop.cm\/\",\"logo\":{\"@type\":\"ImageObject\",\"inLanguage\":\"en-US\",\"@id\":\"https:\/\/sexshop.cm\/#\/schema\/logo\/image\/\",\"url\":\"https:\/\/sexshop.cm\/wp-content\/uploads\/2022\/10\/logo-680-hedonia.png.200x100_q85_background-f8f9fa.png\",\"contentUrl\":\"https:\/\/sexshop.cm\/wp-content\/uploads\/2022\/10\/logo-680-hedonia.png.200x100_q85_background-f8f9fa.png\",\"width\":2222,\"height\":534,\"caption\":\"H\u00e9donia\"},\"image\":{\"@id\":\"https:\/\/sexshop.cm\/#\/schema\/logo\/image\/\"}}]}<\/script>\n<meta property=\"product:price:amount\" content=\"45000\" \/>\n<meta property=\"product:price:currency\" content=\"XAF\" \/>\n<meta property=\"og:availability\" content=\"instock\" \/>\n<meta property=\"product:availability\" content=\"instock\" \/>\n<meta property=\"product:condition\" content=\"new\" \/>\n<!-- \/ Yoast SEO Premium plugin. -->","yoast_head_json":{"title":"- Achetez et Commandez Discr\u00e8tement vos Prostate Massager - Mega Power 10 vibrations without wires, remote control with Power Boost function au Cameroun -","description":"Commandez vos meilleurs Prostate Massager - Mega Power 10 vibrations without wires, remote control with Power Boost function \u00e0 bons prix partout au Cameroun et faites vous livrer discr\u00e8tement, sur H\u00e9donia, le meilleur site de vente en ligne de sextoys au Cameroun. - Whatsapp: +237 672588687","robots":{"index":"index","follow":"follow","max-snippet":"max-snippet:-1","max-image-preview":"max-image-preview:large","max-video-preview":"max-video-preview:-1"},"canonical":"https:\/\/sexshop.cm\/en\/produit\/prostate-massager-mega-power-10-vibrations-without-wires-remote-control-with-power-boost-function\/","og_locale":"en_US","og_type":"article","og_title":"Prostate Massager - Mega Power 10 vibrations without wires, remote control with Power Boost function","og_description":"Prostate Massager - Mega Power 10 vibrations without wires, remote control with Power Boost function - H\u00e9donia","og_url":"https:\/\/sexshop.cm\/en\/produit\/prostate-massager-mega-power-10-vibrations-without-wires-remote-control-with-power-boost-function\/","og_site_name":"H\u00e9donia","article_modified_time":"2023-04-09T21:56:03+00:00","og_image":[{"width":417,"height":450,"url":"http:\/\/sexshop.cm\/wp-content\/uploads\/2023\/04\/download-12.png","type":"image\/png"}],"twitter_card":"summary_large_image","twitter_misc":{"Price":"45000&nbsp;CFA","Availability":"In stock"},"schema":{"@context":"https:\/\/schema.org","@graph":[{"@type":"WebPage","@id":"https:\/\/sexshop.cm\/en\/produit\/prostate-massager-mega-power-10-vibrations-without-wires-remote-control-with-power-boost-function\/","url":"https:\/\/sexshop.cm\/en\/produit\/prostate-massager-mega-power-10-vibrations-without-wires-remote-control-with-power-boost-function\/","name":"- Achetez et Commandez Discr\u00e8tement vos Prostate Massager - Mega Power 10 vibrations without wires, remote control with Power Boost function au Cameroun -","isPartOf":{"@id":"https:\/\/sexshop.cm\/#website"},"datePublished":"2023-04-09T21:50:49+00:00","dateModified":"2023-04-09T21:56:03+00:00","description":"Commandez vos meilleurs Prostate Massager - Mega Power 10 vibrations without wires, remote control with Power Boost function \u00e0 bons prix partout au Cameroun et faites vous livrer discr\u00e8tement, sur H\u00e9donia, le meilleur site de vente en ligne de sextoys au Cameroun. - Whatsapp: +237 672588687","breadcrumb":{"@id":"https:\/\/sexshop.cm\/en\/produit\/prostate-massager-mega-power-10-vibrations-without-wires-remote-control-with-power-boost-function\/#breadcrumb"},"inLanguage":"en-US","potentialAction":[{"@type":"ReadAction","target":["https:\/\/sexshop.cm\/en\/produit\/prostate-massager-mega-power-10-vibrations-without-wires-remote-control-with-power-boost-function\/"]}]},{"@type":"BreadcrumbList","@id":"https:\/\/sexshop.cm\/en\/produit\/prostate-massager-mega-power-10-vibrations-without-wires-remote-control-with-power-boost-function\/#breadcrumb","itemListElement":[{"@type":"ListItem","position":1,"name":"Accueil","item":"https:\/\/sexshop.cm\/en\/online-sexshop-in-cameroon\/"},{"@type":"ListItem","position":2,"name":"Shop","item":"https:\/\/sexshop.cm\/shop\/"},{"@type":"ListItem","position":3,"name":"Prostate Massager &#8211; Mega Power 10 vibrations without wires, remote control with Power Boost function"}]},{"@type":"WebSite","@id":"https:\/\/sexshop.cm\/#website","url":"https:\/\/sexshop.cm\/","name":"H\u00e9donia","description":"SexShop en ligne - Boutique de sextoys et objets coquins en ligne au Cameroun","publisher":{"@id":"https:\/\/sexshop.cm\/#organization"},"potentialAction":[{"@type":"SearchAction","target":{"@type":"EntryPoint","urlTemplate":"https:\/\/sexshop.cm\/?s={search_term_string}"},"query-input":"required name=search_term_string"}],"inLanguage":"en-US"},{"@type":"Organization","@id":"https:\/\/sexshop.cm\/#organization","name":"H\u00e9donia","alternateName":"Boutique de Sextoys en ligne au Cameroun","url":"https:\/\/sexshop.cm\/","logo":{"@type":"ImageObject","inLanguage":"en-US","@id":"https:\/\/sexshop.cm\/#\/schema\/logo\/image\/","url":"https:\/\/sexshop.cm\/wp-content\/uploads\/2022\/10\/logo-680-hedonia.png.200x100_q85_background-f8f9fa.png","contentUrl":"https:\/\/sexshop.cm\/wp-content\/uploads\/2022\/10\/logo-680-hedonia.png.200x100_q85_background-f8f9fa.png","width":2222,"height":534,"caption":"H\u00e9donia"},"image":{"@id":"https:\/\/sexshop.cm\/#\/schema\/logo\/image\/"}}]},"product_price_amount":"45000","product_price_currency":"XAF","og_availability":"instock","product_availability":"instock","product_condition":"new"},"_links":{"self":[{"href":"https:\/\/sexshop.cm\/en\/wp-json\/wp\/v2\/product\/8308"}],"collection":[{"href":"https:\/\/sexshop.cm\/en\/wp-json\/wp\/v2\/product"}],"about":[{"href":"https:\/\/sexshop.cm\/en\/wp-json\/wp\/v2\/types\/product"}],"replies":[{"embeddable":true,"href":"https:\/\/sexshop.cm\/en\/wp-json\/wp\/v2\/comments?post=8308"}],"wp:featuredmedia":[{"embeddable":true,"href":"https:\/\/sexshop.cm\/en\/wp-json\/wp\/v2\/media\/10524"}],"wp:attachment":[{"href":"https:\/\/sexshop.cm\/en\/wp-json\/wp\/v2\/media?parent=8308"}],"wp:term":[{"taxonomy":"brand","embeddable":true,"href":"https:\/\/sexshop.cm\/en\/wp-json\/wp\/v2\/etheme_brands?post=8308"},{"taxonomy":"product_cat","embeddable":true,"href":"https:\/\/sexshop.cm\/en\/wp-json\/wp\/v2\/product_cat?post=8308"},{"taxonomy":"product_tag","embeddable":true,"href":"https:\/\/sexshop.cm\/en\/wp-json\/wp\/v2\/product_tag?post=8308"}],"curies":[{"name":"wp","href":"https:\/\/api.w.org\/{rel}","templated":true}]}}